{"id":30497,"date":"2020-11-05T12:00:16","date_gmt":"2020-11-05T12:00:16","guid":{"rendered":"https:\/\/ap-hotelsresorts.com\/victoria\/events\/"},"modified":"2025-03-05T15:46:11","modified_gmt":"2025-03-05T15:46:11","slug":"espacios-para-eventos-corporativos","status":"publish","type":"page","link":"https:\/\/ap-hotelsresorts.com\/es\/victoria\/espacios-para-eventos-corporativos\/","title":{"rendered":"Espacios para Eventos Corporativos"},"content":{"rendered":"<p>[vc_row][vc_column][vc_row_inner row_content_width=\u00bbgrid\u00bb css=\u00bb.vc_custom_1601037703586{padding-top: 7% !important;padding-bottom: 7% !important;}\u00bb][vc_column_inner]<div class=\"mkdf-section-title-holder  mkdf-st-standard mkdf-st-ha-left mkdf-st-title-left mkdf-st-normal-space \" style=\"text-align: left\">\n\t<div class=\"mkdf-st-inner\">\n\t\t\t\t\t\t\t<h1 class=\"mkdf-st-title\" style=\"color: #899ba6\">\n\t\t\t\tEspacios para Eventos Corporativos y Sociales\t\t\t\t\t\t\t<\/h1>\n\t\t\t\t\t\t\t<\/div>\n<\/div>[vc_empty_space height=\u00bb20px\u00bb][vc_column_text]<\/p>\n<p style=\"text-align: left;\">Situado a poca distancia de la ciudad de Albufeira, en una zona tranquila directamente junto a la playa de Falesia, AP Victoria Sports &amp; Beach es el lugar perfecto para eventos; construcci\u00f3n de equipos o celebraciones.<\/p>\n<p style=\"text-align: left;\">Ofreciendo lugares modernos y contempor\u00e1neos y con un equipo dedicado y apasionado, AP Victoria Sports &amp; Beach y su privilegiada ubicaci\u00f3n es la combinaci\u00f3n perfecta para un evento para ser recordado.<\/p>\n<p>[\/vc_column_text][vc_empty_space height=\u00bb30px\u00bb]<div class=\"mkdf-section-title-holder  mkdf-st-standard mkdf-st-ha-left mkdf-st-title-left mkdf-st-normal-space \" style=\"text-align: left\">\n\t<div class=\"mkdf-st-inner\">\n\t\t\t\t\t\t\t<h4 class=\"mkdf-st-title\" >\n\t\t\t\tDESTACADOS\t\t\t\t\t\t\t<\/h4>\n\t\t\t\t\t\t\t<\/div>\n<\/div>[vc_empty_space height=\u00bb20px\u00bb][vc_column_text el_class=\u00bbmeeting-content-center\u00bb]<\/p>\n<ul>\n<li style=\"text-align: left;\">Situado en una zona tranquila junto a la playa<\/li>\n<li style=\"text-align: left;\">Restaurante renovado y moderno<\/li>\n<li style=\"text-align: left;\">Disponibilidad de base todo incluido<\/li>\n<li style=\"text-align: left;\">Centro deportivo para eventos de armado de equipos<\/li>\n<li style=\"text-align: left;\">121 Habitaciones<\/li>\n<li style=\"text-align: left;\">A 30 minutos del Aeropuerto Internacional de Faro<\/li>\n<\/ul>\n<p>[\/vc_column_text][\/vc_column_inner][\/vc_row_inner][vc_row_inner css=\u00bb.vc_custom_1604562401323{padding-bottom: 100px !important;}\u00bb el_class=\u00bbevent-top-btn\u00bb][vc_column_inner width=\u00bb1\/4&#8243;][\/vc_column_inner][vc_column_inner el_class=\u00bbmeeting-highlights-btn\u00bb width=\u00bb1\/2&#8243;]<a itemprop=\"url\" href=\"#meeting-contact-wedding\" target=\"_self\" style=\"color: #ffffff;background-color: #899ba6;border-color: #899ba6;margin: 0px 20px 0px 0px\" class=\"mkdf-btn mkdf-btn-medium mkdf-btn-solid mkdf-btn-custom-hover-bg mkdf-btn-custom-border-hover mkdf-btn-custom-hover-color\" data-hover-color=\"#ffffff\" data-hover-bg-color=\"#899ba6\" data-hover-border-color=\"#899ba6\" >\n    <span class=\"mkdf-btn-text\">CONT\u00c1CTENOS<\/span>\n    <\/a>[\/vc_column_inner][vc_column_inner width=\u00bb1\/4&#8243;][\/vc_column_inner][\/vc_row_inner][\/vc_column][\/vc_row][vc_row equal_height=\u00bbyes\u00bb css=\u00bb.vc_custom_1493278703024{background-color: #fbf9f9 !important;}\u00bb][vc_column offset=\u00bbvc_col-lg-offset-0 vc_col-lg-6 vc_col-md-12 vc_col-sm-offset-0&#8243; css=\u00bb.vc_custom_1662388663812{padding-top: 0px !important;padding-right: 0px !important;background-image: url(https:\/\/ap-hotelsresorts.com\/wp-content\/uploads\/2022\/09\/social-events-scaled.jpg?id=34340) !important;background-position: center !important;background-repeat: no-repeat !important;background-size: cover !important;}\u00bb el_class=\u00bborderimg\u00bb][\/vc_column][vc_column css=\u00bb.vc_custom_1614150497098{background-color: #f4f2f0 !important;background-position: center !important;background-repeat: no-repeat !important;background-size: cover !important;}\u00bb offset=\u00bbvc_col-lg-offset-0 vc_col-lg-6 vc_col-md-12 vc_col-sm-offset-0&#8243; el_class=\u00bbordertxt\u00bb]<div class=\"mkdf-elements-holder   mkdf-one-column  mkdf-responsive-mode-768 \" ><div class=\"mkdf-eh-item meeting-services-section   \"  data-item-class=\"mkdf-eh-custom-7444\" data-1024-1280=\"13% 13% 20% 13%\" data-768-1024=\"4% 15% 8% 12%\" data-680-768=\"3% 16% 9% 9%\" data-680=\"0% 5% 17% 6%\">\n\t<div class=\"mkdf-eh-item-inner\">\n\t\t<div class=\"mkdf-eh-item-content mkdf-eh-custom-7444\" style=\"padding: 3% 15% 10% 3%\">\n\t\t\t<div class=\"mkdf-section-title-holder  mkdf-st-standard  mkdf-st-title-left mkdf-st-normal-space \" >\n\t<div class=\"mkdf-st-inner\">\n\t\t\t\t\t\t\t<h2 class=\"mkdf-st-title\" >\n\t\t\t\tEventos Sociales\t\t\t\t\t\t\t<\/h2>\n\t\t\t\t\t\t\t<\/div>\n<\/div>[vc_empty_space height=\u00bb20px\u00bb][vc_column_text]AP Victoria Sports &amp; Beach le ofrece las mejores condiciones para organizar su evento: un cumplea\u00f1os, una celebraci\u00f3n o incluso una boda en medio de nuestro campo de f\u00fatbol.<\/p>\n<p>Re\u00fana a su familia y amigos y celebre esa ocasi\u00f3n especial. Aproveche nuestras instalaciones modernas y contempor\u00e1neas y haga que ese evento especial suceda en este lugar especial.<\/p>\n<ul>\n<li style=\"text-align: left;\">Cumplea\u00f1os<\/li>\n<li style=\"text-align: left;\">Fiesta de cumplea\u00f1os de los ni\u00f1os en nuestro Club de Ni\u00f1os<\/li>\n<li style=\"text-align: left;\">Celebraciones<\/li>\n<li style=\"text-align: left;\">Bodas<\/li>\n<li style=\"text-align: left;\">Cenas Cocktail<\/li>\n<\/ul>\n<p>[\/vc_column_text][vc_empty_space]\t\t<\/div>\n\t<\/div>\n<\/div><\/div>[\/vc_column][\/vc_row][vc_row equal_height=\u00bbyes\u00bb css=\u00bb.vc_custom_1493278703024{background-color: #fbf9f9 !important;}\u00bb][vc_column css=\u00bb.vc_custom_1614150446019{background-color: #f4f2f0 !important;background-position: center !important;background-repeat: no-repeat !important;background-size: cover !important;}\u00bb offset=\u00bbvc_col-lg-offset-0 vc_col-lg-6 vc_col-md-12 vc_col-sm-offset-0&#8243; el_class=\u00bbordertxt\u00bb]<div class=\"mkdf-elements-holder   mkdf-one-column  mkdf-responsive-mode-768 \" ><div class=\"mkdf-eh-item meeting-services-section   \"  data-item-class=\"mkdf-eh-custom-5840\" data-1024-1280=\"13% 13% 20% 13%\" data-768-1024=\"4% 15% 8% 12%\" data-680-768=\"3% 16% 9% 9%\" data-680=\"0% 5% 17% 6%\">\n\t<div class=\"mkdf-eh-item-inner\">\n\t\t<div class=\"mkdf-eh-item-content mkdf-eh-custom-5840\" style=\"padding: 3% 3% 10% 15%\">\n\t\t\t<div class=\"mkdf-section-title-holder  mkdf-st-standard  mkdf-st-title-left mkdf-st-normal-space \" >\n\t<div class=\"mkdf-st-inner\">\n\t\t\t\t\t\t\t<h2 class=\"mkdf-st-title\" >\n\t\t\t\tRESTAURANTE PODIO\t\t\t\t\t\t\t<\/h2>\n\t\t\t\t\t\t\t<\/div>\n<\/div>[vc_empty_space height=\u00bb20px\u00bb][vc_column_text]\u2022 Restaurante buf\u00e9<\/p>\n<p>\u2022 Cocina Nacional e Internacional<\/p>\n<p>\u2022 Ambiente tranquilo y contempor\u00e1neo.<\/p>\n<p>\u2022 Interior con capacidad m\u00e1xima de 100 personas.<\/p>\n<p>\u2022 Terraza cubierta con capacidad para 50 personas[\/vc_column_text][vc_empty_space]\t\t<\/div>\n\t<\/div>\n<\/div><\/div>[\/vc_column][vc_column offset=\u00bbvc_col-lg-offset-0 vc_col-lg-6 vc_col-md-12 vc_col-sm-offset-0&#8243; css=\u00bb.vc_custom_1614150474303{padding-top: 0px !important;padding-left: 0px !important;background-image: url(https:\/\/ap-hotelsresorts.com\/wp-content\/uploads\/2021\/01\/Restaurante-scaled.jpg?id=18752) !important;background-position: center !important;background-repeat: no-repeat !important;background-size: cover !important;}\u00bb el_class=\u00bborderimg\u00bb][\/vc_column][\/vc_row][vc_row css=\u00bb.vc_custom_1604995074012{padding-top: 20px !important;padding-bottom: 50px !important;background-color: #899ba6 !important;}\u00bb el_class=\u00bbmeeting-contact\u00bb el_id=\u00bbmeeting-contact-wedding\u00bb][vc_column][vc_row_inner][vc_column_inner width=\u00bb1\/4&#8243;][\/vc_column_inner][vc_column_inner width=\u00bb1\/2&#8243;][vc_custom_heading text=\u00bbCONT\u00c1CTENOS\u00bb font_container=\u00bbtag:h4|text_align:center|color:%23ffffff\u00bb use_theme_fonts=\u00bbyes\u00bb][vc_column_text]<\/p>\n<p style=\"text-align: center;\"><strong>AP VICTORIA SPORTS &amp; BEACH<\/strong><\/p>\n<p style=\"text-align: center;\">Praia da Fal\u00e9sia. Rua do Pinhal \u2013 A\u00e7oteias Olhos de \u00c1gua<br \/>\n8200-593 Albufeira | Algarve, Portugal<\/p>\n<p style=\"text-align: center;\">Consulta sobre reuniones y eventos: <a href=\"mailto:mice@ap-hotelsresorts.com\"><span style=\"text-decoration: underline;\">mice@ap-hotelsresorts.com<\/span><\/a> | <span style=\"text-decoration: underline;\"><a href=\"mailto:groups@ap-hotelsresorts.com\">groups@ap-hotelsresorts.com<\/a><\/span><br \/>\nReservas: <a href=\"tel: +351 289 540 158\"><u>+351\u00a0289\u00a0540\u00a0158<\/u><\/a> (Chamada para a Rede Fixa Nacional) | <a href=\"mailto:book.victoria@ap-hotelsresorts.com\"><span style=\"text-decoration: underline;\">book.victoria@ap-hotelsresorts.com<\/span><\/a><\/p>\n<p>[\/vc_column_text]<div role=\"form\" class=\"wpcf7\" id=\"wpcf7-f5-o1\" lang=\"en-US\" dir=\"ltr\">\n<div class=\"screen-reader-response\"><p role=\"status\" aria-live=\"polite\" aria-atomic=\"true\"><\/p> <ul><\/ul><\/div>\n<form action=\"\/es\/wp-json\/wp\/v2\/pages\/30497#wpcf7-f5-o1\" method=\"post\" class=\"wpcf7-form init\" novalidate=\"novalidate\" data-status=\"init\">\n<div style=\"display: none;\">\n<input type=\"hidden\" name=\"_wpcf7\" value=\"5\" \/>\n<input type=\"hidden\" name=\"_wpcf7_version\" value=\"5.5.5\" \/>\n<input type=\"hidden\" name=\"_wpcf7_locale\" value=\"en_US\" \/>\n<input type=\"hidden\" name=\"_wpcf7_unit_tag\" value=\"wpcf7-f5-o1\" \/>\n<input type=\"hidden\" name=\"_wpcf7_container_post\" value=\"0\" \/>\n<input type=\"hidden\" name=\"_wpcf7_posted_data_hash\" value=\"\" \/>\n<\/div>\n<div class=\"contact-page-form\">\n<div class=\"vc_col-sm-6 contact-form-column\">\n<span class=\"wpcf7-form-control-wrap first-name\"><input type=\"text\" name=\"first-name\" value=\"\" size=\"40\" class=\"wpcf7-form-control wpcf7-text wpcf7-validates-as-required\" aria-required=\"true\" aria-invalid=\"false\" placeholder=\"First Name *\" \/><\/span>\n<\/div>\n<div class=\"vc_col-sm-6 contact-form-column\">\n<span class=\"wpcf7-form-control-wrap last-name\"><input type=\"text\" name=\"last-name\" value=\"\" size=\"40\" class=\"wpcf7-form-control wpcf7-text wpcf7-validates-as-required\" aria-required=\"true\" aria-invalid=\"false\" placeholder=\"Last Name *\" \/><\/span>\n<\/div>\n<div class=\"vc_col-sm-6 contact-form-column\">\n<span class=\"wpcf7-form-control-wrap email\"><input type=\"email\" name=\"email\" value=\"\" size=\"40\" class=\"wpcf7-form-control wpcf7-text wpcf7-email wpcf7-validates-as-required wpcf7-validates-as-email\" aria-required=\"true\" aria-invalid=\"false\" placeholder=\"Email *\" \/><\/span>\n<\/div>\n<div class=\"vc_col-sm-6 contact-form-column\">\n<span class=\"wpcf7-form-control-wrap phone\"><input type=\"tel\" name=\"phone\" value=\"\" size=\"40\" class=\"wpcf7-form-control wpcf7-text wpcf7-tel wpcf7-validates-as-required wpcf7-validates-as-tel\" aria-required=\"true\" aria-invalid=\"false\" placeholder=\"Phone *\" \/><\/span>\n<\/div>\n<div class=\"vc_col-sm-6 contact-form-column message-topic\">\n<span class=\"wpcf7-form-control-wrap MessageTopic\"><select name=\"MessageTopic\" class=\"wpcf7-form-control wpcf7-select wpcf7-validates-as-required\" aria-required=\"true\" aria-invalid=\"false\"><option value=\"Message Topic *\">Message Topic *<\/option><option value=\"MEETING\">MEETING<\/option><option value=\"CONGRESS\">CONGRESS<\/option><option value=\"WORKSHOP\">WORKSHOP<\/option><option value=\"INCENTIVE\">INCENTIVE<\/option><option value=\"WEDDING\">WEDDING<\/option><\/select><\/span>\n<\/div>\n<div class=\"vc_col-sm-12 contact-form-column\">\n<span class=\"wpcf7-form-control-wrap comments\"><textarea name=\"comments\" cols=\"40\" rows=\"10\" class=\"wpcf7-form-control wpcf7-textarea\" aria-invalid=\"false\" placeholder=\"Comments\"><\/textarea><\/span>\n<\/div>\n<div class=\"vc_col-sm-12 contact-form-column\">\n<label><br \/>\nBy completing this form and clicking submit below, I agree that AP Hotels & Resorts may send me marketing messages and promotional offer via email, direct email and SMS, as described in the AP Hotels & Resorts Privacy Policy.<br \/>\n<\/label>\n<\/div>\n<div class=\"vc_col-sm-12 contact-form-column\">\n<input type=\"submit\" value=\"SUBMIT\" class=\"wpcf7-form-control has-spinner wpcf7-submit\" \/>\n<\/div>\n<\/div>\n<div class=\"wpcf7-response-output\" aria-hidden=\"true\"><\/div><\/form><\/div>[\/vc_column_inner][vc_column_inner width=\u00bb1\/4&#8243;][\/vc_column_inner][\/vc_row_inner][\/vc_column][\/vc_row][vc_row content_text_aligment=\u00bbcenter\u00bb css=\u00bb.vc_custom_1605612781368{padding-bottom: 80px !important;background-color: #f4f2f0 !important;background-position: center !important;background-repeat: no-repeat !important;background-size: cover !important;}\u00bb el_class=\u00bbhotel-address-sections\u00bb][vc_column offset=\u00bbvc_col-lg-offset-1 vc_col-lg-10 vc_col-md-offset-1 vc_col-md-10&#8243;]<div class=\"mkdf-section-title-holder  mkdf-st-standard mkdf-st-ha-center mkdf-st-title-left mkdf-st-normal-space \" style=\"text-align: center\">\n\t<div class=\"mkdf-st-inner\">\n\t\t\t\t\t\t\t<h2 class=\"mkdf-st-title\" >\n\t\t\t\tAP VICTORIA SPORTS &amp; BEACH\t\t\t\t\t\t\t<\/h2>\n\t\t\t\t\t\t\t<\/div>\n<\/div>[vc_empty_space height=\u00bb40px\u00bb][vc_column_text el_class=\u00bbap-hotel-address-text\u00bb]<\/p>\n<p style=\"text-align: center;\">Fal\u00e9sia &#8211; Albufeira Praia da Fal\u00e9sia, Rua do Pinhal \u2013 A\u00e7oteias Olhos de \u00c1gua 8200-593 Albufeira | Algarve, Portugal<\/p>\n<p style=\"text-align: center;\">Reservas: <a href=\"tel: +351 289 540 158\"><u>+351\u00a0289\u00a0540\u00a0158<\/u><\/a> (Chamada para a Rede Fixa Nacional) | <span style=\"text-decoration: underline;\"><a href=\"mailto:book.victoria@ap-hotelsresorts.com\">book.victoria@ap-hotelsresorts.com<\/a><\/span> | Informaciones: <span style=\"text-decoration: underline;\"><a href=\"tel: +351 289 005 100\">+351 289 005 100<\/a><\/span> (Chamada para a Rede Fixa Nacional) | <a href=\"mailto:rec.victoria@ap-hotelsresorts.com\"><span style=\"text-decoration: underline;\">rec.victoria@ap-hotelsresorts.com<\/span><\/a><\/p>\n<p style=\"text-align: center;\">REDES SOCIALES<\/p>\n<p>[\/vc_column_text][vc_column_text]<\/p>\n<p>[\/vc_column_text]    <span class=\"mkdf-icon-shortcode mkdf-normal   mkdf-icon-small\"  data-color=\"#000000\">\n                    <a itemprop=\"url\" class=\"\" href=\"https:\/\/www.instagram.com\/victoriasportbeach\/\" target=\"_blank\">\n                    <i class=\"mkdf-icon-font-awesome fa fa-instagram mkdf-icon-element\" style=\"color: #000000\" ><\/i>                    <\/a>\n            <\/span>\n    <span class=\"mkdf-icon-shortcode mkdf-circle   mkdf-icon-small\" style=\"background-color: #efe3da;border-color: #000000\" data-color=\"#000000\">\n                    <a itemprop=\"url\" class=\"\" href=\"https:\/\/www.facebook.com\/victoriasportbeach.ap\" target=\"_blank\">\n                    <i class=\"mkdf-icon-font-awesome fa fa-facebook mkdf-icon-element\" style=\"color: #000000\" ><\/i>                    <\/a>\n            <\/span>\n[vc_empty_space height=\u00bb40px\u00bb]<a itemprop=\"url\" href=\"https:\/\/ap-hotelsresorts.com\/victoria\/contact\/\" target=\"_self\" style=\"color: #ffffff;border-color: #000000;margin: 0px 10px 0px 0px\" class=\"mkdf-btn mkdf-btn-medium mkdf-btn-outline mkdf-btn-custom-border-hover mkdf-btn-custom-hover-color mkdf-btn-icon\" data-hover-color=\"#ffffff\" data-hover-border-color=\"#333132\" >\n    <span class=\"mkdf-btn-text\">CONT\u00c1CTENOS<\/span>\n    <i class=\"mkdf-icon-linear-icon lnr lnr-arrow-right \" ><\/i><\/a><a itemprop=\"url\" href=\"https:\/\/ap-hotelsresorts.com\/victoria\/contact\/\" target=\"_self\" style=\"color: #ffffff;border-color: #000000\" class=\"mkdf-btn mkdf-btn-medium mkdf-btn-outline mkdf-btn-custom-border-hover mkdf-btn-custom-hover-color mkdf-btn-icon\" data-hover-color=\"#ffffff\" data-hover-border-color=\"#333132\" >\n    <span class=\"mkdf-btn-text\">UBICACIONES<\/span>\n    <i class=\"mkdf-icon-linear-icon lnr lnr-arrow-right \" ><\/i><\/a>[\/vc_column][\/vc_row]<\/p>\n","protected":false},"excerpt":{"rendered":"<p>[vc_row][vc_column][vc_row_inner row_content_width=\u00bbgrid\u00bb css=\u00bb.vc_custom_1601037703586{padding-top: 7% !important;padding-bottom: 7% !important;}\u00bb][vc_column_inner][vc_empty_space height=\u00bb20px\u00bb][vc_column_text] Situado a poca distancia de la ciudad de Albufeira, en una zona tranquila directamente junto a la playa de Falesia, AP Victoria Sports &amp; Beach es el lugar perfecto para eventos; construcci\u00f3n [&hellip;]<\/p>\n","protected":false},"author":10,"featured_media":0,"parent":30472,"menu_order":0,"comment_status":"closed","ping_status":"closed","template":"full-width.php","meta":[],"yoast_head":"<!-- This site is optimized with the Yoast SEO plugin v18.1 - https:\/\/yoast.com\/wordpress\/plugins\/seo\/ -->\n<title>Espacios para Eventos Corporativos y Sociales - Albufeira - AP Victoria Sports &amp; Beach - Web Oficial<\/title>\n<meta name=\"description\" content=\"Descubra nuestros espacios para eventos corporativos y sociales en AP Victoria Sports &amp; Beach, un hotel en Albufeira con una ubicaci\u00f3n privilegiada cerca de Praia da Fal\u00e9sia.\" \/>\n<meta name=\"robots\" content=\"index, follow, max-snippet:-1, max-image-preview:large, max-video-preview:-1\" \/>\n<link rel=\"canonical\" href=\"https:\/\/ap-hotelsresorts.com\/es\/victoria\/espacios-para-eventos-corporativos\/\" \/>\n<meta property=\"og:locale\" content=\"es_ES\" \/>\n<meta property=\"og:type\" content=\"article\" \/>\n<meta property=\"og:title\" content=\"Espacios para Eventos Corporativos y Sociales - Albufeira - AP Victoria Sports &amp; Beach - Web Oficial\" \/>\n<meta property=\"og:description\" content=\"Descubra nuestros espacios para eventos corporativos y sociales en AP Victoria Sports &amp; Beach, un hotel en Albufeira con una ubicaci\u00f3n privilegiada cerca de Praia da Fal\u00e9sia.\" \/>\n<meta property=\"og:url\" content=\"https:\/\/ap-hotelsresorts.com\/es\/victoria\/espacios-para-eventos-corporativos\/\" \/>\n<meta property=\"og:site_name\" content=\"AP HOTELS &amp; RESORTS .\" \/>\n<meta property=\"article:publisher\" content=\"https:\/\/www.facebook.com\/aphotelsresorts\" \/>\n<meta property=\"article:modified_time\" content=\"2025-03-05T15:46:11+00:00\" \/>\n<meta name=\"twitter:card\" content=\"summary_large_image\" \/>\n<meta name=\"twitter:site\" content=\"@ApHotels\" \/>\n<meta name=\"twitter:label1\" content=\"Tiempo de lectura\" \/>\n\t<meta name=\"twitter:data1\" content=\"3 minutos\" \/>\n<script type=\"application\/ld+json\" class=\"yoast-schema-graph\">{\"@context\":\"https:\/\/schema.org\",\"@graph\":[{\"@type\":\"Organization\",\"@id\":\"https:\/\/ap-hotelsresorts.com\/#organization\",\"name\":\"AP HOTELS & RESORTS\",\"url\":\"https:\/\/ap-hotelsresorts.com\/\",\"sameAs\":[\"https:\/\/www.facebook.com\/aphotelsresorts\",\"https:\/\/www.instagram.com\/aphotelsresorts\/\",\"https:\/\/www.linkedin.com\/company\/ap-hotels-and-resorts\",\"https:\/\/www.youtube.com\/channel\/UCSmwGBz36kx2XALzeVAlKEg\",\"https:\/\/twitter.com\/ApHotels\"],\"logo\":{\"@type\":\"ImageObject\",\"@id\":\"https:\/\/ap-hotelsresorts.com\/#logo\",\"inLanguage\":\"es\",\"url\":\"https:\/\/ap-hotelsresorts.com\/wp-content\/uploads\/2021\/03\/logo-1.png\",\"contentUrl\":\"https:\/\/ap-hotelsresorts.com\/wp-content\/uploads\/2021\/03\/logo-1.png\",\"width\":\"3915\",\"height\":\"1388\",\"caption\":\"AP HOTELS & RESORTS\"},\"image\":{\"@id\":\"https:\/\/ap-hotelsresorts.com\/#logo\"}},{\"@type\":\"WebSite\",\"@id\":\"https:\/\/ap-hotelsresorts.com\/#website\",\"url\":\"https:\/\/ap-hotelsresorts.com\/\",\"name\":\"AP HOTELS &amp; RESORTS .\",\"description\":\"Albufeira . Faro . Portim\u00e3o . Tavira . Algarve\",\"publisher\":{\"@id\":\"https:\/\/ap-hotelsresorts.com\/#organization\"},\"potentialAction\":[{\"@type\":\"SearchAction\",\"target\":{\"@type\":\"EntryPoint\",\"urlTemplate\":\"https:\/\/ap-hotelsresorts.com\/?s={search_term_string}\"},\"query-input\":\"required name=search_term_string\"}],\"inLanguage\":\"es\"},{\"@type\":\"WebPage\",\"@id\":\"https:\/\/ap-hotelsresorts.com\/es\/victoria\/espacios-para-eventos-corporativos\/#webpage\",\"url\":\"https:\/\/ap-hotelsresorts.com\/es\/victoria\/espacios-para-eventos-corporativos\/\",\"name\":\"Espacios para Eventos Corporativos y Sociales - Albufeira - AP Victoria Sports & Beach - Web Oficial\",\"isPartOf\":{\"@id\":\"https:\/\/ap-hotelsresorts.com\/#website\"},\"datePublished\":\"2020-11-05T12:00:16+00:00\",\"dateModified\":\"2025-03-05T15:46:11+00:00\",\"description\":\"Descubra nuestros espacios para eventos corporativos y sociales en AP Victoria Sports & Beach, un hotel en Albufeira con una ubicaci\u00f3n privilegiada cerca de Praia da Fal\u00e9sia.\",\"breadcrumb\":{\"@id\":\"https:\/\/ap-hotelsresorts.com\/es\/victoria\/espacios-para-eventos-corporativos\/#breadcrumb\"},\"inLanguage\":\"es\",\"potentialAction\":[{\"@type\":\"ReadAction\",\"target\":[\"https:\/\/ap-hotelsresorts.com\/es\/victoria\/espacios-para-eventos-corporativos\/\"]}]},{\"@type\":\"BreadcrumbList\",\"@id\":\"https:\/\/ap-hotelsresorts.com\/es\/victoria\/espacios-para-eventos-corporativos\/#breadcrumb\",\"itemListElement\":[{\"@type\":\"ListItem\",\"position\":1,\"name\":\"Home\",\"item\":\"https:\/\/ap-hotelsresorts.com\/es\/\"},{\"@type\":\"ListItem\",\"position\":2,\"name\":\"Victoria\",\"item\":\"https:\/\/ap-hotelsresorts.com\/es\/victoria\/\"},{\"@type\":\"ListItem\",\"position\":3,\"name\":\"Espacios para Eventos Corporativos\"}]}]}<\/script>\n<!-- \/ Yoast SEO plugin. -->","yoast_head_json":{"title":"Espacios para Eventos Corporativos y Sociales - Albufeira - AP Victoria Sports & Beach - Web Oficial","description":"Descubra nuestros espacios para eventos corporativos y sociales en AP Victoria Sports & Beach, un hotel en Albufeira con una ubicaci\u00f3n privilegiada cerca de Praia da Fal\u00e9sia.","robots":{"index":"index","follow":"follow","max-snippet":"max-snippet:-1","max-image-preview":"max-image-preview:large","max-video-preview":"max-video-preview:-1"},"canonical":"https:\/\/ap-hotelsresorts.com\/es\/victoria\/espacios-para-eventos-corporativos\/","og_locale":"es_ES","og_type":"article","og_title":"Espacios para Eventos Corporativos y Sociales - Albufeira - AP Victoria Sports & Beach - Web Oficial","og_description":"Descubra nuestros espacios para eventos corporativos y sociales en AP Victoria Sports & Beach, un hotel en Albufeira con una ubicaci\u00f3n privilegiada cerca de Praia da Fal\u00e9sia.","og_url":"https:\/\/ap-hotelsresorts.com\/es\/victoria\/espacios-para-eventos-corporativos\/","og_site_name":"AP HOTELS &amp; RESORTS .","article_publisher":"https:\/\/www.facebook.com\/aphotelsresorts","article_modified_time":"2025-03-05T15:46:11+00:00","twitter_card":"summary_large_image","twitter_site":"@ApHotels","twitter_misc":{"Tiempo de lectura":"3 minutos"},"schema":{"@context":"https:\/\/schema.org","@graph":[{"@type":"Organization","@id":"https:\/\/ap-hotelsresorts.com\/#organization","name":"AP HOTELS & RESORTS","url":"https:\/\/ap-hotelsresorts.com\/","sameAs":["https:\/\/www.facebook.com\/aphotelsresorts","https:\/\/www.instagram.com\/aphotelsresorts\/","https:\/\/www.linkedin.com\/company\/ap-hotels-and-resorts","https:\/\/www.youtube.com\/channel\/UCSmwGBz36kx2XALzeVAlKEg","https:\/\/twitter.com\/ApHotels"],"logo":{"@type":"ImageObject","@id":"https:\/\/ap-hotelsresorts.com\/#logo","inLanguage":"es","url":"https:\/\/ap-hotelsresorts.com\/wp-content\/uploads\/2021\/03\/logo-1.png","contentUrl":"https:\/\/ap-hotelsresorts.com\/wp-content\/uploads\/2021\/03\/logo-1.png","width":"3915","height":"1388","caption":"AP HOTELS & RESORTS"},"image":{"@id":"https:\/\/ap-hotelsresorts.com\/#logo"}},{"@type":"WebSite","@id":"https:\/\/ap-hotelsresorts.com\/#website","url":"https:\/\/ap-hotelsresorts.com\/","name":"AP HOTELS &amp; RESORTS .","description":"Albufeira . Faro . Portim\u00e3o . Tavira . Algarve","publisher":{"@id":"https:\/\/ap-hotelsresorts.com\/#organization"},"potentialAction":[{"@type":"SearchAction","target":{"@type":"EntryPoint","urlTemplate":"https:\/\/ap-hotelsresorts.com\/?s={search_term_string}"},"query-input":"required name=search_term_string"}],"inLanguage":"es"},{"@type":"WebPage","@id":"https:\/\/ap-hotelsresorts.com\/es\/victoria\/espacios-para-eventos-corporativos\/#webpage","url":"https:\/\/ap-hotelsresorts.com\/es\/victoria\/espacios-para-eventos-corporativos\/","name":"Espacios para Eventos Corporativos y Sociales - Albufeira - AP Victoria Sports & Beach - Web Oficial","isPartOf":{"@id":"https:\/\/ap-hotelsresorts.com\/#website"},"datePublished":"2020-11-05T12:00:16+00:00","dateModified":"2025-03-05T15:46:11+00:00","description":"Descubra nuestros espacios para eventos corporativos y sociales en AP Victoria Sports & Beach, un hotel en Albufeira con una ubicaci\u00f3n privilegiada cerca de Praia da Fal\u00e9sia.","breadcrumb":{"@id":"https:\/\/ap-hotelsresorts.com\/es\/victoria\/espacios-para-eventos-corporativos\/#breadcrumb"},"inLanguage":"es","potentialAction":[{"@type":"ReadAction","target":["https:\/\/ap-hotelsresorts.com\/es\/victoria\/espacios-para-eventos-corporativos\/"]}]},{"@type":"BreadcrumbList","@id":"https:\/\/ap-hotelsresorts.com\/es\/victoria\/espacios-para-eventos-corporativos\/#breadcrumb","itemListElement":[{"@type":"ListItem","position":1,"name":"Home","item":"https:\/\/ap-hotelsresorts.com\/es\/"},{"@type":"ListItem","position":2,"name":"Victoria","item":"https:\/\/ap-hotelsresorts.com\/es\/victoria\/"},{"@type":"ListItem","position":3,"name":"Espacios para Eventos Corporativos"}]}]}},"_links":{"self":[{"href":"https:\/\/ap-hotelsresorts.com\/es\/wp-json\/wp\/v2\/pages\/30497"}],"collection":[{"href":"https:\/\/ap-hotelsresorts.com\/es\/wp-json\/wp\/v2\/pages"}],"about":[{"href":"https:\/\/ap-hotelsresorts.com\/es\/wp-json\/wp\/v2\/types\/page"}],"author":[{"embeddable":true,"href":"https:\/\/ap-hotelsresorts.com\/es\/wp-json\/wp\/v2\/users\/10"}],"replies":[{"embeddable":true,"href":"https:\/\/ap-hotelsresorts.com\/es\/wp-json\/wp\/v2\/comments?post=30497"}],"version-history":[{"count":0,"href":"https:\/\/ap-hotelsresorts.com\/es\/wp-json\/wp\/v2\/pages\/30497\/revisions"}],"up":[{"embeddable":true,"href":"https:\/\/ap-hotelsresorts.com\/es\/wp-json\/wp\/v2\/pages\/30472"}],"wp:attachment":[{"href":"https:\/\/ap-hotelsresorts.com\/es\/wp-json\/wp\/v2\/media?parent=30497"}],"curies":[{"name":"wp","href":"https:\/\/api.w.org\/{rel}","templated":true}]}}