{"id":30517,"date":"2021-03-18T10:20:20","date_gmt":"2021-03-18T10:20:20","guid":{"rendered":"https:\/\/ap-hotelsresorts.com\/cookies\/"},"modified":"2023-07-19T16:22:25","modified_gmt":"2023-07-19T16:22:25","slug":"politica-de-cookies","status":"publish","type":"page","link":"https:\/\/ap-hotelsresorts.com\/es\/politica-de-cookies\/","title":{"rendered":"Pol\u00edtica de Cookies"},"content":{"rendered":"<p>[vc_row][vc_column][vc_column_text css=\u00bb.vc_custom_1689783732311{margin-bottom: 50px !important;}\u00bb]<\/p>\n<h2><span style=\"color: #423435;\">POL\u00cdTICA DE COOKIES<\/span><\/h2>\n<p>El Grupo AP Hotels &amp; Resorts utiliza cookies en su sitio web para mejorar su funcionamiento y optimizar la experiencia del usuario.<\/p>\n<p>El objetivo de esta informaci\u00f3n es aclarar las dudas que puedan tener los usuarios sobre el uso de cookies en el sitio web de AP Hotels &amp; Resorts<\/p>\n<h4>\u00bfQu\u00e9 son las cookies?<\/h4>\n<p>Las cookies son peque\u00f1os archivos de texto que se instalan en el dispositivo del usuario (computadora, tel\u00e9fono m\u00f3vil o tableta) cuando visita el sitio web de AP Hotels &amp; Resorts a trav\u00e9s de un navegador. Las cookies permiten un uso m\u00e1s personalizado del sitio web por parte del usuario.<\/p>\n<h4>\u00bfPara qu\u00e9 se utilizan las cookies y por qu\u00e9 AP Hotels &amp; Resorts las utiliza en su sitio web?<\/h4>\n<p>AP Hotels &amp; Resorts utiliza cookies para comprender la importancia, el uso, el inter\u00e9s, el volumen y la frecuencia de las visitas a su contenido en l\u00ednea y para descubrir la mejor manera de presentar datos verdaderamente relevantes a los usuarios. Las cookies ayudan a AP Hotels &amp; Resorts a comprender c\u00f3mo un cliente llega al sitio web (b\u00fasqueda en Internet, recomendaci\u00f3n de otro sitio web, publicidad, etc.) y c\u00f3mo el cliente navega por sus p\u00e1ginas. Las cookies tambi\u00e9n nos permiten conocer las preferencias de navegaci\u00f3n en Internet, como el idioma utilizado. Sin embargo, no recopilan informaci\u00f3n personal de ning\u00fan tipo, ni ninguna otra informaci\u00f3n que nos permita identificar personalmente al usuario<\/p>\n<h4>\u00bfTodas las cookies son iguales?<\/h4>\n<p>No. Hay diferentes tipos de cookies que se utilizan seg\u00fan el tipo de informaci\u00f3n que se desea analizar y recopilar, as\u00ed como el tiempo que permanecen instaladas en el dispositivo del usuario.<\/p>\n<h4>\u00bfQu\u00e9 tipo de cookies utiliza AP Hotels &amp; Resorts?<\/h4>\n<p>Las cookies utilizadas por el sitio web de AP Hotels &amp; Resorts tienen diferentes funciones. Por un lado, el sitio web utiliza cookies que analizan la forma en que los usuarios navegan por el sitio web y c\u00f3mo llegan a nosotros. Estas cookies nos permiten estudiar los datos anal\u00edticos del sitio web y mejorar la navegaci\u00f3n y los contenidos. Adem\u00e1s, utiliza cookies que registran algunas de las preferencias del usuario, como el idioma preferido y las credenciales de acceso al \u00e1rea restringida.<\/p>\n<h4>\u00bfCu\u00e1nto tiempo permanecen instaladas las cookies en el dispositivo del usuario?<\/h4>\n<p>AP Hotels &amp; Resorts utiliza cookies con diferente duraci\u00f3n de tiempo que permanecen almacenadas temporal o permanentemente en su computadora, tel\u00e9fono m\u00f3vil o tableta. El sitio web utiliza cookies permanentes para identificar una nueva visita de un usuario anterior, lo que permite a AP Hotels &amp; Resorts comprender qu\u00e9 contenido nuevo llam\u00f3 la atenci\u00f3n del usuario. Esta informaci\u00f3n se analiza para mejorar el contenido y los servicios prestados. El sitio web tambi\u00e9n utiliza cookies temporales que solo permanecen activas mientras el usuario est\u00e1 en el sitio web. Estas cookies solo permiten que AP Hotels &amp; Resorts comprenda c\u00f3mo el usuario navega por las p\u00e1ginas web y esto ayuda a identificar oportunidades de mejora.<\/p>\n<h4>\u00bfEl usuario puede bloquear las cookies?<\/h4>\n<p>S\u00ed. Todos los navegadores permiten a los usuarios configurar el acceso a las cookies o bloquearlas. Para obtener m\u00e1s informaci\u00f3n sobre c\u00f3mo bloquear las cookies, consulta la secci\u00f3n de ayuda de nuestro navegador.<\/p>\n<h4>\u00bfD\u00f3nde puedo encontrar m\u00e1s informaci\u00f3n sobre las cookies?<\/h4>\n<p>Para obtener m\u00e1s informaci\u00f3n sobre las cookies, consulte el sitio web www.allaboutcookies.org (en ingl\u00e9s, franc\u00e9s y espa\u00f1ol)[\/vc_column_text][\/vc_column][\/vc_row]<\/p>\n","protected":false},"excerpt":{"rendered":"<p>[vc_row][vc_column][vc_column_text css=\u00bb.vc_custom_1689783732311{margin-bottom: 50px !important;}\u00bb] POL\u00cdTICA DE COOKIES El Grupo AP Hotels &amp; Resorts utiliza cookies en su sitio web para mejorar su funcionamiento y optimizar la experiencia del usuario. El objetivo de esta informaci\u00f3n es aclarar las dudas que puedan [&hellip;]<\/p>\n","protected":false},"author":10,"featured_media":0,"parent":0,"menu_order":0,"comment_status":"closed","ping_status":"closed","template":"","meta":[],"yoast_head":"<!-- This site is optimized with the Yoast SEO plugin v18.1 - https:\/\/yoast.com\/wordpress\/plugins\/seo\/ -->\n<title>Pol\u00edtica de Cookies - AP HOTELS &amp; RESORTS .<\/title>\n<meta name=\"robots\" content=\"index, follow, max-snippet:-1, max-image-preview:large, max-video-preview:-1\" \/>\n<link rel=\"canonical\" href=\"https:\/\/ap-hotelsresorts.com\/es\/politica-de-cookies\/\" \/>\n<meta property=\"og:locale\" content=\"es_ES\" \/>\n<meta property=\"og:type\" content=\"article\" \/>\n<meta property=\"og:title\" content=\"Pol\u00edtica de Cookies - AP HOTELS &amp; RESORTS .\" \/>\n<meta property=\"og:description\" content=\"[vc_row][vc_column][vc_column_text css=\u00bb.vc_custom_1689783732311{margin-bottom: 50px !important;}\u00bb] POL\u00cdTICA DE COOKIES El Grupo AP Hotels &amp; Resorts utiliza cookies en su sitio web para mejorar su funcionamiento y optimizar la experiencia del usuario. El objetivo de esta informaci\u00f3n es aclarar las dudas que puedan [&hellip;]\" \/>\n<meta property=\"og:url\" content=\"https:\/\/ap-hotelsresorts.com\/es\/politica-de-cookies\/\" \/>\n<meta property=\"og:site_name\" content=\"AP HOTELS &amp; RESORTS .\" \/>\n<meta property=\"article:publisher\" content=\"https:\/\/www.facebook.com\/aphotelsresorts\" \/>\n<meta property=\"article:modified_time\" content=\"2023-07-19T16:22:25+00:00\" \/>\n<meta name=\"twitter:card\" content=\"summary_large_image\" \/>\n<meta name=\"twitter:site\" content=\"@ApHotels\" \/>\n<meta name=\"twitter:label1\" content=\"Tiempo de lectura\" \/>\n\t<meta name=\"twitter:data1\" content=\"3 minutos\" \/>\n<script type=\"application\/ld+json\" class=\"yoast-schema-graph\">{\"@context\":\"https:\/\/schema.org\",\"@graph\":[{\"@type\":\"Organization\",\"@id\":\"https:\/\/ap-hotelsresorts.com\/#organization\",\"name\":\"AP HOTELS & RESORTS\",\"url\":\"https:\/\/ap-hotelsresorts.com\/\",\"sameAs\":[\"https:\/\/www.facebook.com\/aphotelsresorts\",\"https:\/\/www.instagram.com\/aphotelsresorts\/\",\"https:\/\/www.linkedin.com\/company\/ap-hotels-and-resorts\",\"https:\/\/www.youtube.com\/channel\/UCSmwGBz36kx2XALzeVAlKEg\",\"https:\/\/twitter.com\/ApHotels\"],\"logo\":{\"@type\":\"ImageObject\",\"@id\":\"https:\/\/ap-hotelsresorts.com\/#logo\",\"inLanguage\":\"es\",\"url\":\"https:\/\/ap-hotelsresorts.com\/wp-content\/uploads\/2021\/03\/logo-1.png\",\"contentUrl\":\"https:\/\/ap-hotelsresorts.com\/wp-content\/uploads\/2021\/03\/logo-1.png\",\"width\":\"3915\",\"height\":\"1388\",\"caption\":\"AP HOTELS & RESORTS\"},\"image\":{\"@id\":\"https:\/\/ap-hotelsresorts.com\/#logo\"}},{\"@type\":\"WebSite\",\"@id\":\"https:\/\/ap-hotelsresorts.com\/#website\",\"url\":\"https:\/\/ap-hotelsresorts.com\/\",\"name\":\"AP HOTELS &amp; RESORTS .\",\"description\":\"Albufeira . Faro . Portim\u00e3o . Tavira . Algarve\",\"publisher\":{\"@id\":\"https:\/\/ap-hotelsresorts.com\/#organization\"},\"potentialAction\":[{\"@type\":\"SearchAction\",\"target\":{\"@type\":\"EntryPoint\",\"urlTemplate\":\"https:\/\/ap-hotelsresorts.com\/?s={search_term_string}\"},\"query-input\":\"required name=search_term_string\"}],\"inLanguage\":\"es\"},{\"@type\":\"WebPage\",\"@id\":\"https:\/\/ap-hotelsresorts.com\/es\/politica-de-cookies\/#webpage\",\"url\":\"https:\/\/ap-hotelsresorts.com\/es\/politica-de-cookies\/\",\"name\":\"Pol\u00edtica de Cookies - AP HOTELS &amp; RESORTS .\",\"isPartOf\":{\"@id\":\"https:\/\/ap-hotelsresorts.com\/#website\"},\"datePublished\":\"2021-03-18T10:20:20+00:00\",\"dateModified\":\"2023-07-19T16:22:25+00:00\",\"breadcrumb\":{\"@id\":\"https:\/\/ap-hotelsresorts.com\/es\/politica-de-cookies\/#breadcrumb\"},\"inLanguage\":\"es\",\"potentialAction\":[{\"@type\":\"ReadAction\",\"target\":[\"https:\/\/ap-hotelsresorts.com\/es\/politica-de-cookies\/\"]}]},{\"@type\":\"BreadcrumbList\",\"@id\":\"https:\/\/ap-hotelsresorts.com\/es\/politica-de-cookies\/#breadcrumb\",\"itemListElement\":[{\"@type\":\"ListItem\",\"position\":1,\"name\":\"Home\",\"item\":\"https:\/\/ap-hotelsresorts.com\/es\/\"},{\"@type\":\"ListItem\",\"position\":2,\"name\":\"Pol\u00edtica de Cookies\"}]}]}<\/script>\n<!-- \/ Yoast SEO plugin. -->","yoast_head_json":{"title":"Pol\u00edtica de Cookies - AP HOTELS &amp; RESORTS .","robots":{"index":"index","follow":"follow","max-snippet":"max-snippet:-1","max-image-preview":"max-image-preview:large","max-video-preview":"max-video-preview:-1"},"canonical":"https:\/\/ap-hotelsresorts.com\/es\/politica-de-cookies\/","og_locale":"es_ES","og_type":"article","og_title":"Pol\u00edtica de Cookies - AP HOTELS &amp; RESORTS .","og_description":"[vc_row][vc_column][vc_column_text css=\u00bb.vc_custom_1689783732311{margin-bottom: 50px !important;}\u00bb] POL\u00cdTICA DE COOKIES El Grupo AP Hotels &amp; Resorts utiliza cookies en su sitio web para mejorar su funcionamiento y optimizar la experiencia del usuario. El objetivo de esta informaci\u00f3n es aclarar las dudas que puedan [&hellip;]","og_url":"https:\/\/ap-hotelsresorts.com\/es\/politica-de-cookies\/","og_site_name":"AP HOTELS &amp; RESORTS .","article_publisher":"https:\/\/www.facebook.com\/aphotelsresorts","article_modified_time":"2023-07-19T16:22:25+00:00","twitter_card":"summary_large_image","twitter_site":"@ApHotels","twitter_misc":{"Tiempo de lectura":"3 minutos"},"schema":{"@context":"https:\/\/schema.org","@graph":[{"@type":"Organization","@id":"https:\/\/ap-hotelsresorts.com\/#organization","name":"AP HOTELS & RESORTS","url":"https:\/\/ap-hotelsresorts.com\/","sameAs":["https:\/\/www.facebook.com\/aphotelsresorts","https:\/\/www.instagram.com\/aphotelsresorts\/","https:\/\/www.linkedin.com\/company\/ap-hotels-and-resorts","https:\/\/www.youtube.com\/channel\/UCSmwGBz36kx2XALzeVAlKEg","https:\/\/twitter.com\/ApHotels"],"logo":{"@type":"ImageObject","@id":"https:\/\/ap-hotelsresorts.com\/#logo","inLanguage":"es","url":"https:\/\/ap-hotelsresorts.com\/wp-content\/uploads\/2021\/03\/logo-1.png","contentUrl":"https:\/\/ap-hotelsresorts.com\/wp-content\/uploads\/2021\/03\/logo-1.png","width":"3915","height":"1388","caption":"AP HOTELS & RESORTS"},"image":{"@id":"https:\/\/ap-hotelsresorts.com\/#logo"}},{"@type":"WebSite","@id":"https:\/\/ap-hotelsresorts.com\/#website","url":"https:\/\/ap-hotelsresorts.com\/","name":"AP HOTELS &amp; RESORTS .","description":"Albufeira . Faro . Portim\u00e3o . Tavira . Algarve","publisher":{"@id":"https:\/\/ap-hotelsresorts.com\/#organization"},"potentialAction":[{"@type":"SearchAction","target":{"@type":"EntryPoint","urlTemplate":"https:\/\/ap-hotelsresorts.com\/?s={search_term_string}"},"query-input":"required name=search_term_string"}],"inLanguage":"es"},{"@type":"WebPage","@id":"https:\/\/ap-hotelsresorts.com\/es\/politica-de-cookies\/#webpage","url":"https:\/\/ap-hotelsresorts.com\/es\/politica-de-cookies\/","name":"Pol\u00edtica de Cookies - AP HOTELS &amp; RESORTS .","isPartOf":{"@id":"https:\/\/ap-hotelsresorts.com\/#website"},"datePublished":"2021-03-18T10:20:20+00:00","dateModified":"2023-07-19T16:22:25+00:00","breadcrumb":{"@id":"https:\/\/ap-hotelsresorts.com\/es\/politica-de-cookies\/#breadcrumb"},"inLanguage":"es","potentialAction":[{"@type":"ReadAction","target":["https:\/\/ap-hotelsresorts.com\/es\/politica-de-cookies\/"]}]},{"@type":"BreadcrumbList","@id":"https:\/\/ap-hotelsresorts.com\/es\/politica-de-cookies\/#breadcrumb","itemListElement":[{"@type":"ListItem","position":1,"name":"Home","item":"https:\/\/ap-hotelsresorts.com\/es\/"},{"@type":"ListItem","position":2,"name":"Pol\u00edtica de Cookies"}]}]}},"_links":{"self":[{"href":"https:\/\/ap-hotelsresorts.com\/es\/wp-json\/wp\/v2\/pages\/30517"}],"collection":[{"href":"https:\/\/ap-hotelsresorts.com\/es\/wp-json\/wp\/v2\/pages"}],"about":[{"href":"https:\/\/ap-hotelsresorts.com\/es\/wp-json\/wp\/v2\/types\/page"}],"author":[{"embeddable":true,"href":"https:\/\/ap-hotelsresorts.com\/es\/wp-json\/wp\/v2\/users\/10"}],"replies":[{"embeddable":true,"href":"https:\/\/ap-hotelsresorts.com\/es\/wp-json\/wp\/v2\/comments?post=30517"}],"version-history":[{"count":0,"href":"https:\/\/ap-hotelsresorts.com\/es\/wp-json\/wp\/v2\/pages\/30517\/revisions"}],"wp:attachment":[{"href":"https:\/\/ap-hotelsresorts.com\/es\/wp-json\/wp\/v2\/media?parent=30517"}],"curies":[{"name":"wp","href":"https:\/\/api.w.org\/{rel}","templated":true}]}}