{"id":30520,"date":"2020-09-10T13:51:47","date_gmt":"2020-09-10T13:51:47","guid":{"rendered":"https:\/\/ap-hotelsresorts.com\/privacy-policy\/"},"modified":"2026-02-27T09:46:14","modified_gmt":"2026-02-27T09:46:14","slug":"politica-de-privacidad","status":"publish","type":"page","link":"https:\/\/ap-hotelsresorts.com\/es\/politica-de-privacidad\/","title":{"rendered":"Pol\u00edtica de Privacidad"},"content":{"rendered":"<p>[vc_row css=\u00bb.vc_custom_1600427746300{padding-bottom: 50px !important;}\u00bb][vc_column]<div class=\"mkdf-section-title-holder  mkdf-st-standard mkdf-st-ha-center mkdf-st-title-left mkdf-st-normal-space \" style=\"text-align: center\">\n\t<div class=\"mkdf-st-inner\">\n\t\t\t\t\t\t\t<h2 class=\"mkdf-st-title\" >\n\t\t\t\tPOL\u00cdTICA DE PRIVACIDAD\t\t\t\t\t\t\t<\/h2>\n\t\t\t\t\t\t\t<div class=\"mkdf-st-separator\" ><\/div>\n\t\t\t\t\t<\/div>\n<\/div>[vc_empty_space][vc_column_text]ALDITURISMO &#8211; EXPLORA\u00c7\u00c3O TURISTICA S.A. (AP Hotels &amp; Resorts) respeta su privacidad.<\/p>\n<p>Esta Pol\u00edtica de Privacidad describe qui\u00e9nes somos, con qu\u00e9 fines podemos utilizar sus datos, c\u00f3mo los tratamos, con qui\u00e9n los compartimos, durante cu\u00e1nto tiempo los conservamos, as\u00ed como c\u00f3mo ponerse en contacto con nosotros y c\u00f3mo ejercer su derechos.<\/p>\n<h4 style=\"font-weight: bold;\">Quienes somos nosotros<\/h4>\n<p>Sus datos ser\u00e1n tratados por Alditurismo &#8211; Explora\u00e7\u00e3o Turistica SA, persona jur\u00eddica nr. 507 947 843, con domicilio social en Rocha Baixinha, Olhos de \u00c1gua &#8211; Apartado 6115, tel\u00e9fono + (351) 289 540100, en adelante\u201c AP Hotels &amp; Resorts \u201do\u201c nuestra sociedad corporativa \u201dAdem\u00e1s de Alditurismo &#8211; Explora\u00e7\u00e3o Tur\u00edstica SA, conozca las otras Unidades Hoteleras que forman parte del Grupo AP Hotels &amp; Resorts:<\/p>\n<p>Parque Cabanas &#8211; Explora\u00e7\u00e3o Hoteleira Lda. Rua Tuber\u00e1ria Major, Cabanas de Tavira, 8800-591 Tavira, Portugal N\u00famero de identificaci\u00f3n fiscal: 514199644<\/p>\n<p>Eva &#8211; Sociedade Hoteleira S.A. Avenida da Rep\u00fablica n\u00ba1, 8000-078 Faro, Portugal CIF: 502027908<\/p>\n<p>Maria Nova &#8211; Sociedade Hoteleira S.A. Rua Ant\u00f3nio Pinheiro n\u00ba17, 8800-323 Tavira, Portugal CIF: 513847863<\/p>\n<p>Rochoriental &#8211; Sociedade Hoteleira S.A. Av Tom\u00e1s Cabreira, Praia da Rocha, 8500-802 Portim\u00e3o, Portugal CIF: 500480109<\/p>\n<p>Vicfal\u00e9sia &#8211; Sociedade Hoteleira S.A. Rua do Pinhal A\u00e7oteias, Praia da Fal\u00e9sia, 8200-593 Albufeira, Portugal CIF: 501949224<\/p>\n<h4 style=\"font-weight: bold;\">LEGISLACI\u00d3N<\/h4>\n<p>El tratamiento de datos personales de los usuarios llevado a cabo por AP Hotels &amp; Resorts y el env\u00edo de comunicaciones de marketing a trav\u00e9s de diversos canales est\u00e1n en conformidad con la legislaci\u00f3n nacional y comunitaria vigente, en particular con el reciente Reglamento UE 2016\/679 (Reglamento General de Datos Proteccion).<\/p>\n<h4 style=\"font-weight: bold;\">\u00bfPOR QU\u00c9 PROCESAMOS SU INFORMACI\u00d3N?<\/h4>\n<p>AP Hotels &amp; Resorts es responsable del procesamiento de datos personales y solo manejar\u00e1 sus datos personales cuando:<\/p>\n<p>Tiene un inter\u00e9s leg\u00edtimo en hacerlo, en particular:<\/p>\n<p>una. Mantener la relaci\u00f3n precontractual o contractual con nuestra sociedad corporativa; B. Para la gesti\u00f3n de reservas; C. Para check-in, facturaci\u00f3n y pago; D. Para el cumplimiento de las normas legales; mi. Para la b\u00fasqueda de intereses leg\u00edtimos de nuestra sociedad corporativa (a saber, seguridad de personas y bienes, eventos, investigaci\u00f3n y desarrollo de productos); F. Para dar respuesta a solicitudes de informaci\u00f3n (solicitudes de presupuesto, confirmaciones de reserva, etc.) g. Prestar servicios propios (prestaci\u00f3n de servicios y adecuaci\u00f3n de tratamientos en SPAs, gesti\u00f3n de preferencias personales como fumador \/ no fumador, piso preferente, movilidad limitada, diarios y revistas, etc.); h. Poder contactar con nuestra sociedad corporativa a trav\u00e9s del correo electr\u00f3nico; I. Informar a nuestra sociedad corporativa sobre actividades, campa\u00f1as, promociones, eventos, entre otros, que consideremos de inter\u00e9s; j. Realizar cuestionarios sobre la calidad de los servicios que ofrecemos, as\u00ed como realizar acciones de fidelizaci\u00f3n.<\/p>\n<p>Siempre que, en cada caso, nuestro inter\u00e9s est\u00e9 de acuerdo con la ley aplicable y sus derechos.<\/p>\n<p>2. Haber obtenido su consentimiento para tratar sus datos personales con fines espec\u00edficos, expl\u00edcitos y leg\u00edtimos; y \/ o 3. Es necesario para cumplir con las obligaciones contractuales y obligaciones legales que le sean de aplicaci\u00f3n<\/p>\n<h4 style=\"font-weight: bold;\">\u00bfCU\u00c1L ES EL OBJETIVO DE NUESTRO MANEJO DE DATOS?<\/h4>\n<p>Al completar los formularios disponibles en nuestro sitio web o completar los formularios de registro en la recepci\u00f3n del Hotel, sus datos personales (como nombre, correo electr\u00f3nico, n\u00famero de tel\u00e9fono o direcci\u00f3n) son recopilados por AP HOTELS &amp; RESORTS y se utilizan para responder a sus preguntas o solicitudes o proporcionarle informaci\u00f3n.<\/p>\n<p>Si se registra para uno de nuestros eventos, algunos de sus datos personales pueden ser compartidos con instituciones organizadoras de eventos y \/ o con otros participantes.<\/p>\n<p>Al proporcionarnos sus datos de contacto, AP HOTELS &amp; RESORTS podr\u00e1 contactarlo con fines de marketing relacionados con nuestros servicios, siempre que haya dado su consentimiento para el procesamiento de sus datos personales con este fin. Si est\u00e1 de acuerdo, recibir\u00e1 comunicaciones de marketing por correo electr\u00f3nico. En cualquier momento puede oponerse a este tratamiento de datos.<\/p>\n<p>Los datos personales que nos facilite tambi\u00e9n ser\u00e1n tratados para los fines indicados en el momento de la recogida.<\/p>\n<p>Su consentimiento es fundamental para que AP HOTELS &amp; RESORTS procese sus datos personales para estos fines. Sin embargo, si elige no dar su consentimiento, su visita y uso de nuestro sitio web no se ver\u00e1n afectados<\/p>\n<h4 style=\"font-weight: bold;\">\u00bfPOR CU\u00c1NTO TIEMPO CONSERVAREMOS SU INFORMACI\u00d3N?<\/h4>\n<p>Nuestra pol\u00edtica es conservar los datos durante el tiempo que sea necesario para los fines para los que fueron recopilados. Sin embargo, en ciertos casos, podemos conservar los datos durante per\u00edodos m\u00e1s prolongados, en particular cuando la ley as\u00ed lo requiera.<\/p>\n<h4 style=\"font-weight: bold;\">\u00bfCU\u00c1LES SON TUS DERECHOS?<\/h4>\n<p>En cualquier momento puede:<\/p>\n<p>1. Solicitar el acceso a la informaci\u00f3n que mantenemos sobre usted Como titular de los datos personales, tiene derecho a obtener confirmaci\u00f3n de que los datos que le conciernen son tratados o no, y en su caso, acceder a sus datos personales y acceder a la informaci\u00f3n facilitada. por ley.<\/p>\n<p>2. Solicitar la rectificaci\u00f3n de la informaci\u00f3n si es inexacta o incompleta. Como titular de los datos personales, usted tiene derecho a que AP HOTELS &amp;amp; RESORTS, sin dilaci\u00f3n indebida, corrija los datos inexactos o incompletos que le conciernen.<\/p>\n<p>3. Solicitar la eliminaci\u00f3n de sus datos personales Como titular de los datos personales, tiene derecho a solicitar a AP HOTELS &amp;amp; RESORTS que elimine sus datos, sin demoras indebidas, y tiene la obligaci\u00f3n de borrar los datos personales, sin demoras indebidas. , cuando, en particular, una de las siguientes razones a. Los datos personales ya no son necesarios para el prop\u00f3sito para el que fueron recopilados o procesados; B. Ha retirado su consentimiento para el tratamiento de datos (en los casos en que el tratamiento se base en el consentimiento) y no existe otro fundamento para dicho tratamiento; C. Va en contra del tratamiento de datos y no prevalecen intereses leg\u00edtimos que justifiquen el tratamiento de los datos.<\/p>\n<p>4. Solicitar la limitaci\u00f3n del tratamiento de sus datos personales Como titular de los datos usted tiene derecho a solicitar a AP HOTELS &amp;amp; RESORTS la limitaci\u00f3n del tratamiento de sus datos si se da alguno de los siguientes casos en particular:<\/p>\n<p>una. Para impugnar la exactitud de los datos personales durante un per\u00edodo que permita a AP HOTELS &amp;amp; RESORTS verificar su exactitud; B. El tratamiento de los datos es l\u00edcito y el titular de los datos se opone al borrado de los datos personales y solicita la limitaci\u00f3n de su uso; C. AP HOTELS &amp;amp; RESORTS ya no necesita datos personales para fines de tratamiento, pero estos datos son requeridos por el titular a efectos de declaraci\u00f3n, ejercicio o defensa de un derecho en un proceso judicial; D. Cuando se oponga al tratamiento de los datos, hasta que se establezcan los motivos leg\u00edtimos del responsable del tratamiento, estos prevalecer\u00e1n sobre los del interesado.<\/p>\n<p>5. Oponerse al tratamiento de sus datos personales En los casos en que el tratamiento de datos se lleve a cabo con la finalidad de los intereses leg\u00edtimos perseguidos por AP HOTELS &amp;amp; RESORTS, o el tratamiento de datos se lleve a cabo con fines de marketing directo o elaboraci\u00f3n de perfiles, a\u00fan puede, en cualquier momento, oponerse al procesamiento de sus datos personales.<\/p>\n<p>6. Si el tratamiento depende de su consentimiento, tiene derecho a retirarlo Si el consentimiento es legalmente requerido para el tratamiento de datos personales, el interesado tiene derecho a retirar el consentimiento en cualquier momento, aunque ese derecho no compromete la licitud del tratamiento realizado en base al consentimiento previo prestado o al posterior tratamiento de los mismos datos, en base a otra base legal, como el cumplimiento del contrato o la obligaci\u00f3n legal a la que AP HOTELS &amp;amp; RESORTS est\u00e1 sujeto.<\/p>\n<p>Si desea ejercer alguno de sus derechos, debe comunicarse con nosotros por escrito a gpd@ap-hotelsresorts.com o por carta, enviada a la direcci\u00f3n antes mencionada.<\/p>\n<p>Es posible que se le solicite que demuestre su identidad para asegurarse de que los datos personales solo los comparta el propietario.<\/p>\n<p>Debe tener en cuenta que en ciertos casos (por ejemplo, debido a requisitos legales) su solicitud no se puede cumplir de inmediato. En todo caso, se le informar\u00e1 de las medidas que se adopten a tal efecto, en el plazo de un mes desde el momento en que se realice la solicitud.<\/p>\n<p>Tambi\u00e9n tiene derecho a presentar una queja ante la Comisi\u00f3n Nacional<\/p>\n<p><span style=\"color: #000000; font-size: 18px; font-weight: bold;\">SEGURIDAD Y CONFIDENCIALIDAD<\/span><\/p>\n<p>Nos esforzamos por mantener sus datos seguros, empleando las medidas de seguridad adecuadas para garantizar la protecci\u00f3n de sus datos personales y evitar el acceso a personas no autorizadas. Sometemos nuestros sistemas y pol\u00edticas de seguridad a an\u00e1lisis peri\u00f3dicos para garantizar que los datos est\u00e9n seguros y protegidos. Sin embargo, la transmisi\u00f3n de informaci\u00f3n a trav\u00e9s de Internet no es completamente segura y no podemos garantizar absolutamente la seguridad de la informaci\u00f3n transmitida a trav\u00e9s de nuestro sitio.<\/p>\n<p>Tambi\u00e9n respetamos la confidencialidad de su informaci\u00f3n. Como tal, no vendemos, distribuimos ni ponemos su informaci\u00f3n a disposici\u00f3n comercial de ninguna entidad. Solo comunicaremos sus datos a terceros si dicha comunicaci\u00f3n de datos es necesaria para la prestaci\u00f3n de servicios o por obligaci\u00f3n legal.<\/p>\n<p>AP HOTELS &amp; RESORTS se compromete a mantener la confidencialidad de su informaci\u00f3n de acuerdo con esta Pol\u00edtica de privacidad y la ley aplicable<\/p>\n<p><span style=\"color: #000000; font-size: 18px; font-weight: bold;\">SERVICIOS DE GOOGLE<\/span><\/p>\n<p>Este sitio web utiliza los servicios de Google.<\/p>\n<p>Al aceptar el uso de cookies, Google podr\u00eda procesar algunos de sus datos personales.<\/p>\n<p>Para obtener m\u00e1s informaci\u00f3n sobre c\u00f3mo Google gestiona los datos, consulte:<\/p>\n<p><a href=\"https:\/\/business.safety.google\/privacy\/\" target=\"_blank\" rel=\"noopener\">https:\/\/business.safety.google\/privacy\/<\/a><\/p>\n<h4 style=\"font-weight: bold;\">EN CASO DE DUDA<\/h4>\n<p>Si tiene alguna pregunta sobre el procesamiento de sus datos personales, o si desea ejercer alguno de sus derechos, comun\u00edquese con nosotros:<\/p>\n<p>Correo electr\u00f3nico: gpd@ap-hotelsresorts.com Tenga en cuenta que, ocasionalmente, AP HOTELS &amp; RESORTS actualizar\u00e1 esta Pol\u00edtica de privacidad. Le instamos a que revise peri\u00f3dicamente este documento en nuestro sitio web para mantenerse actualizado[\/vc_column_text][\/vc_column][\/vc_row]<\/p>\n","protected":false},"excerpt":{"rendered":"<p>[vc_row css=\u00bb.vc_custom_1600427746300{padding-bottom: 50px !important;}\u00bb][vc_column][vc_empty_space][vc_column_text]ALDITURISMO &#8211; EXPLORA\u00c7\u00c3O TURISTICA S.A. (AP Hotels &amp; Resorts) respeta su privacidad. Esta Pol\u00edtica de Privacidad describe qui\u00e9nes somos, con qu\u00e9 fines podemos utilizar sus datos, c\u00f3mo los tratamos, con qui\u00e9n los compartimos, durante cu\u00e1nto tiempo los [&hellip;]<\/p>\n","protected":false},"author":10,"featured_media":0,"parent":0,"menu_order":0,"comment_status":"closed","ping_status":"open","template":"","meta":[],"yoast_head":"<!-- This site is optimized with the Yoast SEO plugin v18.1 - https:\/\/yoast.com\/wordpress\/plugins\/seo\/ -->\n<title>Pol\u00edtica de Privacidad - AP HOTELS &amp; RESORTS .<\/title>\n<meta name=\"robots\" content=\"index, follow, max-snippet:-1, max-image-preview:large, max-video-preview:-1\" \/>\n<link rel=\"canonical\" href=\"https:\/\/ap-hotelsresorts.com\/es\/politica-de-privacidad\/\" \/>\n<meta property=\"og:locale\" content=\"es_ES\" \/>\n<meta property=\"og:type\" content=\"article\" \/>\n<meta property=\"og:title\" content=\"Pol\u00edtica de Privacidad - AP HOTELS &amp; RESORTS .\" \/>\n<meta property=\"og:description\" content=\"[vc_row css=\u00bb.vc_custom_1600427746300{padding-bottom: 50px !important;}\u00bb][vc_column][vc_empty_space][vc_column_text]ALDITURISMO &#8211; EXPLORA\u00c7\u00c3O TURISTICA S.A. (AP Hotels &amp; Resorts) respeta su privacidad. Esta Pol\u00edtica de Privacidad describe qui\u00e9nes somos, con qu\u00e9 fines podemos utilizar sus datos, c\u00f3mo los tratamos, con qui\u00e9n los compartimos, durante cu\u00e1nto tiempo los [&hellip;]\" \/>\n<meta property=\"og:url\" content=\"https:\/\/ap-hotelsresorts.com\/es\/politica-de-privacidad\/\" \/>\n<meta property=\"og:site_name\" content=\"AP HOTELS &amp; RESORTS .\" \/>\n<meta property=\"article:publisher\" content=\"https:\/\/www.facebook.com\/aphotelsresorts\" \/>\n<meta property=\"article:modified_time\" content=\"2026-02-27T09:46:14+00:00\" \/>\n<meta name=\"twitter:card\" content=\"summary_large_image\" \/>\n<meta name=\"twitter:site\" content=\"@ApHotels\" \/>\n<meta name=\"twitter:label1\" content=\"Tiempo de lectura\" \/>\n\t<meta name=\"twitter:data1\" content=\"7 minutos\" \/>\n<script type=\"application\/ld+json\" class=\"yoast-schema-graph\">{\"@context\":\"https:\/\/schema.org\",\"@graph\":[{\"@type\":\"Organization\",\"@id\":\"https:\/\/ap-hotelsresorts.com\/#organization\",\"name\":\"AP HOTELS & RESORTS\",\"url\":\"https:\/\/ap-hotelsresorts.com\/\",\"sameAs\":[\"https:\/\/www.facebook.com\/aphotelsresorts\",\"https:\/\/www.instagram.com\/aphotelsresorts\/\",\"https:\/\/www.linkedin.com\/company\/ap-hotels-and-resorts\",\"https:\/\/www.youtube.com\/channel\/UCSmwGBz36kx2XALzeVAlKEg\",\"https:\/\/twitter.com\/ApHotels\"],\"logo\":{\"@type\":\"ImageObject\",\"@id\":\"https:\/\/ap-hotelsresorts.com\/#logo\",\"inLanguage\":\"es\",\"url\":\"https:\/\/ap-hotelsresorts.com\/wp-content\/uploads\/2021\/03\/logo-1.png\",\"contentUrl\":\"https:\/\/ap-hotelsresorts.com\/wp-content\/uploads\/2021\/03\/logo-1.png\",\"width\":\"3915\",\"height\":\"1388\",\"caption\":\"AP HOTELS & RESORTS\"},\"image\":{\"@id\":\"https:\/\/ap-hotelsresorts.com\/#logo\"}},{\"@type\":\"WebSite\",\"@id\":\"https:\/\/ap-hotelsresorts.com\/#website\",\"url\":\"https:\/\/ap-hotelsresorts.com\/\",\"name\":\"AP HOTELS &amp; RESORTS .\",\"description\":\"Albufeira . Faro . Portim\u00e3o . Tavira . Algarve\",\"publisher\":{\"@id\":\"https:\/\/ap-hotelsresorts.com\/#organization\"},\"potentialAction\":[{\"@type\":\"SearchAction\",\"target\":{\"@type\":\"EntryPoint\",\"urlTemplate\":\"https:\/\/ap-hotelsresorts.com\/?s={search_term_string}\"},\"query-input\":\"required name=search_term_string\"}],\"inLanguage\":\"es\"},{\"@type\":\"WebPage\",\"@id\":\"https:\/\/ap-hotelsresorts.com\/es\/politica-de-privacidad\/#webpage\",\"url\":\"https:\/\/ap-hotelsresorts.com\/es\/politica-de-privacidad\/\",\"name\":\"Pol\u00edtica de Privacidad - AP HOTELS &amp; RESORTS .\",\"isPartOf\":{\"@id\":\"https:\/\/ap-hotelsresorts.com\/#website\"},\"datePublished\":\"2020-09-10T13:51:47+00:00\",\"dateModified\":\"2026-02-27T09:46:14+00:00\",\"breadcrumb\":{\"@id\":\"https:\/\/ap-hotelsresorts.com\/es\/politica-de-privacidad\/#breadcrumb\"},\"inLanguage\":\"es\",\"potentialAction\":[{\"@type\":\"ReadAction\",\"target\":[\"https:\/\/ap-hotelsresorts.com\/es\/politica-de-privacidad\/\"]}]},{\"@type\":\"BreadcrumbList\",\"@id\":\"https:\/\/ap-hotelsresorts.com\/es\/politica-de-privacidad\/#breadcrumb\",\"itemListElement\":[{\"@type\":\"ListItem\",\"position\":1,\"name\":\"Home\",\"item\":\"https:\/\/ap-hotelsresorts.com\/es\/\"},{\"@type\":\"ListItem\",\"position\":2,\"name\":\"Pol\u00edtica de Privacidad\"}]}]}<\/script>\n<!-- \/ Yoast SEO plugin. -->","yoast_head_json":{"title":"Pol\u00edtica de Privacidad - AP HOTELS &amp; RESORTS .","robots":{"index":"index","follow":"follow","max-snippet":"max-snippet:-1","max-image-preview":"max-image-preview:large","max-video-preview":"max-video-preview:-1"},"canonical":"https:\/\/ap-hotelsresorts.com\/es\/politica-de-privacidad\/","og_locale":"es_ES","og_type":"article","og_title":"Pol\u00edtica de Privacidad - AP HOTELS &amp; RESORTS .","og_description":"[vc_row css=\u00bb.vc_custom_1600427746300{padding-bottom: 50px !important;}\u00bb][vc_column][vc_empty_space][vc_column_text]ALDITURISMO &#8211; EXPLORA\u00c7\u00c3O TURISTICA S.A. (AP Hotels &amp; Resorts) respeta su privacidad. Esta Pol\u00edtica de Privacidad describe qui\u00e9nes somos, con qu\u00e9 fines podemos utilizar sus datos, c\u00f3mo los tratamos, con qui\u00e9n los compartimos, durante cu\u00e1nto tiempo los [&hellip;]","og_url":"https:\/\/ap-hotelsresorts.com\/es\/politica-de-privacidad\/","og_site_name":"AP HOTELS &amp; RESORTS .","article_publisher":"https:\/\/www.facebook.com\/aphotelsresorts","article_modified_time":"2026-02-27T09:46:14+00:00","twitter_card":"summary_large_image","twitter_site":"@ApHotels","twitter_misc":{"Tiempo de lectura":"7 minutos"},"schema":{"@context":"https:\/\/schema.org","@graph":[{"@type":"Organization","@id":"https:\/\/ap-hotelsresorts.com\/#organization","name":"AP HOTELS & RESORTS","url":"https:\/\/ap-hotelsresorts.com\/","sameAs":["https:\/\/www.facebook.com\/aphotelsresorts","https:\/\/www.instagram.com\/aphotelsresorts\/","https:\/\/www.linkedin.com\/company\/ap-hotels-and-resorts","https:\/\/www.youtube.com\/channel\/UCSmwGBz36kx2XALzeVAlKEg","https:\/\/twitter.com\/ApHotels"],"logo":{"@type":"ImageObject","@id":"https:\/\/ap-hotelsresorts.com\/#logo","inLanguage":"es","url":"https:\/\/ap-hotelsresorts.com\/wp-content\/uploads\/2021\/03\/logo-1.png","contentUrl":"https:\/\/ap-hotelsresorts.com\/wp-content\/uploads\/2021\/03\/logo-1.png","width":"3915","height":"1388","caption":"AP HOTELS & RESORTS"},"image":{"@id":"https:\/\/ap-hotelsresorts.com\/#logo"}},{"@type":"WebSite","@id":"https:\/\/ap-hotelsresorts.com\/#website","url":"https:\/\/ap-hotelsresorts.com\/","name":"AP HOTELS &amp; RESORTS .","description":"Albufeira . Faro . Portim\u00e3o . Tavira . Algarve","publisher":{"@id":"https:\/\/ap-hotelsresorts.com\/#organization"},"potentialAction":[{"@type":"SearchAction","target":{"@type":"EntryPoint","urlTemplate":"https:\/\/ap-hotelsresorts.com\/?s={search_term_string}"},"query-input":"required name=search_term_string"}],"inLanguage":"es"},{"@type":"WebPage","@id":"https:\/\/ap-hotelsresorts.com\/es\/politica-de-privacidad\/#webpage","url":"https:\/\/ap-hotelsresorts.com\/es\/politica-de-privacidad\/","name":"Pol\u00edtica de Privacidad - AP HOTELS &amp; RESORTS .","isPartOf":{"@id":"https:\/\/ap-hotelsresorts.com\/#website"},"datePublished":"2020-09-10T13:51:47+00:00","dateModified":"2026-02-27T09:46:14+00:00","breadcrumb":{"@id":"https:\/\/ap-hotelsresorts.com\/es\/politica-de-privacidad\/#breadcrumb"},"inLanguage":"es","potentialAction":[{"@type":"ReadAction","target":["https:\/\/ap-hotelsresorts.com\/es\/politica-de-privacidad\/"]}]},{"@type":"BreadcrumbList","@id":"https:\/\/ap-hotelsresorts.com\/es\/politica-de-privacidad\/#breadcrumb","itemListElement":[{"@type":"ListItem","position":1,"name":"Home","item":"https:\/\/ap-hotelsresorts.com\/es\/"},{"@type":"ListItem","position":2,"name":"Pol\u00edtica de Privacidad"}]}]}},"_links":{"self":[{"href":"https:\/\/ap-hotelsresorts.com\/es\/wp-json\/wp\/v2\/pages\/30520"}],"collection":[{"href":"https:\/\/ap-hotelsresorts.com\/es\/wp-json\/wp\/v2\/pages"}],"about":[{"href":"https:\/\/ap-hotelsresorts.com\/es\/wp-json\/wp\/v2\/types\/page"}],"author":[{"embeddable":true,"href":"https:\/\/ap-hotelsresorts.com\/es\/wp-json\/wp\/v2\/users\/10"}],"replies":[{"embeddable":true,"href":"https:\/\/ap-hotelsresorts.com\/es\/wp-json\/wp\/v2\/comments?post=30520"}],"version-history":[{"count":0,"href":"https:\/\/ap-hotelsresorts.com\/es\/wp-json\/wp\/v2\/pages\/30520\/revisions"}],"wp:attachment":[{"href":"https:\/\/ap-hotelsresorts.com\/es\/wp-json\/wp\/v2\/media?parent=30520"}],"curies":[{"name":"wp","href":"https:\/\/api.w.org\/{rel}","templated":true}]}}