{"id":30972,"date":"2020-09-17T11:08:50","date_gmt":"2020-09-17T11:08:50","guid":{"rendered":"https:\/\/ap-hotelsresorts.com\/ap-club\/"},"modified":"2022-04-08T17:37:04","modified_gmt":"2022-04-08T17:37:04","slug":"ap-club","status":"publish","type":"page","link":"https:\/\/ap-hotelsresorts.com\/es\/ap-club\/","title":{"rendered":"AP Club"},"content":{"rendered":"<p>[vc_row][vc_column][vc_custom_heading text=\u00bbAP CLUB\u00bb][vc_column_text css=\u00bb.vc_custom_1645628652146{padding-top: 25px !important;padding-bottom: 40px !important;}\u00bb]10% de descuento sobre la mejor tarifa disponible<\/p>\n<p>Por eso creamos Clube AP, un programa de fidelizaci\u00f3n que te ofrece condiciones especiales, ventajas exclusivas y servicios extra cuando te alojas en nuestros hoteles. Disfruta de un 10% de descuento sobre la mejor tarifa disponible despu\u00e9s de unirte al Club AP.<\/p>\n<p>Es un programa sin membres\u00eda ni cuota anual y adherirse es muy f\u00e1cil:<\/p>\n<p>Vaya a <a href=\"https:\/\/loyalty-seeker.appspot.com\/?https:\/\/loyalty-seeker.appspot.com\/?namespace=ap-corporate&amp;language=SPANISH\">www.ap-hotelsresorts.com\/ap-club<\/a><br \/>\nSuscribirse.<br \/>\nConfirme su suscripci\u00f3n despu\u00e9s de recibir un correo electr\u00f3nico.<br \/>\n\u00a1Disfruta de tu tarjeta Club AP en formato virtual!<\/p>\n<p>Los beneficios de Clube AP son inmensos, incluyendo:<\/p>\n<p>Oferta de bienvenida de 250 puntos despu\u00e9s de la confirmaci\u00f3n final del registro.<br \/>\nTarjeta sin cuota anual.<br \/>\nAcceso a promociones exclusivas.<br \/>\nDescuentos sobre la mejor tarifa disponible para alojamiento en todos los hoteles del Grupo AP Hotels &amp; Resorts.<\/p>\n<p>Este descuento ser\u00e1 del 10% sobre la mejor tarifa disponible, pudiendo modificarse este porcentaje de descuento en casos espec\u00edficos y previa informaci\u00f3n.<br \/>\n&#8211; El \u00e1rea exclusiva reservada para miembros del AP Club estar\u00e1 disponible dentro del sitio web oficial del grupo AP Hotels &amp; Resorts en <a href=\"https:\/\/loyalty-seeker.appspot.com\/?https:\/\/loyalty-seeker.appspot.com\/?namespace=ap-corporate&amp;language=SPANISH\">www.ap-hotelsresorts.com\/ap-club<\/a><br \/>\n&#8211; La gesti\u00f3n de la cuenta es de f\u00e1cil acceso y se realiza a trav\u00e9s de un acceso personalizado, garantizado a trav\u00e9s del enlace anterior, que permite la gesti\u00f3n de datos de clientes, consulta de saldo y edici\u00f3n de datos personales.<\/p>\n<p>Siempre que hagas una reserva o consumo en servicios de grupo AP, como SPA o restaurantes, por cada 1\u20ac gastado \u00a1recibir\u00e1s 1 punto en tu tarjeta! Estos puntos se cargar\u00e1n autom\u00e1ticamente en tu cuenta, siempre y cuando solicites la factura de consumo con el NIF. Los puntos tienen una validez de 2 a\u00f1os y se pueden convertir en noches gratis, comidas, tratamientos de SPA, entre otros. Simplemente h\u00e1ganos saber que es miembro del Club AP en el momento de la reserva.<\/p>\n<p>Descubra lo que puede ganar<strong><a href=\"https:\/\/loyalty-seeker.appspot.com\/?https:\/\/loyalty-seeker.appspot.com\/?namespace=ap-corporate&amp;language=SPANISH\"> aqu\u00ed<\/a><\/strong> y reciba un 10 % de descuento sobre la mejor tarifa disponible en su pr\u00f3xima reserva despu\u00e9s de unirse al club AP.[\/vc_column_text][\/vc_column][\/vc_row]<\/p>\n","protected":false},"excerpt":{"rendered":"<p>[vc_row][vc_column][vc_custom_heading text=\u00bbAP CLUB\u00bb][vc_column_text css=\u00bb.vc_custom_1645628652146{padding-top: 25px !important;padding-bottom: 40px !important;}\u00bb]10% de descuento sobre la mejor tarifa disponible Por eso creamos Clube AP, un programa de fidelizaci\u00f3n que te ofrece condiciones especiales, ventajas exclusivas y servicios extra cuando te alojas en nuestros hoteles. [&hellip;]<\/p>\n","protected":false},"author":10,"featured_media":0,"parent":0,"menu_order":0,"comment_status":"closed","ping_status":"closed","template":"","meta":[],"yoast_head":"<!-- This site is optimized with the Yoast SEO plugin v18.1 - https:\/\/yoast.com\/wordpress\/plugins\/seo\/ -->\n<title>AP Club - AP HOTELS &amp; RESORTS .<\/title>\n<meta name=\"description\" content=\"AP Club, a loyalty program that offers you special conditions, exclusive benefits and additional services when staying at AP Hotels &amp; Resorts. No membership fee or annual fee required.\" \/>\n<meta name=\"robots\" content=\"index, follow, max-snippet:-1, max-image-preview:large, max-video-preview:-1\" \/>\n<link rel=\"canonical\" href=\"https:\/\/ap-hotelsresorts.com\/es\/ap-club\/\" \/>\n<meta property=\"og:locale\" content=\"es_ES\" \/>\n<meta property=\"og:type\" content=\"article\" \/>\n<meta property=\"og:title\" content=\"AP Club - AP HOTELS &amp; RESORTS .\" \/>\n<meta property=\"og:description\" content=\"AP Club, a loyalty program that offers you special conditions, exclusive benefits and additional services when staying at AP Hotels &amp; Resorts. No membership fee or annual fee required.\" \/>\n<meta property=\"og:url\" content=\"https:\/\/ap-hotelsresorts.com\/es\/ap-club\/\" \/>\n<meta property=\"og:site_name\" content=\"AP HOTELS &amp; RESORTS .\" \/>\n<meta property=\"article:publisher\" content=\"https:\/\/www.facebook.com\/aphotelsresorts\" \/>\n<meta property=\"article:modified_time\" content=\"2022-04-08T17:37:04+00:00\" \/>\n<meta name=\"twitter:card\" content=\"summary_large_image\" \/>\n<meta name=\"twitter:site\" content=\"@ApHotels\" \/>\n<meta name=\"twitter:label1\" content=\"Tiempo de lectura\" \/>\n\t<meta name=\"twitter:data1\" content=\"2 minutos\" \/>\n<script type=\"application\/ld+json\" class=\"yoast-schema-graph\">{\"@context\":\"https:\/\/schema.org\",\"@graph\":[{\"@type\":\"Organization\",\"@id\":\"https:\/\/ap-hotelsresorts.com\/#organization\",\"name\":\"AP HOTELS & RESORTS\",\"url\":\"https:\/\/ap-hotelsresorts.com\/\",\"sameAs\":[\"https:\/\/www.facebook.com\/aphotelsresorts\",\"https:\/\/www.instagram.com\/aphotelsresorts\/\",\"https:\/\/www.linkedin.com\/company\/ap-hotels-and-resorts\",\"https:\/\/www.youtube.com\/channel\/UCSmwGBz36kx2XALzeVAlKEg\",\"https:\/\/twitter.com\/ApHotels\"],\"logo\":{\"@type\":\"ImageObject\",\"@id\":\"https:\/\/ap-hotelsresorts.com\/#logo\",\"inLanguage\":\"es\",\"url\":\"https:\/\/ap-hotelsresorts.com\/wp-content\/uploads\/2021\/03\/logo-1.png\",\"contentUrl\":\"https:\/\/ap-hotelsresorts.com\/wp-content\/uploads\/2021\/03\/logo-1.png\",\"width\":\"3915\",\"height\":\"1388\",\"caption\":\"AP HOTELS & RESORTS\"},\"image\":{\"@id\":\"https:\/\/ap-hotelsresorts.com\/#logo\"}},{\"@type\":\"WebSite\",\"@id\":\"https:\/\/ap-hotelsresorts.com\/#website\",\"url\":\"https:\/\/ap-hotelsresorts.com\/\",\"name\":\"AP HOTELS &amp; RESORTS .\",\"description\":\"Albufeira . Faro . Portim\u00e3o . Tavira . Algarve\",\"publisher\":{\"@id\":\"https:\/\/ap-hotelsresorts.com\/#organization\"},\"potentialAction\":[{\"@type\":\"SearchAction\",\"target\":{\"@type\":\"EntryPoint\",\"urlTemplate\":\"https:\/\/ap-hotelsresorts.com\/?s={search_term_string}\"},\"query-input\":\"required name=search_term_string\"}],\"inLanguage\":\"es\"},{\"@type\":\"WebPage\",\"@id\":\"https:\/\/ap-hotelsresorts.com\/es\/ap-club\/#webpage\",\"url\":\"https:\/\/ap-hotelsresorts.com\/es\/ap-club\/\",\"name\":\"AP Club - AP HOTELS &amp; RESORTS .\",\"isPartOf\":{\"@id\":\"https:\/\/ap-hotelsresorts.com\/#website\"},\"datePublished\":\"2020-09-17T11:08:50+00:00\",\"dateModified\":\"2022-04-08T17:37:04+00:00\",\"description\":\"AP Club, a loyalty program that offers you special conditions, exclusive benefits and additional services when staying at AP Hotels & Resorts. No membership fee or annual fee required.\",\"breadcrumb\":{\"@id\":\"https:\/\/ap-hotelsresorts.com\/es\/ap-club\/#breadcrumb\"},\"inLanguage\":\"es\",\"potentialAction\":[{\"@type\":\"ReadAction\",\"target\":[\"https:\/\/ap-hotelsresorts.com\/es\/ap-club\/\"]}]},{\"@type\":\"BreadcrumbList\",\"@id\":\"https:\/\/ap-hotelsresorts.com\/es\/ap-club\/#breadcrumb\",\"itemListElement\":[{\"@type\":\"ListItem\",\"position\":1,\"name\":\"Home\",\"item\":\"https:\/\/ap-hotelsresorts.com\/es\/\"},{\"@type\":\"ListItem\",\"position\":2,\"name\":\"AP Club\"}]}]}<\/script>\n<!-- \/ Yoast SEO plugin. -->","yoast_head_json":{"title":"AP Club - AP HOTELS &amp; RESORTS .","description":"AP Club, a loyalty program that offers you special conditions, exclusive benefits and additional services when staying at AP Hotels & Resorts. No membership fee or annual fee required.","robots":{"index":"index","follow":"follow","max-snippet":"max-snippet:-1","max-image-preview":"max-image-preview:large","max-video-preview":"max-video-preview:-1"},"canonical":"https:\/\/ap-hotelsresorts.com\/es\/ap-club\/","og_locale":"es_ES","og_type":"article","og_title":"AP Club - AP HOTELS &amp; RESORTS .","og_description":"AP Club, a loyalty program that offers you special conditions, exclusive benefits and additional services when staying at AP Hotels & Resorts. No membership fee or annual fee required.","og_url":"https:\/\/ap-hotelsresorts.com\/es\/ap-club\/","og_site_name":"AP HOTELS &amp; RESORTS .","article_publisher":"https:\/\/www.facebook.com\/aphotelsresorts","article_modified_time":"2022-04-08T17:37:04+00:00","twitter_card":"summary_large_image","twitter_site":"@ApHotels","twitter_misc":{"Tiempo de lectura":"2 minutos"},"schema":{"@context":"https:\/\/schema.org","@graph":[{"@type":"Organization","@id":"https:\/\/ap-hotelsresorts.com\/#organization","name":"AP HOTELS & RESORTS","url":"https:\/\/ap-hotelsresorts.com\/","sameAs":["https:\/\/www.facebook.com\/aphotelsresorts","https:\/\/www.instagram.com\/aphotelsresorts\/","https:\/\/www.linkedin.com\/company\/ap-hotels-and-resorts","https:\/\/www.youtube.com\/channel\/UCSmwGBz36kx2XALzeVAlKEg","https:\/\/twitter.com\/ApHotels"],"logo":{"@type":"ImageObject","@id":"https:\/\/ap-hotelsresorts.com\/#logo","inLanguage":"es","url":"https:\/\/ap-hotelsresorts.com\/wp-content\/uploads\/2021\/03\/logo-1.png","contentUrl":"https:\/\/ap-hotelsresorts.com\/wp-content\/uploads\/2021\/03\/logo-1.png","width":"3915","height":"1388","caption":"AP HOTELS & RESORTS"},"image":{"@id":"https:\/\/ap-hotelsresorts.com\/#logo"}},{"@type":"WebSite","@id":"https:\/\/ap-hotelsresorts.com\/#website","url":"https:\/\/ap-hotelsresorts.com\/","name":"AP HOTELS &amp; RESORTS .","description":"Albufeira . Faro . Portim\u00e3o . Tavira . Algarve","publisher":{"@id":"https:\/\/ap-hotelsresorts.com\/#organization"},"potentialAction":[{"@type":"SearchAction","target":{"@type":"EntryPoint","urlTemplate":"https:\/\/ap-hotelsresorts.com\/?s={search_term_string}"},"query-input":"required name=search_term_string"}],"inLanguage":"es"},{"@type":"WebPage","@id":"https:\/\/ap-hotelsresorts.com\/es\/ap-club\/#webpage","url":"https:\/\/ap-hotelsresorts.com\/es\/ap-club\/","name":"AP Club - AP HOTELS &amp; RESORTS .","isPartOf":{"@id":"https:\/\/ap-hotelsresorts.com\/#website"},"datePublished":"2020-09-17T11:08:50+00:00","dateModified":"2022-04-08T17:37:04+00:00","description":"AP Club, a loyalty program that offers you special conditions, exclusive benefits and additional services when staying at AP Hotels & Resorts. No membership fee or annual fee required.","breadcrumb":{"@id":"https:\/\/ap-hotelsresorts.com\/es\/ap-club\/#breadcrumb"},"inLanguage":"es","potentialAction":[{"@type":"ReadAction","target":["https:\/\/ap-hotelsresorts.com\/es\/ap-club\/"]}]},{"@type":"BreadcrumbList","@id":"https:\/\/ap-hotelsresorts.com\/es\/ap-club\/#breadcrumb","itemListElement":[{"@type":"ListItem","position":1,"name":"Home","item":"https:\/\/ap-hotelsresorts.com\/es\/"},{"@type":"ListItem","position":2,"name":"AP Club"}]}]}},"_links":{"self":[{"href":"https:\/\/ap-hotelsresorts.com\/es\/wp-json\/wp\/v2\/pages\/30972"}],"collection":[{"href":"https:\/\/ap-hotelsresorts.com\/es\/wp-json\/wp\/v2\/pages"}],"about":[{"href":"https:\/\/ap-hotelsresorts.com\/es\/wp-json\/wp\/v2\/types\/page"}],"author":[{"embeddable":true,"href":"https:\/\/ap-hotelsresorts.com\/es\/wp-json\/wp\/v2\/users\/10"}],"replies":[{"embeddable":true,"href":"https:\/\/ap-hotelsresorts.com\/es\/wp-json\/wp\/v2\/comments?post=30972"}],"version-history":[{"count":0,"href":"https:\/\/ap-hotelsresorts.com\/es\/wp-json\/wp\/v2\/pages\/30972\/revisions"}],"wp:attachment":[{"href":"https:\/\/ap-hotelsresorts.com\/es\/wp-json\/wp\/v2\/media?parent=30972"}],"curies":[{"name":"wp","href":"https:\/\/api.w.org\/{rel}","templated":true}]}}