{"id":38004,"date":"2023-04-28T16:32:04","date_gmt":"2023-04-28T16:32:04","guid":{"rendered":"https:\/\/ap-hotelsresorts.com\/restaurantes\/"},"modified":"2025-12-02T10:15:05","modified_gmt":"2025-12-02T10:15:05","slug":"restaurantes-y-bars","status":"publish","type":"page","link":"https:\/\/ap-hotelsresorts.com\/es\/donaaninhas\/restaurantes-y-bars\/","title":{"rendered":"Restaurantes y Bars"},"content":{"rendered":"<p>[vc_row css=\u00bb.vc_custom_1680608944968{background-color: #ffffff !important;}\u00bb][vc_column][vc_row_inner row_content_width=\u00bbgrid\u00bb][vc_column_inner][vc_empty_space height=\u00bb45px\u00bb]<div class=\"mkdf-section-title-holder  mkdf-st-standard mkdf-st-ha-center mkdf-st-title-left mkdf-st-normal-space \" style=\"text-align: center\">\n\t<div class=\"mkdf-st-inner\">\n\t\t\t\t\t\t\t<h1 class=\"mkdf-st-title\" style=\"color: #826d67\">\n\t\t\t\tRESTAURANTES Y BARS\t\t\t\t\t\t\t<\/h1>\n\t\t\t\t\t\t\t<\/div>\n<\/div>[vc_empty_space height=\u00bb45px\u00bb][\/vc_column_inner][\/vc_row_inner][\/vc_column][\/vc_row][vc_row equal_height=\u00bbyes\u00bb css=\u00bb.vc_custom_1680263267072{background-color: #fbf9f9 !important;}\u00bb el_class=\u00bbrestaurant-item\u00bb][vc_column css=\u00bb.vc_custom_1680264166083{padding-right: 15px !important;padding-bottom: 10px !important;padding-left: 35px !important;background-color: #f4f2f0 !important;background-position: center !important;background-repeat: no-repeat !important;background-size: cover !important;}\u00bb offset=\u00bbvc_col-lg-offset-0 vc_col-lg-6 vc_col-md-12 vc_col-sm-offset-0&#8243; el_class=\u00bbordertxt\u00bb]<div class=\"mkdf-elements-holder   mkdf-one-column  mkdf-responsive-mode-768 \" ><div class=\"mkdf-eh-item   mkdf-horizontal-alignment-center \"  data-item-class=\"mkdf-eh-custom-2571\">\n\t<div class=\"mkdf-eh-item-inner\">\n\t\t<div class=\"mkdf-eh-item-content mkdf-eh-custom-2571\" >\n\t\t\t<div class=\"mkdf-section-title-holder  mkdf-st-standard mkdf-st-ha-left mkdf-st-title-left mkdf-st-normal-space \" style=\"text-align: left\">\n\t<div class=\"mkdf-st-inner\">\n\t\t\t\t\t\t\t<h3 class=\"mkdf-st-title\" >\n\t\t\t\tRESTAURANTE\t\t\t\t\t\t\t<\/h3>\n\t\t\t\t\t\t\t<\/div>\n<\/div>[vc_empty_space height=\u00bb20px\u00bb][vc_column_text]El Restaurante del\u00a0<strong>AP Dona Aninhas<\/strong>, ofrece una arquitectura contempor\u00e1nea, pero al mismo tiempo entrelazada con elementos de la cultura local.<\/p>\n<p>&nbsp;<\/p>\n<p>Este espacio promete sorprenderle con platos t\u00edpicos de la regi\u00f3n. Diariamente podr\u00e1 encontrar desde sugerencias del chef hasta varias opciones que destacar\u00e1n la gastronom\u00eda regional y nacional.<\/p>\n<p>&nbsp;<\/p>\n<p>Los domingos, a la hora del almuerzo, <strong>AP Dona Aninhas<\/strong>\u00a0ofrece buffets con los platos m\u00e1s apreciados de la gastronom\u00eda tradicional. Todo ello en un ambiente de refinamiento y donde el servicio ser\u00e1 uno de los aspectos m\u00e1s destacados.<\/p>\n<p>&nbsp;<\/p>\n<h3 style=\"text-align: left;\"><strong>HORARIO DE APERTURA<\/strong><\/h3>\n<p>&nbsp;<\/p>\n<p>Desayuno: 7H30 \u2013 10H30<\/p>\n<p>Almuerzo: 12:30 to 14:30<\/p>\n<p>Cena: 19:00 to 22:00[\/vc_column_text][vc_empty_space]<a itemprop=\"url\" href=\"https:\/\/ap-hotelsresorts.com\/wp-content\/uploads\/2025\/10\/APE_MENU_SEMANAL_OUT_2025_A4.pdf\" target=\"_blank\" style=\"color: #ffffff;background-color: #826d67;border-color: #826d67\" class=\"mkdf-btn mkdf-btn-medium mkdf-btn-solid mkdf-btn-custom-hover-bg mkdf-btn-custom-border-hover mkdf-btn-custom-hover-color\" data-hover-color=\"#ffffff\" data-hover-bg-color=\"#826d67\" data-hover-border-color=\"#826d67\" >\n    <span class=\"mkdf-btn-text\">Menu<\/span>\n    <\/a>[vc_empty_space height=\u00bb64px\u00bb]\t\t<\/div>\n\t<\/div>\n<\/div><\/div>[\/vc_column][vc_column offset=\u00bbvc_col-lg-offset-0 vc_col-lg-6 vc_col-md-12 vc_col-sm-offset-0&#8243; css=\u00bb.vc_custom_1680263177359{padding-top: 0px !important;padding-right: 0px !important;background-position: center !important;background-repeat: no-repeat !important;background-size: cover !important;}\u00bb el_class=\u00bborderimg\u00bb][vc_images_carousel images=\u00bb40860,40707,38156,38151,40870,40805&#8243; img_size=\u00bbfull\u00bb onclick=\u00bblink_no\u00bb wrap=\u00bbyes\u00bb][\/vc_column][\/vc_row][vc_row equal_height=\u00bbyes\u00bb css=\u00bb.vc_custom_1680263267072{background-color: #fbf9f9 !important;}\u00bb el_class=\u00bbrestaurant-item\u00bb][vc_column offset=\u00bbvc_col-lg-offset-0 vc_col-lg-6 vc_col-md-12 vc_col-sm-offset-0&#8243; css=\u00bb.vc_custom_1680263177359{padding-top: 0px !important;padding-right: 0px !important;background-position: center !important;background-repeat: no-repeat !important;background-size: cover !important;}\u00bb el_class=\u00bborderimg\u00bb][vc_images_carousel images=\u00bb40790,41140,40795,40785,40780&#8243; img_size=\u00bbfull\u00bb onclick=\u00bblink_no\u00bb wrap=\u00bbyes\u00bb][\/vc_column][vc_column css=\u00bb.vc_custom_1680264166083{padding-right: 15px !important;padding-bottom: 10px !important;padding-left: 35px !important;background-color: #f4f2f0 !important;background-position: center !important;background-repeat: no-repeat !important;background-size: cover !important;}\u00bb offset=\u00bbvc_col-lg-offset-0 vc_col-lg-6 vc_col-md-12 vc_col-sm-offset-0&#8243; el_class=\u00bbordertxt\u00bb]<div class=\"mkdf-elements-holder   mkdf-one-column  mkdf-responsive-mode-768 \" ><div class=\"mkdf-eh-item   mkdf-horizontal-alignment-center \"  data-item-class=\"mkdf-eh-custom-5290\">\n\t<div class=\"mkdf-eh-item-inner\">\n\t\t<div class=\"mkdf-eh-item-content mkdf-eh-custom-5290\" >\n\t\t\t<div class=\"mkdf-section-title-holder  mkdf-st-standard mkdf-st-ha-left mkdf-st-title-left mkdf-st-normal-space \" style=\"text-align: left\">\n\t<div class=\"mkdf-st-inner\">\n\t\t\t\t\t\t\t<h3 class=\"mkdf-st-title\" >\n\t\t\t\tBAR\t\t\t\t\t\t\t<\/h3>\n\t\t\t\t\t\t\t<\/div>\n<\/div>[vc_empty_space height=\u00bb20px\u00bb]<div class=\"mkdf-section-title-holder  mkdf-st-standard mkdf-st-ha-left mkdf-st-title-left mkdf-st-normal-space \" style=\"text-align: left\">\n\t<div class=\"mkdf-st-inner\">\n\t\t\t\t\t\t\t<h4 class=\"mkdf-st-title\" >\n\t\t\t\tDISFRUTA DE UNA BEBIDA REFRESCANTE\t\t\t\t\t\t\t<\/h4>\n\t\t\t\t\t\t\t<\/div>\n<\/div>[vc_empty_space height=\u00bb20px\u00bb][vc_column_text]El bar del AP Dona Aninhas ofrece una decoraci\u00f3n contempor\u00e1nea y sofisticada que garantiza comodidad y ligereza. Disfrute de los momentos musicales que le ofrecemos y d\u00e9jese sorprender por nuestros c\u00f3cteles, as\u00ed como por nuestra cuidada selecci\u00f3n de vinos, con especial destaque para la Quinta de S\u00e3o Sebasti\u00e3o.[\/vc_column_text][vc_empty_space]\t\t<\/div>\n\t<\/div>\n<\/div><\/div>[\/vc_column][\/vc_row][vc_row simple_background_color=\u00bb#899ba6&#8243; css=\u00bb.vc_custom_1688484229186{margin-top: 10px !important;}\u00bb][vc_column el_class=\u00bbadriana-offers-content\u00bb css=\u00bb.vc_custom_1688734639229{background-color: #826d67 !important;}\u00bb][vc_row_inner row_content_width=\u00bbgrid\u00bb css=\u00bb.vc_custom_1680174325033{padding-top: 5% !important;padding-bottom: 5% !important;}\u00bb][vc_column_inner width=\u00bb2\/3&#8243;][vc_custom_heading text=\u00bbHOTEL EN VIANA DO CASTELO\u00bb font_container=\u00bbtag:h2|font_size:20|text_align:left|color:%23ffffff\u00bb use_theme_fonts=\u00bbyes\u00bb][vc_custom_heading text=\u00bbRESERVE SUS VACACIONES EN AP DONA ANINHAS Y VENGA A EXPLORAR EL ALTO MINHO\u00bb font_container=\u00bbtag:h3|font_size:30|text_align:left|color:%23ffffff\u00bb use_theme_fonts=\u00bbyes\u00bb][\/vc_column_inner][vc_column_inner width=\u00bb1\/3&#8243; css=\u00bb.vc_custom_1680174133788{padding-top: 0px !important;padding-bottom: 0px !important;}\u00bb]<a itemprop=\"url\" href=\"https:\/\/ap-dona-aninhas-dot-ap-hotels.appspot.com\/booking1?adultsRoom1=2\" target=\"_self\" style=\"color: #000000;background-color: #ffffff;border-color: #ffffff;margin: 30px\" class=\"mkdf-btn mkdf-btn-medium mkdf-btn-solid mkdf-btn-custom-hover-bg mkdf-btn-custom-border-hover mkdf-btn-custom-hover-color mkdf-btn-icon\" data-hover-color=\"#000000\" data-hover-bg-color=\"#ffffff\" data-hover-border-color=\"#ffffff\" >\n    <span class=\"mkdf-btn-text\">Reservar Ahora<\/span>\n    <i class=\"mkdf-icon-linear-icon lnr lnr-arrow-right \" ><\/i><\/a>[\/vc_column_inner][\/vc_row_inner][\/vc_column][\/vc_row][vc_row content_text_aligment=\u00bbcenter\u00bb css=\u00bb.vc_custom_1605605919259{padding-bottom: 80px !important;background-color: #f4f2f0 !important;background-position: center !important;background-repeat: no-repeat !important;background-size: cover !important;}\u00bb el_class=\u00bbadriana-hotel-footer-address-top\u00bb][vc_column offset=\u00bbvc_col-lg-offset-1 vc_col-lg-10 vc_col-md-offset-1 vc_col-md-10&#8243; el_class=\u00bbadriana-hotel-footer-address\u00bb]<div class=\"mkdf-section-title-holder  mkdf-st-standard mkdf-st-ha-center mkdf-st-title-left mkdf-st-normal-space \" style=\"text-align: center\">\n\t<div class=\"mkdf-st-inner\">\n\t\t\t\t\t\t\t<h2 class=\"mkdf-st-title\" >\n\t\t\t\tDONA ANINHAS\t\t\t\t\t\t\t<\/h2>\n\t\t\t\t\t\t\t<\/div>\n<\/div>[vc_empty_space height=\u00bb40px\u00bb][vc_column_text]<\/p>\n<p style=\"text-align: center;\">AP Dona Aninhas | Viana do Castelo<br \/>\nLargo Vasco da Gama 38-41 4900-322 Viana do Castelo | Reservas: <a href=\"tel: +351 289 540 100\"><u>+351 289 540 100<\/u><\/a>\u00a0(llamada a red fija nacional) | <span style=\"text-decoration: underline;\"><a href=\"mailto:book.donaaninhas@ap-hotelsresorts.com\">book.donaaninhas@ap-hotelsresorts.com<\/a><\/span> | Informacion General : <span style=\"text-decoration: underline;\"><a href=\"tel: + 351 258 248 570\">+ 351 258 248 570<\/a><\/span> (llamada a red fija nacional) | <span style=\"text-decoration: underline;\"><a href=\"mailto:info@ap-hotelsresorts.com\">info@ap-hotelsresorts.com<\/a><\/span> | RNET 1380<\/p>\n<p style=\"text-align: center;\">REDES SOCIALES<\/p>\n<p>[\/vc_column_text][vc_column_text]<\/p>\n<p>[\/vc_column_text]    <span class=\"mkdf-icon-shortcode mkdf-normal   mkdf-icon-small\"  data-color=\"#000000\">\n                    <a itemprop=\"url\" class=\"\" href=\"https:\/\/www.instagram.com\/ap.donaaninhas\/\" target=\"_blank\">\n                    <i class=\"mkdf-icon-font-awesome fa fa-instagram mkdf-icon-element\" style=\"color: #000000\" ><\/i>                    <\/a>\n            <\/span>\n    <span class=\"mkdf-icon-shortcode mkdf-circle   mkdf-icon-small\" style=\"background-color: #efe3da;border-color: #000000\" data-color=\"#000000\">\n                    <a itemprop=\"url\" class=\"\" href=\"https:\/\/www.facebook.com\/ap.donaaninhas\" target=\"_blank\">\n                    <i class=\"mkdf-icon-font-awesome fa fa-facebook mkdf-icon-element\" style=\"color: #000000\" ><\/i>                    <\/a>\n            <\/span>\n[vc_empty_space height=\u00bb40px\u00bb]<a itemprop=\"url\" href=\"https:\/\/ap-hotelsresorts.com\/es\/donaaninhas\/contactos-2\/\" target=\"_self\" style=\"color: #000000;border-color: #000000;margin: 0px 10px 0px 0px\" class=\"mkdf-btn mkdf-btn-medium mkdf-btn-outline mkdf-btn-custom-border-hover mkdf-btn-custom-hover-color mkdf-btn-icon\" data-hover-color=\"#000000\" data-hover-border-color=\"#333132\" >\n    <span class=\"mkdf-btn-text\">CONT\u00c1CTENOS<\/span>\n    <i class=\"mkdf-icon-linear-icon lnr lnr-arrow-right \" ><\/i><\/a><a itemprop=\"url\" href=\"https:\/\/ap-hotelsresorts.com\/es\/donaaninhas\/contactos-2\/\" target=\"_self\" style=\"color: #000000;border-color: #000000\" class=\"mkdf-btn mkdf-btn-medium mkdf-btn-outline mkdf-btn-custom-border-hover mkdf-btn-custom-hover-color mkdf-btn-icon\" data-hover-color=\"#000000\" data-hover-border-color=\"#333132\" >\n    <span class=\"mkdf-btn-text\">UBICACIONES<\/span>\n    <i class=\"mkdf-icon-linear-icon lnr lnr-arrow-right \" ><\/i><\/a>[\/vc_column][\/vc_row]<\/p>\n","protected":false},"excerpt":{"rendered":"<p>[vc_row css=\u00bb.vc_custom_1680608944968{background-color: #ffffff !important;}\u00bb][vc_column][vc_row_inner row_content_width=\u00bbgrid\u00bb][vc_column_inner][vc_empty_space height=\u00bb45px\u00bb][vc_empty_space height=\u00bb45px\u00bb][\/vc_column_inner][\/vc_row_inner][\/vc_column][\/vc_row][vc_row equal_height=\u00bbyes\u00bb css=\u00bb.vc_custom_1680263267072{background-color: #fbf9f9 !important;}\u00bb el_class=\u00bbrestaurant-item\u00bb][vc_column css=\u00bb.vc_custom_1680264166083{padding-right: 15px !important;padding-bottom: 10px !important;padding-left: 35px !important;background-color: #f4f2f0 !important;background-position: center !important;background-repeat: no-repeat !important;background-size: cover !important;}\u00bb offset=\u00bbvc_col-lg-offset-0 vc_col-lg-6 vc_col-md-12 vc_col-sm-offset-0&#8243; el_class=\u00bbordertxt\u00bb][\/vc_column][vc_column offset=\u00bbvc_col-lg-offset-0 vc_col-lg-6 vc_col-md-12 vc_col-sm-offset-0&#8243; css=\u00bb.vc_custom_1680263177359{padding-top: 0px !important;padding-right: 0px [&hellip;]<\/p>\n","protected":false},"author":12,"featured_media":0,"parent":38001,"menu_order":0,"comment_status":"open","ping_status":"open","template":"full-width.php","meta":[],"yoast_head":"<!-- This site is optimized with the Yoast SEO plugin v18.1 - https:\/\/yoast.com\/wordpress\/plugins\/seo\/ -->\n<title>Restaurantes y Bars - AP Dona Aninhas - Hotel en Viana do Castelo - Web Oficial<\/title>\n<meta name=\"description\" content=\"\u00bfNo sabes qu\u00e9 restaurante en Viana do Castelo elegir? Descubre el restaurante de nuestro hotel en Viana do Castelo y prueba los platos t\u00edpicos vianenses.\" \/>\n<meta name=\"robots\" content=\"index, follow, max-snippet:-1, max-image-preview:large, max-video-preview:-1\" \/>\n<link rel=\"canonical\" href=\"https:\/\/ap-hotelsresorts.com\/es\/donaaninhas\/restaurantes-y-bars\/\" \/>\n<meta property=\"og:locale\" content=\"es_ES\" \/>\n<meta property=\"og:type\" content=\"article\" \/>\n<meta property=\"og:title\" content=\"Restaurantes y Bars - AP Dona Aninhas - Hotel en Viana do Castelo - Web Oficial\" \/>\n<meta property=\"og:description\" content=\"\u00bfNo sabes qu\u00e9 restaurante en Viana do Castelo elegir? Descubre el restaurante de nuestro hotel en Viana do Castelo y prueba los platos t\u00edpicos vianenses.\" \/>\n<meta property=\"og:url\" content=\"https:\/\/ap-hotelsresorts.com\/es\/donaaninhas\/restaurantes-y-bars\/\" \/>\n<meta property=\"og:site_name\" content=\"AP HOTELS &amp; RESORTS .\" \/>\n<meta property=\"article:publisher\" content=\"https:\/\/www.facebook.com\/aphotelsresorts\" \/>\n<meta property=\"article:modified_time\" content=\"2025-12-02T10:15:05+00:00\" \/>\n<meta name=\"twitter:card\" content=\"summary_large_image\" \/>\n<meta name=\"twitter:site\" content=\"@ApHotels\" \/>\n<meta name=\"twitter:label1\" content=\"Tiempo de lectura\" \/>\n\t<meta name=\"twitter:data1\" content=\"5 minutos\" \/>\n<script type=\"application\/ld+json\" class=\"yoast-schema-graph\">{\"@context\":\"https:\/\/schema.org\",\"@graph\":[{\"@type\":\"Organization\",\"@id\":\"https:\/\/ap-hotelsresorts.com\/#organization\",\"name\":\"AP HOTELS & RESORTS\",\"url\":\"https:\/\/ap-hotelsresorts.com\/\",\"sameAs\":[\"https:\/\/www.facebook.com\/aphotelsresorts\",\"https:\/\/www.instagram.com\/aphotelsresorts\/\",\"https:\/\/www.linkedin.com\/company\/ap-hotels-and-resorts\",\"https:\/\/www.youtube.com\/channel\/UCSmwGBz36kx2XALzeVAlKEg\",\"https:\/\/twitter.com\/ApHotels\"],\"logo\":{\"@type\":\"ImageObject\",\"@id\":\"https:\/\/ap-hotelsresorts.com\/#logo\",\"inLanguage\":\"es\",\"url\":\"https:\/\/ap-hotelsresorts.com\/wp-content\/uploads\/2021\/03\/logo-1.png\",\"contentUrl\":\"https:\/\/ap-hotelsresorts.com\/wp-content\/uploads\/2021\/03\/logo-1.png\",\"width\":\"3915\",\"height\":\"1388\",\"caption\":\"AP HOTELS & RESORTS\"},\"image\":{\"@id\":\"https:\/\/ap-hotelsresorts.com\/#logo\"}},{\"@type\":\"WebSite\",\"@id\":\"https:\/\/ap-hotelsresorts.com\/#website\",\"url\":\"https:\/\/ap-hotelsresorts.com\/\",\"name\":\"AP HOTELS &amp; RESORTS .\",\"description\":\"Albufeira . Faro . Portim\u00e3o . Tavira . Algarve\",\"publisher\":{\"@id\":\"https:\/\/ap-hotelsresorts.com\/#organization\"},\"potentialAction\":[{\"@type\":\"SearchAction\",\"target\":{\"@type\":\"EntryPoint\",\"urlTemplate\":\"https:\/\/ap-hotelsresorts.com\/?s={search_term_string}\"},\"query-input\":\"required name=search_term_string\"}],\"inLanguage\":\"es\"},{\"@type\":\"WebPage\",\"@id\":\"https:\/\/ap-hotelsresorts.com\/es\/donaaninhas\/restaurantes-y-bars\/#webpage\",\"url\":\"https:\/\/ap-hotelsresorts.com\/es\/donaaninhas\/restaurantes-y-bars\/\",\"name\":\"Restaurantes y Bars - AP Dona Aninhas - Hotel en Viana do Castelo - Web Oficial\",\"isPartOf\":{\"@id\":\"https:\/\/ap-hotelsresorts.com\/#website\"},\"datePublished\":\"2023-04-28T16:32:04+00:00\",\"dateModified\":\"2025-12-02T10:15:05+00:00\",\"description\":\"\u00bfNo sabes qu\u00e9 restaurante en Viana do Castelo elegir? Descubre el restaurante de nuestro hotel en Viana do Castelo y prueba los platos t\u00edpicos vianenses.\",\"breadcrumb\":{\"@id\":\"https:\/\/ap-hotelsresorts.com\/es\/donaaninhas\/restaurantes-y-bars\/#breadcrumb\"},\"inLanguage\":\"es\",\"potentialAction\":[{\"@type\":\"ReadAction\",\"target\":[\"https:\/\/ap-hotelsresorts.com\/es\/donaaninhas\/restaurantes-y-bars\/\"]}]},{\"@type\":\"BreadcrumbList\",\"@id\":\"https:\/\/ap-hotelsresorts.com\/es\/donaaninhas\/restaurantes-y-bars\/#breadcrumb\",\"itemListElement\":[{\"@type\":\"ListItem\",\"position\":1,\"name\":\"Home\",\"item\":\"https:\/\/ap-hotelsresorts.com\/es\/\"},{\"@type\":\"ListItem\",\"position\":2,\"name\":\"Dona Aninhas\",\"item\":\"https:\/\/ap-hotelsresorts.com\/es\/donaaninhas\/\"},{\"@type\":\"ListItem\",\"position\":3,\"name\":\"Restaurantes y Bars\"}]}]}<\/script>\n<!-- \/ Yoast SEO plugin. -->","yoast_head_json":{"title":"Restaurantes y Bars - AP Dona Aninhas - Hotel en Viana do Castelo - Web Oficial","description":"\u00bfNo sabes qu\u00e9 restaurante en Viana do Castelo elegir? Descubre el restaurante de nuestro hotel en Viana do Castelo y prueba los platos t\u00edpicos vianenses.","robots":{"index":"index","follow":"follow","max-snippet":"max-snippet:-1","max-image-preview":"max-image-preview:large","max-video-preview":"max-video-preview:-1"},"canonical":"https:\/\/ap-hotelsresorts.com\/es\/donaaninhas\/restaurantes-y-bars\/","og_locale":"es_ES","og_type":"article","og_title":"Restaurantes y Bars - AP Dona Aninhas - Hotel en Viana do Castelo - Web Oficial","og_description":"\u00bfNo sabes qu\u00e9 restaurante en Viana do Castelo elegir? Descubre el restaurante de nuestro hotel en Viana do Castelo y prueba los platos t\u00edpicos vianenses.","og_url":"https:\/\/ap-hotelsresorts.com\/es\/donaaninhas\/restaurantes-y-bars\/","og_site_name":"AP HOTELS &amp; RESORTS .","article_publisher":"https:\/\/www.facebook.com\/aphotelsresorts","article_modified_time":"2025-12-02T10:15:05+00:00","twitter_card":"summary_large_image","twitter_site":"@ApHotels","twitter_misc":{"Tiempo de lectura":"5 minutos"},"schema":{"@context":"https:\/\/schema.org","@graph":[{"@type":"Organization","@id":"https:\/\/ap-hotelsresorts.com\/#organization","name":"AP HOTELS & RESORTS","url":"https:\/\/ap-hotelsresorts.com\/","sameAs":["https:\/\/www.facebook.com\/aphotelsresorts","https:\/\/www.instagram.com\/aphotelsresorts\/","https:\/\/www.linkedin.com\/company\/ap-hotels-and-resorts","https:\/\/www.youtube.com\/channel\/UCSmwGBz36kx2XALzeVAlKEg","https:\/\/twitter.com\/ApHotels"],"logo":{"@type":"ImageObject","@id":"https:\/\/ap-hotelsresorts.com\/#logo","inLanguage":"es","url":"https:\/\/ap-hotelsresorts.com\/wp-content\/uploads\/2021\/03\/logo-1.png","contentUrl":"https:\/\/ap-hotelsresorts.com\/wp-content\/uploads\/2021\/03\/logo-1.png","width":"3915","height":"1388","caption":"AP HOTELS & RESORTS"},"image":{"@id":"https:\/\/ap-hotelsresorts.com\/#logo"}},{"@type":"WebSite","@id":"https:\/\/ap-hotelsresorts.com\/#website","url":"https:\/\/ap-hotelsresorts.com\/","name":"AP HOTELS &amp; RESORTS .","description":"Albufeira . Faro . Portim\u00e3o . Tavira . Algarve","publisher":{"@id":"https:\/\/ap-hotelsresorts.com\/#organization"},"potentialAction":[{"@type":"SearchAction","target":{"@type":"EntryPoint","urlTemplate":"https:\/\/ap-hotelsresorts.com\/?s={search_term_string}"},"query-input":"required name=search_term_string"}],"inLanguage":"es"},{"@type":"WebPage","@id":"https:\/\/ap-hotelsresorts.com\/es\/donaaninhas\/restaurantes-y-bars\/#webpage","url":"https:\/\/ap-hotelsresorts.com\/es\/donaaninhas\/restaurantes-y-bars\/","name":"Restaurantes y Bars - AP Dona Aninhas - Hotel en Viana do Castelo - Web Oficial","isPartOf":{"@id":"https:\/\/ap-hotelsresorts.com\/#website"},"datePublished":"2023-04-28T16:32:04+00:00","dateModified":"2025-12-02T10:15:05+00:00","description":"\u00bfNo sabes qu\u00e9 restaurante en Viana do Castelo elegir? Descubre el restaurante de nuestro hotel en Viana do Castelo y prueba los platos t\u00edpicos vianenses.","breadcrumb":{"@id":"https:\/\/ap-hotelsresorts.com\/es\/donaaninhas\/restaurantes-y-bars\/#breadcrumb"},"inLanguage":"es","potentialAction":[{"@type":"ReadAction","target":["https:\/\/ap-hotelsresorts.com\/es\/donaaninhas\/restaurantes-y-bars\/"]}]},{"@type":"BreadcrumbList","@id":"https:\/\/ap-hotelsresorts.com\/es\/donaaninhas\/restaurantes-y-bars\/#breadcrumb","itemListElement":[{"@type":"ListItem","position":1,"name":"Home","item":"https:\/\/ap-hotelsresorts.com\/es\/"},{"@type":"ListItem","position":2,"name":"Dona Aninhas","item":"https:\/\/ap-hotelsresorts.com\/es\/donaaninhas\/"},{"@type":"ListItem","position":3,"name":"Restaurantes y Bars"}]}]}},"_links":{"self":[{"href":"https:\/\/ap-hotelsresorts.com\/es\/wp-json\/wp\/v2\/pages\/38004"}],"collection":[{"href":"https:\/\/ap-hotelsresorts.com\/es\/wp-json\/wp\/v2\/pages"}],"about":[{"href":"https:\/\/ap-hotelsresorts.com\/es\/wp-json\/wp\/v2\/types\/page"}],"author":[{"embeddable":true,"href":"https:\/\/ap-hotelsresorts.com\/es\/wp-json\/wp\/v2\/users\/12"}],"replies":[{"embeddable":true,"href":"https:\/\/ap-hotelsresorts.com\/es\/wp-json\/wp\/v2\/comments?post=38004"}],"version-history":[{"count":0,"href":"https:\/\/ap-hotelsresorts.com\/es\/wp-json\/wp\/v2\/pages\/38004\/revisions"}],"up":[{"embeddable":true,"href":"https:\/\/ap-hotelsresorts.com\/es\/wp-json\/wp\/v2\/pages\/38001"}],"wp:attachment":[{"href":"https:\/\/ap-hotelsresorts.com\/es\/wp-json\/wp\/v2\/media?parent=38004"}],"curies":[{"name":"wp","href":"https:\/\/api.w.org\/{rel}","templated":true}]}}