{"id":40740,"date":"2023-06-06T11:03:11","date_gmt":"2023-06-06T11:03:11","guid":{"rendered":"https:\/\/ap-hotelsresorts.com\/?page_id=40740"},"modified":"2026-01-05T15:21:45","modified_gmt":"2026-01-05T15:21:45","slug":"ofertas-especiales","status":"publish","type":"page","link":"https:\/\/ap-hotelsresorts.com\/es\/donaaninhas\/ofertas-especiales\/","title":{"rendered":"Camino de Santiago Paquete"},"content":{"rendered":"<p>[vc_row equal_height=\u00bbyes\u00bb css=\u00bb.vc_custom_1602587797308{background-color: #fbf9f9 !important;}\u00bb el_class=\u00bbrestaurant-item\u00bb][vc_column offset=\u00bbvc_col-lg-offset-0 vc_col-lg-6 vc_col-md-12 vc_col-sm-offset-0&#8243; css=\u00bb.vc_custom_1741880506388{padding-top: 28% !important;padding-bottom: 28% !important;background-image: url(https:\/\/ap-hotelsresorts.com\/wp-content\/uploads\/2023\/05\/Caminho-de-Santiago.jpg?id=40388) !important;background-position: center !important;background-repeat: no-repeat !important;background-size: cover !important;}\u00bb][\/vc_column][vc_column css=\u00bb.vc_custom_1603453965644{padding-bottom: 10% !important;padding-left: 5% !important;background-position: center !important;background-repeat: no-repeat !important;background-size: cover !important;}\u00bb offset=\u00bbvc_col-lg-offset-0 vc_col-lg-6 vc_col-md-12 vc_col-sm-offset-0&#8243;]<div class=\"mkdf-elements-holder   mkdf-one-column  mkdf-responsive-mode-768 \" ><div class=\"mkdf-eh-item    \"  data-item-class=\"mkdf-eh-custom-1642\">\n\t<div class=\"mkdf-eh-item-inner\">\n\t\t<div class=\"mkdf-eh-item-content mkdf-eh-custom-1642\" >\n\t\t\t<div class=\"mkdf-section-title-holder  mkdf-st-standard mkdf-st-ha-left mkdf-st-title-left mkdf-st-normal-space \" style=\"text-align: left\">\n\t<div class=\"mkdf-st-inner\">\n\t\t\t\t\t\t\t<h1 class=\"mkdf-st-title\" >\n\t\t\t\tCamino de Santiago Paquete\t\t\t\t\t\t\t<\/h1>\n\t\t\t\t\t\t\t<\/div>\n<\/div>[vc_empty_space height=\u00bb20px\u00bb]<div class=\"mkdf-section-title-holder  mkdf-st-standard mkdf-st-ha-left mkdf-st-title-left mkdf-st-normal-space \" style=\"text-align: left\">\n\t<div class=\"mkdf-st-inner\">\n\t\t\t\t\t\t\t<h5 class=\"mkdf-st-title\" >\n\t\t\t\tDESDE 85 EUROS POR PERSONA\t\t\t\t\t\t\t<\/h5>\n\t\t\t\t\t\t\t<\/div>\n<\/div>[vc_empty_space height=\u00bb20px\u00bb][vc_column_text]Hacer el <strong>Camino de Santiago de Compostela<\/strong> es un viaje especial, un viaje lleno de bellos paisajes, cultura y aprendizaje.<\/p>\n<p>Si est\u00e1 planeando hacer el <strong>Camino de Santiago por la Costa<\/strong> y uno de sus puntos de parada es <span style=\"text-decoration: underline;\"><a href=\"https:\/\/ap-hotelsresorts.com\/es\/camino-de-santiago-atracciones-turisticas-en-viana-do-castelo\/\"><strong>Viana do Castelo<\/strong><\/a><\/span>, debe saber que el <strong>AP Dona Aninhas tiene un <span style=\"text-decoration: underline;\"><a href=\"https:\/\/ap-hotelsresorts.com\/wp-content\/uploads\/2025\/11\/APDA_CAMINHOS_PACKAGE_26.pdf\">Programa Especial<\/a><\/span><\/strong> que incluye alojamiento, momentos de ocio y relajaci\u00f3n en el <strong>SPA<\/strong>, as\u00ed como una oferta gastron\u00f3mica regional y nacional de alta calidad.<\/p>\n<p>El paquete <strong>\u00abEl Camino\u00bb<\/strong> est\u00e1 disponible de mayo a diciembre e incluye:<\/p>\n<ul>\n<li>Alojamiento en r\u00e9gimen de media pensi\u00f3n (desayuno y cena, bebidas no incluidas);<\/li>\n<li>Acceso a la Zona Wellness compuesta por piscina cubierta, jacuzzi, sauna y ba\u00f1o turco;<\/li>\n<li>Masaje de relajaci\u00f3n de piernas (25&#8242;) de las 10.00 a las 19.00 horas, con reserva previa y seg\u00fan disponibilidad;<\/li>\n<li>Early Check-in y Late Check-out bajo disponibilidad;<br \/>\n<strong><br \/>\nNota<\/strong>: Solicite en la recepci\u00f3n del AP Dona Aninhas el sello en el pasaporte del peregrino.<\/li>\n<\/ul>\n<p>[\/vc_column_text][vc_empty_space height=\u00bb20px\u00bb]<div class=\"mkdf-section-title-holder  mkdf-st-standard mkdf-st-ha-left mkdf-st-title-left mkdf-st-normal-space \" style=\"text-align: left\">\n\t<div class=\"mkdf-st-inner\">\n\t\t\t\t\t\t\t<h5 class=\"mkdf-st-title\" >\n\t\t\t\tM\u00c1S INFORMACI\u00d3N\t\t\t\t\t\t\t<\/h5>\n\t\t\t\t\t\t\t<\/div>\n<\/div>[vc_column_text]<a href=\"tel: +351 289 540 100\"><span style=\"text-decoration: underline;\">+351 289 540 100<\/span> (llamada a red fija nacional)<\/a><\/p>\n<p><span style=\"text-decoration: underline;\"><a href=\"mailto:book.donaaninhas@ap-hotelsresorts.com\">book.donaaninhas@ap-hotelsresorts.com<\/a><\/span>[\/vc_column_text][vc_empty_space]<a itemprop=\"url\" href=\"https:\/\/ap-hotelsresorts.com\/wp-content\/uploads\/2026\/01\/APDA_CAMINHOS_PACKAGE_26.pdf\" target=\"_blank\" style=\"color: #ffffff;background-color: #826d67;border-color: #826d67\" class=\"mkdf-btn mkdf-btn-medium mkdf-btn-solid mkdf-btn-custom-hover-bg mkdf-btn-custom-border-hover mkdf-btn-custom-hover-color\" data-hover-color=\"#ffffff\" data-hover-bg-color=\"#826d67\" data-hover-border-color=\"#826d67\" >\n    <span class=\"mkdf-btn-text\">Precios de 2026<\/span>\n    <\/a>\t\t<\/div>\n\t<\/div>\n<\/div><\/div>[\/vc_column][\/vc_row][vc_row simple_background_color=\u00bb#899ba6&#8243; css=\u00bb.vc_custom_1688484229186{margin-top: 10px !important;}\u00bb][vc_column el_class=\u00bbadriana-offers-content\u00bb css=\u00bb.vc_custom_1688734639229{background-color: #826d67 !important;}\u00bb][vc_row_inner row_content_width=\u00bbgrid\u00bb css=\u00bb.vc_custom_1680174325033{padding-top: 5% !important;padding-bottom: 5% !important;}\u00bb][vc_column_inner width=\u00bb2\/3&#8243;][vc_custom_heading text=\u00bbHOTEL EN VIANA DO CASTELO\u00bb font_container=\u00bbtag:h2|font_size:20|text_align:left|color:%23ffffff\u00bb use_theme_fonts=\u00bbyes\u00bb][vc_custom_heading text=\u00bbRESERVE SUS VACACIONES EN AP DONA ANINHAS Y VENGA A EXPLORAR EL ALTO MINHO\u00bb font_container=\u00bbtag:h3|font_size:30|text_align:left|color:%23ffffff\u00bb use_theme_fonts=\u00bbyes\u00bb][\/vc_column_inner][vc_column_inner width=\u00bb1\/3&#8243; css=\u00bb.vc_custom_1680174133788{padding-top: 0px !important;padding-bottom: 0px !important;}\u00bb]<a itemprop=\"url\" href=\"https:\/\/ap-dona-aninhas-dot-ap-hotels.appspot.com\/booking1?adultsRoom1=2\" target=\"_self\" style=\"color: #000000;background-color: #ffffff;border-color: #ffffff;margin: 30px\" class=\"mkdf-btn mkdf-btn-medium mkdf-btn-solid mkdf-btn-custom-hover-bg mkdf-btn-custom-border-hover mkdf-btn-custom-hover-color mkdf-btn-icon\" data-hover-color=\"#000000\" data-hover-bg-color=\"#ffffff\" data-hover-border-color=\"#ffffff\" >\n    <span class=\"mkdf-btn-text\">Reservar Ahora<\/span>\n    <i class=\"mkdf-icon-linear-icon lnr lnr-arrow-right \" ><\/i><\/a>[\/vc_column_inner][\/vc_row_inner][\/vc_column][\/vc_row][vc_row content_text_aligment=\u00bbcenter\u00bb css=\u00bb.vc_custom_1603455731030{margin-top: 10px !important;padding-top: 40px !important;padding-bottom: 80px !important;background-position: center !important;background-repeat: no-repeat !important;background-size: cover !important;}\u00bb el_class=\u00bbadriana-hotel-footer-address-top\u00bb][vc_column offset=\u00bbvc_col-lg-offset-1 vc_col-lg-10 vc_col-md-offset-1 vc_col-md-10&#8243; el_class=\u00bbadriana-hotel-footer-address\u00bb]<div class=\"mkdf-section-title-holder  mkdf-st-standard mkdf-st-ha-center mkdf-st-title-left mkdf-st-normal-space \" style=\"text-align: center\">\n\t<div class=\"mkdf-st-inner\">\n\t\t\t\t\t\t\t<h2 class=\"mkdf-st-title\" >\n\t\t\t\tDONA ANINHAS | VIANA DO CASTELO\t\t\t\t\t\t\t<\/h2>\n\t\t\t\t\t\t\t<\/div>\n<\/div>[vc_empty_space height=\u00bb40px\u00bb][vc_column_text]<\/p>\n<p style=\"text-align: center;\">AP Dona Aninhas | Viana do Castelo<br \/>\nLargo Vasco da Gama 38-41 4900-322 Viana do Castelo | Reservas: <span style=\"text-decoration: underline;\"><a href=\"tel: +351 289 540 100\">+351 289 540 100<\/a><\/span> (llamada a red fija nacional) | <span style=\"text-decoration: underline;\"><a href=\"mailto:book.donaaninhas@ap-hotelsresorts.com\">book.donaaninhas@ap-hotelsresorts.com<\/a><\/span> | Informacion General : <span style=\"text-decoration: underline;\"><a href=\"tel: + 351 258 248 570\">+ 351 258 248 570<\/a><\/span> (llamada a red fija nacional) | <span style=\"text-decoration: underline;\"><a href=\"mailto:info@ap-hotelsresorts.com\">info@ap-hotelsresorts.com<\/a><\/span> | RNET 1380<\/p>\n<p style=\"text-align: center;\">REDES SOCIALES<\/p>\n<p>[\/vc_column_text][vc_column_text]<\/p>\n<p>[\/vc_column_text]    <span class=\"mkdf-icon-shortcode mkdf-normal   mkdf-icon-small\"  data-color=\"#000000\">\n                    <a itemprop=\"url\" class=\"\" href=\"https:\/\/www.instagram.com\/ap.donaaninhas\/\" target=\"_blank\">\n                    <i class=\"mkdf-icon-font-awesome fa fa-instagram mkdf-icon-element\" style=\"color: #000000\" ><\/i>                    <\/a>\n            <\/span>\n    <span class=\"mkdf-icon-shortcode mkdf-circle   mkdf-icon-small\" style=\"background-color: #ffffff;border-color: #000000\" data-color=\"#000000\">\n                    <a itemprop=\"url\" class=\"\" href=\"https:\/\/www.facebook.com\/ap.donaaninhas\" target=\"_blank\">\n                    <i class=\"mkdf-icon-font-awesome fa fa-facebook mkdf-icon-element\" style=\"color: #000000\" ><\/i>                    <\/a>\n            <\/span>\n[vc_empty_space height=\u00bb40px\u00bb]<a itemprop=\"url\" href=\"https:\/\/donaaninhas.com\/es\/contactos-2\/\" target=\"_self\" style=\"color: #000000;border-color: #000000;margin: 0px 10px 0px 0px\" class=\"mkdf-btn mkdf-btn-medium mkdf-btn-outline mkdf-btn-custom-border-hover mkdf-btn-custom-hover-color mkdf-btn-icon\" data-hover-color=\"#000000\" data-hover-border-color=\"#333132\" >\n    <span class=\"mkdf-btn-text\">CONT\u00c1CTENOS<\/span>\n    <i class=\"mkdf-icon-linear-icon lnr lnr-arrow-right \" ><\/i><\/a><a itemprop=\"url\" href=\"https:\/\/donaaninhas.com\/es\/eva\/contactos\" target=\"_self\" style=\"color: #000000;border-color: #000000\" class=\"mkdf-btn mkdf-btn-medium mkdf-btn-outline mkdf-btn-custom-border-hover mkdf-btn-custom-hover-color mkdf-btn-icon\" data-hover-color=\"#000000\" data-hover-border-color=\"#333132\" >\n    <span class=\"mkdf-btn-text\">UBICACIONES<\/span>\n    <i class=\"mkdf-icon-linear-icon lnr lnr-arrow-right \" ><\/i><\/a>[\/vc_column][\/vc_row]<\/p>\n","protected":false},"excerpt":{"rendered":"<p>[vc_row equal_height=\u00bbyes\u00bb css=\u00bb.vc_custom_1602587797308{background-color: #fbf9f9 !important;}\u00bb el_class=\u00bbrestaurant-item\u00bb][vc_column offset=\u00bbvc_col-lg-offset-0 vc_col-lg-6 vc_col-md-12 vc_col-sm-offset-0&#8243; css=\u00bb.vc_custom_1741880506388{padding-top: 28% !important;padding-bottom: 28% !important;background-image: url(https:\/\/ap-hotelsresorts.com\/wp-content\/uploads\/2023\/05\/Caminho-de-Santiago.jpg?id=40388) !important;background-position: center !important;background-repeat: no-repeat !important;background-size: cover !important;}\u00bb][\/vc_column][vc_column css=\u00bb.vc_custom_1603453965644{padding-bottom: 10% !important;padding-left: 5% !important;background-position: center !important;background-repeat: no-repeat !important;background-size: cover !important;}\u00bb offset=\u00bbvc_col-lg-offset-0 vc_col-lg-6 vc_col-md-12 vc_col-sm-offset-0&#8243;][\/vc_column][\/vc_row][vc_row simple_background_color=\u00bb#899ba6&#8243; css=\u00bb.vc_custom_1688484229186{margin-top: [&hellip;]<\/p>\n","protected":false},"author":11,"featured_media":0,"parent":38001,"menu_order":0,"comment_status":"closed","ping_status":"closed","template":"full-width.php","meta":[],"yoast_head":"<!-- This site is optimized with the Yoast SEO plugin v18.1 - https:\/\/yoast.com\/wordpress\/plugins\/seo\/ -->\n<title>Camino Portugu\u00e9s de la Costa a Santiago - Reserva AP Dona Aninhas - Viana do Castelo<\/title>\n<meta name=\"description\" content=\"Si est\u00e1s pensando en hacer el Camino de Santiago, consulta este paquete especial. Incluye alojamiento, masajes de relajaci\u00f3n, tapas y vinos.\" \/>\n<meta name=\"robots\" content=\"index, follow, max-snippet:-1, max-image-preview:large, max-video-preview:-1\" \/>\n<link rel=\"canonical\" href=\"https:\/\/ap-hotelsresorts.com\/es\/donaaninhas\/ofertas-especiales\/\" \/>\n<meta property=\"og:locale\" content=\"es_ES\" \/>\n<meta property=\"og:type\" content=\"article\" \/>\n<meta property=\"og:title\" content=\"Camino Portugu\u00e9s de la Costa a Santiago - Reserva AP Dona Aninhas - Viana do Castelo\" \/>\n<meta property=\"og:description\" content=\"Si est\u00e1s pensando en hacer el Camino de Santiago, consulta este paquete especial. Incluye alojamiento, masajes de relajaci\u00f3n, tapas y vinos.\" \/>\n<meta property=\"og:url\" content=\"https:\/\/ap-hotelsresorts.com\/es\/donaaninhas\/ofertas-especiales\/\" \/>\n<meta property=\"og:site_name\" content=\"AP HOTELS &amp; RESORTS .\" \/>\n<meta property=\"article:publisher\" content=\"https:\/\/www.facebook.com\/aphotelsresorts\" \/>\n<meta property=\"article:modified_time\" content=\"2026-01-05T15:21:45+00:00\" \/>\n<meta name=\"twitter:card\" content=\"summary_large_image\" \/>\n<meta name=\"twitter:site\" content=\"@ApHotels\" \/>\n<meta name=\"twitter:label1\" content=\"Tiempo de lectura\" \/>\n\t<meta name=\"twitter:data1\" content=\"4 minutos\" \/>\n<script type=\"application\/ld+json\" class=\"yoast-schema-graph\">{\"@context\":\"https:\/\/schema.org\",\"@graph\":[{\"@type\":\"Organization\",\"@id\":\"https:\/\/ap-hotelsresorts.com\/#organization\",\"name\":\"AP HOTELS & RESORTS\",\"url\":\"https:\/\/ap-hotelsresorts.com\/\",\"sameAs\":[\"https:\/\/www.facebook.com\/aphotelsresorts\",\"https:\/\/www.instagram.com\/aphotelsresorts\/\",\"https:\/\/www.linkedin.com\/company\/ap-hotels-and-resorts\",\"https:\/\/www.youtube.com\/channel\/UCSmwGBz36kx2XALzeVAlKEg\",\"https:\/\/twitter.com\/ApHotels\"],\"logo\":{\"@type\":\"ImageObject\",\"@id\":\"https:\/\/ap-hotelsresorts.com\/#logo\",\"inLanguage\":\"es\",\"url\":\"https:\/\/ap-hotelsresorts.com\/wp-content\/uploads\/2021\/03\/logo-1.png\",\"contentUrl\":\"https:\/\/ap-hotelsresorts.com\/wp-content\/uploads\/2021\/03\/logo-1.png\",\"width\":\"3915\",\"height\":\"1388\",\"caption\":\"AP HOTELS & RESORTS\"},\"image\":{\"@id\":\"https:\/\/ap-hotelsresorts.com\/#logo\"}},{\"@type\":\"WebSite\",\"@id\":\"https:\/\/ap-hotelsresorts.com\/#website\",\"url\":\"https:\/\/ap-hotelsresorts.com\/\",\"name\":\"AP HOTELS &amp; RESORTS .\",\"description\":\"Albufeira . Faro . Portim\u00e3o . Tavira . Algarve\",\"publisher\":{\"@id\":\"https:\/\/ap-hotelsresorts.com\/#organization\"},\"potentialAction\":[{\"@type\":\"SearchAction\",\"target\":{\"@type\":\"EntryPoint\",\"urlTemplate\":\"https:\/\/ap-hotelsresorts.com\/?s={search_term_string}\"},\"query-input\":\"required name=search_term_string\"}],\"inLanguage\":\"es\"},{\"@type\":\"WebPage\",\"@id\":\"https:\/\/ap-hotelsresorts.com\/es\/donaaninhas\/ofertas-especiales\/#webpage\",\"url\":\"https:\/\/ap-hotelsresorts.com\/es\/donaaninhas\/ofertas-especiales\/\",\"name\":\"Camino Portugu\u00e9s de la Costa a Santiago - Reserva AP Dona Aninhas - Viana do Castelo\",\"isPartOf\":{\"@id\":\"https:\/\/ap-hotelsresorts.com\/#website\"},\"datePublished\":\"2023-06-06T11:03:11+00:00\",\"dateModified\":\"2026-01-05T15:21:45+00:00\",\"description\":\"Si est\u00e1s pensando en hacer el Camino de Santiago, consulta este paquete especial. Incluye alojamiento, masajes de relajaci\u00f3n, tapas y vinos.\",\"breadcrumb\":{\"@id\":\"https:\/\/ap-hotelsresorts.com\/es\/donaaninhas\/ofertas-especiales\/#breadcrumb\"},\"inLanguage\":\"es\",\"potentialAction\":[{\"@type\":\"ReadAction\",\"target\":[\"https:\/\/ap-hotelsresorts.com\/es\/donaaninhas\/ofertas-especiales\/\"]}]},{\"@type\":\"BreadcrumbList\",\"@id\":\"https:\/\/ap-hotelsresorts.com\/es\/donaaninhas\/ofertas-especiales\/#breadcrumb\",\"itemListElement\":[{\"@type\":\"ListItem\",\"position\":1,\"name\":\"Home\",\"item\":\"https:\/\/ap-hotelsresorts.com\/es\/\"},{\"@type\":\"ListItem\",\"position\":2,\"name\":\"Dona Aninhas\",\"item\":\"https:\/\/ap-hotelsresorts.com\/es\/donaaninhas\/\"},{\"@type\":\"ListItem\",\"position\":3,\"name\":\"Camino de Santiago Paquete\"}]}]}<\/script>\n<!-- \/ Yoast SEO plugin. -->","yoast_head_json":{"title":"Camino Portugu\u00e9s de la Costa a Santiago - Reserva AP Dona Aninhas - Viana do Castelo","description":"Si est\u00e1s pensando en hacer el Camino de Santiago, consulta este paquete especial. Incluye alojamiento, masajes de relajaci\u00f3n, tapas y vinos.","robots":{"index":"index","follow":"follow","max-snippet":"max-snippet:-1","max-image-preview":"max-image-preview:large","max-video-preview":"max-video-preview:-1"},"canonical":"https:\/\/ap-hotelsresorts.com\/es\/donaaninhas\/ofertas-especiales\/","og_locale":"es_ES","og_type":"article","og_title":"Camino Portugu\u00e9s de la Costa a Santiago - Reserva AP Dona Aninhas - Viana do Castelo","og_description":"Si est\u00e1s pensando en hacer el Camino de Santiago, consulta este paquete especial. Incluye alojamiento, masajes de relajaci\u00f3n, tapas y vinos.","og_url":"https:\/\/ap-hotelsresorts.com\/es\/donaaninhas\/ofertas-especiales\/","og_site_name":"AP HOTELS &amp; RESORTS .","article_publisher":"https:\/\/www.facebook.com\/aphotelsresorts","article_modified_time":"2026-01-05T15:21:45+00:00","twitter_card":"summary_large_image","twitter_site":"@ApHotels","twitter_misc":{"Tiempo de lectura":"4 minutos"},"schema":{"@context":"https:\/\/schema.org","@graph":[{"@type":"Organization","@id":"https:\/\/ap-hotelsresorts.com\/#organization","name":"AP HOTELS & RESORTS","url":"https:\/\/ap-hotelsresorts.com\/","sameAs":["https:\/\/www.facebook.com\/aphotelsresorts","https:\/\/www.instagram.com\/aphotelsresorts\/","https:\/\/www.linkedin.com\/company\/ap-hotels-and-resorts","https:\/\/www.youtube.com\/channel\/UCSmwGBz36kx2XALzeVAlKEg","https:\/\/twitter.com\/ApHotels"],"logo":{"@type":"ImageObject","@id":"https:\/\/ap-hotelsresorts.com\/#logo","inLanguage":"es","url":"https:\/\/ap-hotelsresorts.com\/wp-content\/uploads\/2021\/03\/logo-1.png","contentUrl":"https:\/\/ap-hotelsresorts.com\/wp-content\/uploads\/2021\/03\/logo-1.png","width":"3915","height":"1388","caption":"AP HOTELS & RESORTS"},"image":{"@id":"https:\/\/ap-hotelsresorts.com\/#logo"}},{"@type":"WebSite","@id":"https:\/\/ap-hotelsresorts.com\/#website","url":"https:\/\/ap-hotelsresorts.com\/","name":"AP HOTELS &amp; RESORTS .","description":"Albufeira . Faro . Portim\u00e3o . Tavira . Algarve","publisher":{"@id":"https:\/\/ap-hotelsresorts.com\/#organization"},"potentialAction":[{"@type":"SearchAction","target":{"@type":"EntryPoint","urlTemplate":"https:\/\/ap-hotelsresorts.com\/?s={search_term_string}"},"query-input":"required name=search_term_string"}],"inLanguage":"es"},{"@type":"WebPage","@id":"https:\/\/ap-hotelsresorts.com\/es\/donaaninhas\/ofertas-especiales\/#webpage","url":"https:\/\/ap-hotelsresorts.com\/es\/donaaninhas\/ofertas-especiales\/","name":"Camino Portugu\u00e9s de la Costa a Santiago - Reserva AP Dona Aninhas - Viana do Castelo","isPartOf":{"@id":"https:\/\/ap-hotelsresorts.com\/#website"},"datePublished":"2023-06-06T11:03:11+00:00","dateModified":"2026-01-05T15:21:45+00:00","description":"Si est\u00e1s pensando en hacer el Camino de Santiago, consulta este paquete especial. Incluye alojamiento, masajes de relajaci\u00f3n, tapas y vinos.","breadcrumb":{"@id":"https:\/\/ap-hotelsresorts.com\/es\/donaaninhas\/ofertas-especiales\/#breadcrumb"},"inLanguage":"es","potentialAction":[{"@type":"ReadAction","target":["https:\/\/ap-hotelsresorts.com\/es\/donaaninhas\/ofertas-especiales\/"]}]},{"@type":"BreadcrumbList","@id":"https:\/\/ap-hotelsresorts.com\/es\/donaaninhas\/ofertas-especiales\/#breadcrumb","itemListElement":[{"@type":"ListItem","position":1,"name":"Home","item":"https:\/\/ap-hotelsresorts.com\/es\/"},{"@type":"ListItem","position":2,"name":"Dona Aninhas","item":"https:\/\/ap-hotelsresorts.com\/es\/donaaninhas\/"},{"@type":"ListItem","position":3,"name":"Camino de Santiago Paquete"}]}]}},"_links":{"self":[{"href":"https:\/\/ap-hotelsresorts.com\/es\/wp-json\/wp\/v2\/pages\/40740"}],"collection":[{"href":"https:\/\/ap-hotelsresorts.com\/es\/wp-json\/wp\/v2\/pages"}],"about":[{"href":"https:\/\/ap-hotelsresorts.com\/es\/wp-json\/wp\/v2\/types\/page"}],"author":[{"embeddable":true,"href":"https:\/\/ap-hotelsresorts.com\/es\/wp-json\/wp\/v2\/users\/11"}],"replies":[{"embeddable":true,"href":"https:\/\/ap-hotelsresorts.com\/es\/wp-json\/wp\/v2\/comments?post=40740"}],"version-history":[{"count":0,"href":"https:\/\/ap-hotelsresorts.com\/es\/wp-json\/wp\/v2\/pages\/40740\/revisions"}],"up":[{"embeddable":true,"href":"https:\/\/ap-hotelsresorts.com\/es\/wp-json\/wp\/v2\/pages\/38001"}],"wp:attachment":[{"href":"https:\/\/ap-hotelsresorts.com\/es\/wp-json\/wp\/v2\/media?parent=40740"}],"curies":[{"name":"wp","href":"https:\/\/api.w.org\/{rel}","templated":true}]}}