{"id":49731,"date":"2024-04-19T11:00:03","date_gmt":"2024-04-19T11:00:03","guid":{"rendered":"https:\/\/ap-hotelsresorts.com\/?page_id=49731"},"modified":"2024-04-19T11:00:03","modified_gmt":"2024-04-19T11:00:03","slug":"sostenibilidad-ap-montargil","status":"publish","type":"page","link":"https:\/\/ap-hotelsresorts.com\/es\/montargil\/sostenibilidad-ap-montargil\/","title":{"rendered":"Sustainability &#8211; AP Lago Montargil"},"content":{"rendered":"<p>[vc_row equal_height=\u00bbyes\u00bb css=\u00bb.vc_custom_1602589077162{margin-top: 15px !important;background-color: #fbf9f9 !important;}\u00bb el_class=\u00bbrestaurant-item\u00bb][vc_column css=\u00bb.vc_custom_1712243870671{padding-bottom: 10% !important;padding-left: 5% !important;background-position: center !important;background-repeat: no-repeat !important;background-size: cover !important;}\u00bb offset=\u00bbvc_col-lg-offset-0 vc_col-lg-12 vc_col-md-12 vc_col-sm-offset-0&#8243;]<div class=\"mkdf-elements-holder   mkdf-one-column  mkdf-responsive-mode-768 \" ><div class=\"mkdf-eh-item    \"  data-item-class=\"mkdf-eh-custom-8618\">\n\t<div class=\"mkdf-eh-item-inner\">\n\t\t<div class=\"mkdf-eh-item-content mkdf-eh-custom-8618\" >\n\t\t\t<div class=\"mkdf-section-title-holder  mkdf-st-standard mkdf-st-ha-center mkdf-st-title-left mkdf-st-normal-space \" style=\"text-align: center\">\n\t<div class=\"mkdf-st-inner\">\n\t\t\t\t\t\t\t<h2 class=\"mkdf-st-title\" >\n\t\t\t\tPeque\u00f1os gestos para un mundo mejor\t\t\t\t\t\t\t<\/h2>\n\t\t\t\t\t\t\t<\/div>\n<\/div>[vc_column_text]<\/p>\n<p style=\"text-align: center;\">En AP Lago Montargil Conference &amp; SPA estamos comprometidos con la protecci\u00f3n del medio ambiente en el d\u00eda a d\u00eda, asegurando su misi\u00f3n hacia la sostenibilidad. Lo hacemos invirtiendo en el ejercicio de buenas pr\u00e1cticas internas, capacitando a nuestros empleados.<\/p>\n<p>[\/vc_column_text]\t\t<\/div>\n\t<\/div>\n<\/div><\/div>[\/vc_column][\/vc_row][vc_row equal_height=\u00bbyes\u00bb css=\u00bb.vc_custom_1602589077162{margin-top: 15px !important;background-color: #fbf9f9 !important;}\u00bb el_class=\u00bbrestaurant-item\u00bb][vc_column offset=\u00bbvc_col-lg-offset-0 vc_col-lg-6 vc_col-md-12 vc_col-sm-offset-0&#8243; css=\u00bb.vc_custom_1713180942731{padding-top: 28% !important;padding-bottom: 28% !important;background-image: url(https:\/\/ap-hotelsresorts.com\/wp-content\/uploads\/2024\/04\/Copia-de-Design-sem-nome.png?id=49651) !important;background-position: center !important;background-repeat: no-repeat !important;background-size: contain !important;border-radius: 1px !important;}\u00bb][\/vc_column][vc_column css=\u00bb.vc_custom_1708965769334{padding-bottom: 10% !important;padding-left: 5% !important;background-position: center !important;background-repeat: no-repeat !important;background-size: cover !important;}\u00bb offset=\u00bbvc_col-lg-offset-0 vc_col-lg-6 vc_col-md-12 vc_col-sm-offset-0&#8243;]<div class=\"mkdf-elements-holder   mkdf-one-column  mkdf-responsive-mode-768 \" ><div class=\"mkdf-eh-item    \"  data-item-class=\"mkdf-eh-custom-9834\">\n\t<div class=\"mkdf-eh-item-inner\">\n\t\t<div class=\"mkdf-eh-item-content mkdf-eh-custom-9834\" >\n\t\t\t[vc_column_text]<\/p>\n<h4><\/h4>\n<h4><strong>Hacer que el mundo sea m\u00e1s sostenible<\/strong><\/h4>\n<p>&nbsp;<\/p>\n<p>Reducimos los residuos siempre que sea posible mediante el reciclaje, el uso de recargas y\/o productos reutilizables, y la optaci\u00f3n por materiales alternativos al pl\u00e1stico. Buscamos trabajar con proveedores que cuenten con medidas sostenibles.[\/vc_column_text]\t\t<\/div>\n\t<\/div>\n<\/div><\/div>[\/vc_column][\/vc_row][vc_row equal_height=\u00bbyes\u00bb css=\u00bb.vc_custom_1602589077162{margin-top: 15px !important;background-color: #fbf9f9 !important;}\u00bb el_class=\u00bbrestaurant-item\u00bb][vc_column css=\u00bb.vc_custom_1708965769334{padding-bottom: 10% !important;padding-left: 5% !important;background-position: center !important;background-repeat: no-repeat !important;background-size: cover !important;}\u00bb offset=\u00bbvc_col-lg-offset-0 vc_col-lg-6 vc_col-md-12 vc_col-sm-offset-0&#8243;]<div class=\"mkdf-elements-holder   mkdf-one-column  mkdf-responsive-mode-768 \" ><div class=\"mkdf-eh-item    \"  data-item-class=\"mkdf-eh-custom-3673\">\n\t<div class=\"mkdf-eh-item-inner\">\n\t\t<div class=\"mkdf-eh-item-content mkdf-eh-custom-3673\" >\n\t\t\t[vc_column_text]<\/p>\n<h4><\/h4>\n<h4><strong>Es esencial que preservemos nuestro mayor recurso natural <\/strong><\/h4>\n<p>&nbsp;<\/p>\n<p>Instalamos equipos de control de caudal en todos los grifos, as\u00ed como reductores de caudal en diversos puntos, que tienen como objetivo el ahorro de agua (sin afectar a nuestros clientes).[\/vc_column_text]\t\t<\/div>\n\t<\/div>\n<\/div><\/div>[\/vc_column][vc_column offset=\u00bbvc_col-lg-offset-0 vc_col-lg-6 vc_col-md-12 vc_col-sm-offset-0&#8243; css=\u00bb.vc_custom_1713191280229{padding-top: 28% !important;padding-bottom: 28% !important;background-image: url(https:\/\/ap-hotelsresorts.com\/wp-content\/uploads\/2024\/04\/Design-sem-nome-7.png?id=49389) !important;background-position: center !important;background-repeat: no-repeat !important;background-size: contain !important;border-radius: 1px !important;}\u00bb][\/vc_column][\/vc_row][vc_row equal_height=\u00bbyes\u00bb css=\u00bb.vc_custom_1602589077162{margin-top: 15px !important;background-color: #fbf9f9 !important;}\u00bb el_class=\u00bbrestaurant-item\u00bb][vc_column width=\u00bb2\/3&#8243; offset=\u00bbvc_col-lg-offset-0 vc_col-lg-6 vc_col-md-12 vc_col-sm-offset-0&#8243; css=\u00bb.vc_custom_1713191245671{padding-top: 28% !important;padding-bottom: 28% !important;background-image: url(https:\/\/ap-hotelsresorts.com\/wp-content\/uploads\/2024\/04\/Copia-de-Design-sem-nome-2-1.png?id=49675) !important;background-position: center !important;background-repeat: no-repeat !important;background-size: contain !important;}\u00bb][\/vc_column][vc_column width=\u00bb1\/3&#8243; css=\u00bb.vc_custom_1708965769334{padding-bottom: 10% !important;padding-left: 5% !important;background-position: center !important;background-repeat: no-repeat !important;background-size: cover !important;}\u00bb offset=\u00bbvc_col-lg-offset-0 vc_col-lg-6 vc_col-md-12 vc_col-sm-offset-0&#8243;]<div class=\"mkdf-elements-holder   mkdf-one-column  mkdf-responsive-mode-768 \" ><div class=\"mkdf-eh-item    \"  data-item-class=\"mkdf-eh-custom-9745\">\n\t<div class=\"mkdf-eh-item-inner\">\n\t\t<div class=\"mkdf-eh-item-content mkdf-eh-custom-9745\" >\n\t\t\t[vc_column_text]<\/p>\n<h4><\/h4>\n<h4><strong>Hemos conservado la presa de Montargil<\/strong><\/h4>\n<p>&nbsp;<\/p>\n<p>Invitamos a nuestros clientes a visitar la Presa de Montargil, a realizar actividades n\u00e1uticas o a observar la diversidad de aves terrestres y acu\u00e1ticas. Les inculcamos que es un \u00e1rea protegida donde tendr\u00e1n que cuidar especialmente la fauna, flora y agua de la presa.[\/vc_column_text]\t\t<\/div>\n\t<\/div>\n<\/div><\/div>[\/vc_column][\/vc_row][vc_row equal_height=\u00bbyes\u00bb css=\u00bb.vc_custom_1602589077162{margin-top: 15px !important;background-color: #fbf9f9 !important;}\u00bb el_class=\u00bbrestaurant-item\u00bb][vc_column width=\u00bb1\/3&#8243; css=\u00bb.vc_custom_1708965769334{padding-bottom: 10% !important;padding-left: 5% !important;background-position: center !important;background-repeat: no-repeat !important;background-size: cover !important;}\u00bb offset=\u00bbvc_col-lg-offset-0 vc_col-lg-6 vc_col-md-12 vc_col-sm-offset-0&#8243;]<div class=\"mkdf-elements-holder   mkdf-one-column  mkdf-responsive-mode-768 \" ><div class=\"mkdf-eh-item    \"  data-item-class=\"mkdf-eh-custom-3892\">\n\t<div class=\"mkdf-eh-item-inner\">\n\t\t<div class=\"mkdf-eh-item-content mkdf-eh-custom-3892\" >\n\t\t\t[vc_column_text]<\/p>\n<h4><\/h4>\n<h4><strong>Implementar estrategias energ\u00e9ticas para promover la sostenibilidad<\/strong><\/h4>\n<p>&nbsp;<\/p>\n<p>Con el fin de reducir el consumo de energ\u00eda, instalamos tecnolog\u00edas reductoras, reemplazamos equipos, usamos paneles solares para calentar agua y brindamos capacitaci\u00f3n a los empleados sobre el ahorro de recursos energ\u00e9ticos.[\/vc_column_text]\t\t<\/div>\n\t<\/div>\n<\/div><\/div>[\/vc_column][vc_column width=\u00bb2\/3&#8243; offset=\u00bbvc_col-lg-offset-0 vc_col-lg-6 vc_col-md-12 vc_col-sm-offset-0&#8243; css=\u00bb.vc_custom_1713181518853{padding-top: 28% !important;padding-bottom: 28% !important;background-image: url(https:\/\/ap-hotelsresorts.com\/wp-content\/uploads\/2024\/04\/Copia-de-Design-sem-nome-1.png?id=49646) !important;background-position: center !important;background-repeat: no-repeat !important;background-size: contain !important;}\u00bb][\/vc_column][\/vc_row][vc_row equal_height=\u00bbyes\u00bb css=\u00bb.vc_custom_1602589077162{margin-top: 15px !important;background-color: #fbf9f9 !important;}\u00bb el_class=\u00bbrestaurant-item\u00bb][vc_column css=\u00bb.vc_custom_1712243870671{padding-bottom: 10% !important;padding-left: 5% !important;background-position: center !important;background-repeat: no-repeat !important;background-size: cover !important;}\u00bb offset=\u00bbvc_col-lg-offset-0 vc_col-lg-12 vc_col-md-12 vc_col-sm-offset-0&#8243;]<div class=\"mkdf-elements-holder   mkdf-one-column  mkdf-responsive-mode-768 \" ><div class=\"mkdf-eh-item    \"  data-item-class=\"mkdf-eh-custom-3276\">\n\t<div class=\"mkdf-eh-item-inner\">\n\t\t<div class=\"mkdf-eh-item-content mkdf-eh-custom-3276\" >\n\t\t\t[vc_column_text]<\/p>\n<h5 style=\"text-align: center;\"><strong>Reduzcamos nuestra<\/strong> <strong>huella ecol\u00f3gica. \u00a1\u00danete a nosotros!.<\/strong><\/h5>\n<h5 style=\"text-align: center;\"><strong>\u00a0<\/strong><\/h5>\n<p>[\/vc_column_text]\t\t<\/div>\n\t<\/div>\n<\/div><\/div>[\/vc_column][\/vc_row][vc_row content_text_aligment=\u00bbcenter\u00bb css=\u00bb.vc_custom_1603455731030{margin-top: 10px !important;padding-top: 40px !important;padding-bottom: 80px !important;background-position: center !important;background-repeat: no-repeat !important;background-size: cover !important;}\u00bb el_class=\u00bbadriana-hotel-footer-address-top\u00bb][vc_column offset=\u00bbvc_col-lg-offset-1 vc_col-lg-10 vc_col-md-offset-1 vc_col-md-10&#8243; el_class=\u00bbadriana-hotel-footer-address\u00bb]<div class=\"mkdf-section-title-holder  mkdf-st-standard mkdf-st-ha-center mkdf-st-title-left mkdf-st-normal-space \" style=\"text-align: center\">\n\t<div class=\"mkdf-st-inner\">\n\t\t\t\t\t\t\t<h2 class=\"mkdf-st-title\" >\n\t\t\t\tAP HOTELS &amp; RESORTS\t\t\t\t\t\t\t<\/h2>\n\t\t\t\t\t\t\t<\/div>\n<\/div>[vc_empty_space height=\u00bb40px\u00bb][vc_column_text]<\/p>\n<p style=\"text-align: center;\">Estrada Nacional, 2, 7425-144 Montargil<br \/>\nAlentejo, Portugal<\/p>\n<p style=\"text-align: center;\"><a href=\"tel:%20+351%20289%20540%20100\"><span style=\"text-decoration: underline;\">+351 289 540 100<\/span><\/a> Chamada para a Rede Fixa Nacional | email: <span style=\"text-decoration: underline;\"><a href=\"mailto:book.adriana@ap-hotelsresorts.com\">book.montargil@ap-hotelsresorts.com<\/a><\/span> | RNET 5845, 127477\/AL, 127509\/AL, 127500\/AL, 127505\/AL, 20648\/AL, 20661\/AL, 20669\/AL, 20671\/AL, 20673\/AL, 20676\/AL, 20679\/AL<br \/>\nSOCIAL MEDIA<\/p>\n<p>[\/vc_column_text][vc_column_text]<\/p>\n<p>[\/vc_column_text]    <span class=\"mkdf-icon-shortcode mkdf-normal   mkdf-icon-small\"  data-color=\"#000000\">\n                    <a itemprop=\"url\" class=\"\" href=\"https:\/\/www.instagram.com\/aphotelsresorts\/\" target=\"_blank\">\n                    <i class=\"mkdf-icon-font-awesome fa fa-instagram mkdf-icon-element\" style=\"color: #000000\" ><\/i>                    <\/a>\n            <\/span>\n    <span class=\"mkdf-icon-shortcode mkdf-circle   mkdf-icon-small\" style=\"background-color: #ffffff;border-color: #000000\" data-color=\"#000000\">\n                    <a itemprop=\"url\" class=\"\" href=\"https:\/\/www.facebook.com\/aphotelsresorts\" target=\"_blank\">\n                    <i class=\"mkdf-icon-font-awesome fa fa-facebook mkdf-icon-element\" style=\"color: #000000\" ><\/i>                    <\/a>\n            <\/span>\n[vc_empty_space height=\u00bb40px\u00bb]<a itemprop=\"url\" href=\"https:\/\/ap-hotelsresorts.com\/contacts\/\" target=\"_self\" style=\"color: #000000;border-color: #000000;margin: 0px 10px 0px 0px\" class=\"mkdf-btn mkdf-btn-medium mkdf-btn-outline mkdf-btn-custom-hover-bg mkdf-btn-custom-border-hover mkdf-btn-custom-hover-color mkdf-btn-icon\" data-hover-color=\"#000000\" data-hover-bg-color=\"#826d67\" data-hover-border-color=\"#826d67\" >\n    <span class=\"mkdf-btn-text\">CONTACT US<\/span>\n    <i class=\"mkdf-icon-linear-icon lnr lnr-arrow-right \" ><\/i><\/a><a itemprop=\"url\" href=\"https:\/\/ap-hotelsresorts.com\/contacts\/\" target=\"_self\" style=\"color: #000000;border-color: #000000\" class=\"mkdf-btn mkdf-btn-medium mkdf-btn-outline mkdf-btn-custom-hover-bg mkdf-btn-custom-border-hover mkdf-btn-custom-hover-color mkdf-btn-icon\" data-hover-color=\"#000000\" data-hover-bg-color=\"#826d67\" data-hover-border-color=\"#826d67\" >\n    <span class=\"mkdf-btn-text\">LOCATIONS<\/span>\n    <i class=\"mkdf-icon-linear-icon lnr lnr-arrow-right \" ><\/i><\/a>[\/vc_column][\/vc_row][vc_row][vc_column][vc_column_text][\/vc_column_text][\/vc_column][\/vc_row]<\/p>\n","protected":false},"excerpt":{"rendered":"<p>[vc_row equal_height=\u00bbyes\u00bb css=\u00bb.vc_custom_1602589077162{margin-top: 15px !important;background-color: #fbf9f9 !important;}\u00bb el_class=\u00bbrestaurant-item\u00bb][vc_column css=\u00bb.vc_custom_1712243870671{padding-bottom: 10% !important;padding-left: 5% !important;background-position: center !important;background-repeat: no-repeat !important;background-size: cover !important;}\u00bb offset=\u00bbvc_col-lg-offset-0 vc_col-lg-12 vc_col-md-12 vc_col-sm-offset-0&#8243;][\/vc_column][\/vc_row][vc_row equal_height=\u00bbyes\u00bb css=\u00bb.vc_custom_1602589077162{margin-top: 15px !important;background-color: #fbf9f9 !important;}\u00bb el_class=\u00bbrestaurant-item\u00bb][vc_column offset=\u00bbvc_col-lg-offset-0 vc_col-lg-6 vc_col-md-12 vc_col-sm-offset-0&#8243; css=\u00bb.vc_custom_1713180942731{padding-top: 28% !important;padding-bottom: 28% !important;background-image: url(https:\/\/ap-hotelsresorts.com\/wp-content\/uploads\/2024\/04\/Copia-de-Design-sem-nome.png?id=49651) [&hellip;]<\/p>\n","protected":false},"author":10,"featured_media":0,"parent":46796,"menu_order":0,"comment_status":"closed","ping_status":"closed","template":"full-width.php","meta":[],"yoast_head":"<!-- This site is optimized with the Yoast SEO plugin v18.1 - https:\/\/yoast.com\/wordpress\/plugins\/seo\/ -->\n<title>Sustainability - AP Lago Montargil - AP HOTELS &amp; RESORTS .<\/title>\n<meta name=\"description\" content=\"No AP Lago Montargil estamos empenhados, diariamente, em proteger o meio ambiente, zelando pela sua miss\u00e3o para com a sustentabilidadeEn AP Lago Montargil estamos comprometidos, diariamente, con la protecci\u00f3n del medio ambiente, asegurando nuestra misi\u00f3n hacia la sustentabilidad\" \/>\n<meta name=\"robots\" content=\"index, follow, max-snippet:-1, max-image-preview:large, max-video-preview:-1\" \/>\n<link rel=\"canonical\" href=\"https:\/\/ap-hotelsresorts.com\/es\/montargil\/sostenibilidad-ap-montargil\/\" \/>\n<meta property=\"og:locale\" content=\"es_ES\" \/>\n<meta property=\"og:type\" content=\"article\" \/>\n<meta property=\"og:title\" content=\"Sustainability - AP Lago Montargil - AP HOTELS &amp; RESORTS .\" \/>\n<meta property=\"og:description\" content=\"No AP Lago Montargil estamos empenhados, diariamente, em proteger o meio ambiente, zelando pela sua miss\u00e3o para com a sustentabilidadeEn AP Lago Montargil estamos comprometidos, diariamente, con la protecci\u00f3n del medio ambiente, asegurando nuestra misi\u00f3n hacia la sustentabilidad\" \/>\n<meta property=\"og:url\" content=\"https:\/\/ap-hotelsresorts.com\/es\/montargil\/sostenibilidad-ap-montargil\/\" \/>\n<meta property=\"og:site_name\" content=\"AP HOTELS &amp; RESORTS .\" \/>\n<meta property=\"article:publisher\" content=\"https:\/\/www.facebook.com\/aphotelsresorts\" \/>\n<meta name=\"twitter:card\" content=\"summary_large_image\" \/>\n<meta name=\"twitter:site\" content=\"@ApHotels\" \/>\n<meta name=\"twitter:label1\" content=\"Tiempo de lectura\" \/>\n\t<meta name=\"twitter:data1\" content=\"6 minutos\" \/>\n<script type=\"application\/ld+json\" class=\"yoast-schema-graph\">{\"@context\":\"https:\/\/schema.org\",\"@graph\":[{\"@type\":\"Organization\",\"@id\":\"https:\/\/ap-hotelsresorts.com\/#organization\",\"name\":\"AP HOTELS & RESORTS\",\"url\":\"https:\/\/ap-hotelsresorts.com\/\",\"sameAs\":[\"https:\/\/www.facebook.com\/aphotelsresorts\",\"https:\/\/www.instagram.com\/aphotelsresorts\/\",\"https:\/\/www.linkedin.com\/company\/ap-hotels-and-resorts\",\"https:\/\/www.youtube.com\/channel\/UCSmwGBz36kx2XALzeVAlKEg\",\"https:\/\/twitter.com\/ApHotels\"],\"logo\":{\"@type\":\"ImageObject\",\"@id\":\"https:\/\/ap-hotelsresorts.com\/#logo\",\"inLanguage\":\"es\",\"url\":\"https:\/\/ap-hotelsresorts.com\/wp-content\/uploads\/2021\/03\/logo-1.png\",\"contentUrl\":\"https:\/\/ap-hotelsresorts.com\/wp-content\/uploads\/2021\/03\/logo-1.png\",\"width\":\"3915\",\"height\":\"1388\",\"caption\":\"AP HOTELS & RESORTS\"},\"image\":{\"@id\":\"https:\/\/ap-hotelsresorts.com\/#logo\"}},{\"@type\":\"WebSite\",\"@id\":\"https:\/\/ap-hotelsresorts.com\/#website\",\"url\":\"https:\/\/ap-hotelsresorts.com\/\",\"name\":\"AP HOTELS &amp; RESORTS .\",\"description\":\"Albufeira . Faro . Portim\u00e3o . Tavira . Algarve\",\"publisher\":{\"@id\":\"https:\/\/ap-hotelsresorts.com\/#organization\"},\"potentialAction\":[{\"@type\":\"SearchAction\",\"target\":{\"@type\":\"EntryPoint\",\"urlTemplate\":\"https:\/\/ap-hotelsresorts.com\/?s={search_term_string}\"},\"query-input\":\"required name=search_term_string\"}],\"inLanguage\":\"es\"},{\"@type\":\"WebPage\",\"@id\":\"https:\/\/ap-hotelsresorts.com\/es\/montargil\/sostenibilidad-ap-montargil\/#webpage\",\"url\":\"https:\/\/ap-hotelsresorts.com\/es\/montargil\/sostenibilidad-ap-montargil\/\",\"name\":\"Sustainability - AP Lago Montargil - AP HOTELS &amp; RESORTS .\",\"isPartOf\":{\"@id\":\"https:\/\/ap-hotelsresorts.com\/#website\"},\"datePublished\":\"2024-04-19T11:00:03+00:00\",\"dateModified\":\"2024-04-19T11:00:03+00:00\",\"description\":\"No AP Lago Montargil estamos empenhados, diariamente, em proteger o meio ambiente, zelando pela sua miss\u00e3o para com a sustentabilidadeEn AP Lago Montargil estamos comprometidos, diariamente, con la protecci\u00f3n del medio ambiente, asegurando nuestra misi\u00f3n hacia la sustentabilidad\",\"breadcrumb\":{\"@id\":\"https:\/\/ap-hotelsresorts.com\/es\/montargil\/sostenibilidad-ap-montargil\/#breadcrumb\"},\"inLanguage\":\"es\",\"potentialAction\":[{\"@type\":\"ReadAction\",\"target\":[\"https:\/\/ap-hotelsresorts.com\/es\/montargil\/sostenibilidad-ap-montargil\/\"]}]},{\"@type\":\"BreadcrumbList\",\"@id\":\"https:\/\/ap-hotelsresorts.com\/es\/montargil\/sostenibilidad-ap-montargil\/#breadcrumb\",\"itemListElement\":[{\"@type\":\"ListItem\",\"position\":1,\"name\":\"Home\",\"item\":\"https:\/\/ap-hotelsresorts.com\/es\/\"},{\"@type\":\"ListItem\",\"position\":2,\"name\":\"Montargil\",\"item\":\"https:\/\/ap-hotelsresorts.com\/es\/montargil\/\"},{\"@type\":\"ListItem\",\"position\":3,\"name\":\"Sustainability &#8211; AP Lago Montargil\"}]}]}<\/script>\n<!-- \/ Yoast SEO plugin. -->","yoast_head_json":{"title":"Sustainability - AP Lago Montargil - AP HOTELS &amp; RESORTS .","description":"No AP Lago Montargil estamos empenhados, diariamente, em proteger o meio ambiente, zelando pela sua miss\u00e3o para com a sustentabilidadeEn AP Lago Montargil estamos comprometidos, diariamente, con la protecci\u00f3n del medio ambiente, asegurando nuestra misi\u00f3n hacia la sustentabilidad","robots":{"index":"index","follow":"follow","max-snippet":"max-snippet:-1","max-image-preview":"max-image-preview:large","max-video-preview":"max-video-preview:-1"},"canonical":"https:\/\/ap-hotelsresorts.com\/es\/montargil\/sostenibilidad-ap-montargil\/","og_locale":"es_ES","og_type":"article","og_title":"Sustainability - AP Lago Montargil - AP HOTELS &amp; RESORTS .","og_description":"No AP Lago Montargil estamos empenhados, diariamente, em proteger o meio ambiente, zelando pela sua miss\u00e3o para com a sustentabilidadeEn AP Lago Montargil estamos comprometidos, diariamente, con la protecci\u00f3n del medio ambiente, asegurando nuestra misi\u00f3n hacia la sustentabilidad","og_url":"https:\/\/ap-hotelsresorts.com\/es\/montargil\/sostenibilidad-ap-montargil\/","og_site_name":"AP HOTELS &amp; RESORTS .","article_publisher":"https:\/\/www.facebook.com\/aphotelsresorts","twitter_card":"summary_large_image","twitter_site":"@ApHotels","twitter_misc":{"Tiempo de lectura":"6 minutos"},"schema":{"@context":"https:\/\/schema.org","@graph":[{"@type":"Organization","@id":"https:\/\/ap-hotelsresorts.com\/#organization","name":"AP HOTELS & RESORTS","url":"https:\/\/ap-hotelsresorts.com\/","sameAs":["https:\/\/www.facebook.com\/aphotelsresorts","https:\/\/www.instagram.com\/aphotelsresorts\/","https:\/\/www.linkedin.com\/company\/ap-hotels-and-resorts","https:\/\/www.youtube.com\/channel\/UCSmwGBz36kx2XALzeVAlKEg","https:\/\/twitter.com\/ApHotels"],"logo":{"@type":"ImageObject","@id":"https:\/\/ap-hotelsresorts.com\/#logo","inLanguage":"es","url":"https:\/\/ap-hotelsresorts.com\/wp-content\/uploads\/2021\/03\/logo-1.png","contentUrl":"https:\/\/ap-hotelsresorts.com\/wp-content\/uploads\/2021\/03\/logo-1.png","width":"3915","height":"1388","caption":"AP HOTELS & RESORTS"},"image":{"@id":"https:\/\/ap-hotelsresorts.com\/#logo"}},{"@type":"WebSite","@id":"https:\/\/ap-hotelsresorts.com\/#website","url":"https:\/\/ap-hotelsresorts.com\/","name":"AP HOTELS &amp; RESORTS .","description":"Albufeira . Faro . Portim\u00e3o . Tavira . Algarve","publisher":{"@id":"https:\/\/ap-hotelsresorts.com\/#organization"},"potentialAction":[{"@type":"SearchAction","target":{"@type":"EntryPoint","urlTemplate":"https:\/\/ap-hotelsresorts.com\/?s={search_term_string}"},"query-input":"required name=search_term_string"}],"inLanguage":"es"},{"@type":"WebPage","@id":"https:\/\/ap-hotelsresorts.com\/es\/montargil\/sostenibilidad-ap-montargil\/#webpage","url":"https:\/\/ap-hotelsresorts.com\/es\/montargil\/sostenibilidad-ap-montargil\/","name":"Sustainability - AP Lago Montargil - AP HOTELS &amp; RESORTS .","isPartOf":{"@id":"https:\/\/ap-hotelsresorts.com\/#website"},"datePublished":"2024-04-19T11:00:03+00:00","dateModified":"2024-04-19T11:00:03+00:00","description":"No AP Lago Montargil estamos empenhados, diariamente, em proteger o meio ambiente, zelando pela sua miss\u00e3o para com a sustentabilidadeEn AP Lago Montargil estamos comprometidos, diariamente, con la protecci\u00f3n del medio ambiente, asegurando nuestra misi\u00f3n hacia la sustentabilidad","breadcrumb":{"@id":"https:\/\/ap-hotelsresorts.com\/es\/montargil\/sostenibilidad-ap-montargil\/#breadcrumb"},"inLanguage":"es","potentialAction":[{"@type":"ReadAction","target":["https:\/\/ap-hotelsresorts.com\/es\/montargil\/sostenibilidad-ap-montargil\/"]}]},{"@type":"BreadcrumbList","@id":"https:\/\/ap-hotelsresorts.com\/es\/montargil\/sostenibilidad-ap-montargil\/#breadcrumb","itemListElement":[{"@type":"ListItem","position":1,"name":"Home","item":"https:\/\/ap-hotelsresorts.com\/es\/"},{"@type":"ListItem","position":2,"name":"Montargil","item":"https:\/\/ap-hotelsresorts.com\/es\/montargil\/"},{"@type":"ListItem","position":3,"name":"Sustainability &#8211; AP Lago Montargil"}]}]}},"_links":{"self":[{"href":"https:\/\/ap-hotelsresorts.com\/es\/wp-json\/wp\/v2\/pages\/49731"}],"collection":[{"href":"https:\/\/ap-hotelsresorts.com\/es\/wp-json\/wp\/v2\/pages"}],"about":[{"href":"https:\/\/ap-hotelsresorts.com\/es\/wp-json\/wp\/v2\/types\/page"}],"author":[{"embeddable":true,"href":"https:\/\/ap-hotelsresorts.com\/es\/wp-json\/wp\/v2\/users\/10"}],"replies":[{"embeddable":true,"href":"https:\/\/ap-hotelsresorts.com\/es\/wp-json\/wp\/v2\/comments?post=49731"}],"version-history":[{"count":0,"href":"https:\/\/ap-hotelsresorts.com\/es\/wp-json\/wp\/v2\/pages\/49731\/revisions"}],"up":[{"embeddable":true,"href":"https:\/\/ap-hotelsresorts.com\/es\/wp-json\/wp\/v2\/pages\/46796"}],"wp:attachment":[{"href":"https:\/\/ap-hotelsresorts.com\/es\/wp-json\/wp\/v2\/media?parent=49731"}],"curies":[{"name":"wp","href":"https:\/\/api.w.org\/{rel}","templated":true}]}}