{"id":55235,"date":"2024-12-09T11:39:36","date_gmt":"2024-12-09T11:39:36","guid":{"rendered":"https:\/\/ap-hotelsresorts.com\/?page_id=55235"},"modified":"2025-06-09T15:02:04","modified_gmt":"2025-06-09T15:02:04","slug":"restaurante-y-bar","status":"publish","type":"page","link":"https:\/\/ap-hotelsresorts.com\/es\/sines\/restaurante-y-bar\/","title":{"rendered":"Restaurante y bar"},"content":{"rendered":"<p>[vc_row css=\u00bb.vc_custom_1680608944968{background-color: #ffffff !important;}\u00bb][vc_column][vc_row_inner row_content_width=\u00bbgrid\u00bb][vc_column_inner][vc_empty_space height=\u00bb45px\u00bb]<div class=\"mkdf-section-title-holder  mkdf-st-standard mkdf-st-ha-center mkdf-st-title-left mkdf-st-normal-space \" style=\"text-align: center\">\n\t<div class=\"mkdf-st-inner\">\n\t\t\t\t\t\t\t<h1 class=\"mkdf-st-title\" style=\"color: #958035\">\n\t\t\t\tRestaurante y bar\t\t\t\t\t\t\t<\/h1>\n\t\t\t\t\t\t\t<\/div>\n<\/div>[vc_empty_space height=\u00bb45px\u00bb][\/vc_column_inner][\/vc_row_inner][\/vc_column][\/vc_row][vc_row equal_height=\u00bbyes\u00bb css=\u00bb.vc_custom_1680263267072{background-color: #fbf9f9 !important;}\u00bb el_class=\u00bbrestaurant-item\u00bb][vc_column css=\u00bb.vc_custom_1680264166083{padding-right: 15px !important;padding-bottom: 10px !important;padding-left: 35px !important;background-color: #f4f2f0 !important;background-position: center !important;background-repeat: no-repeat !important;background-size: cover !important;}\u00bb offset=\u00bbvc_col-lg-offset-0 vc_col-lg-6 vc_col-md-12 vc_col-sm-offset-0&#8243; el_class=\u00bbordertxt\u00bb]<div class=\"mkdf-elements-holder   mkdf-one-column  mkdf-responsive-mode-768 \" ><div class=\"mkdf-eh-item   mkdf-horizontal-alignment-center \"  data-item-class=\"mkdf-eh-custom-7699\">\n\t<div class=\"mkdf-eh-item-inner\">\n\t\t<div class=\"mkdf-eh-item-content mkdf-eh-custom-7699\" >\n\t\t\t<div class=\"mkdf-section-title-holder  mkdf-st-standard mkdf-st-ha-left mkdf-st-title-left mkdf-st-normal-space \" style=\"text-align: left\">\n\t<div class=\"mkdf-st-inner\">\n\t\t\t\t\t\t\t<h3 class=\"mkdf-st-title\" >\n\t\t\t\tRestaurante Latitude 37\t\t\t\t\t\t\t<\/h3>\n\t\t\t\t\t\t\t<\/div>\n<\/div>[vc_empty_space height=\u00bb20px\u00bb]<div class=\"mkdf-section-title-holder  mkdf-st-standard mkdf-st-ha-left mkdf-st-title-left mkdf-st-normal-space \" style=\"text-align: left\">\n\t<div class=\"mkdf-st-inner\">\n\t\t\t\t\t\t\t<h4 class=\"mkdf-st-title\" >\n\t\t\t\tLo mejor de la gastronom\u00eda alentejana\t\t\t\t\t\t\t<\/h4>\n\t\t\t\t\t\t\t<\/div>\n<\/div>[vc_empty_space height=\u00bb20px\u00bb][vc_column_text]<\/p>\n<div class=\"wpb_text_column wpb_content_element \">\n<div class=\"wpb_wrapper\">\n<div class=\"wpb_text_column wpb_content_element \">\n<div class=\"wpb_wrapper\">\n<p>El restaurante Latitude 37 del hotel AP Sines &#8211; Costa Alentejana le invita a una experiencia gastron\u00f3mica \u00fanica, donde la tradici\u00f3n alentejana se une a la sofisticaci\u00f3n de la cocina internacional. Con platos que destacan los sabores e ingredientes locales, los hu\u00e9spedes pueden saborear delicias t\u00edpicas del Alentejo, siempre frescas y aut\u00e9nticas. Al mismo tiempo, el restaurante ofrece opciones de cocina internacional, preparadas con el mismo cuidado y calidad, garantizando una experiencia diversa para todos los gustos. Es el marco ideal para disfrutar de una comida inolvidable en un ambiente acogedor y sofisticado.<\/p>\n<\/div>\n<\/div>\n<\/div>\n<\/div>\n<p>[\/vc_column_text][vc_empty_space height=\u00bb20px\u00bb]<div class=\"mkdf-section-title-holder  mkdf-st-standard mkdf-st-ha-left mkdf-st-title-left mkdf-st-normal-space \" style=\"text-align: left\">\n\t<div class=\"mkdf-st-inner\">\n\t\t\t\t\t\t\t<h5 class=\"mkdf-st-title\" >\n\t\t\t\tHorario\t\t\t\t\t\t\t<\/h5>\n\t\t\t\t\t\t\t<\/div>\n<\/div>[vc_empty_space height=\u00bb20px\u00bb][vc_column_text]<\/p>\n<div class=\"wpb_text_column wpb_content_element \">\n<div class=\"wpb_wrapper\">\n<p>Abierto todos los d\u00edas<\/p>\n<p><strong>Desayuno buffet:<\/strong> de 07h00 a 10h30<\/p>\n<p><strong>Almuerzo:<\/strong> 12h30 a 15h00<\/p>\n<p><strong>Cena:<\/strong> de 19h00 a 22h00<\/p>\n<\/div>\n<\/div>\n<p>[\/vc_column_text][vc_empty_space]<a itemprop=\"url\" href=\"https:\/\/ap-hotelsresorts.com\/wp-content\/uploads\/2025\/03\/AP_SINES_MENU_REST.pdf\" target=\"_self\" style=\"color: #000000;background-color: #958035;border-color: #ffffff;margin: 30px\" class=\"mkdf-btn mkdf-btn-medium mkdf-btn-solid mkdf-btn-custom-hover-bg mkdf-btn-custom-border-hover mkdf-btn-custom-hover-color\" data-hover-color=\"#000000\" data-hover-bg-color=\"#958035\" data-hover-border-color=\"#958035\" >\n    <span class=\"mkdf-btn-text\">MENU<\/span>\n    <\/a>\t\t<\/div>\n\t<\/div>\n<\/div><\/div>[\/vc_column][vc_column offset=\u00bbvc_col-lg-offset-0 vc_col-lg-6 vc_col-md-12 vc_col-sm-offset-0&#8243; css=\u00bb.vc_custom_1680263177359{padding-top: 0px !important;padding-right: 0px !important;background-position: center !important;background-repeat: no-repeat !important;background-size: cover !important;}\u00bb el_class=\u00bborderimg\u00bb][vc_images_carousel images=\u00bb57877,57872,57947,57942,57937,57932,57927,57922,57917,57912,57907,57902,57897,57892,57887,57882&#8243; img_size=\u00bbfull\u00bb onclick=\u00bblink_no\u00bb wrap=\u00bbyes\u00bb][\/vc_column][\/vc_row][vc_row equal_height=\u00bbyes\u00bb css=\u00bb.vc_custom_1680263267072{background-color: #fbf9f9 !important;}\u00bb el_class=\u00bbrestaurant-item\u00bb][vc_column offset=\u00bbvc_col-lg-offset-0 vc_col-lg-6 vc_col-md-12 vc_col-sm-offset-0&#8243; css=\u00bb.vc_custom_1680263177359{padding-top: 0px !important;padding-right: 0px !important;background-position: center !important;background-repeat: no-repeat !important;background-size: cover !important;}\u00bb el_class=\u00bborderimg\u00bb][vc_images_carousel images=\u00bb57792,57787,57782,57777,57772,57767,57762,57757&#8243; img_size=\u00bbfull\u00bb onclick=\u00bblink_no\u00bb wrap=\u00bbyes\u00bb][\/vc_column][vc_column css=\u00bb.vc_custom_1680264166083{padding-right: 15px !important;padding-bottom: 10px !important;padding-left: 35px !important;background-color: #f4f2f0 !important;background-position: center !important;background-repeat: no-repeat !important;background-size: cover !important;}\u00bb offset=\u00bbvc_col-lg-offset-0 vc_col-lg-6 vc_col-md-12 vc_col-sm-offset-0&#8243; el_class=\u00bbordertxt\u00bb]<div class=\"mkdf-elements-holder   mkdf-one-column  mkdf-responsive-mode-768 \" ><div class=\"mkdf-eh-item   mkdf-horizontal-alignment-center \"  data-item-class=\"mkdf-eh-custom-4780\">\n\t<div class=\"mkdf-eh-item-inner\">\n\t\t<div class=\"mkdf-eh-item-content mkdf-eh-custom-4780\" >\n\t\t\t<div class=\"mkdf-section-title-holder  mkdf-st-standard mkdf-st-ha-left mkdf-st-title-left mkdf-st-normal-space \" style=\"text-align: left\">\n\t<div class=\"mkdf-st-inner\">\n\t\t\t\t\t\t\t<h3 class=\"mkdf-st-title\" >\n\t\t\t\tLobby Bar\t\t\t\t\t\t\t<\/h3>\n\t\t\t\t\t\t\t<\/div>\n<\/div>[vc_empty_space height=\u00bb20px\u00bb]<div class=\"mkdf-section-title-holder  mkdf-st-standard mkdf-st-ha-left mkdf-st-title-left mkdf-st-normal-space \" style=\"text-align: left\">\n\t<div class=\"mkdf-st-inner\">\n\t\t\t\t\t\t\t<h4 class=\"mkdf-st-title\" >\n\t\t\t\tAproveche para relajarse\t\t\t\t\t\t\t<\/h4>\n\t\t\t\t\t\t\t<\/div>\n<\/div>[vc_empty_space height=\u00bb20px\u00bb][vc_column_text]El Lobby Bar del hotel AP Sines &#8211; Costa Alentejana es el lugar perfecto para relajarse. Con un ambiente elegante y acogedor, ofrece una amplia selecci\u00f3n de bebidas, incluyendo c\u00f3cteles creativos, vinos locales y refrescos, ideales para cualquier momento del d\u00eda. Con su dise\u00f1o contempor\u00e1neo y su atento servicio, el Lobby Bar proporciona una experiencia agradable que complementa su estancia en AP Sines &#8211; Costa Alentejana.[\/vc_column_text][vc_empty_space]\t\t<\/div>\n\t<\/div>\n<\/div><\/div>[\/vc_column][\/vc_row][vc_row simple_background_color=\u00bb#899ba6&#8243; css=\u00bb.vc_custom_1600685144170{margin-top: 10px !important;}\u00bb][vc_column el_class=\u00bbadriana-offers-content\u00bb css=\u00bb.vc_custom_1681124621885{background-color: #958035 !important;}\u00bb][vc_row_inner row_content_width=\u00bbgrid\u00bb css=\u00bb.vc_custom_1680174325033{padding-top: 5% !important;padding-bottom: 5% !important;}\u00bb][vc_column_inner width=\u00bb2\/3&#8243;][vc_custom_heading text=\u00bbHOTEL EN SINES CON VISTAS AL MAR\u00bb font_container=\u00bbtag:h2|font_size:20|text_align:left|color:%23ffffff\u00bb use_theme_fonts=\u00bbyes\u00bb][vc_custom_heading text=\u00bbRESERVE SU ESTANCIA EN AP SINES &#8211; COSTA ALENTEJANA Y DISFRUTE AL M\u00c1XIMO DEL ALENTEJO\u00bb font_container=\u00bbtag:h3|font_size:30|text_align:left|color:%23ffffff\u00bb use_theme_fonts=\u00bbyes\u00bb][\/vc_column_inner][vc_column_inner width=\u00bb1\/3&#8243; css=\u00bb.vc_custom_1680174133788{padding-top: 0px !important;padding-bottom: 0px !important;}\u00bb]<a itemprop=\"url\" href=\"https:\/\/ap-sinerama-dot-ap-hotels.appspot.com\/booking1?adultsRoom1=2\" target=\"_self\" style=\"color: #000000;background-color: #ffffff;border-color: #ffffff;margin: 30px\" class=\"mkdf-btn mkdf-btn-medium mkdf-btn-solid mkdf-btn-custom-hover-bg mkdf-btn-custom-border-hover mkdf-btn-custom-hover-color mkdf-btn-icon\" data-hover-color=\"#000000\" data-hover-bg-color=\"#ffffff\" data-hover-border-color=\"#ffffff\" >\n    <span class=\"mkdf-btn-text\">Reserve ahora<\/span>\n    <i class=\"mkdf-icon-linear-icon lnr lnr-arrow-right \" ><\/i><\/a>[\/vc_column_inner][\/vc_row_inner][\/vc_column][\/vc_row][vc_row content_text_aligment=\u00bbcenter\u00bb css=\u00bb.vc_custom_1605611417522{padding-bottom: 80px !important;background-color: #f4f2f0 !important;background-position: center !important;background-repeat: no-repeat !important;background-size: cover !important;}\u00bb el_class=\u00bbhotel-address-sections\u00bb][vc_column offset=\u00bbvc_col-lg-offset-1 vc_col-lg-10 vc_col-md-offset-1 vc_col-md-10&#8243;]<div class=\"mkdf-section-title-holder  mkdf-st-standard mkdf-st-ha-center mkdf-st-title-left mkdf-st-normal-space \" style=\"text-align: center\">\n\t<div class=\"mkdf-st-inner\">\n\t\t\t\t\t\t\t<h2 class=\"mkdf-st-title\" >\n\t\t\t\tAP SINES - COSTA ALENTEJANA\t\t\t\t\t\t\t<\/h2>\n\t\t\t\t\t\t\t<\/div>\n<\/div>[vc_empty_space height=\u00bb40px\u00bb][vc_column_text el_class=\u00bbap-hotel-address-text\u00bb]<\/p>\n<p style=\"text-align: center;\">Rua Marqu\u00eas de Pombal 110, 7520-227 Sines, Portugal<\/p>\n<p style=\"text-align: center;\">Geral: <span style=\"text-decoration: underline;\"><a href=\"tel: +351 269 000 100\">+351 <\/a><a href=\"tel: +351 269 000 100\" data-dtype=\"d3ph\" data-local-attribute=\"d3ph\" data-ved=\"2ahUKEwiIiYCq5eqJAxU5QkEAHbvJO7oQkAgoAHoECEEQAw\"><span aria-label=\"Call phone number 269 000 100\">269 000 100<\/span><\/a><\/span> (Llamada a la Red Fija Nacional)<br \/>\n| <a href=\"mailto:rec.sines@ap-hotelsresorts.com\"><span style=\"text-decoration: underline;\">rec.sines@ap-hotelsresorts.com<\/span><\/a><\/p>\n<p style=\"text-align: center;\">Reservas:<\/p>\n<p style=\"text-align: center;\"><span style=\"text-decoration: underline;\"><a href=\"tel: +351 289 540 100\">+351 289 540 100<\/a><\/span> (Llamada a la Red Fija Nacional)<br \/>\n| <span style=\"text-decoration: underline;\"><a href=\"mailto:book.sines@ap-hotelsresorts.com\">book.sines@ap-hotelsresorts.com<\/a><\/span> | RNET 3454<\/p>\n<p style=\"text-align: center;\">REDES SOCIALES<\/p>\n<p>[\/vc_column_text][vc_column_text]<\/p>\n<p>[\/vc_column_text]    <span class=\"mkdf-icon-shortcode mkdf-normal   mkdf-icon-small\"  data-color=\"#000000\">\n                    <a itemprop=\"url\" class=\"\" href=\"https:\/\/www.instagram.com\/ap.sines\/\" target=\"_blank\">\n                    <i class=\"mkdf-icon-font-awesome fa fa-instagram mkdf-icon-element\" style=\"color: #000000\" ><\/i>                    <\/a>\n            <\/span>\n    <span class=\"mkdf-icon-shortcode mkdf-circle   mkdf-icon-small\" style=\"background-color: #efe3da;border-color: #000000\" data-color=\"#000000\">\n                    <a itemprop=\"url\" class=\"\" href=\"https:\/\/www.facebook.com\/apssines\" target=\"_blank\">\n                    <i class=\"mkdf-icon-font-awesome fa fa-facebook mkdf-icon-element\" style=\"color: #000000\" ><\/i>                    <\/a>\n            <\/span>\n[vc_empty_space height=\u00bb40px\u00bb][\/vc_column][\/vc_row]<\/p>\n","protected":false},"excerpt":{"rendered":"<p>[vc_row css=\u00bb.vc_custom_1680608944968{background-color: #ffffff !important;}\u00bb][vc_column][vc_row_inner row_content_width=\u00bbgrid\u00bb][vc_column_inner][vc_empty_space height=\u00bb45px\u00bb][vc_empty_space height=\u00bb45px\u00bb][\/vc_column_inner][\/vc_row_inner][\/vc_column][\/vc_row][vc_row equal_height=\u00bbyes\u00bb css=\u00bb.vc_custom_1680263267072{background-color: #fbf9f9 !important;}\u00bb el_class=\u00bbrestaurant-item\u00bb][vc_column css=\u00bb.vc_custom_1680264166083{padding-right: 15px !important;padding-bottom: 10px !important;padding-left: 35px !important;background-color: #f4f2f0 !important;background-position: center !important;background-repeat: no-repeat !important;background-size: cover !important;}\u00bb offset=\u00bbvc_col-lg-offset-0 vc_col-lg-6 vc_col-md-12 vc_col-sm-offset-0&#8243; el_class=\u00bbordertxt\u00bb][\/vc_column][vc_column offset=\u00bbvc_col-lg-offset-0 vc_col-lg-6 vc_col-md-12 vc_col-sm-offset-0&#8243; css=\u00bb.vc_custom_1680263177359{padding-top: 0px !important;padding-right: 0px [&hellip;]<\/p>\n","protected":false},"author":11,"featured_media":0,"parent":55150,"menu_order":0,"comment_status":"closed","ping_status":"closed","template":"full-width.php","meta":[],"yoast_head":"<!-- This site is optimized with the Yoast SEO plugin v18.1 - https:\/\/yoast.com\/wordpress\/plugins\/seo\/ -->\n<title>Restaurantes y Bares - AP Sines - Costa Alentejana - Hotel 4 estrellas - Web Oficial<\/title>\n<meta name=\"description\" content=\"Descubra los restaurantes y bares del hotel AP Sines - Costa Alentejana y disfrute de una deliciosa comida o bebida durante sus vacaciones.\" \/>\n<meta name=\"robots\" content=\"index, follow, max-snippet:-1, max-image-preview:large, max-video-preview:-1\" \/>\n<link rel=\"canonical\" href=\"https:\/\/ap-hotelsresorts.com\/es\/sines\/restaurante-y-bar\/\" \/>\n<meta property=\"og:locale\" content=\"es_ES\" \/>\n<meta property=\"og:type\" content=\"article\" \/>\n<meta property=\"og:title\" content=\"Restaurantes y Bares - AP Sines - Costa Alentejana - Hotel 4 estrellas - Web Oficial\" \/>\n<meta property=\"og:description\" content=\"Descubra los restaurantes y bares del hotel AP Sines - Costa Alentejana y disfrute de una deliciosa comida o bebida durante sus vacaciones.\" \/>\n<meta property=\"og:url\" content=\"https:\/\/ap-hotelsresorts.com\/es\/sines\/restaurante-y-bar\/\" \/>\n<meta property=\"og:site_name\" content=\"AP HOTELS &amp; RESORTS .\" \/>\n<meta property=\"article:publisher\" content=\"https:\/\/www.facebook.com\/aphotelsresorts\" \/>\n<meta property=\"article:modified_time\" content=\"2025-06-09T15:02:04+00:00\" \/>\n<meta name=\"twitter:card\" content=\"summary_large_image\" \/>\n<meta name=\"twitter:site\" content=\"@ApHotels\" \/>\n<meta name=\"twitter:label1\" content=\"Tiempo de lectura\" \/>\n\t<meta name=\"twitter:data1\" content=\"5 minutos\" \/>\n<script type=\"application\/ld+json\" class=\"yoast-schema-graph\">{\"@context\":\"https:\/\/schema.org\",\"@graph\":[{\"@type\":\"Organization\",\"@id\":\"https:\/\/ap-hotelsresorts.com\/#organization\",\"name\":\"AP HOTELS & RESORTS\",\"url\":\"https:\/\/ap-hotelsresorts.com\/\",\"sameAs\":[\"https:\/\/www.facebook.com\/aphotelsresorts\",\"https:\/\/www.instagram.com\/aphotelsresorts\/\",\"https:\/\/www.linkedin.com\/company\/ap-hotels-and-resorts\",\"https:\/\/www.youtube.com\/channel\/UCSmwGBz36kx2XALzeVAlKEg\",\"https:\/\/twitter.com\/ApHotels\"],\"logo\":{\"@type\":\"ImageObject\",\"@id\":\"https:\/\/ap-hotelsresorts.com\/#logo\",\"inLanguage\":\"es\",\"url\":\"https:\/\/ap-hotelsresorts.com\/wp-content\/uploads\/2021\/03\/logo-1.png\",\"contentUrl\":\"https:\/\/ap-hotelsresorts.com\/wp-content\/uploads\/2021\/03\/logo-1.png\",\"width\":\"3915\",\"height\":\"1388\",\"caption\":\"AP HOTELS & RESORTS\"},\"image\":{\"@id\":\"https:\/\/ap-hotelsresorts.com\/#logo\"}},{\"@type\":\"WebSite\",\"@id\":\"https:\/\/ap-hotelsresorts.com\/#website\",\"url\":\"https:\/\/ap-hotelsresorts.com\/\",\"name\":\"AP HOTELS &amp; RESORTS .\",\"description\":\"Albufeira . Faro . Portim\u00e3o . Tavira . Algarve\",\"publisher\":{\"@id\":\"https:\/\/ap-hotelsresorts.com\/#organization\"},\"potentialAction\":[{\"@type\":\"SearchAction\",\"target\":{\"@type\":\"EntryPoint\",\"urlTemplate\":\"https:\/\/ap-hotelsresorts.com\/?s={search_term_string}\"},\"query-input\":\"required name=search_term_string\"}],\"inLanguage\":\"es\"},{\"@type\":\"WebPage\",\"@id\":\"https:\/\/ap-hotelsresorts.com\/es\/sines\/restaurante-y-bar\/#webpage\",\"url\":\"https:\/\/ap-hotelsresorts.com\/es\/sines\/restaurante-y-bar\/\",\"name\":\"Restaurantes y Bares - AP Sines - Costa Alentejana - Hotel 4 estrellas - Web Oficial\",\"isPartOf\":{\"@id\":\"https:\/\/ap-hotelsresorts.com\/#website\"},\"datePublished\":\"2024-12-09T11:39:36+00:00\",\"dateModified\":\"2025-06-09T15:02:04+00:00\",\"description\":\"Descubra los restaurantes y bares del hotel AP Sines - Costa Alentejana y disfrute de una deliciosa comida o bebida durante sus vacaciones.\",\"breadcrumb\":{\"@id\":\"https:\/\/ap-hotelsresorts.com\/es\/sines\/restaurante-y-bar\/#breadcrumb\"},\"inLanguage\":\"es\",\"potentialAction\":[{\"@type\":\"ReadAction\",\"target\":[\"https:\/\/ap-hotelsresorts.com\/es\/sines\/restaurante-y-bar\/\"]}]},{\"@type\":\"BreadcrumbList\",\"@id\":\"https:\/\/ap-hotelsresorts.com\/es\/sines\/restaurante-y-bar\/#breadcrumb\",\"itemListElement\":[{\"@type\":\"ListItem\",\"position\":1,\"name\":\"Home\",\"item\":\"https:\/\/ap-hotelsresorts.com\/es\/\"},{\"@type\":\"ListItem\",\"position\":2,\"name\":\"Sines\",\"item\":\"https:\/\/ap-hotelsresorts.com\/es\/sines\/\"},{\"@type\":\"ListItem\",\"position\":3,\"name\":\"Restaurante y bar\"}]}]}<\/script>\n<!-- \/ Yoast SEO plugin. -->","yoast_head_json":{"title":"Restaurantes y Bares - AP Sines - Costa Alentejana - Hotel 4 estrellas - Web Oficial","description":"Descubra los restaurantes y bares del hotel AP Sines - Costa Alentejana y disfrute de una deliciosa comida o bebida durante sus vacaciones.","robots":{"index":"index","follow":"follow","max-snippet":"max-snippet:-1","max-image-preview":"max-image-preview:large","max-video-preview":"max-video-preview:-1"},"canonical":"https:\/\/ap-hotelsresorts.com\/es\/sines\/restaurante-y-bar\/","og_locale":"es_ES","og_type":"article","og_title":"Restaurantes y Bares - AP Sines - Costa Alentejana - Hotel 4 estrellas - Web Oficial","og_description":"Descubra los restaurantes y bares del hotel AP Sines - Costa Alentejana y disfrute de una deliciosa comida o bebida durante sus vacaciones.","og_url":"https:\/\/ap-hotelsresorts.com\/es\/sines\/restaurante-y-bar\/","og_site_name":"AP HOTELS &amp; RESORTS .","article_publisher":"https:\/\/www.facebook.com\/aphotelsresorts","article_modified_time":"2025-06-09T15:02:04+00:00","twitter_card":"summary_large_image","twitter_site":"@ApHotels","twitter_misc":{"Tiempo de lectura":"5 minutos"},"schema":{"@context":"https:\/\/schema.org","@graph":[{"@type":"Organization","@id":"https:\/\/ap-hotelsresorts.com\/#organization","name":"AP HOTELS & RESORTS","url":"https:\/\/ap-hotelsresorts.com\/","sameAs":["https:\/\/www.facebook.com\/aphotelsresorts","https:\/\/www.instagram.com\/aphotelsresorts\/","https:\/\/www.linkedin.com\/company\/ap-hotels-and-resorts","https:\/\/www.youtube.com\/channel\/UCSmwGBz36kx2XALzeVAlKEg","https:\/\/twitter.com\/ApHotels"],"logo":{"@type":"ImageObject","@id":"https:\/\/ap-hotelsresorts.com\/#logo","inLanguage":"es","url":"https:\/\/ap-hotelsresorts.com\/wp-content\/uploads\/2021\/03\/logo-1.png","contentUrl":"https:\/\/ap-hotelsresorts.com\/wp-content\/uploads\/2021\/03\/logo-1.png","width":"3915","height":"1388","caption":"AP HOTELS & RESORTS"},"image":{"@id":"https:\/\/ap-hotelsresorts.com\/#logo"}},{"@type":"WebSite","@id":"https:\/\/ap-hotelsresorts.com\/#website","url":"https:\/\/ap-hotelsresorts.com\/","name":"AP HOTELS &amp; RESORTS .","description":"Albufeira . Faro . Portim\u00e3o . Tavira . Algarve","publisher":{"@id":"https:\/\/ap-hotelsresorts.com\/#organization"},"potentialAction":[{"@type":"SearchAction","target":{"@type":"EntryPoint","urlTemplate":"https:\/\/ap-hotelsresorts.com\/?s={search_term_string}"},"query-input":"required name=search_term_string"}],"inLanguage":"es"},{"@type":"WebPage","@id":"https:\/\/ap-hotelsresorts.com\/es\/sines\/restaurante-y-bar\/#webpage","url":"https:\/\/ap-hotelsresorts.com\/es\/sines\/restaurante-y-bar\/","name":"Restaurantes y Bares - AP Sines - Costa Alentejana - Hotel 4 estrellas - Web Oficial","isPartOf":{"@id":"https:\/\/ap-hotelsresorts.com\/#website"},"datePublished":"2024-12-09T11:39:36+00:00","dateModified":"2025-06-09T15:02:04+00:00","description":"Descubra los restaurantes y bares del hotel AP Sines - Costa Alentejana y disfrute de una deliciosa comida o bebida durante sus vacaciones.","breadcrumb":{"@id":"https:\/\/ap-hotelsresorts.com\/es\/sines\/restaurante-y-bar\/#breadcrumb"},"inLanguage":"es","potentialAction":[{"@type":"ReadAction","target":["https:\/\/ap-hotelsresorts.com\/es\/sines\/restaurante-y-bar\/"]}]},{"@type":"BreadcrumbList","@id":"https:\/\/ap-hotelsresorts.com\/es\/sines\/restaurante-y-bar\/#breadcrumb","itemListElement":[{"@type":"ListItem","position":1,"name":"Home","item":"https:\/\/ap-hotelsresorts.com\/es\/"},{"@type":"ListItem","position":2,"name":"Sines","item":"https:\/\/ap-hotelsresorts.com\/es\/sines\/"},{"@type":"ListItem","position":3,"name":"Restaurante y bar"}]}]}},"_links":{"self":[{"href":"https:\/\/ap-hotelsresorts.com\/es\/wp-json\/wp\/v2\/pages\/55235"}],"collection":[{"href":"https:\/\/ap-hotelsresorts.com\/es\/wp-json\/wp\/v2\/pages"}],"about":[{"href":"https:\/\/ap-hotelsresorts.com\/es\/wp-json\/wp\/v2\/types\/page"}],"author":[{"embeddable":true,"href":"https:\/\/ap-hotelsresorts.com\/es\/wp-json\/wp\/v2\/users\/11"}],"replies":[{"embeddable":true,"href":"https:\/\/ap-hotelsresorts.com\/es\/wp-json\/wp\/v2\/comments?post=55235"}],"version-history":[{"count":0,"href":"https:\/\/ap-hotelsresorts.com\/es\/wp-json\/wp\/v2\/pages\/55235\/revisions"}],"up":[{"embeddable":true,"href":"https:\/\/ap-hotelsresorts.com\/es\/wp-json\/wp\/v2\/pages\/55150"}],"wp:attachment":[{"href":"https:\/\/ap-hotelsresorts.com\/es\/wp-json\/wp\/v2\/media?parent=55235"}],"curies":[{"name":"wp","href":"https:\/\/api.w.org\/{rel}","templated":true}]}}