{"id":62355,"date":"2025-12-15T17:40:41","date_gmt":"2025-12-15T17:40:41","guid":{"rendered":"https:\/\/ap-hotelsresorts.com\/?page_id=62355"},"modified":"2026-01-08T10:38:45","modified_gmt":"2026-01-08T10:38:45","slug":"contactos","status":"publish","type":"page","link":"https:\/\/ap-hotelsresorts.com\/es\/porto\/contactos\/","title":{"rendered":"Contactos"},"content":{"rendered":"<p>[vc_row css=\u00bb.vc_custom_1601116543841{padding-top: 100px !important;padding-bottom: 50px !important;}\u00bb el_class=\u00bbcontact-address-section\u00bb][vc_column][vc_row_inner row_content_width=\u00bbgrid\u00bb][vc_column_inner el_class=\u00bbcontact-from-address-details\u00bb width=\u00bb1\/6&#8243;][\/vc_column_inner][vc_column_inner width=\u00bb2\/3&#8243;]<div class=\"mkdf-section-title-holder contact-form-heading mkdf-st-standard  mkdf-st-title-left mkdf-st-normal-space \" >\n\t<div class=\"mkdf-st-inner\">\n\t\t\t\t\t\t\t<h2 class=\"mkdf-st-title\" >\n\t\t\t\tCONT\u00c1CTENOS\t\t\t\t\t\t\t<\/h2>\n\t\t\t\t\t\t\t<\/div>\n<\/div>[vc_column_text]<div role=\"form\" class=\"wpcf7\" id=\"wpcf7-f31147-o1\" lang=\"es-ES\" dir=\"ltr\">\n<div class=\"screen-reader-response\"><p role=\"status\" aria-live=\"polite\" aria-atomic=\"true\"><\/p> <ul><\/ul><\/div>\n<form action=\"\/es\/wp-json\/wp\/v2\/pages\/62355#wpcf7-f31147-o1\" method=\"post\" class=\"wpcf7-form init\" novalidate=\"novalidate\" data-status=\"init\">\n<div style=\"display: none;\">\n<input type=\"hidden\" name=\"_wpcf7\" value=\"31147\" \/>\n<input type=\"hidden\" name=\"_wpcf7_version\" value=\"5.5.5\" \/>\n<input type=\"hidden\" name=\"_wpcf7_locale\" value=\"es_ES\" \/>\n<input type=\"hidden\" name=\"_wpcf7_unit_tag\" value=\"wpcf7-f31147-o1\" \/>\n<input type=\"hidden\" name=\"_wpcf7_container_post\" value=\"0\" \/>\n<input type=\"hidden\" name=\"_wpcf7_posted_data_hash\" value=\"\" \/>\n<\/div>\n<div class=\"contact-page-form\">\n<div class=\"vc_col-sm-6 contact-form-column\">\n<span class=\"wpcf7-form-control-wrap first-name\"><input type=\"text\" name=\"first-name\" value=\"\" size=\"40\" class=\"wpcf7-form-control wpcf7-text wpcf7-validates-as-required\" aria-required=\"true\" aria-invalid=\"false\" placeholder=\"Primer nombre *\" \/><\/span>\n<\/div>\n<div class=\"vc_col-sm-6 contact-form-column\">\n<span class=\"wpcf7-form-control-wrap last-name\"><input type=\"text\" name=\"last-name\" value=\"\" size=\"40\" class=\"wpcf7-form-control wpcf7-text wpcf7-validates-as-required\" aria-required=\"true\" aria-invalid=\"false\" placeholder=\"Apellido *\" \/><\/span>\n<\/div>\n<div class=\"vc_col-sm-6 contact-form-column\">\n<span class=\"wpcf7-form-control-wrap email\"><input type=\"email\" name=\"email\" value=\"\" size=\"40\" class=\"wpcf7-form-control wpcf7-text wpcf7-email wpcf7-validates-as-required wpcf7-validates-as-email\" aria-required=\"true\" aria-invalid=\"false\" placeholder=\"Email *\" \/><\/span>\n<\/div>\n<div class=\"vc_col-sm-6 contact-form-column\">\n<span class=\"wpcf7-form-control-wrap phone\"><input type=\"tel\" name=\"phone\" value=\"\" size=\"40\" class=\"wpcf7-form-control wpcf7-text wpcf7-tel wpcf7-validates-as-required wpcf7-validates-as-tel\" aria-required=\"true\" aria-invalid=\"false\" placeholder=\"Tel\u00e9fono *\" \/><\/span>\n<\/div>\n<div class=\"vc_col-sm-12 contact-form-column message-topic\">\n<span class=\"wpcf7-form-control-wrap MessageTopic\"><select name=\"MessageTopic\" class=\"wpcf7-form-control wpcf7-select wpcf7-validates-as-required\" aria-required=\"true\" aria-invalid=\"false\"><option value=\"Tema del mensaje *\">Tema del mensaje *<\/option><option value=\"REUNI\u00d3N\">REUNI\u00d3N<\/option><option value=\"CONGRESO\">CONGRESO<\/option><option value=\"TALLER\">TALLER<\/option><option value=\"INCENTIVA\">INCENTIVA<\/option><option value=\"BODA\">BODA<\/option><\/select><\/span>\n<\/div>\n<div class=\"vc_col-sm-12 contact-form-column SelectHotel\">\n<span class=\"wpcf7-form-control-wrap Hotel\"><select name=\"Hotel\" class=\"wpcf7-form-control wpcf7-select wpcf7-validates-as-required\" aria-required=\"true\" aria-invalid=\"false\"><option value=\"Seleccionar Hotel\">Seleccionar Hotel<\/option><option value=\"AP Adriana\">AP Adriana<\/option><option value=\"AP Cabanas\">AP Cabanas<\/option><option value=\"AP Eva\">AP Eva<\/option><option value=\"AP Maria Nova\">AP Maria Nova<\/option><option value=\"AP Oriental\">AP Oriental<\/option><option value=\"AP Victoria\">AP Victoria<\/option><\/select><\/span>\n<\/div>\n<div class=\"vc_col-sm-12 contact-form-column\">\n<span class=\"wpcf7-form-control-wrap comments\"><textarea name=\"comments\" cols=\"40\" rows=\"10\" class=\"wpcf7-form-control wpcf7-textarea\" aria-invalid=\"false\" placeholder=\"Comentarios\"><\/textarea><\/span>\n<\/div>\n<div class=\"vc_col-sm-12 contact-form-column\">\n<label><br \/>\nAl completar este formulario y hacer clic en enviar a continuaci\u00f3n, acepto que el grupo MADRE, propietario de AP Hotels & Resorts, puede enviarme mensajes de marketing y ofertas promocionales por correo electr\u00f3nico, correo electr\u00f3nico directo y SMS, como se describe en la Pol\u00edtica de privacidad de AP Hotels & Resorts.<br \/>\n<\/label>\n<\/div>\n<div class=\"vc_col-sm-12 contact-form-column\">\n<input type=\"submit\" value=\"ENTREGAR\" class=\"wpcf7-form-control has-spinner wpcf7-submit\" \/>\n<\/div>\n<\/div>\n<div class=\"wpcf7-response-output\" aria-hidden=\"true\"><\/div><\/form><\/div>[\/vc_column_text][vc_empty_space height=\u00bb50px\u00bb][\/vc_column_inner][vc_column_inner width=\u00bb1\/6&#8243;][\/vc_column_inner][\/vc_row_inner][\/vc_column][\/vc_row][vc_row row_content_width=\u00bbgrid\u00bb css=\u00bb.vc_custom_1762439821215{padding-top: 50px !important;}\u00bb][vc_column]<div class=\"mkdf-section-title-holder  mkdf-st-standard mkdf-st-ha-center mkdf-st-title-left mkdf-st-normal-space \" style=\"text-align: center\">\n\t<div class=\"mkdf-st-inner\">\n\t\t\t\t\t\t\t<h2 class=\"mkdf-st-title\" >\n\t\t\t\tGU\u00cdA DE UBICACI\u00d3N\t\t\t\t\t\t\t<\/h2>\n\t\t\t\t\t\t\t<\/div>\n<\/div>[vc_empty_space height=\u00bb30px\u00bb][vc_raw_html]JTNDaWZyYW1lJTIwc3JjJTNEJTIyaHR0cHMlM0ElMkYlMkZ3d3cuZ29vZ2xlLmNvbSUyRm1hcHMlMkZlbWJlZCUzRnBiJTNEJTIxMW0xNCUyMTFtMTIlMjExbTMlMjExZDExNDEuNTk4MDE0MTM0NDQyOCUyMTJkLTguNjY2NjgwNzk4Njk4NDkyJTIxM2Q0MS4yMzUxNTE0NDMyMDM2NCUyMTJtMyUyMTFmMCUyMTJmMCUyMTNmMCUyMTNtMiUyMTFpMTAyNCUyMTJpNzY4JTIxNGYxMy4xJTIxNWUxJTIxM20yJTIxMXNwdC1QVCUyMTJzcHQlMjE0djE3NjI0NDAxMTM5OTElMjE1bTIlMjExc3B0LVBUJTIxMnNwdCUyMiUyMHdpZHRoJTNEJTIyMTkyMCUyMiUyMGhlaWdodCUzRCUyMjEwODAlMjIlMjBzdHlsZSUzRCUyMmJvcmRlciUzQTAlM0IlMjIlMjBhbGxvd2Z1bGxzY3JlZW4lM0QlMjIlMjIlMjBsb2FkaW5nJTNEJTIybGF6eSUyMiUyMHJlZmVycmVycG9saWN5JTNEJTIybm8tcmVmZXJyZXItd2hlbi1kb3duZ3JhZGUlMjIlM0UlM0MlMkZpZnJhbWUlM0U=[\/vc_raw_html][\/vc_column][\/vc_row][vc_row disable_element=\u00bbyes\u00bb css=\u00bb.vc_custom_1611590270412{padding-top: 100px !important;}\u00bb el_class=\u00bbteam-section\u00bb][vc_column][vc_row_inner row_content_width=\u00bbgrid\u00bb][vc_column_inner]<div class=\"mkdf-section-title-holder  mkdf-st-standard mkdf-st-ha-center mkdf-st-title-left mkdf-st-normal-space \" style=\"text-align: center\">\n\t<div class=\"mkdf-st-inner\">\n\t\t\t\t\t\t\t<h2 class=\"mkdf-st-title\" >\n\t\t\t\tCONHE\u00c7A A NOSSA EQUIPA\t\t\t\t\t\t\t<\/h2>\n\t\t\t\t\t\t\t<\/div>\n<\/div>[vc_empty_space height=\u00bb30px\u00bb][\/vc_column_inner][\/vc_row_inner][\/vc_column][\/vc_row][vc_row content_placement=\u00bbmiddle\u00bb disable_element=\u00bbyes\u00bb row_content_width=\u00bbgrid\u00bb][vc_column width=\u00bb1\/2&#8243;]<div class=\"mkdf-team-holder mkdf-team-info-below-image\">\n\t<div class=\"mkdf-team-inner\">\n\t\t\t\t\t<div class=\"mkdf-team-image\">\n                <img width=\"234\" height=\"234\" src=\"https:\/\/ap-hotelsresorts.com\/wp-content\/uploads\/2021\/01\/Xisco_Homs.jpg\" class=\"attachment-full size-full\" alt=\"Xisco Homs\" decoding=\"async\" loading=\"lazy\" srcset=\"https:\/\/ap-hotelsresorts.com\/wp-content\/uploads\/2021\/01\/Xisco_Homs.jpg 234w, https:\/\/ap-hotelsresorts.com\/wp-content\/uploads\/2021\/01\/Xisco_Homs-150x150.jpg 150w, https:\/\/ap-hotelsresorts.com\/wp-content\/uploads\/2021\/01\/Xisco_Homs-100x100.jpg 100w\" sizes=\"(max-width: 234px) 100vw, 234px\" \/>\t\t\t\t<div class=\"mkdf-team-social-wrapper\">\n\t\t\t\t\t<div class=\"mkdf-team-social-outer\">\n\t\t\t\t\t\t<div class=\"mkdf-team-social-inner\">\n\t\t\t\t\t\t\t\t\t\t\t\t\t\t\t<div class=\"mkdf-team-social-holder\">\n\t\t\t\t\t\t\t\t\t\t\t\t\t\t\t\t\t\t\t<span class=\"mkdf-team-icon\">    <span class=\"mkdf-icon-shortcode mkdf-normal   \">\n                    <a class=\"\" href=\"mailto:dir.marianova@ap-hotelsresorts.com\" target=\"_blank\">\n                    <i class=\"mkdf-icon-font-awesome fa fa-envelope mkdf-icon-element\"><\/i>                    <\/a>\n            <\/span>\n<\/span>\n\t\t\t\t\t\t\t\t\t\t\t\t\t\t\t\t\t<\/div>\n\t\t\t\t\t\t\t\t\t\t\t\t\t<\/div>\n\t\t\t\t\t<\/div>\n\t\t\t\t<\/div>\n\t\t\t<\/div>\n\t\t\t\t<div class=\"mkdf-team-info\">\n\t\t\t\t\t\t\t<h5 class=\"mkdf-team-name\" >Xisco Homs<\/h5>\n\t\t\t\t\t\t\t\t\t\t<h6 class=\"mkdf-team-position\" >DIRETOR HOTEL<\/h6>\n\t\t\t\t\t<\/div>\n\t<\/div>\n<\/div>[\/vc_column][vc_column width=\u00bb1\/2&#8243;]<div class=\"mkdf-team-holder mkdf-team-info-below-image\">\n\t<div class=\"mkdf-team-inner\">\n\t\t\t\t\t<div class=\"mkdf-team-image\">\n                <img width=\"234\" height=\"234\" src=\"https:\/\/ap-hotelsresorts.com\/wp-content\/uploads\/2021\/01\/Hugo_Caetano.jpg\" class=\"attachment-full size-full\" alt=\"Hugo Caetano\" decoding=\"async\" loading=\"lazy\" srcset=\"https:\/\/ap-hotelsresorts.com\/wp-content\/uploads\/2021\/01\/Hugo_Caetano.jpg 234w, https:\/\/ap-hotelsresorts.com\/wp-content\/uploads\/2021\/01\/Hugo_Caetano-150x150.jpg 150w, https:\/\/ap-hotelsresorts.com\/wp-content\/uploads\/2021\/01\/Hugo_Caetano-100x100.jpg 100w\" sizes=\"(max-width: 234px) 100vw, 234px\" \/>\t\t\t\t<div class=\"mkdf-team-social-wrapper\">\n\t\t\t\t\t<div class=\"mkdf-team-social-outer\">\n\t\t\t\t\t\t<div class=\"mkdf-team-social-inner\">\n\t\t\t\t\t\t\t\t\t\t\t\t\t\t\t<div class=\"mkdf-team-social-holder\">\n\t\t\t\t\t\t\t\t\t\t\t\t\t\t\t\t\t\t\t<span class=\"mkdf-team-icon\">    <span class=\"mkdf-icon-shortcode mkdf-normal   \">\n                    <a class=\"\" href=\"http:\/\/rm.marianova@ap-hotelsresorts.com\" target=\"_self\">\n                    <i class=\"mkdf-icon-font-awesome fa fa-envelope mkdf-icon-element\"><\/i>                    <\/a>\n            <\/span>\n<\/span>\n\t\t\t\t\t\t\t\t\t\t\t\t\t\t\t\t\t<\/div>\n\t\t\t\t\t\t\t\t\t\t\t\t\t<\/div>\n\t\t\t\t\t<\/div>\n\t\t\t\t<\/div>\n\t\t\t<\/div>\n\t\t\t\t<div class=\"mkdf-team-info\">\n\t\t\t\t\t\t\t<h5 class=\"mkdf-team-name\" >Hugo Caetano<\/h5>\n\t\t\t\t\t\t\t\t\t\t<h6 class=\"mkdf-team-position\" >CHEFE RECE\u00c7\u00c3O<\/h6>\n\t\t\t\t\t<\/div>\n\t<\/div>\n<\/div>[\/vc_column][\/vc_row][vc_row][vc_column][vc_empty_space height=\u00bb\u00bb][\/vc_column][\/vc_row][vc_row content_text_aligment=\u00bbcenter\u00bb css=\u00bb.vc_custom_1762443729300{padding-bottom: 80px !important;background-color: #ffffff !important;background-position: center !important;background-repeat: no-repeat !important;background-size: cover !important;}\u00bb el_class=\u00bbadriana-hotel-footer-address-top\u00bb][vc_column offset=\u00bbvc_col-lg-offset-1 vc_col-lg-10 vc_col-md-offset-1 vc_col-md-10&#8243; el_class=\u00bbadriana-hotel-footer-address\u00bb]<div class=\"mkdf-section-title-holder  mkdf-st-standard mkdf-st-ha-center mkdf-st-title-left mkdf-st-normal-space \" style=\"text-align: center\">\n\t<div class=\"mkdf-st-inner\">\n\t\t\t\t\t\t\t<h2 class=\"mkdf-st-title\" >\n\t\t\t\tAP AEROPORTO PORTO\t\t\t\t\t\t\t<\/h2>\n\t\t\t\t\t\t\t<\/div>\n<\/div>[vc_empty_space height=\u00bb40px\u00bb][vc_column_text]<\/p>\n<p style=\"text-align: center;\">Rua de Hotel De Pedras Rubras 99, 4470-573 Moreira da Maia<\/p>\n<p style=\"text-align: center;\">General: <span style=\"text-decoration: underline;\"><a href=\"tel: +351 22 073 2400\">+351 <span aria-label=\"Call phone number 22 073 2400\">22 073 2400<\/span><\/a><\/span> (Llamada a la Red Fija Nacional) | <a href=\"mailto:rec.porto@ap-hotelsresorts.com\"><span style=\"text-decoration: underline;\">rec.porto@ap-hotelsresorts.com<\/span><\/a><\/p>\n<p style=\"text-align: center;\">Reservas: <a href=\"tel: +351 289 540 100\"><u>+351 289 540 100<\/u><\/a><a href=\"tel: +351 289 540 149\">\u00a0<\/a>(Llamada a la Red Fija Nacional) | <a href=\"mailto:book.porto@ap-hotelsresorts.com\"><span style=\"text-decoration: underline;\">book.porto@ap-hotelsresorts.com<\/span><\/a> | RNET 1380<\/p>\n<p style=\"text-align: center;\">REDES SOCIALES<\/p>\n<p>[\/vc_column_text]    <span class=\"mkdf-icon-shortcode mkdf-normal   mkdf-icon-small\"  data-color=\"#000000\">\n                    <a itemprop=\"url\" class=\"\" href=\"https:\/\/www.instagram.com\/ap.aeroportoporto\/\" target=\"_blank\">\n                    <i class=\"mkdf-icon-font-awesome fa fa-instagram mkdf-icon-element\" style=\"color: #000000\" ><\/i>                    <\/a>\n            <\/span>\n    <span class=\"mkdf-icon-shortcode mkdf-circle   mkdf-icon-small\" style=\"background-color: #efe3da;border-color: #000000\" data-color=\"#000000\">\n                    <a itemprop=\"url\" class=\"\" href=\"https:\/\/www.facebook.com\/ap.aeroportoporto\" target=\"_blank\">\n                    <i class=\"mkdf-icon-font-awesome fa fa-facebook mkdf-icon-element\" style=\"color: #000000\" ><\/i>                    <\/a>\n            <\/span>\n[vc_empty_space height=\u00bb40px\u00bb][\/vc_column][\/vc_row]<\/p>\n","protected":false},"excerpt":{"rendered":"<p>[vc_row css=\u00bb.vc_custom_1601116543841{padding-top: 100px !important;padding-bottom: 50px !important;}\u00bb el_class=\u00bbcontact-address-section\u00bb][vc_column][vc_row_inner row_content_width=\u00bbgrid\u00bb][vc_column_inner el_class=\u00bbcontact-from-address-details\u00bb width=\u00bb1\/6&#8243;][\/vc_column_inner][vc_column_inner width=\u00bb2\/3&#8243;][vc_column_text][\/vc_column_text][vc_empty_space height=\u00bb50px\u00bb][\/vc_column_inner][vc_column_inner width=\u00bb1\/6&#8243;][\/vc_column_inner][\/vc_row_inner][\/vc_column][\/vc_row][vc_row row_content_width=\u00bbgrid\u00bb css=\u00bb.vc_custom_1762439821215{padding-top: 50px !important;}\u00bb][vc_column][vc_empty_space height=\u00bb30px\u00bb][vc_raw_html]JTNDaWZyYW1lJTIwc3JjJTNEJTIyaHR0cHMlM0ElMkYlMkZ3d3cuZ29vZ2xlLmNvbSUyRm1hcHMlMkZlbWJlZCUzRnBiJTNEJTIxMW0xNCUyMTFtMTIlMjExbTMlMjExZDExNDEuNTk4MDE0MTM0NDQyOCUyMTJkLTguNjY2NjgwNzk4Njk4NDkyJTIxM2Q0MS4yMzUxNTE0NDMyMDM2NCUyMTJtMyUyMTFmMCUyMTJmMCUyMTNmMCUyMTNtMiUyMTFpMTAyNCUyMTJpNzY4JTIxNGYxMy4xJTIxNWUxJTIxM20yJTIxMXNwdC1QVCUyMTJzcHQlMjE0djE3NjI0NDAxMTM5OTElMjE1bTIlMjExc3B0LVBUJTIxMnNwdCUyMiUyMHdpZHRoJTNEJTIyMTkyMCUyMiUyMGhlaWdodCUzRCUyMjEwODAlMjIlMjBzdHlsZSUzRCUyMmJvcmRlciUzQTAlM0IlMjIlMjBhbGxvd2Z1bGxzY3JlZW4lM0QlMjIlMjIlMjBsb2FkaW5nJTNEJTIybGF6eSUyMiUyMHJlZmVycmVycG9saWN5JTNEJTIybm8tcmVmZXJyZXItd2hlbi1kb3duZ3JhZGUlMjIlM0UlM0MlMkZpZnJhbWUlM0U=[\/vc_raw_html][\/vc_column][\/vc_row][vc_row disable_element=\u00bbyes\u00bb css=\u00bb.vc_custom_1611590270412{padding-top: 100px !important;}\u00bb el_class=\u00bbteam-section\u00bb][vc_column][vc_row_inner row_content_width=\u00bbgrid\u00bb][vc_column_inner][vc_empty_space height=\u00bb30px\u00bb][\/vc_column_inner][\/vc_row_inner][\/vc_column][\/vc_row][vc_row content_placement=\u00bbmiddle\u00bb disable_element=\u00bbyes\u00bb row_content_width=\u00bbgrid\u00bb][vc_column width=\u00bb1\/2&#8243;][\/vc_column][vc_column width=\u00bb1\/2&#8243;][\/vc_column][\/vc_row][vc_row][vc_column][vc_empty_space height=\u00bb\u00bb][\/vc_column][\/vc_row][vc_row content_text_aligment=\u00bbcenter\u00bb css=\u00bb.vc_custom_1762443729300{padding-bottom: 80px !important;background-color: #ffffff !important;background-position: center !important;background-repeat: no-repeat [&hellip;]<\/p>\n","protected":false},"author":11,"featured_media":0,"parent":62336,"menu_order":0,"comment_status":"closed","ping_status":"closed","template":"full-width.php","meta":[],"yoast_head":"<!-- This site is optimized with the Yoast SEO plugin v18.1 - https:\/\/yoast.com\/wordpress\/plugins\/seo\/ -->\n<title>Contactos - Hotel AP Aeroporto Porto - Sitio Oficial<\/title>\n<meta name=\"description\" content=\"Contactos del hotel AP Aeroporto Porto: p\u00f3ngase en contacto con nosotros para cualquier consulta o reserva. Hotel moderno y confortable cerca del Aeropuerto Francisco S\u00e1 Carneiro, en la ciudad de Oporto.\" \/>\n<meta name=\"robots\" content=\"index, follow, max-snippet:-1, max-image-preview:large, max-video-preview:-1\" \/>\n<link rel=\"canonical\" href=\"https:\/\/ap-hotelsresorts.com\/es\/porto\/contactos\/\" \/>\n<meta property=\"og:locale\" content=\"es_ES\" \/>\n<meta property=\"og:type\" content=\"article\" \/>\n<meta property=\"og:title\" content=\"Contactos - Hotel AP Aeroporto Porto - Sitio Oficial\" \/>\n<meta property=\"og:description\" content=\"Contactos del hotel AP Aeroporto Porto: p\u00f3ngase en contacto con nosotros para cualquier consulta o reserva. Hotel moderno y confortable cerca del Aeropuerto Francisco S\u00e1 Carneiro, en la ciudad de Oporto.\" \/>\n<meta property=\"og:url\" content=\"https:\/\/ap-hotelsresorts.com\/es\/porto\/contactos\/\" \/>\n<meta property=\"og:site_name\" content=\"AP HOTELS &amp; RESORTS .\" \/>\n<meta property=\"article:publisher\" content=\"https:\/\/www.facebook.com\/aphotelsresorts\" \/>\n<meta property=\"article:modified_time\" content=\"2026-01-08T10:38:45+00:00\" \/>\n<meta name=\"twitter:card\" content=\"summary_large_image\" \/>\n<meta name=\"twitter:site\" content=\"@ApHotels\" \/>\n<meta name=\"twitter:label1\" content=\"Tiempo de lectura\" \/>\n\t<meta name=\"twitter:data1\" content=\"3 minutos\" \/>\n<script type=\"application\/ld+json\" class=\"yoast-schema-graph\">{\"@context\":\"https:\/\/schema.org\",\"@graph\":[{\"@type\":\"Organization\",\"@id\":\"https:\/\/ap-hotelsresorts.com\/#organization\",\"name\":\"AP HOTELS & RESORTS\",\"url\":\"https:\/\/ap-hotelsresorts.com\/\",\"sameAs\":[\"https:\/\/www.facebook.com\/aphotelsresorts\",\"https:\/\/www.instagram.com\/aphotelsresorts\/\",\"https:\/\/www.linkedin.com\/company\/ap-hotels-and-resorts\",\"https:\/\/www.youtube.com\/channel\/UCSmwGBz36kx2XALzeVAlKEg\",\"https:\/\/twitter.com\/ApHotels\"],\"logo\":{\"@type\":\"ImageObject\",\"@id\":\"https:\/\/ap-hotelsresorts.com\/#logo\",\"inLanguage\":\"es\",\"url\":\"https:\/\/ap-hotelsresorts.com\/wp-content\/uploads\/2021\/03\/logo-1.png\",\"contentUrl\":\"https:\/\/ap-hotelsresorts.com\/wp-content\/uploads\/2021\/03\/logo-1.png\",\"width\":\"3915\",\"height\":\"1388\",\"caption\":\"AP HOTELS & RESORTS\"},\"image\":{\"@id\":\"https:\/\/ap-hotelsresorts.com\/#logo\"}},{\"@type\":\"WebSite\",\"@id\":\"https:\/\/ap-hotelsresorts.com\/#website\",\"url\":\"https:\/\/ap-hotelsresorts.com\/\",\"name\":\"AP HOTELS &amp; RESORTS .\",\"description\":\"Albufeira . Faro . Portim\u00e3o . Tavira . Algarve\",\"publisher\":{\"@id\":\"https:\/\/ap-hotelsresorts.com\/#organization\"},\"potentialAction\":[{\"@type\":\"SearchAction\",\"target\":{\"@type\":\"EntryPoint\",\"urlTemplate\":\"https:\/\/ap-hotelsresorts.com\/?s={search_term_string}\"},\"query-input\":\"required name=search_term_string\"}],\"inLanguage\":\"es\"},{\"@type\":\"WebPage\",\"@id\":\"https:\/\/ap-hotelsresorts.com\/es\/porto\/contactos\/#webpage\",\"url\":\"https:\/\/ap-hotelsresorts.com\/es\/porto\/contactos\/\",\"name\":\"Contactos - Hotel AP Aeroporto Porto - Sitio Oficial\",\"isPartOf\":{\"@id\":\"https:\/\/ap-hotelsresorts.com\/#website\"},\"datePublished\":\"2025-12-15T17:40:41+00:00\",\"dateModified\":\"2026-01-08T10:38:45+00:00\",\"description\":\"Contactos del hotel AP Aeroporto Porto: p\u00f3ngase en contacto con nosotros para cualquier consulta o reserva. Hotel moderno y confortable cerca del Aeropuerto Francisco S\u00e1 Carneiro, en la ciudad de Oporto.\",\"breadcrumb\":{\"@id\":\"https:\/\/ap-hotelsresorts.com\/es\/porto\/contactos\/#breadcrumb\"},\"inLanguage\":\"es\",\"potentialAction\":[{\"@type\":\"ReadAction\",\"target\":[\"https:\/\/ap-hotelsresorts.com\/es\/porto\/contactos\/\"]}]},{\"@type\":\"BreadcrumbList\",\"@id\":\"https:\/\/ap-hotelsresorts.com\/es\/porto\/contactos\/#breadcrumb\",\"itemListElement\":[{\"@type\":\"ListItem\",\"position\":1,\"name\":\"Home\",\"item\":\"https:\/\/ap-hotelsresorts.com\/es\/\"},{\"@type\":\"ListItem\",\"position\":2,\"name\":\"Porto\",\"item\":\"https:\/\/ap-hotelsresorts.com\/es\/porto\/\"},{\"@type\":\"ListItem\",\"position\":3,\"name\":\"Contactos\"}]}]}<\/script>\n<!-- \/ Yoast SEO plugin. -->","yoast_head_json":{"title":"Contactos - Hotel AP Aeroporto Porto - Sitio Oficial","description":"Contactos del hotel AP Aeroporto Porto: p\u00f3ngase en contacto con nosotros para cualquier consulta o reserva. Hotel moderno y confortable cerca del Aeropuerto Francisco S\u00e1 Carneiro, en la ciudad de Oporto.","robots":{"index":"index","follow":"follow","max-snippet":"max-snippet:-1","max-image-preview":"max-image-preview:large","max-video-preview":"max-video-preview:-1"},"canonical":"https:\/\/ap-hotelsresorts.com\/es\/porto\/contactos\/","og_locale":"es_ES","og_type":"article","og_title":"Contactos - Hotel AP Aeroporto Porto - Sitio Oficial","og_description":"Contactos del hotel AP Aeroporto Porto: p\u00f3ngase en contacto con nosotros para cualquier consulta o reserva. Hotel moderno y confortable cerca del Aeropuerto Francisco S\u00e1 Carneiro, en la ciudad de Oporto.","og_url":"https:\/\/ap-hotelsresorts.com\/es\/porto\/contactos\/","og_site_name":"AP HOTELS &amp; RESORTS .","article_publisher":"https:\/\/www.facebook.com\/aphotelsresorts","article_modified_time":"2026-01-08T10:38:45+00:00","twitter_card":"summary_large_image","twitter_site":"@ApHotels","twitter_misc":{"Tiempo de lectura":"3 minutos"},"schema":{"@context":"https:\/\/schema.org","@graph":[{"@type":"Organization","@id":"https:\/\/ap-hotelsresorts.com\/#organization","name":"AP HOTELS & RESORTS","url":"https:\/\/ap-hotelsresorts.com\/","sameAs":["https:\/\/www.facebook.com\/aphotelsresorts","https:\/\/www.instagram.com\/aphotelsresorts\/","https:\/\/www.linkedin.com\/company\/ap-hotels-and-resorts","https:\/\/www.youtube.com\/channel\/UCSmwGBz36kx2XALzeVAlKEg","https:\/\/twitter.com\/ApHotels"],"logo":{"@type":"ImageObject","@id":"https:\/\/ap-hotelsresorts.com\/#logo","inLanguage":"es","url":"https:\/\/ap-hotelsresorts.com\/wp-content\/uploads\/2021\/03\/logo-1.png","contentUrl":"https:\/\/ap-hotelsresorts.com\/wp-content\/uploads\/2021\/03\/logo-1.png","width":"3915","height":"1388","caption":"AP HOTELS & RESORTS"},"image":{"@id":"https:\/\/ap-hotelsresorts.com\/#logo"}},{"@type":"WebSite","@id":"https:\/\/ap-hotelsresorts.com\/#website","url":"https:\/\/ap-hotelsresorts.com\/","name":"AP HOTELS &amp; RESORTS .","description":"Albufeira . Faro . Portim\u00e3o . Tavira . Algarve","publisher":{"@id":"https:\/\/ap-hotelsresorts.com\/#organization"},"potentialAction":[{"@type":"SearchAction","target":{"@type":"EntryPoint","urlTemplate":"https:\/\/ap-hotelsresorts.com\/?s={search_term_string}"},"query-input":"required name=search_term_string"}],"inLanguage":"es"},{"@type":"WebPage","@id":"https:\/\/ap-hotelsresorts.com\/es\/porto\/contactos\/#webpage","url":"https:\/\/ap-hotelsresorts.com\/es\/porto\/contactos\/","name":"Contactos - Hotel AP Aeroporto Porto - Sitio Oficial","isPartOf":{"@id":"https:\/\/ap-hotelsresorts.com\/#website"},"datePublished":"2025-12-15T17:40:41+00:00","dateModified":"2026-01-08T10:38:45+00:00","description":"Contactos del hotel AP Aeroporto Porto: p\u00f3ngase en contacto con nosotros para cualquier consulta o reserva. Hotel moderno y confortable cerca del Aeropuerto Francisco S\u00e1 Carneiro, en la ciudad de Oporto.","breadcrumb":{"@id":"https:\/\/ap-hotelsresorts.com\/es\/porto\/contactos\/#breadcrumb"},"inLanguage":"es","potentialAction":[{"@type":"ReadAction","target":["https:\/\/ap-hotelsresorts.com\/es\/porto\/contactos\/"]}]},{"@type":"BreadcrumbList","@id":"https:\/\/ap-hotelsresorts.com\/es\/porto\/contactos\/#breadcrumb","itemListElement":[{"@type":"ListItem","position":1,"name":"Home","item":"https:\/\/ap-hotelsresorts.com\/es\/"},{"@type":"ListItem","position":2,"name":"Porto","item":"https:\/\/ap-hotelsresorts.com\/es\/porto\/"},{"@type":"ListItem","position":3,"name":"Contactos"}]}]}},"_links":{"self":[{"href":"https:\/\/ap-hotelsresorts.com\/es\/wp-json\/wp\/v2\/pages\/62355"}],"collection":[{"href":"https:\/\/ap-hotelsresorts.com\/es\/wp-json\/wp\/v2\/pages"}],"about":[{"href":"https:\/\/ap-hotelsresorts.com\/es\/wp-json\/wp\/v2\/types\/page"}],"author":[{"embeddable":true,"href":"https:\/\/ap-hotelsresorts.com\/es\/wp-json\/wp\/v2\/users\/11"}],"replies":[{"embeddable":true,"href":"https:\/\/ap-hotelsresorts.com\/es\/wp-json\/wp\/v2\/comments?post=62355"}],"version-history":[{"count":0,"href":"https:\/\/ap-hotelsresorts.com\/es\/wp-json\/wp\/v2\/pages\/62355\/revisions"}],"up":[{"embeddable":true,"href":"https:\/\/ap-hotelsresorts.com\/es\/wp-json\/wp\/v2\/pages\/62336"}],"wp:attachment":[{"href":"https:\/\/ap-hotelsresorts.com\/es\/wp-json\/wp\/v2\/media?parent=62355"}],"curies":[{"name":"wp","href":"https:\/\/api.w.org\/{rel}","templated":true}]}}