{"id":63518,"date":"2026-01-08T14:04:25","date_gmt":"2026-01-08T14:04:25","guid":{"rendered":"https:\/\/ap-hotelsresorts.com\/?page_id=63518"},"modified":"2026-04-28T13:13:29","modified_gmt":"2026-04-28T13:13:29","slug":"casarse-en-el-alentejo","status":"publish","type":"page","link":"https:\/\/ap-hotelsresorts.com\/es\/montargil\/casarse-en-el-alentejo\/","title":{"rendered":"Casarse en el Alentejo"},"content":{"rendered":"<p>[vc_row equal_height=\u00bbyes\u00bb css=\u00bb.vc_custom_1493278703024{background-color: #fbf9f9 !important;}\u00bb][vc_column offset=\u00bbvc_col-lg-offset-0 vc_col-lg-6 vc_col-md-12 vc_col-sm-offset-0&#8243; css=\u00bb.vc_custom_1769426816109{padding-top: 28% !important;padding-bottom: 28% !important;background-image: url(https:\/\/ap-hotelsresorts.com\/wp-content\/uploads\/2026\/01\/Fotos_28.05-106-1-scaled.jpg?id=64148) !important;background-position: center !important;background-repeat: no-repeat !important;background-size: cover !important;}\u00bb][\/vc_column][vc_column css=\u00bb.vc_custom_1604568190848{background-color: #f4f2f0 !important;background-position: center !important;background-repeat: no-repeat !important;background-size: cover !important;}\u00bb offset=\u00bbvc_col-lg-offset-0 vc_col-lg-6 vc_col-md-12 vc_col-sm-offset-0&#8243;]<div class=\"mkdf-elements-holder   mkdf-one-column  mkdf-responsive-mode-768 \" ><div class=\"mkdf-eh-item meeting-services-section   \"  data-item-class=\"mkdf-eh-custom-5671\" data-1024-1280=\"13% 13% 20% 13%\" data-768-1024=\"4% 15% 8% 12%\" data-680-768=\"3% 16% 9% 9%\" data-680=\"0% 5% 17% 6%\">\n\t<div class=\"mkdf-eh-item-inner\">\n\t\t<div class=\"mkdf-eh-item-content mkdf-eh-custom-5671\" style=\"padding: 3% 15% 3% 3%\">\n\t\t\t<div class=\"mkdf-section-title-holder  mkdf-st-standard mkdf-st-ha-left mkdf-st-title-left mkdf-st-normal-space \" style=\"text-align: left\">\n\t<div class=\"mkdf-st-inner\">\n\t\t\t\t\t\t\t<h1 class=\"mkdf-st-title\" style=\"color: #899ba6\">\n\t\t\t\tCasarse en el Alentejo\t\t\t\t\t\t\t<\/h1>\n\t\t\t\t\t\t\t<\/div>\n<\/div>[vc_empty_space height=\u00bb20px\u00bb][vc_column_text]<\/p>\n<h2><strong>Una boda de ensue\u00f1o con el lago Montargil como tel\u00f3n de fondo<\/strong><\/h2>\n<p>&nbsp;<\/p>\n<p>En el coraz\u00f3n de la regi\u00f3n del Alentejo, AP Lago Montargil ofrece el escenario perfecto para celebrar uno de los d\u00edas m\u00e1s importantes de tu vida.<\/p>\n<p>Rodeado por la tranquilidad y la belleza natural del lago Montargil, este espacio combina elegancia, exclusividad y romanticismo, creando la atm\u00f3sfera ideal para una boda inolvidable. Cada detalle est\u00e1 dise\u00f1ado para brindar momentos \u00fanicos, desde la ceremonia hasta la celebraci\u00f3n con familiares y amigos.<\/p>\n<p>Aqu\u00ed, el tiempo se detiene, el paisaje inspira y cada momento adquiere un significado especial.[\/vc_column_text][vc_empty_space height=\u00bb20px\u00bb][vc_column_text]<\/p>\n<h3><strong>Reflejos<\/strong><\/h3>\n<p>&nbsp;<\/p>\n<p>\u2013 Ubicaci\u00f3n privilegiada con acceso directo al impresionante lago Montargil<br \/>\n\u2013 Un entorno natural excepcional, ideal para ceremonias al aire libre y mucho m\u00e1s<br \/>\n\u2013 Posibilidad de espacios exclusivos para mayor privacidad<br \/>\n\u2013 Habitaciones elegantes con vistas al lago<br \/>\n\u2013 Ambiente tranquilo y sofisticado, ideal para celebraciones \u00edntimas o multitudinarias<br \/>\n\u2013 Equipo dedicado para la organizaci\u00f3n de cada detalle[\/vc_column_text][vc_empty_space height=\u00bb20px\u00bb]<a itemprop=\"url\" href=\"#cabanas-weddings-contact\" target=\"_self\" style=\"color: #ffffff;background-color: #899ba6;border-color: #899ba6;margin: 0px 20px 0px 0px\" class=\"mkdf-btn mkdf-btn-medium mkdf-btn-solid mkdf-btn-custom-hover-bg mkdf-btn-custom-border-hover mkdf-btn-custom-hover-color\" data-hover-color=\"#ffffff\" data-hover-bg-color=\"#899ba6\" data-hover-border-color=\"#899ba6\" >\n    <span class=\"mkdf-btn-text\">Solicitar una cotizaci\u00f3n<\/span>\n    <\/a>\t\t<\/div>\n\t<\/div>\n<\/div><\/div>[\/vc_column][\/vc_row][vc_row equal_height=\u00bbyes\u00bb css=\u00bb.vc_custom_1493278703024{background-color: #fbf9f9 !important;}\u00bb][vc_column css=\u00bb.vc_custom_1614148508950{background-color: #f4f2f0 !important;background-position: center !important;background-repeat: no-repeat !important;background-size: cover !important;}\u00bb offset=\u00bbvc_col-lg-offset-0 vc_col-lg-6 vc_col-md-12 vc_col-sm-offset-0&#8243; el_class=\u00bbordertxt\u00bb]<div class=\"mkdf-elements-holder   mkdf-one-column  mkdf-responsive-mode-768 \" ><div class=\"mkdf-eh-item meeting-services-section   \"  data-item-class=\"mkdf-eh-custom-7232\" data-1024-1280=\"13% 13% 20% 13%\" data-768-1024=\"4% 15% 8% 12%\" data-680-768=\"3% 16% 9% 9%\" data-680=\"0% 5% 17% 6%\">\n\t<div class=\"mkdf-eh-item-inner\">\n\t\t<div class=\"mkdf-eh-item-content mkdf-eh-custom-7232\" style=\"padding: 3% 3% 3% 15%\">\n\t\t\t<div class=\"mkdf-section-title-holder  mkdf-st-standard  mkdf-st-title-left mkdf-st-normal-space \" >\n\t<div class=\"mkdf-st-inner\">\n\t\t\t\t\t\t\t<h2 class=\"mkdf-st-title\" >\n\t\t\t\tCentro N\u00e1utico\t\t\t\t\t\t\t<\/h2>\n\t\t\t\t\t\t\t<\/div>\n<\/div>[vc_empty_space height=\u00bb20px\u00bb][vc_column_text]Ofrece una ubicaci\u00f3n fant\u00e1stica para su ceremonia, con amplios espacios al aire libre,\u00a0 justo a orillas del lago de Montargil, lo que garantiza el escenario ideal para organizar un c\u00f3ctel con mucho encanto.<\/p>\n<p>Se trata de un lugar elegante y exclusivo, donde la alta gastronom\u00eda nacional e internacional promete sorprenderle a usted y a sus invitados.<\/p>\n<p>&nbsp;<\/p>\n<p>Este vers\u00e1til espacio ofrece todas las condiciones para celebrar la boda de sus sue\u00f1os en un entorno deslumbrante, rodeado de amplios espacios verdes, naturaleza y, por supuesto, de la inmensidad y la calma del lago.<\/p>\n<p>&nbsp;<\/p>\n<p>Si siempre ha imaginado su boda as\u00ed, \u00a1el hotel AP Lago Montargil es el lugar ideal!<\/p>\n<p>&nbsp;<\/p>\n<p>P\u00f3ngase en contacto con nuestro equipo y haga realidad la boda de sus sue\u00f1os.[\/vc_column_text]\t\t<\/div>\n\t<\/div>\n<\/div><\/div>[\/vc_column][vc_column offset=\u00bbvc_col-lg-offset-0 vc_col-lg-6 vc_col-md-12 vc_col-sm-offset-0&#8243; css=\u00bb.vc_custom_1614148550910{padding-top: 0px !important;padding-left: 0px !important;background-position: center !important;background-repeat: no-repeat !important;background-size: cover !important;}\u00bb el_class=\u00bborderimg\u00bb][vc_images_carousel images=\u00bb63840,64123,66107,64128,64143,64138,64133,64148,64153&#8243; img_size=\u00bbfull\u00bb onclick=\u00bblink_no\u00bb hide_pagination_control=\u00bbyes\u00bb wrap=\u00bbyes\u00bb][\/vc_column][\/vc_row][vc_row css=\u00bb.vc_custom_1604646708117{padding-top: 20px !important;padding-bottom: 50px !important;background-color: #899ba6 !important;}\u00bb el_class=\u00bbmeeting-contact\u00bb el_id=\u00bbmeeting-contact-wedding\u00bb][vc_column el_id=\u00bbcabanas-weddings-contact\u00bb][vc_row_inner][vc_column_inner width=\u00bb1\/4&#8243;][\/vc_column_inner][vc_column_inner width=\u00bb1\/2&#8243;][vc_custom_heading text=\u00bbCont\u00e1ctanos\u00bb font_container=\u00bbtag:h4|text_align:center|color:%23ffffff\u00bb use_theme_fonts=\u00bbyes\u00bb][vc_column_text]<\/p>\n<p style=\"text-align: center;\"><strong>AP LAGO MONTARGIL CONFERENCE &amp; SPA<\/strong><\/p>\n<p style=\"text-align: center;\">Estrada Nacional, 2, 7425-144 Montargil<br \/>\nAlentejo, Portugal<\/p>\n<p style=\"text-align: center;\">Presupuestos: <span style=\"text-decoration: underline;\"><a href=\"mailto:eventos.montargil@ap-hotelsresorts.com\">eventos.montargil@ap-hotelsresorts.com<\/a><\/span><\/p>\n<p style=\"text-align: center;\">Reservas: <span style=\"text-decoration: underline;\"><a href=\"tel: +351 289 540 100\">+351 289 540 100<\/a>\u00a0<\/span> (Llamada a Red Fija Nacional)<br \/>\n| <a href=\"mailto:book.montargil@ap-hotelsresorts.com\"><span style=\"text-decoration: underline;\">book.montargil@ap-hotelsresorts.com<\/span><\/a><\/p>\n<p>[\/vc_column_text]<div role=\"form\" class=\"wpcf7\" id=\"wpcf7-f5-o1\" lang=\"en-US\" dir=\"ltr\">\n<div class=\"screen-reader-response\"><p role=\"status\" aria-live=\"polite\" aria-atomic=\"true\"><\/p> <ul><\/ul><\/div>\n<form action=\"\/es\/wp-json\/wp\/v2\/pages\/63518#wpcf7-f5-o1\" method=\"post\" class=\"wpcf7-form init\" novalidate=\"novalidate\" data-status=\"init\">\n<div style=\"display: none;\">\n<input type=\"hidden\" name=\"_wpcf7\" value=\"5\" \/>\n<input type=\"hidden\" name=\"_wpcf7_version\" value=\"5.5.5\" \/>\n<input type=\"hidden\" name=\"_wpcf7_locale\" value=\"en_US\" \/>\n<input type=\"hidden\" name=\"_wpcf7_unit_tag\" value=\"wpcf7-f5-o1\" \/>\n<input type=\"hidden\" name=\"_wpcf7_container_post\" value=\"0\" \/>\n<input type=\"hidden\" name=\"_wpcf7_posted_data_hash\" value=\"\" \/>\n<\/div>\n<div class=\"contact-page-form\">\n<div class=\"vc_col-sm-6 contact-form-column\">\n<span class=\"wpcf7-form-control-wrap first-name\"><input type=\"text\" name=\"first-name\" value=\"\" size=\"40\" class=\"wpcf7-form-control wpcf7-text wpcf7-validates-as-required\" aria-required=\"true\" aria-invalid=\"false\" placeholder=\"First Name *\" \/><\/span>\n<\/div>\n<div class=\"vc_col-sm-6 contact-form-column\">\n<span class=\"wpcf7-form-control-wrap last-name\"><input type=\"text\" name=\"last-name\" value=\"\" size=\"40\" class=\"wpcf7-form-control wpcf7-text wpcf7-validates-as-required\" aria-required=\"true\" aria-invalid=\"false\" placeholder=\"Last Name *\" \/><\/span>\n<\/div>\n<div class=\"vc_col-sm-6 contact-form-column\">\n<span class=\"wpcf7-form-control-wrap email\"><input type=\"email\" name=\"email\" value=\"\" size=\"40\" class=\"wpcf7-form-control wpcf7-text wpcf7-email wpcf7-validates-as-required wpcf7-validates-as-email\" aria-required=\"true\" aria-invalid=\"false\" placeholder=\"Email *\" \/><\/span>\n<\/div>\n<div class=\"vc_col-sm-6 contact-form-column\">\n<span class=\"wpcf7-form-control-wrap phone\"><input type=\"tel\" name=\"phone\" value=\"\" size=\"40\" class=\"wpcf7-form-control wpcf7-text wpcf7-tel wpcf7-validates-as-required wpcf7-validates-as-tel\" aria-required=\"true\" aria-invalid=\"false\" placeholder=\"Phone *\" \/><\/span>\n<\/div>\n<div class=\"vc_col-sm-6 contact-form-column message-topic\">\n<span class=\"wpcf7-form-control-wrap MessageTopic\"><select name=\"MessageTopic\" class=\"wpcf7-form-control wpcf7-select wpcf7-validates-as-required\" aria-required=\"true\" aria-invalid=\"false\"><option value=\"Message Topic *\">Message Topic *<\/option><option value=\"MEETING\">MEETING<\/option><option value=\"CONGRESS\">CONGRESS<\/option><option value=\"WORKSHOP\">WORKSHOP<\/option><option value=\"INCENTIVE\">INCENTIVE<\/option><option value=\"WEDDING\">WEDDING<\/option><\/select><\/span>\n<\/div>\n<div class=\"vc_col-sm-12 contact-form-column\">\n<span class=\"wpcf7-form-control-wrap comments\"><textarea name=\"comments\" cols=\"40\" rows=\"10\" class=\"wpcf7-form-control wpcf7-textarea\" aria-invalid=\"false\" placeholder=\"Comments\"><\/textarea><\/span>\n<\/div>\n<div class=\"vc_col-sm-12 contact-form-column\">\n<label><br \/>\nBy completing this form and clicking submit below, I agree that AP Hotels & Resorts may send me marketing messages and promotional offer via email, direct email and SMS, as described in the AP Hotels & Resorts Privacy Policy.<br \/>\n<\/label>\n<\/div>\n<div class=\"vc_col-sm-12 contact-form-column\">\n<input type=\"submit\" value=\"SUBMIT\" class=\"wpcf7-form-control has-spinner wpcf7-submit\" \/>\n<\/div>\n<\/div>\n<div class=\"wpcf7-response-output\" aria-hidden=\"true\"><\/div><\/form><\/div>[\/vc_column_inner][vc_column_inner width=\u00bb1\/4&#8243;][\/vc_column_inner][\/vc_row_inner][\/vc_column][\/vc_row][vc_row content_text_aligment=\u00bbcenter\u00bb css=\u00bb.vc_custom_1605613387040{padding-bottom: 80px !important;background-color: #f4f2f0 !important;background-position: center !important;background-repeat: no-repeat !important;background-size: cover !important;}\u00bb el_class=\u00bbhotel-address-sections\u00bb][vc_column offset=\u00bbvc_col-lg-offset-1 vc_col-lg-10 vc_col-md-offset-1 vc_col-md-10&#8243;]<div class=\"mkdf-section-title-holder  mkdf-st-standard mkdf-st-ha-center mkdf-st-title-left mkdf-st-normal-space \" style=\"text-align: center\">\n\t<div class=\"mkdf-st-inner\">\n\t\t\t\t\t\t\t<h2 class=\"mkdf-st-title\" >\n\t\t\t\tAP LAGO MONTARGIL CONFERENCE &amp; SPA\t\t\t\t\t\t\t<\/h2>\n\t\t\t\t\t\t\t<\/div>\n<\/div>[vc_empty_space height=\u00bb40px\u00bb][vc_column_text el_class=\u00bbap-hotel-address-text\u00bb]<\/p>\n<p style=\"text-align: center;\">Estrada Nacional, 2, 7425-144 Montargil<br \/>\nAlentejo, Portugal<\/p>\n<p style=\"text-align: center;\">Preguntas generales: <a href=\"tel: +351 242 241 250\"><span style=\"text-decoration: underline;\">+351 242 241 250\u00a0<\/span>(Chamada para rede fixa nacional)\u00a0<\/a>|\u00a0<span style=\"text-decoration: underline;\"><a href=\"mailto:rec.montargil@ap-hotelsresorts.com\">rec.montargil@ap-hotelsresorts.com<\/a><\/span><\/p>\n<p style=\"text-align: center;\">Reservas:\u00a0<span style=\"text-decoration: underline;\"><a href=\"tel: +351 289 540 100\">+351 289 540 100<\/a><\/span> (Llamada a Red Fija Nacional) | email: <span style=\"text-decoration: underline;\"><a href=\"mailto:book.montargil@ap-hotelsresorts.com\">book.montargil@ap-hotelsresorts.com<\/a><\/span><\/p>\n<p style=\"text-align: center;\">REDES SOCIALES<\/p>\n<p>[\/vc_column_text][vc_column_text]<\/p>\n<p>[\/vc_column_text]    <span class=\"mkdf-icon-shortcode mkdf-normal   mkdf-icon-small\"  data-color=\"#000000\">\n                    <a itemprop=\"url\" class=\"\" href=\"https:\/\/www.instagram.com\/ap.lagomontargil\/\" target=\"_blank\">\n                    <i class=\"mkdf-icon-font-awesome fa fa-instagram mkdf-icon-element\" style=\"color: #000000\" ><\/i>                    <\/a>\n            <\/span>\n    <span class=\"mkdf-icon-shortcode mkdf-circle   mkdf-icon-small\" style=\"background-color: #efe3da;border-color: #000000\" data-color=\"#000000\">\n                    <a itemprop=\"url\" class=\"\" href=\"https:\/\/www.facebook.com\/aplagomontargil\/\" target=\"_blank\">\n                    <i class=\"mkdf-icon-font-awesome fa fa-facebook mkdf-icon-element\" style=\"color: #000000\" ><\/i>                    <\/a>\n            <\/span>\n[vc_empty_space height=\u00bb40px\u00bb]<a itemprop=\"url\" href=\"https:\/\/ap-hotelsresorts.com\/es\/montargil\/contactos\/\" target=\"_self\" style=\"color: #ffffff;border-color: #000000;margin: 0px 10px 0px 0px\" class=\"mkdf-btn mkdf-btn-medium mkdf-btn-outline mkdf-btn-custom-border-hover mkdf-btn-custom-hover-color mkdf-btn-icon\" data-hover-color=\"#ffffff\" data-hover-border-color=\"#333132\" >\n    <span class=\"mkdf-btn-text\">CONT\u00c1CTENOS<\/span>\n    <i class=\"mkdf-icon-linear-icon lnr lnr-arrow-right \" ><\/i><\/a><a itemprop=\"url\" href=\"https:\/\/ap-hotelsresorts.com\/es\/montargil\/contactos\/\" target=\"_self\" style=\"color: #ffffff;border-color: #000000\" class=\"mkdf-btn mkdf-btn-medium mkdf-btn-outline mkdf-btn-custom-border-hover mkdf-btn-custom-hover-color mkdf-btn-icon\" data-hover-color=\"#ffffff\" data-hover-border-color=\"#333132\" >\n    <span class=\"mkdf-btn-text\">UBICACI\u00d3N<\/span>\n    <i class=\"mkdf-icon-linear-icon lnr lnr-arrow-right \" ><\/i><\/a>[\/vc_column][\/vc_row]<\/p>\n","protected":false},"excerpt":{"rendered":"<p>[vc_row equal_height=\u00bbyes\u00bb css=\u00bb.vc_custom_1493278703024{background-color: #fbf9f9 !important;}\u00bb][vc_column offset=\u00bbvc_col-lg-offset-0 vc_col-lg-6 vc_col-md-12 vc_col-sm-offset-0&#8243; css=\u00bb.vc_custom_1769426816109{padding-top: 28% !important;padding-bottom: 28% !important;background-image: url(https:\/\/ap-hotelsresorts.com\/wp-content\/uploads\/2026\/01\/Fotos_28.05-106-1-scaled.jpg?id=64148) !important;background-position: center !important;background-repeat: no-repeat !important;background-size: cover !important;}\u00bb][\/vc_column][vc_column css=\u00bb.vc_custom_1604568190848{background-color: #f4f2f0 !important;background-position: center !important;background-repeat: no-repeat !important;background-size: cover !important;}\u00bb offset=\u00bbvc_col-lg-offset-0 vc_col-lg-6 vc_col-md-12 vc_col-sm-offset-0&#8243;][\/vc_column][\/vc_row][vc_row equal_height=\u00bbyes\u00bb css=\u00bb.vc_custom_1493278703024{background-color: #fbf9f9 !important;}\u00bb][vc_column css=\u00bb.vc_custom_1614148508950{background-color: [&hellip;]<\/p>\n","protected":false},"author":11,"featured_media":0,"parent":46796,"menu_order":0,"comment_status":"closed","ping_status":"closed","template":"full-width.php","meta":[],"yoast_head":"<!-- This site is optimized with the Yoast SEO plugin v18.1 - https:\/\/yoast.com\/wordpress\/plugins\/seo\/ -->\n<title>Casarse en el Alentejo - AP Lago Montargil Conference &amp; Spa - Site Oficial - Web Oficial<\/title>\n<meta name=\"description\" content=\"\u00bfQuieres organizar tu boda en el Alentejo? Descubre los espacios que tenemos para que sea perfecta.\" \/>\n<meta name=\"robots\" content=\"index, follow, max-snippet:-1, max-image-preview:large, max-video-preview:-1\" \/>\n<link rel=\"canonical\" href=\"https:\/\/ap-hotelsresorts.com\/es\/montargil\/casarse-en-el-alentejo\/\" \/>\n<meta property=\"og:locale\" content=\"es_ES\" \/>\n<meta property=\"og:type\" content=\"article\" \/>\n<meta property=\"og:title\" content=\"Casarse en el Alentejo - AP Lago Montargil Conference &amp; Spa - Site Oficial - Web Oficial\" \/>\n<meta property=\"og:description\" content=\"\u00bfQuieres organizar tu boda en el Alentejo? Descubre los espacios que tenemos para que sea perfecta.\" \/>\n<meta property=\"og:url\" content=\"https:\/\/ap-hotelsresorts.com\/es\/montargil\/casarse-en-el-alentejo\/\" \/>\n<meta property=\"og:site_name\" content=\"AP HOTELS &amp; RESORTS .\" \/>\n<meta property=\"article:publisher\" content=\"https:\/\/www.facebook.com\/aphotelsresorts\" \/>\n<meta property=\"article:modified_time\" content=\"2026-04-28T13:13:29+00:00\" \/>\n<meta name=\"twitter:card\" content=\"summary_large_image\" \/>\n<meta name=\"twitter:site\" content=\"@ApHotels\" \/>\n<meta name=\"twitter:label1\" content=\"Tiempo de lectura\" \/>\n\t<meta name=\"twitter:data1\" content=\"5 minutos\" \/>\n<script type=\"application\/ld+json\" class=\"yoast-schema-graph\">{\"@context\":\"https:\/\/schema.org\",\"@graph\":[{\"@type\":\"Organization\",\"@id\":\"https:\/\/ap-hotelsresorts.com\/#organization\",\"name\":\"AP HOTELS & RESORTS\",\"url\":\"https:\/\/ap-hotelsresorts.com\/\",\"sameAs\":[\"https:\/\/www.facebook.com\/aphotelsresorts\",\"https:\/\/www.instagram.com\/aphotelsresorts\/\",\"https:\/\/www.linkedin.com\/company\/ap-hotels-and-resorts\",\"https:\/\/www.youtube.com\/channel\/UCSmwGBz36kx2XALzeVAlKEg\",\"https:\/\/twitter.com\/ApHotels\"],\"logo\":{\"@type\":\"ImageObject\",\"@id\":\"https:\/\/ap-hotelsresorts.com\/#logo\",\"inLanguage\":\"es\",\"url\":\"https:\/\/ap-hotelsresorts.com\/wp-content\/uploads\/2021\/03\/logo-1.png\",\"contentUrl\":\"https:\/\/ap-hotelsresorts.com\/wp-content\/uploads\/2021\/03\/logo-1.png\",\"width\":\"3915\",\"height\":\"1388\",\"caption\":\"AP HOTELS & RESORTS\"},\"image\":{\"@id\":\"https:\/\/ap-hotelsresorts.com\/#logo\"}},{\"@type\":\"WebSite\",\"@id\":\"https:\/\/ap-hotelsresorts.com\/#website\",\"url\":\"https:\/\/ap-hotelsresorts.com\/\",\"name\":\"AP HOTELS &amp; RESORTS .\",\"description\":\"Albufeira . Faro . Portim\u00e3o . Tavira . Algarve\",\"publisher\":{\"@id\":\"https:\/\/ap-hotelsresorts.com\/#organization\"},\"potentialAction\":[{\"@type\":\"SearchAction\",\"target\":{\"@type\":\"EntryPoint\",\"urlTemplate\":\"https:\/\/ap-hotelsresorts.com\/?s={search_term_string}\"},\"query-input\":\"required name=search_term_string\"}],\"inLanguage\":\"es\"},{\"@type\":\"WebPage\",\"@id\":\"https:\/\/ap-hotelsresorts.com\/es\/montargil\/casarse-en-el-alentejo\/#webpage\",\"url\":\"https:\/\/ap-hotelsresorts.com\/es\/montargil\/casarse-en-el-alentejo\/\",\"name\":\"Casarse en el Alentejo - AP Lago Montargil Conference & Spa - Site Oficial - Web Oficial\",\"isPartOf\":{\"@id\":\"https:\/\/ap-hotelsresorts.com\/#website\"},\"datePublished\":\"2026-01-08T14:04:25+00:00\",\"dateModified\":\"2026-04-28T13:13:29+00:00\",\"description\":\"\u00bfQuieres organizar tu boda en el Alentejo? Descubre los espacios que tenemos para que sea perfecta.\",\"breadcrumb\":{\"@id\":\"https:\/\/ap-hotelsresorts.com\/es\/montargil\/casarse-en-el-alentejo\/#breadcrumb\"},\"inLanguage\":\"es\",\"potentialAction\":[{\"@type\":\"ReadAction\",\"target\":[\"https:\/\/ap-hotelsresorts.com\/es\/montargil\/casarse-en-el-alentejo\/\"]}]},{\"@type\":\"BreadcrumbList\",\"@id\":\"https:\/\/ap-hotelsresorts.com\/es\/montargil\/casarse-en-el-alentejo\/#breadcrumb\",\"itemListElement\":[{\"@type\":\"ListItem\",\"position\":1,\"name\":\"Home\",\"item\":\"https:\/\/ap-hotelsresorts.com\/es\/\"},{\"@type\":\"ListItem\",\"position\":2,\"name\":\"Montargil\",\"item\":\"https:\/\/ap-hotelsresorts.com\/es\/montargil\/\"},{\"@type\":\"ListItem\",\"position\":3,\"name\":\"Casarse en el Alentejo\"}]}]}<\/script>\n<!-- \/ Yoast SEO plugin. -->","yoast_head_json":{"title":"Casarse en el Alentejo - AP Lago Montargil Conference & Spa - Site Oficial - Web Oficial","description":"\u00bfQuieres organizar tu boda en el Alentejo? Descubre los espacios que tenemos para que sea perfecta.","robots":{"index":"index","follow":"follow","max-snippet":"max-snippet:-1","max-image-preview":"max-image-preview:large","max-video-preview":"max-video-preview:-1"},"canonical":"https:\/\/ap-hotelsresorts.com\/es\/montargil\/casarse-en-el-alentejo\/","og_locale":"es_ES","og_type":"article","og_title":"Casarse en el Alentejo - AP Lago Montargil Conference & Spa - Site Oficial - Web Oficial","og_description":"\u00bfQuieres organizar tu boda en el Alentejo? Descubre los espacios que tenemos para que sea perfecta.","og_url":"https:\/\/ap-hotelsresorts.com\/es\/montargil\/casarse-en-el-alentejo\/","og_site_name":"AP HOTELS &amp; RESORTS .","article_publisher":"https:\/\/www.facebook.com\/aphotelsresorts","article_modified_time":"2026-04-28T13:13:29+00:00","twitter_card":"summary_large_image","twitter_site":"@ApHotels","twitter_misc":{"Tiempo de lectura":"5 minutos"},"schema":{"@context":"https:\/\/schema.org","@graph":[{"@type":"Organization","@id":"https:\/\/ap-hotelsresorts.com\/#organization","name":"AP HOTELS & RESORTS","url":"https:\/\/ap-hotelsresorts.com\/","sameAs":["https:\/\/www.facebook.com\/aphotelsresorts","https:\/\/www.instagram.com\/aphotelsresorts\/","https:\/\/www.linkedin.com\/company\/ap-hotels-and-resorts","https:\/\/www.youtube.com\/channel\/UCSmwGBz36kx2XALzeVAlKEg","https:\/\/twitter.com\/ApHotels"],"logo":{"@type":"ImageObject","@id":"https:\/\/ap-hotelsresorts.com\/#logo","inLanguage":"es","url":"https:\/\/ap-hotelsresorts.com\/wp-content\/uploads\/2021\/03\/logo-1.png","contentUrl":"https:\/\/ap-hotelsresorts.com\/wp-content\/uploads\/2021\/03\/logo-1.png","width":"3915","height":"1388","caption":"AP HOTELS & RESORTS"},"image":{"@id":"https:\/\/ap-hotelsresorts.com\/#logo"}},{"@type":"WebSite","@id":"https:\/\/ap-hotelsresorts.com\/#website","url":"https:\/\/ap-hotelsresorts.com\/","name":"AP HOTELS &amp; RESORTS .","description":"Albufeira . Faro . Portim\u00e3o . Tavira . Algarve","publisher":{"@id":"https:\/\/ap-hotelsresorts.com\/#organization"},"potentialAction":[{"@type":"SearchAction","target":{"@type":"EntryPoint","urlTemplate":"https:\/\/ap-hotelsresorts.com\/?s={search_term_string}"},"query-input":"required name=search_term_string"}],"inLanguage":"es"},{"@type":"WebPage","@id":"https:\/\/ap-hotelsresorts.com\/es\/montargil\/casarse-en-el-alentejo\/#webpage","url":"https:\/\/ap-hotelsresorts.com\/es\/montargil\/casarse-en-el-alentejo\/","name":"Casarse en el Alentejo - AP Lago Montargil Conference & Spa - Site Oficial - Web Oficial","isPartOf":{"@id":"https:\/\/ap-hotelsresorts.com\/#website"},"datePublished":"2026-01-08T14:04:25+00:00","dateModified":"2026-04-28T13:13:29+00:00","description":"\u00bfQuieres organizar tu boda en el Alentejo? Descubre los espacios que tenemos para que sea perfecta.","breadcrumb":{"@id":"https:\/\/ap-hotelsresorts.com\/es\/montargil\/casarse-en-el-alentejo\/#breadcrumb"},"inLanguage":"es","potentialAction":[{"@type":"ReadAction","target":["https:\/\/ap-hotelsresorts.com\/es\/montargil\/casarse-en-el-alentejo\/"]}]},{"@type":"BreadcrumbList","@id":"https:\/\/ap-hotelsresorts.com\/es\/montargil\/casarse-en-el-alentejo\/#breadcrumb","itemListElement":[{"@type":"ListItem","position":1,"name":"Home","item":"https:\/\/ap-hotelsresorts.com\/es\/"},{"@type":"ListItem","position":2,"name":"Montargil","item":"https:\/\/ap-hotelsresorts.com\/es\/montargil\/"},{"@type":"ListItem","position":3,"name":"Casarse en el Alentejo"}]}]}},"_links":{"self":[{"href":"https:\/\/ap-hotelsresorts.com\/es\/wp-json\/wp\/v2\/pages\/63518"}],"collection":[{"href":"https:\/\/ap-hotelsresorts.com\/es\/wp-json\/wp\/v2\/pages"}],"about":[{"href":"https:\/\/ap-hotelsresorts.com\/es\/wp-json\/wp\/v2\/types\/page"}],"author":[{"embeddable":true,"href":"https:\/\/ap-hotelsresorts.com\/es\/wp-json\/wp\/v2\/users\/11"}],"replies":[{"embeddable":true,"href":"https:\/\/ap-hotelsresorts.com\/es\/wp-json\/wp\/v2\/comments?post=63518"}],"version-history":[{"count":4,"href":"https:\/\/ap-hotelsresorts.com\/es\/wp-json\/wp\/v2\/pages\/63518\/revisions"}],"predecessor-version":[{"id":66201,"href":"https:\/\/ap-hotelsresorts.com\/es\/wp-json\/wp\/v2\/pages\/63518\/revisions\/66201"}],"up":[{"embeddable":true,"href":"https:\/\/ap-hotelsresorts.com\/es\/wp-json\/wp\/v2\/pages\/46796"}],"wp:attachment":[{"href":"https:\/\/ap-hotelsresorts.com\/es\/wp-json\/wp\/v2\/media?parent=63518"}],"curies":[{"name":"wp","href":"https:\/\/api.w.org\/{rel}","templated":true}]}}