{"id":20038,"date":"2020-09-15T10:44:11","date_gmt":"2020-09-15T10:44:11","guid":{"rendered":"https:\/\/ap-hotelsresorts.com\/offers-promotions\/"},"modified":"2026-01-16T10:31:51","modified_gmt":"2026-01-16T10:31:51","slug":"ofertas-promocoes","status":"publish","type":"page","link":"https:\/\/ap-hotelsresorts.com\/pt-pt\/ofertas-promocoes\/","title":{"rendered":"Ofertas e Promo\u00e7\u00f5es"},"content":{"rendered":"<p>[vc_row gap=&#8221;10&#8243; equal_height=&#8221;yes&#8221; disable_element=&#8221;yes&#8221; css=&#8221;.vc_custom_1746464504930{background-color: #fbf9f9 !important;}&#8221; el_class=&#8221;restaurant-item&#8221;][vc_column width=&#8221;1\/2&#8243; css=&#8221;.vc_custom_1686663079601{background-image: url(https:\/\/ap-hotelsresorts.com\/wp-content\/uploads\/2023\/06\/Ginasio-Be-Brave-4.jpeg?id=41248) !important;}&#8221;][\/vc_column][vc_column width=&#8221;1\/2&#8243; offset=&#8221;vc_col-lg-offset-0 vc_col-lg-6 vc_col-md-12 vc_col-sm-offset-0&#8243; css=&#8221;.vc_custom_1686662312860{padding-top: 28% !important;padding-bottom: 28% !important;background-position: center !important;background-repeat: no-repeat !important;background-size: cover !important;}&#8221;]<div class=\"mkdf-elements-holder   mkdf-one-column  mkdf-responsive-mode-768 \" ><div class=\"mkdf-eh-item    \"  data-item-class=\"mkdf-eh-custom-5348\">\n\t<div class=\"mkdf-eh-item-inner\">\n\t\t<div class=\"mkdf-eh-item-content mkdf-eh-custom-5348\" >\n\t\t\t<div class=\"mkdf-section-title-holder  mkdf-st-standard mkdf-st-ha-left mkdf-st-title-left mkdf-st-normal-space \" style=\"text-align: left\">\n\t<div class=\"mkdf-st-inner\">\n\t\t\t\t\t\t\t<h2 class=\"mkdf-st-title\" >\n\t\t\t\tPACOTE BEM-ESTAR\t\t\t\t\t\t\t<\/h2>\n\t\t\t\t\t\t\t<\/div>\n<\/div>[vc_empty_space height=&#8221;20px&#8221;]<div class=\"mkdf-section-title-holder  mkdf-st-standard mkdf-st-ha-left mkdf-st-title-left mkdf-st-normal-space \" style=\"text-align: left\">\n\t<div class=\"mkdf-st-inner\">\n\t\t\t\t\t\t\t<h5 class=\"mkdf-st-title\" >\n\t\t\t\tUm programa que alia desporto, bem-estar e relaxamento.\t\t\t\t\t\t\t<\/h5>\n\t\t\t\t\t\t\t<\/div>\n<\/div>[vc_empty_space height=&#8221;20px&#8221;][vc_column_text]O AP Victoria Sports &amp; Beach tem novo pacote dedicado \u00e0 sa\u00fade e bem-estar para aqueles que pretendem uma pausa na rotina e dedicar algum tempo a si mesmos.<br \/>\n\u00c9 no <strong>Algarve<\/strong>, mais precisamente na <strong>Praia da Fal\u00e9sia<\/strong> que se situa o <strong>AP Victoria Sports &amp; Beach<\/strong>. Com excelentes condi\u00e7\u00f5es para a pr\u00e1tica desportiva e todas as val\u00eancias necess\u00e1rias para umas f\u00e9rias relaxantes, rodeado de natureza e com a proximidade da<strong> Praia da Fal\u00e9sia, o AP Victoria Sports &amp; Beach<\/strong> acaba de lan\u00e7ar um programa que alia desporto, bem-estar e relaxamento.<br \/>\nInclui alojamento em <strong>Tudo Inclu\u00eddo, Avalia\u00e7\u00e3o Nutricional e Sess\u00f5es de Treino Personalizado.<\/strong>[\/vc_column_text][vc_empty_space height=&#8221;20px&#8221;][vc_empty_space height=&#8221;20px&#8221;]<div class=\"mkdf-section-title-holder  mkdf-st-standard mkdf-st-ha-left mkdf-st-title-left mkdf-st-normal-space \" style=\"text-align: left\">\n\t<div class=\"mkdf-st-inner\">\n\t\t\t\t\t\t\t<h5 class=\"mkdf-st-title\" >\n\t\t\t\tMAIS INFO\t\t\t\t\t\t\t<\/h5>\n\t\t\t\t\t\t\t<\/div>\n<\/div>[vc_column_text]<span style=\"text-decoration: underline;\"><a href=\"tel: +351 289 540 100\">+351 289 540 100<\/a><\/span> (Chamada para a Rede Fixa Nacional)<br \/>\n<span style=\"text-decoration: underline;\"><a href=\"mailto:book.victoria@ap-hotelsresorts.com\">book.victoria@ap-hotelsresorts.com<\/a><\/span>[\/vc_column_text][vc_empty_space]<a itemprop=\"url\" href=\"https:\/\/ap-hotelsresorts.com\/wp-content\/uploads\/2023\/06\/APV_BEM_ESTAR_PACKAGE_02_PT.pdf\" target=\"_blank\"  class=\"mkdf-btn mkdf-btn-medium mkdf-btn-solid\"  >\n    <span class=\"mkdf-btn-text\">PACOTE BEM-ESTAR<\/span>\n    <\/a>\t\t<\/div>\n\t<\/div>\n<\/div><\/div>[\/vc_column][\/vc_row][vc_row equal_height=&#8221;yes&#8221; css=&#8221;.vc_custom_1602587797308{background-color: #fbf9f9 !important;}&#8221; el_class=&#8221;restaurant-item&#8221;][vc_column offset=&#8221;vc_col-lg-offset-0 vc_col-lg-6 vc_col-md-12 vc_col-sm-offset-0&#8243; css=&#8221;.vc_custom_1683216942020{padding-top: 28% !important;padding-bottom: 28% !important;background-position: center !important;background-repeat: no-repeat !important;background-size: cover !important;}&#8221;]<div class=\"mkdf-elements-holder   mkdf-one-column  mkdf-responsive-mode-768 \" ><div class=\"mkdf-eh-item    \"  data-item-class=\"mkdf-eh-custom-1007\">\n\t<div class=\"mkdf-eh-item-inner\">\n\t\t<div class=\"mkdf-eh-item-content mkdf-eh-custom-1007\" style=\"padding: 10px 10px 10px 10px\">\n\t\t\t<div class=\"mkdf-section-title-holder  mkdf-st-standard mkdf-st-ha-left mkdf-st-title-left mkdf-st-normal-space \" style=\"text-align: left\">\n\t<div class=\"mkdf-st-inner\">\n\t\t\t\t\t\t\t<h2 class=\"mkdf-st-title\" >\n\t\t\t\tPACOTE O CAMINHO\t\t\t\t\t\t\t<\/h2>\n\t\t\t\t\t\t\t<\/div>\n<\/div>[vc_empty_space height=&#8221;20px&#8221;]<div class=\"mkdf-section-title-holder  mkdf-st-standard mkdf-st-ha-left mkdf-st-title-left mkdf-st-normal-space \" style=\"text-align: left\">\n\t<div class=\"mkdf-st-inner\">\n\t\t\t\t\t\t\t<h5 class=\"mkdf-st-title\" >\n\t\t\t\tDesde 85\u20ac por pessoa\t\t\t\t\t\t\t<\/h5>\n\t\t\t\t\t\t\t<\/div>\n<\/div>[vc_empty_space height=&#8221;20px&#8221;][vc_column_text]Realizar o <strong>Caminho at\u00e9 Santiago de Compostela<\/strong> \u00e9 uma viagem especial, um <strong>trajeto cheio de paisagens bonitas, cultura e aprendizagem<\/strong>.<\/p>\n<p>Se est\u00e1 a Planear fazer o <strong>Caminho de Santiago de Compostela pela Costa<\/strong> e um dos seus pontos de paragem \u00e9 <span style=\"text-decoration: underline;\"><a href=\"https:\/\/ap-hotelsresorts.com\/pt-pt\/caminho-de-santiago-pontos-de-interesse-em-viana-do-castelo\/\" target=\"_blank\" rel=\"noopener\"><strong>Viana do Castelo<\/strong><\/a><\/span>, saiba que o <strong>AP Dona Aninhas<\/strong> tem um <span style=\"text-decoration: underline;\"><a href=\"https:\/\/ap-hotelsresorts.com\/wp-content\/uploads\/2024\/12\/APDA_CAMINHOS_25-1.pdf\" target=\"_blank\" rel=\"noopener\"><b>Programa Especial<\/b><\/a><\/span>\u00a0que inclui alojamento, momentos de lazer e relaxamento no <strong>SPA<\/strong> bem como <strong>oferta gastron\u00f3mica<\/strong> regional e nacional de elevada qualidade.<\/p>\n<p>O <strong>pacote \u201cO Caminho\u201d<\/strong> est\u00e1 dispon\u00edvel de <strong>maio a dezembro<\/strong> e inclui:<\/p>\n<ul>\n<li>Alojamento com Pequeno-Almo\u00e7o inclu\u00eddo;<\/li>\n<li>Tapas &amp; Vinhos Quinta de S\u00e3o Sebasti\u00e3o;<\/li>\n<li>Acesso \u00e0 Zona de Wellness composta por piscina interior, jacuzzi, sauna e banho turco;<\/li>\n<li>Massagem relaxamento pernas (25\u2019);<\/li>\n<li>Early Check-in e Late Check-out mediante disponibilidade;<\/li>\n<\/ul>\n<p><strong>Nota<\/strong>: Pe\u00e7a na rece\u00e7\u00e3o do AP Dona Aninhas o carimbo no passaporte do peregrino.[\/vc_column_text][vc_empty_space height=&#8221;20px&#8221;]<div class=\"mkdf-section-title-holder  mkdf-st-standard mkdf-st-ha-left mkdf-st-title-left mkdf-st-normal-space \" style=\"text-align: left\">\n\t<div class=\"mkdf-st-inner\">\n\t\t\t\t\t\t\t<h5 class=\"mkdf-st-title\" >\n\t\t\t\tMAIS INFO\t\t\t\t\t\t\t<\/h5>\n\t\t\t\t\t\t\t<\/div>\n<\/div>[vc_column_text]<a href=\"tel: +351 289 540 100\"><span style=\"text-decoration: underline;\">+351 289 540 100<\/span> (<\/a>Chamada para a Rede Fixa Nacional)<\/p>\n<p><a href=\"mailto:book.donaaninhas@ap-hotelsresorts.com\">book.donaaninhas@ap-hotelsresorts.com<\/a>[\/vc_column_text][vc_empty_space]<a itemprop=\"url\" href=\"https:\/\/ap-hotelsresorts.com\/wp-content\/uploads\/2026\/01\/APDA_CAMINHOS_PACKAGE_26.pdf\" target=\"_blank\" style=\"background-color: #826d67;border-color: #826d67\" class=\"mkdf-btn mkdf-btn-medium mkdf-btn-solid mkdf-btn-custom-hover-bg mkdf-btn-custom-border-hover\" data-hover-bg-color=\"#826d67\" data-hover-border-color=\"#826d67\" >\n    <span class=\"mkdf-btn-text\">Valores 2026<\/span>\n    <\/a>\t\t<\/div>\n\t<\/div>\n<\/div><\/div>[\/vc_column][vc_column css=&#8221;.vc_custom_1746464860649{padding-bottom: 10% !important;padding-left: 5% !important;background-image: url(https:\/\/ap-hotelsresorts.com\/wp-content\/uploads\/2023\/05\/Caminho-de-Santiago.jpg?id=40387) !important;background-position: center !important;background-repeat: no-repeat !important;background-size: cover !important;}&#8221; offset=&#8221;vc_col-lg-offset-0 vc_col-lg-6 vc_col-md-12 vc_col-sm-offset-0&#8243;][\/vc_column][\/vc_row][vc_row content_text_aligment=&#8221;center&#8221; css=&#8221;.vc_custom_1603455731030{margin-top: 10px !important;padding-top: 40px !important;padding-bottom: 80px !important;background-position: center !important;background-repeat: no-repeat !important;background-size: cover !important;}&#8221; el_class=&#8221;adriana-hotel-footer-address-top&#8221;][vc_column offset=&#8221;vc_col-lg-offset-1 vc_col-lg-10 vc_col-md-offset-1 vc_col-md-10&#8243; el_class=&#8221;adriana-hotel-footer-address&#8221;]<div class=\"mkdf-section-title-holder  mkdf-st-standard mkdf-st-ha-center mkdf-st-title-left mkdf-st-normal-space \" style=\"text-align: center\">\n\t<div class=\"mkdf-st-inner\">\n\t\t\t\t\t\t\t<h2 class=\"mkdf-st-title\" >\n\t\t\t\tAP HOTELS &amp; RESORTS\t\t\t\t\t\t\t<\/h2>\n\t\t\t\t\t\t\t<\/div>\n<\/div>[vc_empty_space height=&#8221;40px&#8221;][vc_column_text]<\/p>\n<p style=\"text-align: center;\"><strong>Estrada da Rocha Baixinha<\/strong>, 8200-379, Albufeira, Algarve, Portugal<\/p>\n<p style=\"text-align: center;\"><span style=\"text-decoration: underline;\"><a href=\"tel: +351 289 540 100\">+351 289 540 100<\/a><\/span> (Chamada para a Rede Fixa Nacional) | <a href=\"mailto:info@ap-hotelsresorts.com\"><u>info@ap-hotelsresorts.com<\/u><\/a><\/p>\n<p style=\"text-align: center;\">REDES SOCIAIS<\/p>\n<p>[\/vc_column_text][vc_column_text]<\/p>\n<p>[\/vc_column_text]    <span class=\"mkdf-icon-shortcode mkdf-normal   mkdf-icon-small\"  data-color=\"#000000\">\n                    <a itemprop=\"url\" class=\"\" href=\"https:\/\/www.instagram.com\/aphotelsresorts\/\" target=\"_blank\">\n                    <i class=\"mkdf-icon-font-awesome fa fa-instagram mkdf-icon-element\" style=\"color: #000000\" ><\/i>                    <\/a>\n            <\/span>\n    <span class=\"mkdf-icon-shortcode mkdf-circle   mkdf-icon-small\" style=\"background-color: #ffffff;border-color: #000000\" data-color=\"#000000\">\n                    <a itemprop=\"url\" class=\"\" href=\"https:\/\/www.facebook.com\/aphotelsresorts\" target=\"_blank\">\n                    <i class=\"mkdf-icon-font-awesome fa fa-facebook mkdf-icon-element\" style=\"color: #000000\" ><\/i>                    <\/a>\n            <\/span>\n[vc_empty_space height=&#8221;40px&#8221;]<a itemprop=\"url\" href=\"https:\/\/ap-hotelsresorts.com\/pt-pt\/contato\/\" target=\"_self\" style=\"color: #000000;border-color: #000000;margin: 0px 10px 0px 0px\" class=\"mkdf-btn mkdf-btn-medium mkdf-btn-outline mkdf-btn-custom-hover-bg mkdf-btn-custom-border-hover mkdf-btn-custom-hover-color mkdf-btn-icon\" data-hover-color=\"#000000\" data-hover-bg-color=\"#826d67\" data-hover-border-color=\"#826d67\" >\n    <span class=\"mkdf-btn-text\">CONTACTE-NOS<\/span>\n    <i class=\"mkdf-icon-linear-icon lnr lnr-arrow-right \" ><\/i><\/a><a itemprop=\"url\" href=\"https:\/\/ap-hotelsresorts.com\/pt-pt\/contato\/\" target=\"_self\" style=\"color: #000000;border-color: #000000\" class=\"mkdf-btn mkdf-btn-medium mkdf-btn-outline mkdf-btn-custom-border-hover mkdf-btn-custom-hover-color mkdf-btn-icon\" data-hover-color=\"#000000\" data-hover-border-color=\"#333132\" >\n    <span class=\"mkdf-btn-text\">LOCALIZA\u00c7\u00d5ES<\/span>\n    <i class=\"mkdf-icon-linear-icon lnr lnr-arrow-right \" ><\/i><\/a>[\/vc_column][\/vc_row]<\/p>\n","protected":false},"excerpt":{"rendered":"<p>[vc_row gap=&#8221;10&#8243; equal_height=&#8221;yes&#8221; disable_element=&#8221;yes&#8221; css=&#8221;.vc_custom_1746464504930{background-color: #fbf9f9 !important;}&#8221; el_class=&#8221;restaurant-item&#8221;][vc_column width=&#8221;1\/2&#8243; css=&#8221;.vc_custom_1686663079601{background-image: url(https:\/\/ap-hotelsresorts.com\/wp-content\/uploads\/2023\/06\/Ginasio-Be-Brave-4.jpeg?id=41248) !important;}&#8221;][\/vc_column][vc_column width=&#8221;1\/2&#8243; offset=&#8221;vc_col-lg-offset-0 vc_col-lg-6 vc_col-md-12 vc_col-sm-offset-0&#8243; css=&#8221;.vc_custom_1686662312860{padding-top: 28% !important;padding-bottom: 28% !important;background-position: center !important;background-repeat: no-repeat !important;background-size: cover !important;}&#8221;][\/vc_column][\/vc_row][vc_row equal_height=&#8221;yes&#8221; css=&#8221;.vc_custom_1602587797308{background-color: #fbf9f9 !important;}&#8221; el_class=&#8221;restaurant-item&#8221;][vc_column offset=&#8221;vc_col-lg-offset-0 vc_col-lg-6 vc_col-md-12 vc_col-sm-offset-0&#8243; css=&#8221;.vc_custom_1683216942020{padding-top: 28% !important;padding-bottom: [&hellip;]<\/p>\n","protected":false},"author":10,"featured_media":0,"parent":0,"menu_order":0,"comment_status":"closed","ping_status":"closed","template":"full-width.php","meta":[],"yoast_head":"<!-- This site is optimized with the Yoast SEO plugin v18.1 - https:\/\/yoast.com\/wordpress\/plugins\/seo\/ -->\n<title>Ofertas e Promo\u00e7\u00f5es - Hot\u00e9is no Algarve, Alentejo e Viana do Castelo - AP Hotels &amp; Resorts - Site Oficial<\/title>\n<meta name=\"description\" content=\"Veja as ofertas e promo\u00e7\u00f5es que temos dispon\u00edveis nos hot\u00e9is do Algarve e Viana do Castelo do grupo AP Hotels &amp; Resorts.\" \/>\n<meta name=\"robots\" content=\"index, follow, max-snippet:-1, max-image-preview:large, max-video-preview:-1\" \/>\n<link rel=\"canonical\" href=\"https:\/\/ap-hotelsresorts.com\/pt-pt\/ofertas-promocoes\/\" \/>\n<meta property=\"og:locale\" content=\"pt_PT\" \/>\n<meta property=\"og:type\" content=\"article\" \/>\n<meta property=\"og:title\" content=\"Ofertas e Promo\u00e7\u00f5es - Hot\u00e9is no Algarve, Alentejo e Viana do Castelo - AP Hotels &amp; Resorts - Site Oficial\" \/>\n<meta property=\"og:description\" content=\"Veja as ofertas e promo\u00e7\u00f5es que temos dispon\u00edveis nos hot\u00e9is do Algarve e Viana do Castelo do grupo AP Hotels &amp; Resorts.\" \/>\n<meta property=\"og:url\" content=\"https:\/\/ap-hotelsresorts.com\/pt-pt\/ofertas-promocoes\/\" \/>\n<meta property=\"og:site_name\" content=\"AP HOTELS &amp; RESORTS .\" \/>\n<meta property=\"article:publisher\" content=\"https:\/\/www.facebook.com\/aphotelsresorts\" \/>\n<meta property=\"article:modified_time\" content=\"2026-01-16T10:31:51+00:00\" \/>\n<meta name=\"twitter:card\" content=\"summary_large_image\" \/>\n<meta name=\"twitter:site\" content=\"@ApHotels\" \/>\n<meta name=\"twitter:label1\" content=\"Tempo estimado de leitura\" \/>\n\t<meta name=\"twitter:data1\" content=\"4 minutos\" \/>\n<script type=\"application\/ld+json\" class=\"yoast-schema-graph\">{\"@context\":\"https:\/\/schema.org\",\"@graph\":[{\"@type\":\"Organization\",\"@id\":\"https:\/\/ap-hotelsresorts.com\/#organization\",\"name\":\"AP HOTELS & RESORTS\",\"url\":\"https:\/\/ap-hotelsresorts.com\/\",\"sameAs\":[\"https:\/\/www.facebook.com\/aphotelsresorts\",\"https:\/\/www.instagram.com\/aphotelsresorts\/\",\"https:\/\/www.linkedin.com\/company\/ap-hotels-and-resorts\",\"https:\/\/www.youtube.com\/channel\/UCSmwGBz36kx2XALzeVAlKEg\",\"https:\/\/twitter.com\/ApHotels\"],\"logo\":{\"@type\":\"ImageObject\",\"@id\":\"https:\/\/ap-hotelsresorts.com\/#logo\",\"inLanguage\":\"pt-PT\",\"url\":\"https:\/\/ap-hotelsresorts.com\/wp-content\/uploads\/2021\/03\/logo-1.png\",\"contentUrl\":\"https:\/\/ap-hotelsresorts.com\/wp-content\/uploads\/2021\/03\/logo-1.png\",\"width\":\"3915\",\"height\":\"1388\",\"caption\":\"AP HOTELS & RESORTS\"},\"image\":{\"@id\":\"https:\/\/ap-hotelsresorts.com\/#logo\"}},{\"@type\":\"WebSite\",\"@id\":\"https:\/\/ap-hotelsresorts.com\/#website\",\"url\":\"https:\/\/ap-hotelsresorts.com\/\",\"name\":\"AP HOTELS &amp; RESORTS .\",\"description\":\"Albufeira . Faro . Portim\u00e3o . Tavira . Algarve\",\"publisher\":{\"@id\":\"https:\/\/ap-hotelsresorts.com\/#organization\"},\"potentialAction\":[{\"@type\":\"SearchAction\",\"target\":{\"@type\":\"EntryPoint\",\"urlTemplate\":\"https:\/\/ap-hotelsresorts.com\/?s={search_term_string}\"},\"query-input\":\"required name=search_term_string\"}],\"inLanguage\":\"pt-PT\"},{\"@type\":\"WebPage\",\"@id\":\"https:\/\/ap-hotelsresorts.com\/pt-pt\/ofertas-promocoes\/#webpage\",\"url\":\"https:\/\/ap-hotelsresorts.com\/pt-pt\/ofertas-promocoes\/\",\"name\":\"Ofertas e Promo\u00e7\u00f5es - Hot\u00e9is no Algarve, Alentejo e Viana do Castelo - AP Hotels & Resorts - Site Oficial\",\"isPartOf\":{\"@id\":\"https:\/\/ap-hotelsresorts.com\/#website\"},\"datePublished\":\"2020-09-15T10:44:11+00:00\",\"dateModified\":\"2026-01-16T10:31:51+00:00\",\"description\":\"Veja as ofertas e promo\u00e7\u00f5es que temos dispon\u00edveis nos hot\u00e9is do Algarve e Viana do Castelo do grupo AP Hotels & Resorts.\",\"breadcrumb\":{\"@id\":\"https:\/\/ap-hotelsresorts.com\/pt-pt\/ofertas-promocoes\/#breadcrumb\"},\"inLanguage\":\"pt-PT\",\"potentialAction\":[{\"@type\":\"ReadAction\",\"target\":[\"https:\/\/ap-hotelsresorts.com\/pt-pt\/ofertas-promocoes\/\"]}]},{\"@type\":\"BreadcrumbList\",\"@id\":\"https:\/\/ap-hotelsresorts.com\/pt-pt\/ofertas-promocoes\/#breadcrumb\",\"itemListElement\":[{\"@type\":\"ListItem\",\"position\":1,\"name\":\"Home\",\"item\":\"https:\/\/ap-hotelsresorts.com\/pt-pt\/\"},{\"@type\":\"ListItem\",\"position\":2,\"name\":\"Ofertas e Promo\u00e7\u00f5es\"}]}]}<\/script>\n<!-- \/ Yoast SEO plugin. -->","yoast_head_json":{"title":"Ofertas e Promo\u00e7\u00f5es - Hot\u00e9is no Algarve, Alentejo e Viana do Castelo - AP Hotels & Resorts - Site Oficial","description":"Veja as ofertas e promo\u00e7\u00f5es que temos dispon\u00edveis nos hot\u00e9is do Algarve e Viana do Castelo do grupo AP Hotels & Resorts.","robots":{"index":"index","follow":"follow","max-snippet":"max-snippet:-1","max-image-preview":"max-image-preview:large","max-video-preview":"max-video-preview:-1"},"canonical":"https:\/\/ap-hotelsresorts.com\/pt-pt\/ofertas-promocoes\/","og_locale":"pt_PT","og_type":"article","og_title":"Ofertas e Promo\u00e7\u00f5es - Hot\u00e9is no Algarve, Alentejo e Viana do Castelo - AP Hotels & Resorts - Site Oficial","og_description":"Veja as ofertas e promo\u00e7\u00f5es que temos dispon\u00edveis nos hot\u00e9is do Algarve e Viana do Castelo do grupo AP Hotels & Resorts.","og_url":"https:\/\/ap-hotelsresorts.com\/pt-pt\/ofertas-promocoes\/","og_site_name":"AP HOTELS &amp; RESORTS .","article_publisher":"https:\/\/www.facebook.com\/aphotelsresorts","article_modified_time":"2026-01-16T10:31:51+00:00","twitter_card":"summary_large_image","twitter_site":"@ApHotels","twitter_misc":{"Tempo estimado de leitura":"4 minutos"},"schema":{"@context":"https:\/\/schema.org","@graph":[{"@type":"Organization","@id":"https:\/\/ap-hotelsresorts.com\/#organization","name":"AP HOTELS & RESORTS","url":"https:\/\/ap-hotelsresorts.com\/","sameAs":["https:\/\/www.facebook.com\/aphotelsresorts","https:\/\/www.instagram.com\/aphotelsresorts\/","https:\/\/www.linkedin.com\/company\/ap-hotels-and-resorts","https:\/\/www.youtube.com\/channel\/UCSmwGBz36kx2XALzeVAlKEg","https:\/\/twitter.com\/ApHotels"],"logo":{"@type":"ImageObject","@id":"https:\/\/ap-hotelsresorts.com\/#logo","inLanguage":"pt-PT","url":"https:\/\/ap-hotelsresorts.com\/wp-content\/uploads\/2021\/03\/logo-1.png","contentUrl":"https:\/\/ap-hotelsresorts.com\/wp-content\/uploads\/2021\/03\/logo-1.png","width":"3915","height":"1388","caption":"AP HOTELS & RESORTS"},"image":{"@id":"https:\/\/ap-hotelsresorts.com\/#logo"}},{"@type":"WebSite","@id":"https:\/\/ap-hotelsresorts.com\/#website","url":"https:\/\/ap-hotelsresorts.com\/","name":"AP HOTELS &amp; RESORTS .","description":"Albufeira . Faro . Portim\u00e3o . Tavira . Algarve","publisher":{"@id":"https:\/\/ap-hotelsresorts.com\/#organization"},"potentialAction":[{"@type":"SearchAction","target":{"@type":"EntryPoint","urlTemplate":"https:\/\/ap-hotelsresorts.com\/?s={search_term_string}"},"query-input":"required name=search_term_string"}],"inLanguage":"pt-PT"},{"@type":"WebPage","@id":"https:\/\/ap-hotelsresorts.com\/pt-pt\/ofertas-promocoes\/#webpage","url":"https:\/\/ap-hotelsresorts.com\/pt-pt\/ofertas-promocoes\/","name":"Ofertas e Promo\u00e7\u00f5es - Hot\u00e9is no Algarve, Alentejo e Viana do Castelo - AP Hotels & Resorts - Site Oficial","isPartOf":{"@id":"https:\/\/ap-hotelsresorts.com\/#website"},"datePublished":"2020-09-15T10:44:11+00:00","dateModified":"2026-01-16T10:31:51+00:00","description":"Veja as ofertas e promo\u00e7\u00f5es que temos dispon\u00edveis nos hot\u00e9is do Algarve e Viana do Castelo do grupo AP Hotels & Resorts.","breadcrumb":{"@id":"https:\/\/ap-hotelsresorts.com\/pt-pt\/ofertas-promocoes\/#breadcrumb"},"inLanguage":"pt-PT","potentialAction":[{"@type":"ReadAction","target":["https:\/\/ap-hotelsresorts.com\/pt-pt\/ofertas-promocoes\/"]}]},{"@type":"BreadcrumbList","@id":"https:\/\/ap-hotelsresorts.com\/pt-pt\/ofertas-promocoes\/#breadcrumb","itemListElement":[{"@type":"ListItem","position":1,"name":"Home","item":"https:\/\/ap-hotelsresorts.com\/pt-pt\/"},{"@type":"ListItem","position":2,"name":"Ofertas e Promo\u00e7\u00f5es"}]}]}},"_links":{"self":[{"href":"https:\/\/ap-hotelsresorts.com\/pt-pt\/wp-json\/wp\/v2\/pages\/20038"}],"collection":[{"href":"https:\/\/ap-hotelsresorts.com\/pt-pt\/wp-json\/wp\/v2\/pages"}],"about":[{"href":"https:\/\/ap-hotelsresorts.com\/pt-pt\/wp-json\/wp\/v2\/types\/page"}],"author":[{"embeddable":true,"href":"https:\/\/ap-hotelsresorts.com\/pt-pt\/wp-json\/wp\/v2\/users\/10"}],"replies":[{"embeddable":true,"href":"https:\/\/ap-hotelsresorts.com\/pt-pt\/wp-json\/wp\/v2\/comments?post=20038"}],"version-history":[{"count":0,"href":"https:\/\/ap-hotelsresorts.com\/pt-pt\/wp-json\/wp\/v2\/pages\/20038\/revisions"}],"wp:attachment":[{"href":"https:\/\/ap-hotelsresorts.com\/pt-pt\/wp-json\/wp\/v2\/media?parent=20038"}],"curies":[{"name":"wp","href":"https:\/\/api.w.org\/{rel}","templated":true}]}}