{"id":20548,"date":"2020-09-10T13:51:47","date_gmt":"2020-09-10T13:51:47","guid":{"rendered":"https:\/\/ap-hotelsresorts.com\/privacy-policy\/"},"modified":"2026-02-27T09:49:35","modified_gmt":"2026-02-27T09:49:35","slug":"politicas-de-privacidade","status":"publish","type":"page","link":"https:\/\/ap-hotelsresorts.com\/pt-pt\/politicas-de-privacidade\/","title":{"rendered":"Pol\u00edtica de privacidade"},"content":{"rendered":"<p>[vc_row css=&#8221;.vc_custom_1600427746300{padding-bottom: 50px !important;}&#8221;][vc_column]<div class=\"mkdf-section-title-holder  mkdf-st-standard mkdf-st-ha-center mkdf-st-title-left mkdf-st-normal-space \" style=\"text-align: center\">\n\t<div class=\"mkdf-st-inner\">\n\t\t\t\t\t\t\t<h2 class=\"mkdf-st-title\" >\n\t\t\t\tPol\u00edtica de Privacidade\t\t\t\t\t\t\t<\/h2>\n\t\t\t\t\t\t\t<div class=\"mkdf-st-separator\" ><\/div>\n\t\t\t\t\t<\/div>\n<\/div>[vc_empty_space][vc_column_text]AVISO LEGAL AP HOTELS &amp; RESORTS<\/p>\n<p>ALDITURISMO \u2013 EXPLORA\u00c7\u00c3O TURISTICA S.A. (AP Hotels &amp; Resorts) respeita a sua privacidade.<\/p>\n<p>Esta Pol\u00edtica de Privacidade descreve quem somos, para que finalidades podemos usar os seus dados, como os tratamos, com quem e durante quanto tempo os conservamos, assim como as formas de entrar em contacto connosco e de exercer os seus direitos.<\/p>\n<h3>QUEM SOMOS?<\/h3>\n<p>Os seus dados ser\u00e3o tratados por Alditurismo \u2013 Explora\u00e7\u00e3o Turistica S.A., pessoa coletiva n.\u00ba 507 947 843, com morada em Rocha Baixinha \u2013 Apartado 6115, n\u00famero de telefone +(351) 289 540 100, doravante \u201cAP Hotels &amp; Resorts\u201d ou \u201cnossa sociedade empresarial\u201d. Conhe\u00e7a as restantes unidades hoteleiras que fazem parte do Grupo AP Hotels &amp; Resorts:<\/p>\n<p>Cabanas Formosa &#8211; Explora\u00e7\u00e3o Hoteleira Lda.<br \/>\nRua Tuber\u00e1ria Major, Cabanas de Tavira, 8800- 591 Tavira, Portugal ID Fiscal: 514 199 644<\/p>\n<p>Eva &#8211; Sociedade Hoteleira S.A.<br \/>\nAvenida da Rep\u00fablica n\u00ba1, 8000-078 Faro, Portugal ID Fiscal: 502 027 908<\/p>\n<p>Maria Nova &#8211; Sociedade Hoteleira S.A.<br \/>\nRua Ant\u00f3nio Pinheiro n\u00ba17, 8800-323 Tavira, Portugal ID Fiscal: 513 847 863<\/p>\n<p>Rochoriental &#8211; Sociedade Hoteleira S.A.<br \/>\nAv Tom\u00e1s Cabreira, Praia da Rocha, 8500- 802 Portim\u00e3o, Portugal ID Fiscal: 500 480 109<\/p>\n<p>Vicfal\u00e9sia &#8211; Sociedade Hoteleira S.A.<br \/>\nRua do Pinhal A\u00e7oteias, Praia da Fal\u00e9sia, 8200- 593 Albufeira, Portugal<\/p>\n<p>ID Fiscal: 501 949 224<\/p>\n<h3>LEGISLA\u00c7\u00c3O<\/h3>\n<p>O tratamento dos dados de car\u00e1ter pessoal dos utilizadores realizado por AP Hotels &amp; Resorts, bem como o envio de comunica\u00e7\u00e3o realizadas por meios de comunica\u00e7\u00e3o est\u00e3o em conformidade com a legisla\u00e7\u00e3o nacional e comunit\u00e1ria em vigor, nomeadamente c Regulamento UE 2016\/679 (Regulamento Geral de Prote\u00e7\u00e3o de Dados).<\/p>\n<h3>PORQUE TRATAMOS A SUA INFORMA\u00c7\u00c3O?<\/h3>\n<p>AP Hotels &amp; Resorts \u00e9 respons\u00e1vel pelo tratamento de dados pessoais e apenas tratar\u00e1 os seus dados pessoais quando:<\/p>\n<ul>\n<li>Tiver um interesse leg\u00edtimo para o fazer, nomeadamente para:<\/li>\n<li>Para manter a rela\u00e7\u00e3o pr\u00e9-contratual ou contratual com a nossa sociedade empresarial;<br \/>\nGest\u00e3o de reservas;<br \/>\nCheck-in, fatura\u00e7\u00e3o e pagamento;<br \/>\nCumprimento de normas legais;<br \/>\nProssecu\u00e7\u00e3o de interesses leg\u00edtimos da nossa sociedade empresarial (nomeadamente seguran\u00e7a de pessoas e bens, evento desenvolvimento de produtos);<br \/>\nResposta a pedidos de informa\u00e7\u00e3o e solicita\u00e7\u00f5es (pedidos de or\u00e7amento, confirma\u00e7\u00f5es de reserva, etc.);<br \/>\nPara presta\u00e7\u00e3o de servi\u00e7os pr\u00f3prios (presta\u00e7\u00e3o de servi\u00e7os e adequa\u00e7\u00e3o dos tratamentos nos SPA&#8217;s, gest\u00e3o de prefer\u00eancias, fumador\/n\u00e3o fumador, piso preferido, mobilidade condicionada, jornais e revistas, etc.);<br \/>\nPara poder contactar a nossa sociedade empresarial atrav\u00e9s de e-mail;<br \/>\nPara informar a nossa sociedade empresarial sobre atividades, campanhas, promo\u00e7\u00f5es, eventos, entre outros, que consideremos relevantes.<br \/>\nPara realizar question\u00e1rios sobre a qualidade dos servi\u00e7os que oferecemos, assim como para realizar a\u00e7\u00f5es de fideliza\u00e7\u00e3o.<br \/>\nDesde que, em cada caso, o nosso interesse esteja conforme a legisla\u00e7\u00e3o aplic\u00e1vel e os seus direitos.<\/li>\n<li>Tiver obtido o seu consentimento para tratar os seus dados pessoais para finalidades espec\u00edficas, expl\u00edcitas e leg\u00edtimas; e\/ou for necess\u00e1rio para cumprir com obriga\u00e7\u00f5es contratuais e obriga\u00e7\u00f5es legais que se lhe apliquem.<\/li>\n<\/ul>\n<h3>PARA QUE TRATAMOS A SUA INFORMA\u00c7\u00c3O?<\/h3>\n<p>Quando preencher os formul\u00e1rios disponibilizados no nosso site na internet ou preencher os formul\u00e1rios de registo de estadia na rece\u00e7\u00e3o os seus dados pessoais (como o nome, e-mail, n\u00famero de telefone ou morada) s\u00e3o recolhidos por AP HOTELS &amp; RESORTS.<\/p>\n<p>Se se registar para um dos nossos eventos, alguns dos seus dados pessoais poder\u00e3o ser partilhados com entidades organizadoras ou com outros participantes.<\/p>\n<p>Ao disponibilizar-nos os seus contactos, AP HOTELS &amp; RESORTS poder\u00e1 contact\u00e1-lo\/a para efeitos de marketing desde que tenha consentido o tratamento dos seus dados pessoais para este efeito. Caso consinta, receber\u00e1 comunica\u00e7\u00f5es de marketing via e-mail. Poder\u00e1 a qualquer momento opor-se a este tratamento de dados.<\/p>\n<p>Os dados pessoais que nos fornece ser\u00e3o tamb\u00e9m tratados para os fins indicados no momento da recolha dos mesmos. O seu consentimento \u00e9 essencial para que AP HOTELS &amp; RESORTS trate os seus dados pessoais para os referidos efeitos; no entanto, se escolher o n\u00e3o consentimento, a sua visita e utiliza\u00e7\u00e3o do nosso site n\u00e3o ser\u00e1 afetada.<\/p>\n<h3>DURANTE QUANTO TEMPO CONSERVAMOS A SUA INFORMA\u00c7\u00c3O?<\/h3>\n<p>A nossa pol\u00edtica consiste na conserva\u00e7\u00e3o de dados apenas durante o per\u00edodo necess\u00e1rio para a observ\u00e2ncia dos prop\u00f3sitos para os qua recolhidos. No entanto, em determinados casos poderemos conservar os dados durante per\u00edodos mais longos, nomeadamente quando impuser.<\/p>\n<h3>QUAIS S\u00c3O OS SEUS DIREITOS?<\/h3>\n<p>A qualquer momento, poder\u00e1:<\/p>\n<p>Solicitar o acesso \u00e0 informa\u00e7\u00e3o que mantemos sobre si. Como titular dos dados pessoais, tem o direito a obter a confirma\u00e7\u00e3o de que lhe digam respeito s\u00e3o ou n\u00e3o objeto de tratamento e, se for o caso, de aceder aos seus dados pessoais e aceder \u00e0s informa\u00e7\u00f5es previstas.<\/p>\n<p>Solicitar a retifica\u00e7\u00e3o da informa\u00e7\u00e3o caso esteja inexata ou incompleta. Como titular dos dados pessoais, tem o direito a que AP HOTELS &amp; RESORTS, sem demora injustificada, retifique os dados inexatos ou incompletos que lhe digam respeito.<\/p>\n<p>Solicitar a elimina\u00e7\u00e3o dos seus dados pessoais. Enquanto titular dos dados pessoais, tem o direito de solicitar a AP HOTELS &amp; RESORTS a elimina\u00e7\u00e3o dos seus dados, sem demora injustificada, e esta tem a obriga\u00e7\u00e3o de apagar os dados pessoais, sem demora injustificada desde que seja aplicado, designadamente, um dos seguintes motivos:<\/p>\n<p>Os dados pessoais deixaram de ser necess\u00e1rios para a finalidade que motivou a sua recolha ou tratamento;<\/p>\n<p>Retirou o seu consentimento para o tratamento de dados (nos casos em que o tratamento \u00e9 baseado no consentimento) e n\u00e3o fundamento para o referido tratamento;<br \/>\nOp\u00f5e-se ao tratamento e n\u00e3o existem interesses leg\u00edtimos prevalecentes que justifiquem o tratamento.<br \/>\nSolicitar a limita\u00e7\u00e3o do tratamento dos seus dados pessoais. Enquanto titular dos dados tem o direito de solicitar a AP HOTELS &amp; RESORTS a limita\u00e7\u00e3o do tratamento dos seus dados se se aplicar, designadamente, uma das seguintes situa\u00e7\u00f5es:<\/p>\n<p>Contestar a exatid\u00e3o dos dados pessoais, durante um per\u00edodo que permita AP HOTELS &amp; RESORTS verificar a sua exatid\u00e3o;<br \/>\nO tratamento de dados for l\u00edcito e o titular dos dados se opuser \u00e0 elimina\u00e7\u00e3o dos dados pessoais e solicitar, em contrapartida, sua utiliza\u00e7\u00e3o;<br \/>\nAP HOTELS &amp; RESORTS j\u00e1 n\u00e3o precisar dos dados pessoais para fins de tratamento, mas esses dados s\u00e3o requeridos pelo titular e sua declara\u00e7\u00e3o, exerc\u00edcio ou defesa de um direito num processo judicial;<br \/>\nSe se tiver oposto ao tratamento, at\u00e9 se verificarem os motivos leg\u00edtimos do respons\u00e1vel pelo tratamento, estes prevalecem sobre os dados.<br \/>\nOpor-se ao tratamento dos seus dados pessoais. Nos casos em que o tratamento de dados for efetuado para efeito dos interessados por AP HOTELS &amp; RESORTS, ou o tratamento de dados for efetuado para efeitos de marketing direto ou defini\u00e7\u00e3o ainda, a qualquer altura, opor-se ao tratamento dos seus dados pessoais.<\/p>\n<p>Se o tratamento depender do seu consentimento, tem direito a retir\u00e1-lo. Se o consentimento for legalmente necess\u00e1rio para tratamentos pessoais o titular dos dados tem o direito de retirar consentimento em qualquer altura, embora esse direito n\u00e3o comprometa a licitude efetuado com base no consentimento previamente dado nem o tratamento posterior dos mesmos dados, baseado noutra base legal, do cumprimento do contrato ou da obriga\u00e7\u00e3o legal a que AP HOTELS &amp; RESORTS estejam sujeitos.<\/p>\n<p>Caso pretenda exercer qualquer um dos seus direitos, dever\u00e1 contactar-nos, por escrito, atrav\u00e9s do e-mail gpd@ap-hotelsresorts.com enviada para a morada acima indicada.<\/p>\n<p>Poder\u00e1 ser-lhe pedido que fa\u00e7a prova da sua identidade de modo a assegurar que a partilha dos dados pessoais \u00e9 apenas feita pelo seu email.<\/p>\n<p>Deve ter presente que em certos casos (por exemplo, devido a requisitos legais) o seu pedido n\u00e3o poder\u00e1 ser imediatamente satisfeito modo, ser\u00e1 informado das medidas tomadas nesse sentido, no prazo de um m\u00eas a partir do momento em que o pedido for efetuado.<\/p>\n<p>Quando preencher o formul\u00e1rio com os seus dados (Nome e Email) disponibilizado no acesso \u00e0 internet wifi da AP Hotels &amp; Resorts, pertencente ao grupo Madre, os seus dados poder\u00e3o ser tratados para efeitos de comunica\u00e7\u00e3o de campanhas de marketing.<br \/>\nPoder\u00e1 a qualquer momento opor-se a este tratamento de dados<\/p>\n<p>Tem ainda o direito de apresentar uma reclama\u00e7\u00e3o \u00e0 Comiss\u00e3o Nacional de Prote\u00e7\u00e3o de Dados https:\/\/www.cnpd.pt\/.<\/p>\n<h3>SEGURAN\u00c7A E CONFIDENCIALIDADE<\/h3>\n<p>Empenhamo-nos em manter os seus dados seguros, sendo que empregamos medidas de seguran\u00e7a apropriadas para assegurar que a seus dados pessoais e impedir o acesso a pessoas n\u00e3o autorizadas. Submetemos os nossos sistemas e pol\u00edticas de seguran\u00e7a a an\u00e1lise de forma a garantir que os dados est\u00e3o seguros e protegidos. No entanto, a transmiss\u00e3o de informa\u00e7\u00e3o atrav\u00e9s de Internet n\u00e3o \u00e9 completamente segura, e n\u00e3o podemos garantir absolutamente a seguran\u00e7a da informa\u00e7\u00e3o transmitida atrav\u00e9s do nosso site.<\/p>\n<p>Respeitamos tamb\u00e9m a confidencialidade da sua informa\u00e7\u00e3o. Como tal, n\u00e3o vendemos, distribu\u00edmos a sua informa\u00e7\u00e3o a qualquer entidade. Apenas comunicaremos os seus dados a terceiros no caso de tal comunica\u00e7\u00e3o necess\u00e1ria para a presta\u00e7\u00e3o de servi\u00e7os ou por obriga\u00e7\u00e3o legal.<\/p>\n<p>AP HOTELS &amp; RESORTS assume o compromisso de manter a sua informa\u00e7\u00e3o confidencial de acordo com esta Pol\u00edtica de Privacidade aplic\u00e1vel.<\/p>\n<h3>SERVI\u00c7OS DA GOOGLE<\/h3>\n<p>Este site utiliza os Servi\u00e7os do Google.<\/p>\n<p>Ao consentir com o uso de cookies, alguns dos seus dados pessoais poder\u00e3o ser processados \u200b\u200bpelo Google.<\/p>\n<p>Para mais informa\u00e7\u00f5es sobre como o Google lida com dados, consulte:<\/p>\n<p><a href=\"https:\/\/business.safety.google\/privacy\/\" target=\"_blank\" rel=\"noopener\">https:\/\/business.safety.google\/privacy\/<\/a><\/p>\n<h3>EM CASO DE D\u00daVIDA<\/h3>\n<p>Se permanecer com alguma d\u00favida relativamente ao tratamento dos seus dados pessoais, ou pretender exercer algum dos seus direitos, contacte-nos:<\/p>\n<p>E-mail: gpd@ap-hotelsresorts.com<\/p>\n<p>Por favor, tenha em considera\u00e7\u00e3o que, ocasionalmente, AP HOTELS &amp; RESORTS atualizar\u00e1 esta Pol\u00edtica de Privacidade. Solicitamos que visualize periodicamente este documento no nosso site para se manter atualizado\/a.[\/vc_column_text][\/vc_column][\/vc_row]<\/p>\n","protected":false},"excerpt":{"rendered":"<p>[vc_row css=&#8221;.vc_custom_1600427746300{padding-bottom: 50px !important;}&#8221;][vc_column][vc_empty_space][vc_column_text]AVISO LEGAL AP HOTELS &amp; RESORTS ALDITURISMO \u2013 EXPLORA\u00c7\u00c3O TURISTICA S.A. (AP Hotels &amp; Resorts) respeita a sua privacidade. Esta Pol\u00edtica de Privacidade descreve quem somos, para que finalidades podemos usar os seus dados, como os tratamos, [&hellip;]<\/p>\n","protected":false},"author":10,"featured_media":0,"parent":0,"menu_order":0,"comment_status":"closed","ping_status":"open","template":"","meta":[],"yoast_head":"<!-- This site is optimized with the Yoast SEO plugin v18.1 - https:\/\/yoast.com\/wordpress\/plugins\/seo\/ -->\n<title>Pol\u00edtica de privacidade - AP HOTELS &amp; RESORTS .<\/title>\n<meta name=\"robots\" content=\"index, follow, max-snippet:-1, max-image-preview:large, max-video-preview:-1\" \/>\n<link rel=\"canonical\" href=\"https:\/\/ap-hotelsresorts.com\/pt-pt\/politicas-de-privacidade\/\" \/>\n<meta property=\"og:locale\" content=\"pt_PT\" \/>\n<meta property=\"og:type\" content=\"article\" \/>\n<meta property=\"og:title\" content=\"Pol\u00edtica de privacidade - AP HOTELS &amp; RESORTS .\" \/>\n<meta property=\"og:description\" content=\"[vc_row css=&#8221;.vc_custom_1600427746300{padding-bottom: 50px !important;}&#8221;][vc_column][vc_empty_space][vc_column_text]AVISO LEGAL AP HOTELS &amp; RESORTS ALDITURISMO \u2013 EXPLORA\u00c7\u00c3O TURISTICA S.A. (AP Hotels &amp; Resorts) respeita a sua privacidade. Esta Pol\u00edtica de Privacidade descreve quem somos, para que finalidades podemos usar os seus dados, como os tratamos, [&hellip;]\" \/>\n<meta property=\"og:url\" content=\"https:\/\/ap-hotelsresorts.com\/pt-pt\/politicas-de-privacidade\/\" \/>\n<meta property=\"og:site_name\" content=\"AP HOTELS &amp; RESORTS .\" \/>\n<meta property=\"article:publisher\" content=\"https:\/\/www.facebook.com\/aphotelsresorts\" \/>\n<meta property=\"article:modified_time\" content=\"2026-02-27T09:49:35+00:00\" \/>\n<meta name=\"twitter:card\" content=\"summary_large_image\" \/>\n<meta name=\"twitter:site\" content=\"@ApHotels\" \/>\n<meta name=\"twitter:label1\" content=\"Tempo estimado de leitura\" \/>\n\t<meta name=\"twitter:data1\" content=\"7 minutos\" \/>\n<script type=\"application\/ld+json\" class=\"yoast-schema-graph\">{\"@context\":\"https:\/\/schema.org\",\"@graph\":[{\"@type\":\"Organization\",\"@id\":\"https:\/\/ap-hotelsresorts.com\/#organization\",\"name\":\"AP HOTELS & RESORTS\",\"url\":\"https:\/\/ap-hotelsresorts.com\/\",\"sameAs\":[\"https:\/\/www.facebook.com\/aphotelsresorts\",\"https:\/\/www.instagram.com\/aphotelsresorts\/\",\"https:\/\/www.linkedin.com\/company\/ap-hotels-and-resorts\",\"https:\/\/www.youtube.com\/channel\/UCSmwGBz36kx2XALzeVAlKEg\",\"https:\/\/twitter.com\/ApHotels\"],\"logo\":{\"@type\":\"ImageObject\",\"@id\":\"https:\/\/ap-hotelsresorts.com\/#logo\",\"inLanguage\":\"pt-PT\",\"url\":\"https:\/\/ap-hotelsresorts.com\/wp-content\/uploads\/2021\/03\/logo-1.png\",\"contentUrl\":\"https:\/\/ap-hotelsresorts.com\/wp-content\/uploads\/2021\/03\/logo-1.png\",\"width\":\"3915\",\"height\":\"1388\",\"caption\":\"AP HOTELS & RESORTS\"},\"image\":{\"@id\":\"https:\/\/ap-hotelsresorts.com\/#logo\"}},{\"@type\":\"WebSite\",\"@id\":\"https:\/\/ap-hotelsresorts.com\/#website\",\"url\":\"https:\/\/ap-hotelsresorts.com\/\",\"name\":\"AP HOTELS &amp; RESORTS .\",\"description\":\"Albufeira . Faro . Portim\u00e3o . Tavira . Algarve\",\"publisher\":{\"@id\":\"https:\/\/ap-hotelsresorts.com\/#organization\"},\"potentialAction\":[{\"@type\":\"SearchAction\",\"target\":{\"@type\":\"EntryPoint\",\"urlTemplate\":\"https:\/\/ap-hotelsresorts.com\/?s={search_term_string}\"},\"query-input\":\"required name=search_term_string\"}],\"inLanguage\":\"pt-PT\"},{\"@type\":\"WebPage\",\"@id\":\"https:\/\/ap-hotelsresorts.com\/pt-pt\/politicas-de-privacidade\/#webpage\",\"url\":\"https:\/\/ap-hotelsresorts.com\/pt-pt\/politicas-de-privacidade\/\",\"name\":\"Pol\u00edtica de privacidade - AP HOTELS &amp; RESORTS .\",\"isPartOf\":{\"@id\":\"https:\/\/ap-hotelsresorts.com\/#website\"},\"datePublished\":\"2020-09-10T13:51:47+00:00\",\"dateModified\":\"2026-02-27T09:49:35+00:00\",\"breadcrumb\":{\"@id\":\"https:\/\/ap-hotelsresorts.com\/pt-pt\/politicas-de-privacidade\/#breadcrumb\"},\"inLanguage\":\"pt-PT\",\"potentialAction\":[{\"@type\":\"ReadAction\",\"target\":[\"https:\/\/ap-hotelsresorts.com\/pt-pt\/politicas-de-privacidade\/\"]}]},{\"@type\":\"BreadcrumbList\",\"@id\":\"https:\/\/ap-hotelsresorts.com\/pt-pt\/politicas-de-privacidade\/#breadcrumb\",\"itemListElement\":[{\"@type\":\"ListItem\",\"position\":1,\"name\":\"Home\",\"item\":\"https:\/\/ap-hotelsresorts.com\/pt-pt\/\"},{\"@type\":\"ListItem\",\"position\":2,\"name\":\"Pol\u00edtica de privacidade\"}]}]}<\/script>\n<!-- \/ Yoast SEO plugin. -->","yoast_head_json":{"title":"Pol\u00edtica de privacidade - AP HOTELS &amp; RESORTS .","robots":{"index":"index","follow":"follow","max-snippet":"max-snippet:-1","max-image-preview":"max-image-preview:large","max-video-preview":"max-video-preview:-1"},"canonical":"https:\/\/ap-hotelsresorts.com\/pt-pt\/politicas-de-privacidade\/","og_locale":"pt_PT","og_type":"article","og_title":"Pol\u00edtica de privacidade - AP HOTELS &amp; RESORTS .","og_description":"[vc_row css=&#8221;.vc_custom_1600427746300{padding-bottom: 50px !important;}&#8221;][vc_column][vc_empty_space][vc_column_text]AVISO LEGAL AP HOTELS &amp; RESORTS ALDITURISMO \u2013 EXPLORA\u00c7\u00c3O TURISTICA S.A. (AP Hotels &amp; Resorts) respeita a sua privacidade. Esta Pol\u00edtica de Privacidade descreve quem somos, para que finalidades podemos usar os seus dados, como os tratamos, [&hellip;]","og_url":"https:\/\/ap-hotelsresorts.com\/pt-pt\/politicas-de-privacidade\/","og_site_name":"AP HOTELS &amp; RESORTS .","article_publisher":"https:\/\/www.facebook.com\/aphotelsresorts","article_modified_time":"2026-02-27T09:49:35+00:00","twitter_card":"summary_large_image","twitter_site":"@ApHotels","twitter_misc":{"Tempo estimado de leitura":"7 minutos"},"schema":{"@context":"https:\/\/schema.org","@graph":[{"@type":"Organization","@id":"https:\/\/ap-hotelsresorts.com\/#organization","name":"AP HOTELS & RESORTS","url":"https:\/\/ap-hotelsresorts.com\/","sameAs":["https:\/\/www.facebook.com\/aphotelsresorts","https:\/\/www.instagram.com\/aphotelsresorts\/","https:\/\/www.linkedin.com\/company\/ap-hotels-and-resorts","https:\/\/www.youtube.com\/channel\/UCSmwGBz36kx2XALzeVAlKEg","https:\/\/twitter.com\/ApHotels"],"logo":{"@type":"ImageObject","@id":"https:\/\/ap-hotelsresorts.com\/#logo","inLanguage":"pt-PT","url":"https:\/\/ap-hotelsresorts.com\/wp-content\/uploads\/2021\/03\/logo-1.png","contentUrl":"https:\/\/ap-hotelsresorts.com\/wp-content\/uploads\/2021\/03\/logo-1.png","width":"3915","height":"1388","caption":"AP HOTELS & RESORTS"},"image":{"@id":"https:\/\/ap-hotelsresorts.com\/#logo"}},{"@type":"WebSite","@id":"https:\/\/ap-hotelsresorts.com\/#website","url":"https:\/\/ap-hotelsresorts.com\/","name":"AP HOTELS &amp; RESORTS .","description":"Albufeira . Faro . Portim\u00e3o . Tavira . Algarve","publisher":{"@id":"https:\/\/ap-hotelsresorts.com\/#organization"},"potentialAction":[{"@type":"SearchAction","target":{"@type":"EntryPoint","urlTemplate":"https:\/\/ap-hotelsresorts.com\/?s={search_term_string}"},"query-input":"required name=search_term_string"}],"inLanguage":"pt-PT"},{"@type":"WebPage","@id":"https:\/\/ap-hotelsresorts.com\/pt-pt\/politicas-de-privacidade\/#webpage","url":"https:\/\/ap-hotelsresorts.com\/pt-pt\/politicas-de-privacidade\/","name":"Pol\u00edtica de privacidade - AP HOTELS &amp; RESORTS .","isPartOf":{"@id":"https:\/\/ap-hotelsresorts.com\/#website"},"datePublished":"2020-09-10T13:51:47+00:00","dateModified":"2026-02-27T09:49:35+00:00","breadcrumb":{"@id":"https:\/\/ap-hotelsresorts.com\/pt-pt\/politicas-de-privacidade\/#breadcrumb"},"inLanguage":"pt-PT","potentialAction":[{"@type":"ReadAction","target":["https:\/\/ap-hotelsresorts.com\/pt-pt\/politicas-de-privacidade\/"]}]},{"@type":"BreadcrumbList","@id":"https:\/\/ap-hotelsresorts.com\/pt-pt\/politicas-de-privacidade\/#breadcrumb","itemListElement":[{"@type":"ListItem","position":1,"name":"Home","item":"https:\/\/ap-hotelsresorts.com\/pt-pt\/"},{"@type":"ListItem","position":2,"name":"Pol\u00edtica de privacidade"}]}]}},"_links":{"self":[{"href":"https:\/\/ap-hotelsresorts.com\/pt-pt\/wp-json\/wp\/v2\/pages\/20548"}],"collection":[{"href":"https:\/\/ap-hotelsresorts.com\/pt-pt\/wp-json\/wp\/v2\/pages"}],"about":[{"href":"https:\/\/ap-hotelsresorts.com\/pt-pt\/wp-json\/wp\/v2\/types\/page"}],"author":[{"embeddable":true,"href":"https:\/\/ap-hotelsresorts.com\/pt-pt\/wp-json\/wp\/v2\/users\/10"}],"replies":[{"embeddable":true,"href":"https:\/\/ap-hotelsresorts.com\/pt-pt\/wp-json\/wp\/v2\/comments?post=20548"}],"version-history":[{"count":0,"href":"https:\/\/ap-hotelsresorts.com\/pt-pt\/wp-json\/wp\/v2\/pages\/20548\/revisions"}],"wp:attachment":[{"href":"https:\/\/ap-hotelsresorts.com\/pt-pt\/wp-json\/wp\/v2\/media?parent=20548"}],"curies":[{"name":"wp","href":"https:\/\/api.w.org\/{rel}","templated":true}]}}