{"id":21206,"date":"2020-09-24T06:33:19","date_gmt":"2020-09-24T06:33:19","guid":{"rendered":"https:\/\/ap-hotelsresorts.com\/victoria\/experiences\/"},"modified":"2026-01-16T11:20:11","modified_gmt":"2026-01-16T11:20:11","slug":"experiencias","status":"publish","type":"page","link":"https:\/\/ap-hotelsresorts.com\/pt-pt\/victoria\/experiencias\/","title":{"rendered":"O que fazer em Albufeira"},"content":{"rendered":"<p>[vc_row row_content_width=&#8221;grid&#8221; el_class=&#8221;the-algarve-mt&#8221;][vc_column][vc_empty_space height=&#8221;80px&#8221;][vc_row_inner el_class=&#8221;algarve-top&#8221;][vc_column_inner]<div class=\"mkdf-section-title-holder  mkdf-st-elegant  mkdf-st-title-left mkdf-st-normal-space \" >\n\t<div class=\"mkdf-st-inner\">\n\t\t\t\t\t\t\t<h1 class=\"mkdf-st-title\" style=\"color: #826d67\">\n\t\t\t\tO QUE FAZER EM ALBUFEIRA\t\t\t\t\t\t\t<\/h1>\n\t\t\t\t\t\t\t\t\t<span class=\"mkdf-st-text\" >\n\t\t\t\tConecte-se com o que o rodeia\t\t\t<\/span>\n\t\t\t<\/div>\n<\/div>[vc_empty_space height=&#8221;30px&#8221;][vc_column_text]<\/p>\n<h2><strong>Descubra o que fazer durante as suas f\u00e9rias no Algarve<\/strong><\/h2>\n<p>&nbsp;<\/p>\n<p>Durante as suas f\u00e9rias em\u00a0<strong>Albufeira<\/strong>, aproveite para conhecer todas as experi\u00eancias que o\u00a0<strong>Algarve<\/strong>\u00a0proporciona.<\/p>\n<p>&nbsp;<\/p>\n<p>Desde parques tem\u00e1ticos a passeios de barco \u00e0s grutas de\u00a0<strong>Benagil<\/strong>, s\u00e3o v\u00e1rias as atra\u00e7\u00f5es oferecidas\u00a0por Albufeira\u00a0que elevam o conceito de f\u00e9rias e lazer ao m\u00e1ximo.<\/p>\n<p>&nbsp;<\/p>\n<p>Conhe\u00e7a abaixo as melhores atra\u00e7\u00f5es da cidade.[\/vc_column_text][vc_empty_space height=&#8221;80px&#8221;][\/vc_column_inner][\/vc_row_inner][\/vc_column][\/vc_row][vc_row][vc_column][vc_column_text]<div class=\"row\">\n    \n    <div class=\"container\">\n\t<div class=\"row\"><\/div>\n                        <\/div>\n                    <\/div>\n            <\/div>[\/vc_column_text][\/vc_column][\/vc_row][vc_row][vc_column offset=&#8221;vc_hidden-lg vc_hidden-md&#8221;][vc_column_text]<div class=\"row\">\n    \n    <div class=\"container\">\n\t<div class=\"row\"><\/div>\n                        <\/div>\n                    <\/div>\n            <\/div>[\/vc_column_text][\/vc_column][\/vc_row][vc_row simple_background_color=&#8221;#899ba6&#8243; css=&#8221;.vc_custom_1688722250041{margin-top: 10px !important;background-color: #ffffff !important;}&#8221;][vc_column el_class=&#8221;adriana-offers-content&#8221; css=&#8221;.vc_custom_1688654683383{background-color: #b5a17f !important;}&#8221;][vc_row_inner row_content_width=&#8221;grid&#8221; css=&#8221;.vc_custom_1680174325033{padding-top: 5% !important;padding-bottom: 5% !important;}&#8221;][vc_column_inner width=&#8221;2\/3&#8243;][vc_custom_heading text=&#8221;Hotel com Tudo Incluido em Albufeira&#8221; font_container=&#8221;tag:h2|font_size:20|text_align:left|color:%23ffffff&#8221; use_theme_fonts=&#8221;yes&#8221;][vc_custom_heading text=&#8221;Reserve as suas f\u00e9rias em Albufeira perto da Praia da Fal\u00e9sia&#8221; font_container=&#8221;tag:h3|font_size:30|text_align:left|color:%23ffffff&#8221; use_theme_fonts=&#8221;yes&#8221;][\/vc_column_inner][vc_column_inner width=&#8221;1\/3&#8243; css=&#8221;.vc_custom_1680174133788{padding-top: 0px !important;padding-bottom: 0px !important;}&#8221;]<a itemprop=\"url\" href=\"https:\/\/ap-victoria-dot-ap-hotels.appspot.com\/booking1?adultsRoom1=2\" target=\"_self\" style=\"color: #000000;background-color: #ffffff;border-color: #ffffff;margin: 30px\" class=\"mkdf-btn mkdf-btn-medium mkdf-btn-solid mkdf-btn-custom-hover-bg mkdf-btn-custom-border-hover mkdf-btn-custom-hover-color mkdf-btn-icon\" data-hover-color=\"#000000\" data-hover-bg-color=\"#ffffff\" data-hover-border-color=\"#ffffff\" >\n    <span class=\"mkdf-btn-text\">Reservar Agora<\/span>\n    <i class=\"mkdf-icon-linear-icon lnr lnr-arrow-right \" ><\/i><\/a>[\/vc_column_inner][\/vc_row_inner][\/vc_column][\/vc_row][vc_row content_text_aligment=&#8221;center&#8221; css=&#8221;.vc_custom_1605012282771{padding-bottom: 80px !important;background-position: center !important;background-repeat: no-repeat !important;background-size: cover !important;}&#8221; el_class=&#8221;adriana-hotel-footer-address-top&#8221;][vc_column offset=&#8221;vc_col-lg-offset-1 vc_col-lg-10 vc_col-md-offset-1 vc_col-md-10&#8243; el_class=&#8221;adriana-hotel-footer-address&#8221;]<div class=\"mkdf-section-title-holder  mkdf-st-standard mkdf-st-ha-center mkdf-st-title-left mkdf-st-normal-space \" style=\"text-align: center\">\n\t<div class=\"mkdf-st-inner\">\n\t\t\t\t\t\t\t<h2 class=\"mkdf-st-title\" >\n\t\t\t\tAP VITORIA SPORT &amp; BEACH\t\t\t\t\t\t\t<\/h2>\n\t\t\t\t\t\t\t<\/div>\n<\/div>[vc_empty_space height=&#8221;40px&#8221;][vc_column_text el_class=&#8221;ap-hotel-address-text&#8221;]<\/p>\n<p style=\"text-align: center;\">Praia da Fal\u00e9sia<br \/>\nRua do Pinhal \u2013 A\u00e7oteias Olhos de \u00c1gua<br \/>\n8200-593 Albufeira | Algarve, Portugal<br \/>\nT: <span style=\"text-decoration: underline;\"><a href=\"tel: +351 289 005 100\">+351 289 005 100<\/a><\/span> (Chamada para a Rede Fixa Nacional)<br \/>\n| F: +351 289 005 120<br \/>\nBooking: T: <a href=\"tel: +351 289 540 100\"><u>+351 289 540 100<\/u><\/a> (Chamada para a Rede Fixa Nacional)<br \/>\n| E: <a href=\"mailto:book.victoria@ap-hotelsresorts.com\"><span style=\"text-decoration: underline;\">book.victoria@ap-hotelsresorts.com<\/span><\/a> | RNET 1103<br \/>\nSOCIAL MEDIA<\/p>\n<p>[\/vc_column_text][vc_column_text]<\/p>\n<p>[\/vc_column_text]    <span class=\"mkdf-icon-shortcode mkdf-normal   mkdf-icon-small\"  data-color=\"#000000\">\n                    <a itemprop=\"url\" class=\"\" href=\"https:\/\/www.instagram.com\/ap.victoriasportsandbeach\/\" target=\"_blank\">\n                    <i class=\"mkdf-icon-font-awesome fa fa-instagram mkdf-icon-element\" style=\"color: #000000\" ><\/i>                    <\/a>\n            <\/span>\n    <span class=\"mkdf-icon-shortcode mkdf-circle   mkdf-icon-small\" style=\"background-color: #efe3da;border-color: #000000\" data-color=\"#000000\">\n                    <a itemprop=\"url\" class=\"\" href=\"https:\/\/www.facebook.com\/victoriasportbeach.ap\" target=\"_blank\">\n                    <i class=\"mkdf-icon-font-awesome fa fa-facebook mkdf-icon-element\" style=\"color: #000000\" ><\/i>                    <\/a>\n            <\/span>\n[vc_empty_space height=&#8221;40px&#8221;]<a itemprop=\"url\" href=\"https:\/\/ap-hotelsresorts.com\/pt-pt\/victoria\/contatos\/\" target=\"_self\" style=\"color: #ffffff;border-color: #000000;margin: 0px 10px 0px 0px\" class=\"mkdf-btn mkdf-btn-medium mkdf-btn-outline mkdf-btn-custom-border-hover mkdf-btn-custom-hover-color mkdf-btn-icon\" data-hover-color=\"#ffffff\" data-hover-border-color=\"#333132\" >\n    <span class=\"mkdf-btn-text\">CONTATE-NOS<\/span>\n    <i class=\"mkdf-icon-linear-icon lnr lnr-arrow-right \" ><\/i><\/a><a itemprop=\"url\" href=\"https:\/\/ap-hotelsresorts.com\/pt-pt\/victoria\/contatos\/\" target=\"_self\" style=\"color: #ffffff;border-color: #000000\" class=\"mkdf-btn mkdf-btn-medium mkdf-btn-outline mkdf-btn-custom-border-hover mkdf-btn-custom-hover-color mkdf-btn-icon\" data-hover-color=\"#ffffff\" data-hover-border-color=\"#333132\" >\n    <span class=\"mkdf-btn-text\">LOCALIZA\u00c7\u00c3O<\/span>\n    <i class=\"mkdf-icon-linear-icon lnr lnr-arrow-right \" ><\/i><\/a>[\/vc_column][\/vc_row]<\/p>\n","protected":false},"excerpt":{"rendered":"<p>[vc_row row_content_width=&#8221;grid&#8221; el_class=&#8221;the-algarve-mt&#8221;][vc_column][vc_empty_space height=&#8221;80px&#8221;][vc_row_inner el_class=&#8221;algarve-top&#8221;][vc_column_inner][vc_empty_space height=&#8221;30px&#8221;][vc_column_text] Descubra o que fazer durante as suas f\u00e9rias no Algarve &nbsp; Durante as suas f\u00e9rias em\u00a0Albufeira, aproveite para conhecer todas as experi\u00eancias que o\u00a0Algarve\u00a0proporciona. &nbsp; Desde parques tem\u00e1ticos a passeios de barco \u00e0s grutas [&hellip;]<\/p>\n","protected":false},"author":10,"featured_media":0,"parent":19550,"menu_order":0,"comment_status":"closed","ping_status":"closed","template":"full-width.php","meta":[],"yoast_head":"<!-- This site is optimized with the Yoast SEO plugin v18.1 - https:\/\/yoast.com\/wordpress\/plugins\/seo\/ -->\n<title>O que fazer em Albufeira - AP Victoria Sports &amp; Beach - Official Website<\/title>\n<meta name=\"description\" content=\"Sem planos do que fazer em Albufeira? Conhe\u00e7a os parques tem\u00e1ticos, passeios maritimos e excurs\u00f5es dispon\u00edveis no Algarve e comece a planear as suas f\u00e9rias.\" \/>\n<meta name=\"robots\" content=\"index, follow, max-snippet:-1, max-image-preview:large, max-video-preview:-1\" \/>\n<link rel=\"canonical\" href=\"https:\/\/ap-hotelsresorts.com\/pt-pt\/victoria\/experiencias\/\" \/>\n<meta property=\"og:locale\" content=\"pt_PT\" \/>\n<meta property=\"og:type\" content=\"article\" \/>\n<meta property=\"og:title\" content=\"O que fazer em Albufeira - AP Victoria Sports &amp; Beach - Official Website\" \/>\n<meta property=\"og:description\" content=\"Sem planos do que fazer em Albufeira? Conhe\u00e7a os parques tem\u00e1ticos, passeios maritimos e excurs\u00f5es dispon\u00edveis no Algarve e comece a planear as suas f\u00e9rias.\" \/>\n<meta property=\"og:url\" content=\"https:\/\/ap-hotelsresorts.com\/pt-pt\/victoria\/experiencias\/\" \/>\n<meta property=\"og:site_name\" content=\"AP HOTELS &amp; RESORTS .\" \/>\n<meta property=\"article:publisher\" content=\"https:\/\/www.facebook.com\/aphotelsresorts\" \/>\n<meta property=\"article:modified_time\" content=\"2026-01-16T11:20:11+00:00\" \/>\n<meta name=\"twitter:card\" content=\"summary_large_image\" \/>\n<meta name=\"twitter:site\" content=\"@ApHotels\" \/>\n<meta name=\"twitter:label1\" content=\"Tempo estimado de leitura\" \/>\n\t<meta name=\"twitter:data1\" content=\"3 minutos\" \/>\n<script type=\"application\/ld+json\" class=\"yoast-schema-graph\">{\"@context\":\"https:\/\/schema.org\",\"@graph\":[{\"@type\":\"Organization\",\"@id\":\"https:\/\/ap-hotelsresorts.com\/#organization\",\"name\":\"AP HOTELS & RESORTS\",\"url\":\"https:\/\/ap-hotelsresorts.com\/\",\"sameAs\":[\"https:\/\/www.facebook.com\/aphotelsresorts\",\"https:\/\/www.instagram.com\/aphotelsresorts\/\",\"https:\/\/www.linkedin.com\/company\/ap-hotels-and-resorts\",\"https:\/\/www.youtube.com\/channel\/UCSmwGBz36kx2XALzeVAlKEg\",\"https:\/\/twitter.com\/ApHotels\"],\"logo\":{\"@type\":\"ImageObject\",\"@id\":\"https:\/\/ap-hotelsresorts.com\/#logo\",\"inLanguage\":\"pt-PT\",\"url\":\"https:\/\/ap-hotelsresorts.com\/wp-content\/uploads\/2021\/03\/logo-1.png\",\"contentUrl\":\"https:\/\/ap-hotelsresorts.com\/wp-content\/uploads\/2021\/03\/logo-1.png\",\"width\":\"3915\",\"height\":\"1388\",\"caption\":\"AP HOTELS & RESORTS\"},\"image\":{\"@id\":\"https:\/\/ap-hotelsresorts.com\/#logo\"}},{\"@type\":\"WebSite\",\"@id\":\"https:\/\/ap-hotelsresorts.com\/#website\",\"url\":\"https:\/\/ap-hotelsresorts.com\/\",\"name\":\"AP HOTELS &amp; RESORTS .\",\"description\":\"Albufeira . Faro . Portim\u00e3o . Tavira . Algarve\",\"publisher\":{\"@id\":\"https:\/\/ap-hotelsresorts.com\/#organization\"},\"potentialAction\":[{\"@type\":\"SearchAction\",\"target\":{\"@type\":\"EntryPoint\",\"urlTemplate\":\"https:\/\/ap-hotelsresorts.com\/?s={search_term_string}\"},\"query-input\":\"required name=search_term_string\"}],\"inLanguage\":\"pt-PT\"},{\"@type\":\"WebPage\",\"@id\":\"https:\/\/ap-hotelsresorts.com\/pt-pt\/victoria\/experiencias\/#webpage\",\"url\":\"https:\/\/ap-hotelsresorts.com\/pt-pt\/victoria\/experiencias\/\",\"name\":\"O que fazer em Albufeira - AP Victoria Sports & Beach - Official Website\",\"isPartOf\":{\"@id\":\"https:\/\/ap-hotelsresorts.com\/#website\"},\"datePublished\":\"2020-09-24T06:33:19+00:00\",\"dateModified\":\"2026-01-16T11:20:11+00:00\",\"description\":\"Sem planos do que fazer em Albufeira? Conhe\u00e7a os parques tem\u00e1ticos, passeios maritimos e excurs\u00f5es dispon\u00edveis no Algarve e comece a planear as suas f\u00e9rias.\",\"breadcrumb\":{\"@id\":\"https:\/\/ap-hotelsresorts.com\/pt-pt\/victoria\/experiencias\/#breadcrumb\"},\"inLanguage\":\"pt-PT\",\"potentialAction\":[{\"@type\":\"ReadAction\",\"target\":[\"https:\/\/ap-hotelsresorts.com\/pt-pt\/victoria\/experiencias\/\"]}]},{\"@type\":\"BreadcrumbList\",\"@id\":\"https:\/\/ap-hotelsresorts.com\/pt-pt\/victoria\/experiencias\/#breadcrumb\",\"itemListElement\":[{\"@type\":\"ListItem\",\"position\":1,\"name\":\"Home\",\"item\":\"https:\/\/ap-hotelsresorts.com\/pt-pt\/\"},{\"@type\":\"ListItem\",\"position\":2,\"name\":\"Victoria\",\"item\":\"https:\/\/ap-hotelsresorts.com\/pt-pt\/victoria\/\"},{\"@type\":\"ListItem\",\"position\":3,\"name\":\"O que fazer em Albufeira\"}]}]}<\/script>\n<!-- \/ Yoast SEO plugin. -->","yoast_head_json":{"title":"O que fazer em Albufeira - AP Victoria Sports & Beach - Official Website","description":"Sem planos do que fazer em Albufeira? Conhe\u00e7a os parques tem\u00e1ticos, passeios maritimos e excurs\u00f5es dispon\u00edveis no Algarve e comece a planear as suas f\u00e9rias.","robots":{"index":"index","follow":"follow","max-snippet":"max-snippet:-1","max-image-preview":"max-image-preview:large","max-video-preview":"max-video-preview:-1"},"canonical":"https:\/\/ap-hotelsresorts.com\/pt-pt\/victoria\/experiencias\/","og_locale":"pt_PT","og_type":"article","og_title":"O que fazer em Albufeira - AP Victoria Sports & Beach - Official Website","og_description":"Sem planos do que fazer em Albufeira? Conhe\u00e7a os parques tem\u00e1ticos, passeios maritimos e excurs\u00f5es dispon\u00edveis no Algarve e comece a planear as suas f\u00e9rias.","og_url":"https:\/\/ap-hotelsresorts.com\/pt-pt\/victoria\/experiencias\/","og_site_name":"AP HOTELS &amp; RESORTS .","article_publisher":"https:\/\/www.facebook.com\/aphotelsresorts","article_modified_time":"2026-01-16T11:20:11+00:00","twitter_card":"summary_large_image","twitter_site":"@ApHotels","twitter_misc":{"Tempo estimado de leitura":"3 minutos"},"schema":{"@context":"https:\/\/schema.org","@graph":[{"@type":"Organization","@id":"https:\/\/ap-hotelsresorts.com\/#organization","name":"AP HOTELS & RESORTS","url":"https:\/\/ap-hotelsresorts.com\/","sameAs":["https:\/\/www.facebook.com\/aphotelsresorts","https:\/\/www.instagram.com\/aphotelsresorts\/","https:\/\/www.linkedin.com\/company\/ap-hotels-and-resorts","https:\/\/www.youtube.com\/channel\/UCSmwGBz36kx2XALzeVAlKEg","https:\/\/twitter.com\/ApHotels"],"logo":{"@type":"ImageObject","@id":"https:\/\/ap-hotelsresorts.com\/#logo","inLanguage":"pt-PT","url":"https:\/\/ap-hotelsresorts.com\/wp-content\/uploads\/2021\/03\/logo-1.png","contentUrl":"https:\/\/ap-hotelsresorts.com\/wp-content\/uploads\/2021\/03\/logo-1.png","width":"3915","height":"1388","caption":"AP HOTELS & RESORTS"},"image":{"@id":"https:\/\/ap-hotelsresorts.com\/#logo"}},{"@type":"WebSite","@id":"https:\/\/ap-hotelsresorts.com\/#website","url":"https:\/\/ap-hotelsresorts.com\/","name":"AP HOTELS &amp; RESORTS .","description":"Albufeira . Faro . Portim\u00e3o . Tavira . Algarve","publisher":{"@id":"https:\/\/ap-hotelsresorts.com\/#organization"},"potentialAction":[{"@type":"SearchAction","target":{"@type":"EntryPoint","urlTemplate":"https:\/\/ap-hotelsresorts.com\/?s={search_term_string}"},"query-input":"required name=search_term_string"}],"inLanguage":"pt-PT"},{"@type":"WebPage","@id":"https:\/\/ap-hotelsresorts.com\/pt-pt\/victoria\/experiencias\/#webpage","url":"https:\/\/ap-hotelsresorts.com\/pt-pt\/victoria\/experiencias\/","name":"O que fazer em Albufeira - AP Victoria Sports & Beach - Official Website","isPartOf":{"@id":"https:\/\/ap-hotelsresorts.com\/#website"},"datePublished":"2020-09-24T06:33:19+00:00","dateModified":"2026-01-16T11:20:11+00:00","description":"Sem planos do que fazer em Albufeira? Conhe\u00e7a os parques tem\u00e1ticos, passeios maritimos e excurs\u00f5es dispon\u00edveis no Algarve e comece a planear as suas f\u00e9rias.","breadcrumb":{"@id":"https:\/\/ap-hotelsresorts.com\/pt-pt\/victoria\/experiencias\/#breadcrumb"},"inLanguage":"pt-PT","potentialAction":[{"@type":"ReadAction","target":["https:\/\/ap-hotelsresorts.com\/pt-pt\/victoria\/experiencias\/"]}]},{"@type":"BreadcrumbList","@id":"https:\/\/ap-hotelsresorts.com\/pt-pt\/victoria\/experiencias\/#breadcrumb","itemListElement":[{"@type":"ListItem","position":1,"name":"Home","item":"https:\/\/ap-hotelsresorts.com\/pt-pt\/"},{"@type":"ListItem","position":2,"name":"Victoria","item":"https:\/\/ap-hotelsresorts.com\/pt-pt\/victoria\/"},{"@type":"ListItem","position":3,"name":"O que fazer em Albufeira"}]}]}},"_links":{"self":[{"href":"https:\/\/ap-hotelsresorts.com\/pt-pt\/wp-json\/wp\/v2\/pages\/21206"}],"collection":[{"href":"https:\/\/ap-hotelsresorts.com\/pt-pt\/wp-json\/wp\/v2\/pages"}],"about":[{"href":"https:\/\/ap-hotelsresorts.com\/pt-pt\/wp-json\/wp\/v2\/types\/page"}],"author":[{"embeddable":true,"href":"https:\/\/ap-hotelsresorts.com\/pt-pt\/wp-json\/wp\/v2\/users\/10"}],"replies":[{"embeddable":true,"href":"https:\/\/ap-hotelsresorts.com\/pt-pt\/wp-json\/wp\/v2\/comments?post=21206"}],"version-history":[{"count":0,"href":"https:\/\/ap-hotelsresorts.com\/pt-pt\/wp-json\/wp\/v2\/pages\/21206\/revisions"}],"up":[{"embeddable":true,"href":"https:\/\/ap-hotelsresorts.com\/pt-pt\/wp-json\/wp\/v2\/pages\/19550"}],"wp:attachment":[{"href":"https:\/\/ap-hotelsresorts.com\/pt-pt\/wp-json\/wp\/v2\/media?parent=21206"}],"curies":[{"name":"wp","href":"https:\/\/api.w.org\/{rel}","templated":true}]}}