{"id":25329,"date":"2021-03-18T10:29:32","date_gmt":"2021-03-18T10:29:32","guid":{"rendered":"https:\/\/ap-hotelsresorts.com\/cookies\/"},"modified":"2026-01-15T17:25:21","modified_gmt":"2026-01-15T17:25:21","slug":"cookies","status":"publish","type":"page","link":"https:\/\/ap-hotelsresorts.com\/pt-pt\/cookies\/","title":{"rendered":"cookies"},"content":{"rendered":"<p>[vc_row][vc_column][vc_column_text css=&#8221;.vc_custom_1621874783110{margin-bottom: 50px !important;}&#8221;]<\/p>\n<h2><span style=\"color: #000000;\">Pol\u00edtica de Cookies<\/span><\/h2>\n<p>O objetivo desta informa\u00e7\u00e3o \u00e9 esclarecer as quest\u00f5es que os usu\u00e1rios possam ter em rela\u00e7\u00e3o ao uso de cookies no site do Grupo AP Hotels &amp; Resorts.<\/p>\n<h4>O que s\u00e3o cookies?<\/h4>\n<p>Os cookies s\u00e3o pequenos ficheiros de texto que s\u00e3o introduzidos no dispositivo do utilizador (computador, telem\u00f3vel ou tablet) quando este visita o s\u00edtio de AP Hotels &amp; Resorts com um navegador. Os cookies permitem uma utiliza\u00e7\u00e3o mais personalizada do s\u00edtio pelo utilizador.<\/p>\n<h4>Para que servem os cookies e porque \u00e9 que AP Hotels &amp; Resorts os utiliza no seu s\u00edtio?<\/h4>\n<p>O AP Hotels &amp; Resorts utiliza cookies para compreender a import\u00e2ncia, utilidade, interesse, volume e frequ\u00eancia das visitas ao seu conte\u00fado online e descobrir a melhor forma de apresentar informa\u00e7\u00f5es que sejam verdadeiramente relevantes para os utilizadores. Os cookies ajudam AP Hotels &amp; Resorts a compreender como um cliente chegou at\u00e9 ao s\u00edtio (procura na Internet, recomenda\u00e7\u00e3o de outro s\u00edtio, an\u00fancio, etc.) e como o cliente navega pelas p\u00e1ginas do mesmo. Os cookies tamb\u00e9m nos permitem saber as prefer\u00eancias de navega\u00e7\u00e3o, como por exemplo, o idioma que usa. No entanto, n\u00e3o recolhem informa\u00e7\u00f5es pessoais de qualquer tipo ou quaisquer outras informa\u00e7\u00f5es que permitam ao utilizador ser identificado pessoalmente.<\/p>\n<h4>Os cookies s\u00e3o todos iguais?<\/h4>\n<p>N\u00e3o. H\u00e1 diferentes tipos de cookies que s\u00e3o utilizados consoante o tipo de informa\u00e7\u00e3o que se deseja analisar e recolher e o tempo que permanecem instalados no dispositivo do utilizador.<\/p>\n<h4>Que tipo de cookies \u00e9 que o s\u00edtio do AP Hotels &amp; Resorts utiliza?<\/h4>\n<p>Os cookies utilizados pelo s\u00edtio do AP Hotels &amp; Resorts t\u00eam diferentes funcionalidades. Por um lado, o s\u00edtio utiliza cookies que analisam de que forma os utilizadores navegam no s\u00edtio e como chegam at\u00e9 n\u00f3s. Estes cookies permitem-nos estudar os dados anal\u00edticos do s\u00edtio e melhorar e navega\u00e7\u00e3o e o conte\u00fado. Al\u00e9m disso, utiliza cookies que registam algumas prefer\u00eancias do utilizador como o idioma da sua prefer\u00eancia ou as credenciais de acesso a \u00e1reas reservadas.<\/p>\n<h4>Quanto tempo \u00e9 que os cookies ficam instalados no dispositivo do utilizador?<\/h4>\n<p>AP Hotels &amp; Resorts utiliza cookies com diferentes tempos de dura\u00e7\u00e3o, que ficam armazenados de forma permanente ou tempor\u00e1ria no seu computador, telem\u00f3vel ou tablet. O s\u00edtio utiliza cookies permanentes para permitir identificar uma nova visita de um mesmo utilizador, auxiliando AP Hotels &amp; Resorts a perceber qual foi o novo conte\u00fado que chamou a aten\u00e7\u00e3o daquele utilizador. Esta informa\u00e7\u00e3o \u00e9 analisada, em geral para melhorar o conte\u00fado e os servi\u00e7os prestados. O s\u00edtio tamb\u00e9m utiliza cookies tempor\u00e1rios, que apenas permanecem ativos enquanto o utilizador est\u00e1 no s\u00edtio. Estes cookies apenas permitem que AP Hotels &amp; Resorts percebam como \u00e9 que um utilizador navega pelas p\u00e1ginas e identifica oportunidades de melhoria.<\/p>\n<h4>O utilizador pode bloquear os cookies?<\/h4>\n<p>Sim. Todos os navegadores permitem que os utilizadores configurem o acesso de cookies ou os bloqueiem. Para mais informa\u00e7\u00f5es sobre como bloquear cookies, consulte a sec\u00e7\u00e3o de ajuda do nosso navegador.<\/p>\n<h4>Onde posso saber mais sobre cookies?<\/h4>\n<p>Para mais informa\u00e7\u00f5es sobre cookies, consulte o s\u00edtio www.allaboutcookies.org (em Ingl\u00eas, Franc\u00eas e Espanhol).[\/vc_column_text][\/vc_column][\/vc_row]<\/p>\n","protected":false},"excerpt":{"rendered":"<p>[vc_row][vc_column][vc_column_text css=&#8221;.vc_custom_1621874783110{margin-bottom: 50px !important;}&#8221;] Pol\u00edtica de Cookies O objetivo desta informa\u00e7\u00e3o \u00e9 esclarecer as quest\u00f5es que os usu\u00e1rios possam ter em rela\u00e7\u00e3o ao uso de cookies no site do Grupo AP Hotels &amp; Resorts. O que s\u00e3o cookies? Os cookies [&hellip;]<\/p>\n","protected":false},"author":10,"featured_media":0,"parent":0,"menu_order":0,"comment_status":"closed","ping_status":"closed","template":"","meta":[],"yoast_head":"<!-- This site is optimized with the Yoast SEO plugin v18.1 - https:\/\/yoast.com\/wordpress\/plugins\/seo\/ -->\n<title>cookies - AP HOTELS &amp; RESORTS .<\/title>\n<meta name=\"robots\" content=\"index, follow, max-snippet:-1, max-image-preview:large, max-video-preview:-1\" \/>\n<link rel=\"canonical\" href=\"https:\/\/ap-hotelsresorts.com\/pt-pt\/cookies\/\" \/>\n<meta property=\"og:locale\" content=\"pt_PT\" \/>\n<meta property=\"og:type\" content=\"article\" \/>\n<meta property=\"og:title\" content=\"cookies - AP HOTELS &amp; RESORTS .\" \/>\n<meta property=\"og:description\" content=\"[vc_row][vc_column][vc_column_text css=&#8221;.vc_custom_1621874783110{margin-bottom: 50px !important;}&#8221;] Pol\u00edtica de Cookies O objetivo desta informa\u00e7\u00e3o \u00e9 esclarecer as quest\u00f5es que os usu\u00e1rios possam ter em rela\u00e7\u00e3o ao uso de cookies no site do Grupo AP Hotels &amp; Resorts. O que s\u00e3o cookies? Os cookies [&hellip;]\" \/>\n<meta property=\"og:url\" content=\"https:\/\/ap-hotelsresorts.com\/pt-pt\/cookies\/\" \/>\n<meta property=\"og:site_name\" content=\"AP HOTELS &amp; RESORTS .\" \/>\n<meta property=\"article:publisher\" content=\"https:\/\/www.facebook.com\/aphotelsresorts\" \/>\n<meta property=\"article:modified_time\" content=\"2026-01-15T17:25:21+00:00\" \/>\n<meta name=\"twitter:card\" content=\"summary_large_image\" \/>\n<meta name=\"twitter:site\" content=\"@ApHotels\" \/>\n<meta name=\"twitter:label1\" content=\"Tempo estimado de leitura\" \/>\n\t<meta name=\"twitter:data1\" content=\"3 minutos\" \/>\n<script type=\"application\/ld+json\" class=\"yoast-schema-graph\">{\"@context\":\"https:\/\/schema.org\",\"@graph\":[{\"@type\":\"Organization\",\"@id\":\"https:\/\/ap-hotelsresorts.com\/#organization\",\"name\":\"AP HOTELS & RESORTS\",\"url\":\"https:\/\/ap-hotelsresorts.com\/\",\"sameAs\":[\"https:\/\/www.facebook.com\/aphotelsresorts\",\"https:\/\/www.instagram.com\/aphotelsresorts\/\",\"https:\/\/www.linkedin.com\/company\/ap-hotels-and-resorts\",\"https:\/\/www.youtube.com\/channel\/UCSmwGBz36kx2XALzeVAlKEg\",\"https:\/\/twitter.com\/ApHotels\"],\"logo\":{\"@type\":\"ImageObject\",\"@id\":\"https:\/\/ap-hotelsresorts.com\/#logo\",\"inLanguage\":\"pt-PT\",\"url\":\"https:\/\/ap-hotelsresorts.com\/wp-content\/uploads\/2021\/03\/logo-1.png\",\"contentUrl\":\"https:\/\/ap-hotelsresorts.com\/wp-content\/uploads\/2021\/03\/logo-1.png\",\"width\":\"3915\",\"height\":\"1388\",\"caption\":\"AP HOTELS & RESORTS\"},\"image\":{\"@id\":\"https:\/\/ap-hotelsresorts.com\/#logo\"}},{\"@type\":\"WebSite\",\"@id\":\"https:\/\/ap-hotelsresorts.com\/#website\",\"url\":\"https:\/\/ap-hotelsresorts.com\/\",\"name\":\"AP HOTELS &amp; RESORTS .\",\"description\":\"Albufeira . Faro . Portim\u00e3o . Tavira . Algarve\",\"publisher\":{\"@id\":\"https:\/\/ap-hotelsresorts.com\/#organization\"},\"potentialAction\":[{\"@type\":\"SearchAction\",\"target\":{\"@type\":\"EntryPoint\",\"urlTemplate\":\"https:\/\/ap-hotelsresorts.com\/?s={search_term_string}\"},\"query-input\":\"required name=search_term_string\"}],\"inLanguage\":\"pt-PT\"},{\"@type\":\"WebPage\",\"@id\":\"https:\/\/ap-hotelsresorts.com\/pt-pt\/cookies\/#webpage\",\"url\":\"https:\/\/ap-hotelsresorts.com\/pt-pt\/cookies\/\",\"name\":\"cookies - AP HOTELS &amp; RESORTS .\",\"isPartOf\":{\"@id\":\"https:\/\/ap-hotelsresorts.com\/#website\"},\"datePublished\":\"2021-03-18T10:29:32+00:00\",\"dateModified\":\"2026-01-15T17:25:21+00:00\",\"breadcrumb\":{\"@id\":\"https:\/\/ap-hotelsresorts.com\/pt-pt\/cookies\/#breadcrumb\"},\"inLanguage\":\"pt-PT\",\"potentialAction\":[{\"@type\":\"ReadAction\",\"target\":[\"https:\/\/ap-hotelsresorts.com\/pt-pt\/cookies\/\"]}]},{\"@type\":\"BreadcrumbList\",\"@id\":\"https:\/\/ap-hotelsresorts.com\/pt-pt\/cookies\/#breadcrumb\",\"itemListElement\":[{\"@type\":\"ListItem\",\"position\":1,\"name\":\"Home\",\"item\":\"https:\/\/ap-hotelsresorts.com\/pt-pt\/\"},{\"@type\":\"ListItem\",\"position\":2,\"name\":\"cookies\"}]}]}<\/script>\n<!-- \/ Yoast SEO plugin. -->","yoast_head_json":{"title":"cookies - AP HOTELS &amp; RESORTS .","robots":{"index":"index","follow":"follow","max-snippet":"max-snippet:-1","max-image-preview":"max-image-preview:large","max-video-preview":"max-video-preview:-1"},"canonical":"https:\/\/ap-hotelsresorts.com\/pt-pt\/cookies\/","og_locale":"pt_PT","og_type":"article","og_title":"cookies - AP HOTELS &amp; RESORTS .","og_description":"[vc_row][vc_column][vc_column_text css=&#8221;.vc_custom_1621874783110{margin-bottom: 50px !important;}&#8221;] Pol\u00edtica de Cookies O objetivo desta informa\u00e7\u00e3o \u00e9 esclarecer as quest\u00f5es que os usu\u00e1rios possam ter em rela\u00e7\u00e3o ao uso de cookies no site do Grupo AP Hotels &amp; Resorts. O que s\u00e3o cookies? Os cookies [&hellip;]","og_url":"https:\/\/ap-hotelsresorts.com\/pt-pt\/cookies\/","og_site_name":"AP HOTELS &amp; RESORTS .","article_publisher":"https:\/\/www.facebook.com\/aphotelsresorts","article_modified_time":"2026-01-15T17:25:21+00:00","twitter_card":"summary_large_image","twitter_site":"@ApHotels","twitter_misc":{"Tempo estimado de leitura":"3 minutos"},"schema":{"@context":"https:\/\/schema.org","@graph":[{"@type":"Organization","@id":"https:\/\/ap-hotelsresorts.com\/#organization","name":"AP HOTELS & RESORTS","url":"https:\/\/ap-hotelsresorts.com\/","sameAs":["https:\/\/www.facebook.com\/aphotelsresorts","https:\/\/www.instagram.com\/aphotelsresorts\/","https:\/\/www.linkedin.com\/company\/ap-hotels-and-resorts","https:\/\/www.youtube.com\/channel\/UCSmwGBz36kx2XALzeVAlKEg","https:\/\/twitter.com\/ApHotels"],"logo":{"@type":"ImageObject","@id":"https:\/\/ap-hotelsresorts.com\/#logo","inLanguage":"pt-PT","url":"https:\/\/ap-hotelsresorts.com\/wp-content\/uploads\/2021\/03\/logo-1.png","contentUrl":"https:\/\/ap-hotelsresorts.com\/wp-content\/uploads\/2021\/03\/logo-1.png","width":"3915","height":"1388","caption":"AP HOTELS & RESORTS"},"image":{"@id":"https:\/\/ap-hotelsresorts.com\/#logo"}},{"@type":"WebSite","@id":"https:\/\/ap-hotelsresorts.com\/#website","url":"https:\/\/ap-hotelsresorts.com\/","name":"AP HOTELS &amp; RESORTS .","description":"Albufeira . Faro . Portim\u00e3o . Tavira . Algarve","publisher":{"@id":"https:\/\/ap-hotelsresorts.com\/#organization"},"potentialAction":[{"@type":"SearchAction","target":{"@type":"EntryPoint","urlTemplate":"https:\/\/ap-hotelsresorts.com\/?s={search_term_string}"},"query-input":"required name=search_term_string"}],"inLanguage":"pt-PT"},{"@type":"WebPage","@id":"https:\/\/ap-hotelsresorts.com\/pt-pt\/cookies\/#webpage","url":"https:\/\/ap-hotelsresorts.com\/pt-pt\/cookies\/","name":"cookies - AP HOTELS &amp; RESORTS .","isPartOf":{"@id":"https:\/\/ap-hotelsresorts.com\/#website"},"datePublished":"2021-03-18T10:29:32+00:00","dateModified":"2026-01-15T17:25:21+00:00","breadcrumb":{"@id":"https:\/\/ap-hotelsresorts.com\/pt-pt\/cookies\/#breadcrumb"},"inLanguage":"pt-PT","potentialAction":[{"@type":"ReadAction","target":["https:\/\/ap-hotelsresorts.com\/pt-pt\/cookies\/"]}]},{"@type":"BreadcrumbList","@id":"https:\/\/ap-hotelsresorts.com\/pt-pt\/cookies\/#breadcrumb","itemListElement":[{"@type":"ListItem","position":1,"name":"Home","item":"https:\/\/ap-hotelsresorts.com\/pt-pt\/"},{"@type":"ListItem","position":2,"name":"cookies"}]}]}},"_links":{"self":[{"href":"https:\/\/ap-hotelsresorts.com\/pt-pt\/wp-json\/wp\/v2\/pages\/25329"}],"collection":[{"href":"https:\/\/ap-hotelsresorts.com\/pt-pt\/wp-json\/wp\/v2\/pages"}],"about":[{"href":"https:\/\/ap-hotelsresorts.com\/pt-pt\/wp-json\/wp\/v2\/types\/page"}],"author":[{"embeddable":true,"href":"https:\/\/ap-hotelsresorts.com\/pt-pt\/wp-json\/wp\/v2\/users\/10"}],"replies":[{"embeddable":true,"href":"https:\/\/ap-hotelsresorts.com\/pt-pt\/wp-json\/wp\/v2\/comments?post=25329"}],"version-history":[{"count":0,"href":"https:\/\/ap-hotelsresorts.com\/pt-pt\/wp-json\/wp\/v2\/pages\/25329\/revisions"}],"wp:attachment":[{"href":"https:\/\/ap-hotelsresorts.com\/pt-pt\/wp-json\/wp\/v2\/media?parent=25329"}],"curies":[{"name":"wp","href":"https:\/\/api.w.org\/{rel}","templated":true}]}}