{"id":37992,"date":"2023-04-28T16:29:38","date_gmt":"2023-04-28T16:29:38","guid":{"rendered":"https:\/\/ap-hotelsresorts.com\/contactos\/"},"modified":"2026-01-15T17:33:21","modified_gmt":"2026-01-15T17:33:21","slug":"contactos","status":"publish","type":"page","link":"https:\/\/ap-hotelsresorts.com\/pt-pt\/donaaninhas\/contactos\/","title":{"rendered":"Contactos"},"content":{"rendered":"<p>[vc_row css=&#8221;.vc_custom_1601116543841{padding-top: 100px !important;padding-bottom: 50px !important;}&#8221; el_class=&#8221;contact-address-section&#8221;][vc_column][vc_row_inner row_content_width=&#8221;grid&#8221;][vc_column_inner el_class=&#8221;contact-from-address-details&#8221; width=&#8221;1\/6&#8243;][\/vc_column_inner][vc_column_inner width=&#8221;2\/3&#8243;]<div class=\"mkdf-section-title-holder contact-form-heading mkdf-st-standard  mkdf-st-title-left mkdf-st-normal-space \" >\n\t<div class=\"mkdf-st-inner\">\n\t\t\t\t\t\t\t<h2 class=\"mkdf-st-title\" >\n\t\t\t\tCONTACTE-NOS\t\t\t\t\t\t\t<\/h2>\n\t\t\t\t\t\t\t<\/div>\n<\/div>[vc_column_text]<div role=\"form\" class=\"wpcf7\" id=\"wpcf7-f40441-o1\" lang=\"pt-PT\" dir=\"ltr\">\n<div class=\"screen-reader-response\"><p role=\"status\" aria-live=\"polite\" aria-atomic=\"true\"><\/p> <ul><\/ul><\/div>\n<form action=\"\/pt-pt\/wp-json\/wp\/v2\/pages\/37992#wpcf7-f40441-o1\" method=\"post\" class=\"wpcf7-form init\" novalidate=\"novalidate\" data-status=\"init\">\n<div style=\"display: none;\">\n<input type=\"hidden\" name=\"_wpcf7\" value=\"40441\" \/>\n<input type=\"hidden\" name=\"_wpcf7_version\" value=\"5.5.5\" \/>\n<input type=\"hidden\" name=\"_wpcf7_locale\" value=\"pt_PT\" \/>\n<input type=\"hidden\" name=\"_wpcf7_unit_tag\" value=\"wpcf7-f40441-o1\" \/>\n<input type=\"hidden\" name=\"_wpcf7_container_post\" value=\"0\" \/>\n<input type=\"hidden\" name=\"_wpcf7_posted_data_hash\" value=\"\" \/>\n<\/div>\n<div class=\"contact-page-form\">\n<div class=\"vc_col-sm-6 contact-form-column\">\n<span class=\"wpcf7-form-control-wrap first-name\"><input type=\"text\" name=\"first-name\" value=\"\" size=\"40\" class=\"wpcf7-form-control wpcf7-text wpcf7-validates-as-required\" aria-required=\"true\" aria-invalid=\"false\" placeholder=\"Nome *\" \/><\/span>\n<\/div>\n<div class=\"vc_col-sm-6 contact-form-column\">\n<span class=\"wpcf7-form-control-wrap last-name\"><input type=\"text\" name=\"last-name\" value=\"\" size=\"40\" class=\"wpcf7-form-control wpcf7-text wpcf7-validates-as-required\" aria-required=\"true\" aria-invalid=\"false\" placeholder=\"Sobrenome *\" \/><\/span>\n<\/div>\n<div class=\"vc_col-sm-6 contact-form-column\">\n<span class=\"wpcf7-form-control-wrap email\"><input type=\"email\" name=\"email\" value=\"\" size=\"40\" class=\"wpcf7-form-control wpcf7-text wpcf7-email wpcf7-validates-as-required wpcf7-validates-as-email\" aria-required=\"true\" aria-invalid=\"false\" placeholder=\"Email *\" \/><\/span>\n<\/div>\n<div class=\"vc_col-sm-6 contact-form-column\">\n<span class=\"wpcf7-form-control-wrap phone\"><input type=\"tel\" name=\"phone\" value=\"\" size=\"40\" class=\"wpcf7-form-control wpcf7-text wpcf7-tel wpcf7-validates-as-required wpcf7-validates-as-tel\" aria-required=\"true\" aria-invalid=\"false\" placeholder=\"Telefone *\" \/><\/span>\n<\/div>\n<div class=\"vc_col-sm-6 contact-form-column message-topic\">\n<span class=\"wpcf7-form-control-wrap MessageTopic\"><select name=\"MessageTopic\" class=\"wpcf7-form-control wpcf7-select wpcf7-validates-as-required\" aria-required=\"true\" aria-invalid=\"false\"><option value=\"Assunto *\">Assunto *<\/option><option value=\"REUNI\u00c3O\">REUNI\u00c3O<\/option><option value=\"CONGRESSO\">CONGRESSO<\/option><option value=\"WORKSHOP\">WORKSHOP<\/option><option value=\"INCENTIVO\">INCENTIVO<\/option><option value=\"CASAMENTO\">CASAMENTO<\/option><\/select><\/span>\n<\/div>\n<div class=\"vc_col-sm-12 contact-form-column\">\n<span class=\"wpcf7-form-control-wrap comments\"><textarea name=\"comments\" cols=\"40\" rows=\"10\" class=\"wpcf7-form-control wpcf7-textarea\" aria-invalid=\"false\" placeholder=\"Coment\u00e1rios\"><\/textarea><\/span>\n<\/div>\n<div class=\"vc_col-sm-12 contact-form-column\">\n<label><br \/>\nAo preencher este formul\u00e1rio e clicar em enviar abaixo, concordo que o grupo Madre, detentora da marca AP Hotels & Resorts possa enviar-me mensagens de marketing e ofertas promocionais via e-mail, e-mail direto e SMS, conforme descrito na Pol\u00edtica de Privacidade da AP Hotels & Resorts.<br \/>\n<\/label>\n<\/div>\n<div class=\"vc_col-sm-12 contact-form-column\">\n<input type=\"submit\" value=\"ENVIAR\" class=\"wpcf7-form-control has-spinner wpcf7-submit\" \/>\n<\/div>\n<\/div>\n<div class=\"wpcf7-response-output\" aria-hidden=\"true\"><\/div><\/form><\/div>[\/vc_column_text][vc_empty_space height=&#8221;50px&#8221;][\/vc_column_inner][vc_column_inner width=&#8221;1\/6&#8243;][\/vc_column_inner][\/vc_row_inner][\/vc_column][\/vc_row][vc_row disable_element=&#8221;yes&#8221;][vc_column][vc_column_text]<\/p>\n<div class=\"sub_form\">\n<div class=\"container\"><p id=\"newsletter_phrase\">Subscreva a nossa newsletter e receba novidades + descontos exclusivos<\/p>\n            <form action=\"https:\/\/cl.s50.exct.net\/DEManager.aspx\" name=\"subscribeForm\" method=\"post\" novalidate onsubmit=\"return validate()\">\n            <input type=\"hidden\" name=\"_clientID\" value=\"510001505\" \/> <!-- MID da Account -->\n            <input type=\"hidden\" name=\"_deExternalKey\" value=\"41734DEB-089A-4383-AB72-AC88DB587655\" \/> <!-- External Key Data Extension -->\n            <input type=\"hidden\" name=\"_action\" value=\"add\" \/>\n            <input type=\"hidden\" name=\"_returnXML\" value=\"0\" \/>\n            <input type=\"hidden\" name=\"_successURL\" id=\"success\" value=\"\" \/>\n            <input type=\"hidden\" name=\"_errorURL\" id=\"error\" value=\"\" \/>\n            <input type=\"email\" required class=\"form-control\" placeholder=\"Insira o seu email\" name=\"GuestID\" id=\"GuestID\" onkeyup=\"submitForm()\"><br\/>\n            <div id=\"div_error_checkbox\" class=\"class_error\"><\/div>      \n            <input type=\"checkbox\" required id=\"checkbox\" name=\"auth_pub\" value=\"auth_pub\" >\n            <label for=\"auth_pub\">Autorizo a utiliza\u00e7\u00e3o dos meus dados para fins de a\u00e7\u00f5es de marketing e publicidade<\/label><br\/>\n            <input type=\"checkbox\" id=\"checkbox\" name=\"auth_privacidade\" required value=\"auth_privacidade\" >\n            <label for=\"auth_privacidade\">Declaro que li e aceito a <a href=\"https:\/\/ap-hotelsresorts.com\/pt-pt\/politicas-de-privacidade\/\">Pol\u00edtica de Privacidade<\/a> da empresa<\/label><p>\n\n             <input type=\"submit\" class=\"btn btn-primary Submit\" value=\"Submeter\" onclick=\"stylediv()\">\n        <\/form><script>\n\n            function validate()\/\/ VALIDA OS CAMPOS EMAIL E CHECKBOX\n            {\n                var formulario = document.forms [\"subscribeForm\"]\n                var filter = \/^([\\w-]+(?:\\.[\\w-]+)*)@((?:[\\w-]+\\.)*\\w[\\w-]{0,66})\\.([a-z]{2,6}(?:\\.[a-z]{2})?)$\/i;\n                if(!filter.test(document.getElementById(\"GuestID\").value)){\n                    div_error_checkbox.innerHTML = \"Endere\u00e7o de email inv\u00e1lido\"              \n                    return false \/\/RETORNA FALSO PARA O FORMULARIO \n                }\n                 if (formulario.auth_pub.checked & formulario.auth_privacidade.checked) {\n                   return true\n                    }else{ \n                       \/\/ alert(\"selecione uma caixa\")   \n                        div_error_checkbox.innerHTML = \"Por favor, assinale as caixas em que autoriza a utiliza\u00e7\u00e3o dos seus dados para fins de a\u00e7\u00f5es de marketing e publicidade e em que declara que leu e aceita a nossa pol\u00edtica de privacidade.\";                   \n                        return false \/\/RETORNA FALSO PARA O FORMULARIO \n                    }              \n            }\n            function stylediv() {\/\/ALTERA DO STYLE DISPLAY DA DIV DE ERRO\n                if (document.getElementById(\"div_error_checkbox\").style.display == \"none\")\n                     {\n                     document.getElementById(\"div_error_checkbox\").style.display = \"block\";              \n                     }\n                }     \n                 document.getElementById(\"div_error_checkbox\",\"beforeend\" ).onclick = function() \n                 { \n                   document.getElementById(\"div_error_checkbox\").style.display = \"none\"; \n                 }           \n                \n               function submitForm(){\n                var ID = document.getElementById(\"GuestID\").value\n                document.getElementById(\"success\").value = \"http:\/\/cloud.aphotels-marketing.com\/confirmation?GuestID=\"+ID\n                document.getElementById(\"error\").value = \"http:\/\/cloud.aphotels-marketing.com\/confirmation?GuestID=\"+ID+\"&error\"\n                }             \n        <\/script><\/div>\n<\/div>\n<p>[\/vc_column_text][\/vc_column][\/vc_row][vc_row row_content_width=&#8221;grid&#8221; css=&#8221;.vc_custom_1601116524214{padding-top: 50px !important;}&#8221;][vc_column]<div class=\"mkdf-section-title-holder  mkdf-st-standard mkdf-st-ha-center mkdf-st-title-left mkdf-st-normal-space \" style=\"text-align: center\">\n\t<div class=\"mkdf-st-inner\">\n\t\t\t\t\t\t\t<h2 class=\"mkdf-st-title\" >\n\t\t\t\tLOCALIZA\u00c7\u00c3O\t\t\t\t\t\t\t<\/h2>\n\t\t\t\t\t\t\t<\/div>\n<\/div>[vc_empty_space height=&#8221;30px&#8221;][vc_column_text]<iframe loading=\"lazy\" style=\"border: 0;\" src=\"https:\/\/www.google.com\/maps\/embed?pb=!1m18!1m12!1m3!1d2979.359321492494!2d-8.832227084536393!3d41.6911781850698!2m3!1f0!2f0!3f0!3m2!1i1024!2i768!4f13.1!3m3!1m2!1s0xd25b62f2fa6819d%3A0x94928f8632f2b52!2sLargo%20Vasco%20da%20Gama%2038%2C%204900-515%20Viana%20do%20Castelo!5e0!3m2!1spt-PT!2spt!4v1667388710003!5m2!1spt-PT!2spt\" width=\"100%\" height=\"450\" allowfullscreen=\"allowfullscreen\"><\/iframe>[\/vc_column_text][\/vc_column][\/vc_row][vc_row][vc_column][vc_empty_space height=&#8221;100px&#8221;][\/vc_column][\/vc_row][vc_row content_text_aligment=&#8221;center&#8221; el_class=&#8221;adriana-hotel-footer-address-top&#8221; css=&#8221;.vc_custom_1683739325192{padding-bottom: 80px !important;}&#8221;][vc_column el_class=&#8221;adriana-hotel-footer-address&#8221; offset=&#8221;vc_col-lg-offset-1 vc_col-lg-10 vc_col-md-offset-1 vc_col-md-10&#8243;]<div class=\"mkdf-section-title-holder  mkdf-st-standard mkdf-st-ha-center mkdf-st-title-left mkdf-st-normal-space \" style=\"text-align: center\">\n\t<div class=\"mkdf-st-inner\">\n\t\t\t\t\t\t\t<h2 class=\"mkdf-st-title\" >\n\t\t\t\tAP DONA ANINHAS\t\t\t\t\t\t\t<\/h2>\n\t\t\t\t\t\t\t<\/div>\n<\/div>[vc_empty_space height=&#8221;40px&#8221;][vc_column_text]<\/p>\n<p style=\"text-align: center;\">AP Dona Aninhas | Viana do Castelo<br \/>\nLargo Vasco da Gama 38-41 4900-322 Viana do Castelo | Reservas: <a href=\"tel: +351 289 540 100\"><u>+351 289 540 100<\/u><\/a>\u00a0(Chamada para a Rede Fixa Nacional) | <span style=\"text-decoration: underline;\"><a href=\"mailto:book.donaaninhas@ap-hotelsresorts.com\">book.donaaninhas@ap-hotelsresorts.com<\/a><\/span> | Geral: <a href=\"tel: + 351 258 248 570\"><span style=\"text-decoration: underline;\">+ 351 258 248 570<\/span>\u00a0<\/a> (Chamada para a Rede Fixa Nacional) | <span style=\"text-decoration: underline;\"><a href=\"mailto:info@ap-hotelsresorts.com\">info@ap-hotelsresorts.com<\/a><\/span> | RNET 1380<\/p>\n<p style=\"text-align: center;\">REDES SOCIAIS<\/p>\n<p>[\/vc_column_text][vc_empty_space height=&#8221;40px&#8221;]    <span class=\"mkdf-icon-shortcode mkdf-normal   mkdf-icon-small\"  data-color=\"#0a0a0a\">\n                    <a itemprop=\"url\" class=\"\" href=\"https:\/\/www.instagram.com\/ap.donaaninhas\/\" target=\"_blank\">\n                    <i class=\"mkdf-icon-font-awesome fa fa-instagram mkdf-icon-element\" style=\"color: #0a0a0a\" ><\/i>                    <\/a>\n            <\/span>\n    <span class=\"mkdf-icon-shortcode mkdf-normal   mkdf-icon-small\" style=\"margin: 0px 0px 0px 20px\" data-color=\"#0a0a0a\">\n                    <a itemprop=\"url\" class=\"\" href=\"https:\/\/www.facebook.com\/ap.donaaninhas\" target=\"_blank\">\n                    <i class=\"mkdf-icon-font-awesome fa fa-facebook mkdf-icon-element\" style=\"color: #0a0a0a\" ><\/i>                    <\/a>\n            <\/span>\n[vc_empty_space height=&#8221;40px&#8221;][\/vc_column][\/vc_row]<\/p>\n","protected":false},"excerpt":{"rendered":"<p>[vc_row css=&#8221;.vc_custom_1601116543841{padding-top: 100px !important;padding-bottom: 50px !important;}&#8221; el_class=&#8221;contact-address-section&#8221;][vc_column][vc_row_inner row_content_width=&#8221;grid&#8221;][vc_column_inner el_class=&#8221;contact-from-address-details&#8221; width=&#8221;1\/6&#8243;][\/vc_column_inner][vc_column_inner width=&#8221;2\/3&#8243;][vc_column_text][\/vc_column_text][vc_empty_space height=&#8221;50px&#8221;][\/vc_column_inner][vc_column_inner width=&#8221;1\/6&#8243;][\/vc_column_inner][\/vc_row_inner][\/vc_column][\/vc_row][vc_row disable_element=&#8221;yes&#8221;][vc_column][vc_column_text] [\/vc_column_text][\/vc_column][\/vc_row][vc_row row_content_width=&#8221;grid&#8221; css=&#8221;.vc_custom_1601116524214{padding-top: 50px !important;}&#8221;][vc_column][vc_empty_space height=&#8221;30px&#8221;][vc_column_text][\/vc_column_text][\/vc_column][\/vc_row][vc_row][vc_column][vc_empty_space height=&#8221;100px&#8221;][\/vc_column][\/vc_row][vc_row content_text_aligment=&#8221;center&#8221; el_class=&#8221;adriana-hotel-footer-address-top&#8221; css=&#8221;.vc_custom_1683739325192{padding-bottom: 80px !important;}&#8221;][vc_column el_class=&#8221;adriana-hotel-footer-address&#8221; offset=&#8221;vc_col-lg-offset-1 vc_col-lg-10 vc_col-md-offset-1 vc_col-md-10&#8243;][vc_empty_space height=&#8221;40px&#8221;][vc_column_text] AP Dona Aninhas | Viana do Castelo Largo [&hellip;]<\/p>\n","protected":false},"author":12,"featured_media":0,"parent":37993,"menu_order":0,"comment_status":"open","ping_status":"closed","template":"full-width.php","meta":[],"yoast_head":"<!-- This site is optimized with the Yoast SEO plugin v18.1 - https:\/\/yoast.com\/wordpress\/plugins\/seo\/ -->\n<title>Contactos - AP HOTELS &amp; RESORTS .<\/title>\n<meta name=\"robots\" content=\"index, follow, max-snippet:-1, max-image-preview:large, max-video-preview:-1\" \/>\n<link rel=\"canonical\" href=\"https:\/\/ap-hotelsresorts.com\/pt-pt\/donaaninhas\/contactos\/\" \/>\n<meta property=\"og:locale\" content=\"pt_PT\" \/>\n<meta property=\"og:type\" content=\"article\" \/>\n<meta property=\"og:title\" content=\"Contactos - AP HOTELS &amp; RESORTS .\" \/>\n<meta property=\"og:description\" content=\"[vc_row css=&#8221;.vc_custom_1601116543841{padding-top: 100px !important;padding-bottom: 50px !important;}&#8221; el_class=&#8221;contact-address-section&#8221;][vc_column][vc_row_inner row_content_width=&#8221;grid&#8221;][vc_column_inner el_class=&#8221;contact-from-address-details&#8221; width=&#8221;1\/6&#8243;][\/vc_column_inner][vc_column_inner width=&#8221;2\/3&#8243;][vc_column_text][\/vc_column_text][vc_empty_space height=&#8221;50px&#8221;][\/vc_column_inner][vc_column_inner width=&#8221;1\/6&#8243;][\/vc_column_inner][\/vc_row_inner][\/vc_column][\/vc_row][vc_row disable_element=&#8221;yes&#8221;][vc_column][vc_column_text] [\/vc_column_text][\/vc_column][\/vc_row][vc_row row_content_width=&#8221;grid&#8221; css=&#8221;.vc_custom_1601116524214{padding-top: 50px !important;}&#8221;][vc_column][vc_empty_space height=&#8221;30px&#8221;][vc_column_text][\/vc_column_text][\/vc_column][\/vc_row][vc_row][vc_column][vc_empty_space height=&#8221;100px&#8221;][\/vc_column][\/vc_row][vc_row content_text_aligment=&#8221;center&#8221; el_class=&#8221;adriana-hotel-footer-address-top&#8221; css=&#8221;.vc_custom_1683739325192{padding-bottom: 80px !important;}&#8221;][vc_column el_class=&#8221;adriana-hotel-footer-address&#8221; offset=&#8221;vc_col-lg-offset-1 vc_col-lg-10 vc_col-md-offset-1 vc_col-md-10&#8243;][vc_empty_space height=&#8221;40px&#8221;][vc_column_text] AP Dona Aninhas | Viana do Castelo Largo [&hellip;]\" \/>\n<meta property=\"og:url\" content=\"https:\/\/ap-hotelsresorts.com\/pt-pt\/donaaninhas\/contactos\/\" \/>\n<meta property=\"og:site_name\" content=\"AP HOTELS &amp; RESORTS .\" \/>\n<meta property=\"article:publisher\" content=\"https:\/\/www.facebook.com\/aphotelsresorts\" \/>\n<meta property=\"article:modified_time\" content=\"2026-01-15T17:33:21+00:00\" \/>\n<meta name=\"twitter:card\" content=\"summary_large_image\" \/>\n<meta name=\"twitter:site\" content=\"@ApHotels\" \/>\n<meta name=\"twitter:label1\" content=\"Tempo estimado de leitura\" \/>\n\t<meta name=\"twitter:data1\" content=\"2 minutos\" \/>\n<script type=\"application\/ld+json\" class=\"yoast-schema-graph\">{\"@context\":\"https:\/\/schema.org\",\"@graph\":[{\"@type\":\"Organization\",\"@id\":\"https:\/\/ap-hotelsresorts.com\/#organization\",\"name\":\"AP HOTELS & RESORTS\",\"url\":\"https:\/\/ap-hotelsresorts.com\/\",\"sameAs\":[\"https:\/\/www.facebook.com\/aphotelsresorts\",\"https:\/\/www.instagram.com\/aphotelsresorts\/\",\"https:\/\/www.linkedin.com\/company\/ap-hotels-and-resorts\",\"https:\/\/www.youtube.com\/channel\/UCSmwGBz36kx2XALzeVAlKEg\",\"https:\/\/twitter.com\/ApHotels\"],\"logo\":{\"@type\":\"ImageObject\",\"@id\":\"https:\/\/ap-hotelsresorts.com\/#logo\",\"inLanguage\":\"pt-PT\",\"url\":\"https:\/\/ap-hotelsresorts.com\/wp-content\/uploads\/2021\/03\/logo-1.png\",\"contentUrl\":\"https:\/\/ap-hotelsresorts.com\/wp-content\/uploads\/2021\/03\/logo-1.png\",\"width\":\"3915\",\"height\":\"1388\",\"caption\":\"AP HOTELS & RESORTS\"},\"image\":{\"@id\":\"https:\/\/ap-hotelsresorts.com\/#logo\"}},{\"@type\":\"WebSite\",\"@id\":\"https:\/\/ap-hotelsresorts.com\/#website\",\"url\":\"https:\/\/ap-hotelsresorts.com\/\",\"name\":\"AP HOTELS &amp; RESORTS .\",\"description\":\"Albufeira . Faro . Portim\u00e3o . Tavira . Algarve\",\"publisher\":{\"@id\":\"https:\/\/ap-hotelsresorts.com\/#organization\"},\"potentialAction\":[{\"@type\":\"SearchAction\",\"target\":{\"@type\":\"EntryPoint\",\"urlTemplate\":\"https:\/\/ap-hotelsresorts.com\/?s={search_term_string}\"},\"query-input\":\"required name=search_term_string\"}],\"inLanguage\":\"pt-PT\"},{\"@type\":\"WebPage\",\"@id\":\"https:\/\/ap-hotelsresorts.com\/pt-pt\/donaaninhas\/contactos\/#webpage\",\"url\":\"https:\/\/ap-hotelsresorts.com\/pt-pt\/donaaninhas\/contactos\/\",\"name\":\"Contactos - AP HOTELS &amp; RESORTS .\",\"isPartOf\":{\"@id\":\"https:\/\/ap-hotelsresorts.com\/#website\"},\"datePublished\":\"2023-04-28T16:29:38+00:00\",\"dateModified\":\"2026-01-15T17:33:21+00:00\",\"breadcrumb\":{\"@id\":\"https:\/\/ap-hotelsresorts.com\/pt-pt\/donaaninhas\/contactos\/#breadcrumb\"},\"inLanguage\":\"pt-PT\",\"potentialAction\":[{\"@type\":\"ReadAction\",\"target\":[\"https:\/\/ap-hotelsresorts.com\/pt-pt\/donaaninhas\/contactos\/\"]}]},{\"@type\":\"BreadcrumbList\",\"@id\":\"https:\/\/ap-hotelsresorts.com\/pt-pt\/donaaninhas\/contactos\/#breadcrumb\",\"itemListElement\":[{\"@type\":\"ListItem\",\"position\":1,\"name\":\"Home\",\"item\":\"https:\/\/ap-hotelsresorts.com\/pt-pt\/\"},{\"@type\":\"ListItem\",\"position\":2,\"name\":\"Dona Aninhas\",\"item\":\"https:\/\/ap-hotelsresorts.com\/pt-pt\/donaaninhas\/\"},{\"@type\":\"ListItem\",\"position\":3,\"name\":\"Contactos\"}]}]}<\/script>\n<!-- \/ Yoast SEO plugin. -->","yoast_head_json":{"title":"Contactos - AP HOTELS &amp; RESORTS .","robots":{"index":"index","follow":"follow","max-snippet":"max-snippet:-1","max-image-preview":"max-image-preview:large","max-video-preview":"max-video-preview:-1"},"canonical":"https:\/\/ap-hotelsresorts.com\/pt-pt\/donaaninhas\/contactos\/","og_locale":"pt_PT","og_type":"article","og_title":"Contactos - AP HOTELS &amp; RESORTS .","og_description":"[vc_row css=&#8221;.vc_custom_1601116543841{padding-top: 100px !important;padding-bottom: 50px !important;}&#8221; el_class=&#8221;contact-address-section&#8221;][vc_column][vc_row_inner row_content_width=&#8221;grid&#8221;][vc_column_inner el_class=&#8221;contact-from-address-details&#8221; width=&#8221;1\/6&#8243;][\/vc_column_inner][vc_column_inner width=&#8221;2\/3&#8243;][vc_column_text][\/vc_column_text][vc_empty_space height=&#8221;50px&#8221;][\/vc_column_inner][vc_column_inner width=&#8221;1\/6&#8243;][\/vc_column_inner][\/vc_row_inner][\/vc_column][\/vc_row][vc_row disable_element=&#8221;yes&#8221;][vc_column][vc_column_text] [\/vc_column_text][\/vc_column][\/vc_row][vc_row row_content_width=&#8221;grid&#8221; css=&#8221;.vc_custom_1601116524214{padding-top: 50px !important;}&#8221;][vc_column][vc_empty_space height=&#8221;30px&#8221;][vc_column_text][\/vc_column_text][\/vc_column][\/vc_row][vc_row][vc_column][vc_empty_space height=&#8221;100px&#8221;][\/vc_column][\/vc_row][vc_row content_text_aligment=&#8221;center&#8221; el_class=&#8221;adriana-hotel-footer-address-top&#8221; css=&#8221;.vc_custom_1683739325192{padding-bottom: 80px !important;}&#8221;][vc_column el_class=&#8221;adriana-hotel-footer-address&#8221; offset=&#8221;vc_col-lg-offset-1 vc_col-lg-10 vc_col-md-offset-1 vc_col-md-10&#8243;][vc_empty_space height=&#8221;40px&#8221;][vc_column_text] AP Dona Aninhas | Viana do Castelo Largo [&hellip;]","og_url":"https:\/\/ap-hotelsresorts.com\/pt-pt\/donaaninhas\/contactos\/","og_site_name":"AP HOTELS &amp; RESORTS .","article_publisher":"https:\/\/www.facebook.com\/aphotelsresorts","article_modified_time":"2026-01-15T17:33:21+00:00","twitter_card":"summary_large_image","twitter_site":"@ApHotels","twitter_misc":{"Tempo estimado de leitura":"2 minutos"},"schema":{"@context":"https:\/\/schema.org","@graph":[{"@type":"Organization","@id":"https:\/\/ap-hotelsresorts.com\/#organization","name":"AP HOTELS & RESORTS","url":"https:\/\/ap-hotelsresorts.com\/","sameAs":["https:\/\/www.facebook.com\/aphotelsresorts","https:\/\/www.instagram.com\/aphotelsresorts\/","https:\/\/www.linkedin.com\/company\/ap-hotels-and-resorts","https:\/\/www.youtube.com\/channel\/UCSmwGBz36kx2XALzeVAlKEg","https:\/\/twitter.com\/ApHotels"],"logo":{"@type":"ImageObject","@id":"https:\/\/ap-hotelsresorts.com\/#logo","inLanguage":"pt-PT","url":"https:\/\/ap-hotelsresorts.com\/wp-content\/uploads\/2021\/03\/logo-1.png","contentUrl":"https:\/\/ap-hotelsresorts.com\/wp-content\/uploads\/2021\/03\/logo-1.png","width":"3915","height":"1388","caption":"AP HOTELS & RESORTS"},"image":{"@id":"https:\/\/ap-hotelsresorts.com\/#logo"}},{"@type":"WebSite","@id":"https:\/\/ap-hotelsresorts.com\/#website","url":"https:\/\/ap-hotelsresorts.com\/","name":"AP HOTELS &amp; RESORTS .","description":"Albufeira . Faro . Portim\u00e3o . Tavira . Algarve","publisher":{"@id":"https:\/\/ap-hotelsresorts.com\/#organization"},"potentialAction":[{"@type":"SearchAction","target":{"@type":"EntryPoint","urlTemplate":"https:\/\/ap-hotelsresorts.com\/?s={search_term_string}"},"query-input":"required name=search_term_string"}],"inLanguage":"pt-PT"},{"@type":"WebPage","@id":"https:\/\/ap-hotelsresorts.com\/pt-pt\/donaaninhas\/contactos\/#webpage","url":"https:\/\/ap-hotelsresorts.com\/pt-pt\/donaaninhas\/contactos\/","name":"Contactos - AP HOTELS &amp; RESORTS .","isPartOf":{"@id":"https:\/\/ap-hotelsresorts.com\/#website"},"datePublished":"2023-04-28T16:29:38+00:00","dateModified":"2026-01-15T17:33:21+00:00","breadcrumb":{"@id":"https:\/\/ap-hotelsresorts.com\/pt-pt\/donaaninhas\/contactos\/#breadcrumb"},"inLanguage":"pt-PT","potentialAction":[{"@type":"ReadAction","target":["https:\/\/ap-hotelsresorts.com\/pt-pt\/donaaninhas\/contactos\/"]}]},{"@type":"BreadcrumbList","@id":"https:\/\/ap-hotelsresorts.com\/pt-pt\/donaaninhas\/contactos\/#breadcrumb","itemListElement":[{"@type":"ListItem","position":1,"name":"Home","item":"https:\/\/ap-hotelsresorts.com\/pt-pt\/"},{"@type":"ListItem","position":2,"name":"Dona Aninhas","item":"https:\/\/ap-hotelsresorts.com\/pt-pt\/donaaninhas\/"},{"@type":"ListItem","position":3,"name":"Contactos"}]}]}},"_links":{"self":[{"href":"https:\/\/ap-hotelsresorts.com\/pt-pt\/wp-json\/wp\/v2\/pages\/37992"}],"collection":[{"href":"https:\/\/ap-hotelsresorts.com\/pt-pt\/wp-json\/wp\/v2\/pages"}],"about":[{"href":"https:\/\/ap-hotelsresorts.com\/pt-pt\/wp-json\/wp\/v2\/types\/page"}],"author":[{"embeddable":true,"href":"https:\/\/ap-hotelsresorts.com\/pt-pt\/wp-json\/wp\/v2\/users\/12"}],"replies":[{"embeddable":true,"href":"https:\/\/ap-hotelsresorts.com\/pt-pt\/wp-json\/wp\/v2\/comments?post=37992"}],"version-history":[{"count":0,"href":"https:\/\/ap-hotelsresorts.com\/pt-pt\/wp-json\/wp\/v2\/pages\/37992\/revisions"}],"up":[{"embeddable":true,"href":"https:\/\/ap-hotelsresorts.com\/pt-pt\/wp-json\/wp\/v2\/pages\/37993"}],"wp:attachment":[{"href":"https:\/\/ap-hotelsresorts.com\/pt-pt\/wp-json\/wp\/v2\/media?parent=37992"}],"curies":[{"name":"wp","href":"https:\/\/api.w.org\/{rel}","templated":true}]}}