{"id":59368,"date":"2025-08-14T16:25:57","date_gmt":"2025-08-14T16:25:57","guid":{"rendered":"https:\/\/ap-hotelsresorts.com\/?page_id=59368"},"modified":"2026-04-15T16:33:00","modified_gmt":"2026-04-15T16:33:00","slug":"quartos","status":"publish","type":"page","link":"https:\/\/ap-hotelsresorts.com\/pt-pt\/porto\/quartos\/","title":{"rendered":"Quartos"},"content":{"rendered":"<p>[vc_row equal_height=&#8221;yes&#8221; css=&#8221;.vc_custom_1680263267072{background-color: #fbf9f9 !important;}&#8221; el_class=&#8221;restaurant-item&#8221;][vc_column offset=&#8221;vc_col-lg-offset-0 vc_col-lg-6 vc_col-md-12 vc_col-sm-offset-0&#8243; css=&#8221;.vc_custom_1680263177359{padding-top: 0px !important;padding-right: 0px !important;background-position: center !important;background-repeat: no-repeat !important;background-size: cover !important;}&#8221; el_class=&#8221;orderimg&#8221;][vc_images_carousel images=&#8221;61621,61741,61736,61651,61731,61726,61721&#8243; img_size=&#8221;full&#8221; onclick=&#8221;link_no&#8221; wrap=&#8221;yes&#8221;][\/vc_column][vc_column css=&#8221;.vc_custom_1680264166083{padding-right: 15px !important;padding-bottom: 10px !important;padding-left: 35px !important;background-color: #f4f2f0 !important;background-position: center !important;background-repeat: no-repeat !important;background-size: cover !important;}&#8221; offset=&#8221;vc_col-lg-offset-0 vc_col-lg-6 vc_col-md-12 vc_col-sm-offset-0&#8243; el_class=&#8221;ordertxt&#8221;]<div class=\"mkdf-elements-holder   mkdf-one-column  mkdf-responsive-mode-768 \" ><div class=\"mkdf-eh-item   mkdf-horizontal-alignment-center \"  data-item-class=\"mkdf-eh-custom-4593\">\n\t<div class=\"mkdf-eh-item-inner\">\n\t\t<div class=\"mkdf-eh-item-content mkdf-eh-custom-4593\" >\n\t\t\t<div class=\"mkdf-section-title-holder  mkdf-st-standard mkdf-st-ha-left mkdf-st-title-left mkdf-st-normal-space \" style=\"text-align: left\">\n\t<div class=\"mkdf-st-inner\">\n\t\t\t\t\t\t\t<h2 class=\"mkdf-st-title\" >\n\t\t\t\tQuarto Twin\t\t\t\t\t\t\t<\/h2>\n\t\t\t\t\t\t\t<\/div>\n<\/div>[vc_empty_space height=&#8221;20px&#8221;][vc_column_text]Com duas camas individuais, oferece todo o conforto e insonoriza\u00e7\u00e3o necess\u00e1rio para uma boa noite de descanso. Conta ainda com Televis\u00e3o flat screen, Telefone, Secret\u00e1ria e cadeira, Ar condicionado, Minibar (custo extra), Cofre, Internet wifi (gr\u00e1tis), Ch\u00e3o de parquet, Chuveiro Efeito Chuva, Produtos de higiene pessoal, Casa de banho, Duche, Bid\u00e9, Secador de cabelo.[\/vc_column_text][vc_empty_space]<a itemprop=\"url\" href=\"https:\/\/ap-aeroporto-porto-dot-ap-hotels.appspot.com\/booking1?adultsRoom1=2&#038;language=PORTUGUESE\" target=\"_blank\" style=\"background-color: #826d67;border-color: #826d67\" class=\"mkdf-btn mkdf-btn-medium mkdf-btn-solid mkdf-btn-custom-hover-bg mkdf-btn-custom-border-hover\" data-hover-bg-color=\"#826d67\" data-hover-border-color=\"#826d67\" >\n    <span class=\"mkdf-btn-text\">Reservar<\/span>\n    <\/a>\t\t<\/div>\n\t<\/div>\n<\/div><\/div>[\/vc_column][\/vc_row][vc_row equal_height=&#8221;yes&#8221; css=&#8221;.vc_custom_1680263267072{background-color: #fbf9f9 !important;}&#8221; el_class=&#8221;restaurant-item&#8221;][vc_column css=&#8221;.vc_custom_1680264166083{padding-right: 15px !important;padding-bottom: 10px !important;padding-left: 35px !important;background-color: #f4f2f0 !important;background-position: center !important;background-repeat: no-repeat !important;background-size: cover !important;}&#8221; offset=&#8221;vc_col-lg-offset-0 vc_col-lg-6 vc_col-md-12 vc_col-sm-offset-0&#8243; el_class=&#8221;ordertxt&#8221;]<div class=\"mkdf-elements-holder   mkdf-one-column  mkdf-responsive-mode-768 \" ><div class=\"mkdf-eh-item   mkdf-horizontal-alignment-center \"  data-item-class=\"mkdf-eh-custom-5372\">\n\t<div class=\"mkdf-eh-item-inner\">\n\t\t<div class=\"mkdf-eh-item-content mkdf-eh-custom-5372\" >\n\t\t\t<div class=\"mkdf-section-title-holder  mkdf-st-standard mkdf-st-ha-left mkdf-st-title-left mkdf-st-normal-space \" style=\"text-align: left\">\n\t<div class=\"mkdf-st-inner\">\n\t\t\t\t\t\t\t<h2 class=\"mkdf-st-title\" >\n\t\t\t\tQuarto Duplo\t\t\t\t\t\t\t<\/h2>\n\t\t\t\t\t\t\t<\/div>\n<\/div>[vc_empty_space height=&#8221;20px&#8221;][vc_column_text]Conforto e funcionalidade combinam-se neste elegante Quarto Duplo, ideal para uma estadia relaxante antes ou depois de uma viagem. Equipado com uma confort\u00e1vel cama de casal, sof\u00e1 (pode ser transformado em sof\u00e1 cama) e decora\u00e7\u00e3o moderna, o quarto, devidamente insonorizado, oferece um ambiente tranquilo e acolhedor. Disp\u00f5e ainda de Televis\u00e3o flat screen, Telefone, Secret\u00e1ria e cadeira, Ar condicionado, Minibar (custo extra), Cofre, Internet wifi (gr\u00e1tis), Ch\u00e3o de parquet, Chuveiro Efeito Chuva, Produtos de higiene pessoal, Casa de banho, Duche, Bid\u00e9, Secador de cabelo.<\/p>\n<p>[\/vc_column_text][vc_empty_space]<a itemprop=\"url\" href=\"https:\/\/ap-aeroporto-porto-dot-ap-hotels.appspot.com\/booking1?adultsRoom1=2&#038;language=PORTUGUESE\" target=\"_blank\" style=\"background-color: #826d67;border-color: #826d67\" class=\"mkdf-btn mkdf-btn-medium mkdf-btn-solid mkdf-btn-custom-hover-bg mkdf-btn-custom-border-hover\" data-hover-bg-color=\"#826d67\" data-hover-border-color=\"#826d67\" >\n    <span class=\"mkdf-btn-text\">Reservar<\/span>\n    <\/a>\t\t<\/div>\n\t<\/div>\n<\/div><\/div>[\/vc_column][vc_column offset=&#8221;vc_col-lg-offset-0 vc_col-lg-6 vc_col-md-12 vc_col-sm-offset-0&#8243; css=&#8221;.vc_custom_1680263177359{padding-top: 0px !important;padding-right: 0px !important;background-position: center !important;background-repeat: no-repeat !important;background-size: cover !important;}&#8221; el_class=&#8221;orderimg&#8221;][vc_images_carousel images=&#8221;61626,61631,61741,61751&#8243; img_size=&#8221;full&#8221; onclick=&#8221;link_no&#8221; wrap=&#8221;yes&#8221;][\/vc_column][\/vc_row][vc_row equal_height=&#8221;yes&#8221; css=&#8221;.vc_custom_1680263267072{background-color: #fbf9f9 !important;}&#8221; el_class=&#8221;restaurant-item&#8221;][vc_column offset=&#8221;vc_col-lg-offset-0 vc_col-lg-6 vc_col-md-12 vc_col-sm-offset-0&#8243; css=&#8221;.vc_custom_1680263177359{padding-top: 0px !important;padding-right: 0px !important;background-position: center !important;background-repeat: no-repeat !important;background-size: cover !important;}&#8221; el_class=&#8221;orderimg&#8221;][vc_images_carousel images=&#8221;61651,61656,61661,61666,61671,61701,61706,61711&#8243; img_size=&#8221;full&#8221; onclick=&#8221;link_no&#8221; wrap=&#8221;yes&#8221;][\/vc_column][vc_column css=&#8221;.vc_custom_1680264166083{padding-right: 15px !important;padding-bottom: 10px !important;padding-left: 35px !important;background-color: #f4f2f0 !important;background-position: center !important;background-repeat: no-repeat !important;background-size: cover !important;}&#8221; offset=&#8221;vc_col-lg-offset-0 vc_col-lg-6 vc_col-md-12 vc_col-sm-offset-0&#8243; el_class=&#8221;ordertxt&#8221;]<div class=\"mkdf-elements-holder   mkdf-one-column  mkdf-responsive-mode-768 \" ><div class=\"mkdf-eh-item   mkdf-horizontal-alignment-center \"  data-item-class=\"mkdf-eh-custom-1399\">\n\t<div class=\"mkdf-eh-item-inner\">\n\t\t<div class=\"mkdf-eh-item-content mkdf-eh-custom-1399\" >\n\t\t\t<div class=\"mkdf-section-title-holder  mkdf-st-standard mkdf-st-ha-left mkdf-st-title-left mkdf-st-normal-space \" style=\"text-align: left\">\n\t<div class=\"mkdf-st-inner\">\n\t\t\t\t\t\t\t<h2 class=\"mkdf-st-title\" >\n\t\t\t\tSuite Executiva\t\t\t\t\t\t\t<\/h2>\n\t\t\t\t\t\t\t<\/div>\n<\/div>[vc_empty_space height=&#8221;20px&#8221;][vc_column_text]Devidamente insonorizada, \u00e9 composta por um quarto com duas camas individuais e uma sala separada equipada com mesa e sof\u00e1, \u00e9 a escolha perfeita para quem valoriza conforto e versatilidade. A decora\u00e7\u00e3o moderna e acolhedora cria um ambiente relaxante, ideal tanto para descansar como para trabalhar. A suite disp\u00f5e ainda de Facilidades de ch\u00e1 e caf\u00e9 incluindo cafeteira, Varanda, Televis\u00e3o flat screen, Telefone, Secret\u00e1ria e cadeira, Ar condicionado, Minibar (custo extra), Cofre, Internet wifi (gr\u00e1tis), Ch\u00e3o de parquet, Chuveiro Efeito Chuva, Produtos de higiene pessoal, Casa de banho, Duche, Bid\u00e9, Secador de cabelo.<\/p>\n<p>[\/vc_column_text][vc_empty_space]<a itemprop=\"url\" href=\"https:\/\/ap-aeroporto-porto-dot-ap-hotels.appspot.com\/booking1?adultsRoom1=2&#038;language=PORTUGUESE\" target=\"_blank\" style=\"background-color: #826d67;border-color: #826d67\" class=\"mkdf-btn mkdf-btn-medium mkdf-btn-solid mkdf-btn-custom-hover-bg mkdf-btn-custom-border-hover\" data-hover-bg-color=\"#826d67\" data-hover-border-color=\"#826d67\" >\n    <span class=\"mkdf-btn-text\">Reservar<\/span>\n    <\/a>\t\t<\/div>\n\t<\/div>\n<\/div><\/div>[\/vc_column][\/vc_row][vc_row simple_background_color=&#8221;#899ba6&#8243; css=&#8221;.vc_custom_1600685144170{margin-top: 10px !important;}&#8221;][vc_column el_class=&#8221;adriana-offers-content&#8221; css=&#8221;.vc_custom_1680251148334{background-color: #ffffff !important;}&#8221;][vc_row_inner row_content_width=&#8221;grid&#8221; css=&#8221;.vc_custom_1680174325033{padding-top: 5% !important;padding-bottom: 5% !important;}&#8221;][vc_column_inner width=&#8221;2\/3&#8243;][vc_custom_heading text=&#8221;Hotel no Porto perto do Aeroporto&#8221; font_container=&#8221;tag:h2|font_size:20|text_align:left|color:%23958035&#8243; use_theme_fonts=&#8221;yes&#8221;][vc_custom_heading text=&#8221;Reserve no AP Aeroporto Porto e desfrute de uma estadia calma e tranquila&#8221; font_container=&#8221;tag:h2|font_size:30|text_align:left|color:%23958035&#8243; use_theme_fonts=&#8221;yes&#8221;][\/vc_column_inner][vc_column_inner width=&#8221;1\/3&#8243; css=&#8221;.vc_custom_1680174133788{padding-top: 0px !important;padding-bottom: 0px !important;}&#8221;]<a itemprop=\"url\" href=\"https:\/\/ap-aeroporto-porto-dot-ap-hotels.appspot.com\/booking1?adultsRoom1=2&#038;language=PORTUGUESE\" target=\"_self\" style=\"color: #ffffff;background-color: #958035;border-color: #958035;margin: 30px\" class=\"mkdf-btn mkdf-btn-medium mkdf-btn-solid mkdf-btn-custom-hover-bg mkdf-btn-custom-border-hover mkdf-btn-custom-hover-color mkdf-btn-icon\" data-hover-color=\"#ffffff\" data-hover-bg-color=\"#958035\" data-hover-border-color=\"#958035\" >\n    <span class=\"mkdf-btn-text\">Reservar Agora<\/span>\n    <i class=\"mkdf-icon-linear-icon lnr lnr-arrow-right \" ><\/i><\/a>[\/vc_column_inner][\/vc_row_inner][\/vc_column][\/vc_row][vc_row content_text_aligment=&#8221;center&#8221; css=&#8221;.vc_custom_1776269453964{padding-bottom: 80px !important;background-color: #ffffff !important;background-position: center !important;background-repeat: no-repeat !important;background-size: cover !important;}&#8221; el_class=&#8221;adriana-hotel-footer-address-top&#8221;][vc_column offset=&#8221;vc_col-lg-offset-1 vc_col-lg-10 vc_col-md-offset-1 vc_col-md-10&#8243; el_class=&#8221;adriana-hotel-footer-address&#8221;]<div class=\"mkdf-section-title-holder  mkdf-st-standard mkdf-st-ha-center mkdf-st-title-left mkdf-st-normal-space \" style=\"text-align: center\">\n\t<div class=\"mkdf-st-inner\">\n\t\t\t\t\t\t\t<h2 class=\"mkdf-st-title\" >\n\t\t\t\tAP AEROPORTO PORTO\t\t\t\t\t\t\t<\/h2>\n\t\t\t\t\t\t\t<\/div>\n<\/div>[vc_empty_space height=&#8221;40px&#8221;][vc_column_text]<\/p>\n<p style=\"text-align: center;\">Rua de Hotel De Pedras Rubras 99, 4470-573 Moreira da Maia<\/p>\n<p style=\"text-align: center;\">Geral: <span style=\"text-decoration: underline;\"><a href=\"tel: +351 22 073 2400\">+351 <span aria-label=\"Call phone number 22 073 2400\">22 073 2400<\/span><\/a><\/span>\u00a0(Chamada para a Rede Fixa Nacional) | <a href=\"mailto:rec.porto@ap-hotelsresorts.com\"><span style=\"text-decoration: underline;\">rec.porto@ap-hotelsresorts.com<\/span><\/a><\/p>\n<p style=\"text-align: center;\">Reservas: <a href=\"tel: +351 289 540 100\"><u>+351 289 540 100<\/u><\/a><a href=\"tel: +351 289 540 149\">\u00a0<\/a>(Chamada para a Rede Fixa Nacional) | <a href=\"mailto:book.porto@ap-hotelsresorts.com\"><span style=\"text-decoration: underline;\">book.porto@ap-hotelsresorts.com<\/span><\/a> | RNET 1380<\/p>\n<p style=\"text-align: center;\">REDES SOCIAIS<\/p>\n<p>[\/vc_column_text]    <span class=\"mkdf-icon-shortcode mkdf-normal   mkdf-icon-small\"  data-color=\"#000000\">\n                    <a itemprop=\"url\" class=\"\" href=\"https:\/\/www.instagram.com\/ap.aeroportoporto\/\" target=\"_blank\">\n                    <i class=\"mkdf-icon-font-awesome fa fa-instagram mkdf-icon-element\" style=\"color: #000000\" ><\/i>                    <\/a>\n            <\/span>\n    <span class=\"mkdf-icon-shortcode mkdf-circle   mkdf-icon-small\" style=\"background-color: #efe3da;border-color: #000000\" data-color=\"#000000\">\n                    <a itemprop=\"url\" class=\"\" href=\"https:\/\/www.facebook.com\/ap.aeroportoporto\" target=\"_blank\">\n                    <i class=\"mkdf-icon-font-awesome fa fa-facebook mkdf-icon-element\" style=\"color: #000000\" ><\/i>                    <\/a>\n            <\/span>\n[vc_empty_space height=&#8221;40px&#8221;][\/vc_column][\/vc_row]<\/p>\n","protected":false},"excerpt":{"rendered":"<p>[vc_row equal_height=&#8221;yes&#8221; css=&#8221;.vc_custom_1680263267072{background-color: #fbf9f9 !important;}&#8221; el_class=&#8221;restaurant-item&#8221;][vc_column offset=&#8221;vc_col-lg-offset-0 vc_col-lg-6 vc_col-md-12 vc_col-sm-offset-0&#8243; css=&#8221;.vc_custom_1680263177359{padding-top: 0px !important;padding-right: 0px !important;background-position: center !important;background-repeat: no-repeat !important;background-size: cover !important;}&#8221; el_class=&#8221;orderimg&#8221;][vc_images_carousel images=&#8221;61621,61741,61736,61651,61731,61726,61721&#8243; img_size=&#8221;full&#8221; onclick=&#8221;link_no&#8221; wrap=&#8221;yes&#8221;][\/vc_column][vc_column css=&#8221;.vc_custom_1680264166083{padding-right: 15px !important;padding-bottom: 10px !important;padding-left: 35px !important;background-color: #f4f2f0 !important;background-position: center !important;background-repeat: no-repeat !important;background-size: cover [&hellip;]<\/p>\n","protected":false},"author":11,"featured_media":0,"parent":59361,"menu_order":0,"comment_status":"closed","ping_status":"closed","template":"full-width.php","meta":[],"yoast_head":"<!-- This site is optimized with the Yoast SEO plugin v18.1 - https:\/\/yoast.com\/wordpress\/plugins\/seo\/ -->\n<title>Quartos - Hotel AP Aeroporto Porto - Site Oficial<\/title>\n<meta name=\"description\" content=\"Descubra os quartos do hotel AP Aeroporto Porto. Modernos, confort\u00e1veis e insonorizados, ideais para uma estadia relaxante perto do Aeroporto Francisco S\u00e1 Carneiro.\" \/>\n<meta name=\"robots\" content=\"index, follow, max-snippet:-1, max-image-preview:large, max-video-preview:-1\" \/>\n<link rel=\"canonical\" href=\"https:\/\/ap-hotelsresorts.com\/pt-pt\/porto\/quartos\/\" \/>\n<meta property=\"og:locale\" content=\"pt_PT\" \/>\n<meta property=\"og:type\" content=\"article\" \/>\n<meta property=\"og:title\" content=\"Quartos - Hotel AP Aeroporto Porto - Site Oficial\" \/>\n<meta property=\"og:description\" content=\"Descubra os quartos do hotel AP Aeroporto Porto. Modernos, confort\u00e1veis e insonorizados, ideais para uma estadia relaxante perto do Aeroporto Francisco S\u00e1 Carneiro.\" \/>\n<meta property=\"og:url\" content=\"https:\/\/ap-hotelsresorts.com\/pt-pt\/porto\/quartos\/\" \/>\n<meta property=\"og:site_name\" content=\"AP HOTELS &amp; RESORTS .\" \/>\n<meta property=\"article:publisher\" content=\"https:\/\/www.facebook.com\/aphotelsresorts\" \/>\n<meta property=\"article:modified_time\" content=\"2026-04-15T16:33:00+00:00\" \/>\n<meta name=\"twitter:card\" content=\"summary_large_image\" \/>\n<meta name=\"twitter:site\" content=\"@ApHotels\" \/>\n<meta name=\"twitter:label1\" content=\"Tempo estimado de leitura\" \/>\n\t<meta name=\"twitter:data1\" content=\"6 minutos\" \/>\n<script type=\"application\/ld+json\" class=\"yoast-schema-graph\">{\"@context\":\"https:\/\/schema.org\",\"@graph\":[{\"@type\":\"Organization\",\"@id\":\"https:\/\/ap-hotelsresorts.com\/#organization\",\"name\":\"AP HOTELS & RESORTS\",\"url\":\"https:\/\/ap-hotelsresorts.com\/\",\"sameAs\":[\"https:\/\/www.facebook.com\/aphotelsresorts\",\"https:\/\/www.instagram.com\/aphotelsresorts\/\",\"https:\/\/www.linkedin.com\/company\/ap-hotels-and-resorts\",\"https:\/\/www.youtube.com\/channel\/UCSmwGBz36kx2XALzeVAlKEg\",\"https:\/\/twitter.com\/ApHotels\"],\"logo\":{\"@type\":\"ImageObject\",\"@id\":\"https:\/\/ap-hotelsresorts.com\/#logo\",\"inLanguage\":\"pt-PT\",\"url\":\"https:\/\/ap-hotelsresorts.com\/wp-content\/uploads\/2021\/03\/logo-1.png\",\"contentUrl\":\"https:\/\/ap-hotelsresorts.com\/wp-content\/uploads\/2021\/03\/logo-1.png\",\"width\":\"3915\",\"height\":\"1388\",\"caption\":\"AP HOTELS & RESORTS\"},\"image\":{\"@id\":\"https:\/\/ap-hotelsresorts.com\/#logo\"}},{\"@type\":\"WebSite\",\"@id\":\"https:\/\/ap-hotelsresorts.com\/#website\",\"url\":\"https:\/\/ap-hotelsresorts.com\/\",\"name\":\"AP HOTELS &amp; RESORTS .\",\"description\":\"Albufeira . Faro . Portim\u00e3o . Tavira . Algarve\",\"publisher\":{\"@id\":\"https:\/\/ap-hotelsresorts.com\/#organization\"},\"potentialAction\":[{\"@type\":\"SearchAction\",\"target\":{\"@type\":\"EntryPoint\",\"urlTemplate\":\"https:\/\/ap-hotelsresorts.com\/?s={search_term_string}\"},\"query-input\":\"required name=search_term_string\"}],\"inLanguage\":\"pt-PT\"},{\"@type\":\"WebPage\",\"@id\":\"https:\/\/ap-hotelsresorts.com\/pt-pt\/porto\/quartos\/#webpage\",\"url\":\"https:\/\/ap-hotelsresorts.com\/pt-pt\/porto\/quartos\/\",\"name\":\"Quartos - Hotel AP Aeroporto Porto - Site Oficial\",\"isPartOf\":{\"@id\":\"https:\/\/ap-hotelsresorts.com\/#website\"},\"datePublished\":\"2025-08-14T16:25:57+00:00\",\"dateModified\":\"2026-04-15T16:33:00+00:00\",\"description\":\"Descubra os quartos do hotel AP Aeroporto Porto. Modernos, confort\u00e1veis e insonorizados, ideais para uma estadia relaxante perto do Aeroporto Francisco S\u00e1 Carneiro.\",\"breadcrumb\":{\"@id\":\"https:\/\/ap-hotelsresorts.com\/pt-pt\/porto\/quartos\/#breadcrumb\"},\"inLanguage\":\"pt-PT\",\"potentialAction\":[{\"@type\":\"ReadAction\",\"target\":[\"https:\/\/ap-hotelsresorts.com\/pt-pt\/porto\/quartos\/\"]}]},{\"@type\":\"BreadcrumbList\",\"@id\":\"https:\/\/ap-hotelsresorts.com\/pt-pt\/porto\/quartos\/#breadcrumb\",\"itemListElement\":[{\"@type\":\"ListItem\",\"position\":1,\"name\":\"Home\",\"item\":\"https:\/\/ap-hotelsresorts.com\/pt-pt\/\"},{\"@type\":\"ListItem\",\"position\":2,\"name\":\"Porto\",\"item\":\"https:\/\/ap-hotelsresorts.com\/pt-pt\/porto\/\"},{\"@type\":\"ListItem\",\"position\":3,\"name\":\"Quartos\"}]}]}<\/script>\n<!-- \/ Yoast SEO plugin. -->","yoast_head_json":{"title":"Quartos - Hotel AP Aeroporto Porto - Site Oficial","description":"Descubra os quartos do hotel AP Aeroporto Porto. Modernos, confort\u00e1veis e insonorizados, ideais para uma estadia relaxante perto do Aeroporto Francisco S\u00e1 Carneiro.","robots":{"index":"index","follow":"follow","max-snippet":"max-snippet:-1","max-image-preview":"max-image-preview:large","max-video-preview":"max-video-preview:-1"},"canonical":"https:\/\/ap-hotelsresorts.com\/pt-pt\/porto\/quartos\/","og_locale":"pt_PT","og_type":"article","og_title":"Quartos - Hotel AP Aeroporto Porto - Site Oficial","og_description":"Descubra os quartos do hotel AP Aeroporto Porto. Modernos, confort\u00e1veis e insonorizados, ideais para uma estadia relaxante perto do Aeroporto Francisco S\u00e1 Carneiro.","og_url":"https:\/\/ap-hotelsresorts.com\/pt-pt\/porto\/quartos\/","og_site_name":"AP HOTELS &amp; RESORTS .","article_publisher":"https:\/\/www.facebook.com\/aphotelsresorts","article_modified_time":"2026-04-15T16:33:00+00:00","twitter_card":"summary_large_image","twitter_site":"@ApHotels","twitter_misc":{"Tempo estimado de leitura":"6 minutos"},"schema":{"@context":"https:\/\/schema.org","@graph":[{"@type":"Organization","@id":"https:\/\/ap-hotelsresorts.com\/#organization","name":"AP HOTELS & RESORTS","url":"https:\/\/ap-hotelsresorts.com\/","sameAs":["https:\/\/www.facebook.com\/aphotelsresorts","https:\/\/www.instagram.com\/aphotelsresorts\/","https:\/\/www.linkedin.com\/company\/ap-hotels-and-resorts","https:\/\/www.youtube.com\/channel\/UCSmwGBz36kx2XALzeVAlKEg","https:\/\/twitter.com\/ApHotels"],"logo":{"@type":"ImageObject","@id":"https:\/\/ap-hotelsresorts.com\/#logo","inLanguage":"pt-PT","url":"https:\/\/ap-hotelsresorts.com\/wp-content\/uploads\/2021\/03\/logo-1.png","contentUrl":"https:\/\/ap-hotelsresorts.com\/wp-content\/uploads\/2021\/03\/logo-1.png","width":"3915","height":"1388","caption":"AP HOTELS & RESORTS"},"image":{"@id":"https:\/\/ap-hotelsresorts.com\/#logo"}},{"@type":"WebSite","@id":"https:\/\/ap-hotelsresorts.com\/#website","url":"https:\/\/ap-hotelsresorts.com\/","name":"AP HOTELS &amp; RESORTS .","description":"Albufeira . Faro . Portim\u00e3o . Tavira . Algarve","publisher":{"@id":"https:\/\/ap-hotelsresorts.com\/#organization"},"potentialAction":[{"@type":"SearchAction","target":{"@type":"EntryPoint","urlTemplate":"https:\/\/ap-hotelsresorts.com\/?s={search_term_string}"},"query-input":"required name=search_term_string"}],"inLanguage":"pt-PT"},{"@type":"WebPage","@id":"https:\/\/ap-hotelsresorts.com\/pt-pt\/porto\/quartos\/#webpage","url":"https:\/\/ap-hotelsresorts.com\/pt-pt\/porto\/quartos\/","name":"Quartos - Hotel AP Aeroporto Porto - Site Oficial","isPartOf":{"@id":"https:\/\/ap-hotelsresorts.com\/#website"},"datePublished":"2025-08-14T16:25:57+00:00","dateModified":"2026-04-15T16:33:00+00:00","description":"Descubra os quartos do hotel AP Aeroporto Porto. Modernos, confort\u00e1veis e insonorizados, ideais para uma estadia relaxante perto do Aeroporto Francisco S\u00e1 Carneiro.","breadcrumb":{"@id":"https:\/\/ap-hotelsresorts.com\/pt-pt\/porto\/quartos\/#breadcrumb"},"inLanguage":"pt-PT","potentialAction":[{"@type":"ReadAction","target":["https:\/\/ap-hotelsresorts.com\/pt-pt\/porto\/quartos\/"]}]},{"@type":"BreadcrumbList","@id":"https:\/\/ap-hotelsresorts.com\/pt-pt\/porto\/quartos\/#breadcrumb","itemListElement":[{"@type":"ListItem","position":1,"name":"Home","item":"https:\/\/ap-hotelsresorts.com\/pt-pt\/"},{"@type":"ListItem","position":2,"name":"Porto","item":"https:\/\/ap-hotelsresorts.com\/pt-pt\/porto\/"},{"@type":"ListItem","position":3,"name":"Quartos"}]}]}},"_links":{"self":[{"href":"https:\/\/ap-hotelsresorts.com\/pt-pt\/wp-json\/wp\/v2\/pages\/59368"}],"collection":[{"href":"https:\/\/ap-hotelsresorts.com\/pt-pt\/wp-json\/wp\/v2\/pages"}],"about":[{"href":"https:\/\/ap-hotelsresorts.com\/pt-pt\/wp-json\/wp\/v2\/types\/page"}],"author":[{"embeddable":true,"href":"https:\/\/ap-hotelsresorts.com\/pt-pt\/wp-json\/wp\/v2\/users\/11"}],"replies":[{"embeddable":true,"href":"https:\/\/ap-hotelsresorts.com\/pt-pt\/wp-json\/wp\/v2\/comments?post=59368"}],"version-history":[{"count":2,"href":"https:\/\/ap-hotelsresorts.com\/pt-pt\/wp-json\/wp\/v2\/pages\/59368\/revisions"}],"predecessor-version":[{"id":66046,"href":"https:\/\/ap-hotelsresorts.com\/pt-pt\/wp-json\/wp\/v2\/pages\/59368\/revisions\/66046"}],"up":[{"embeddable":true,"href":"https:\/\/ap-hotelsresorts.com\/pt-pt\/wp-json\/wp\/v2\/pages\/59361"}],"wp:attachment":[{"href":"https:\/\/ap-hotelsresorts.com\/pt-pt\/wp-json\/wp\/v2\/media?parent=59368"}],"curies":[{"name":"wp","href":"https:\/\/api.w.org\/{rel}","templated":true}]}}