{"id":63494,"date":"2026-01-08T12:22:44","date_gmt":"2026-01-08T12:22:44","guid":{"rendered":"https:\/\/ap-hotelsresorts.com\/?page_id=63494"},"modified":"2026-01-26T12:01:26","modified_gmt":"2026-01-26T12:01:26","slug":"casar-no-alentejo","status":"publish","type":"page","link":"https:\/\/ap-hotelsresorts.com\/pt-pt\/montargil\/casar-no-alentejo\/","title":{"rendered":"Casar no Alentejo"},"content":{"rendered":"<p>[vc_row equal_height=&#8221;yes&#8221; css=&#8221;.vc_custom_1493278703024{background-color: #fbf9f9 !important;}&#8221;][vc_column offset=&#8221;vc_col-lg-offset-0 vc_col-lg-6 vc_col-md-12 vc_col-sm-offset-0&#8243; css=&#8221;.vc_custom_1769426329540{padding-top: 28% !important;padding-bottom: 28% !important;background-image: url(https:\/\/ap-hotelsresorts.com\/wp-content\/uploads\/2026\/01\/Fotos_28.05-106-scaled.jpg?id=64114) !important;background-position: center !important;background-repeat: no-repeat !important;background-size: cover !important;}&#8221;][\/vc_column][vc_column css=&#8221;.vc_custom_1604568190848{background-color: #f4f2f0 !important;background-position: center !important;background-repeat: no-repeat !important;background-size: cover !important;}&#8221; offset=&#8221;vc_col-lg-offset-0 vc_col-lg-6 vc_col-md-12 vc_col-sm-offset-0&#8243;]<div class=\"mkdf-elements-holder   mkdf-one-column  mkdf-responsive-mode-768 \" ><div class=\"mkdf-eh-item meeting-services-section   \"  data-item-class=\"mkdf-eh-custom-4298\" data-1024-1280=\"13% 13% 20% 13%\" data-768-1024=\"4% 15% 8% 12%\" data-680-768=\"3% 16% 9% 9%\" data-680=\"0% 5% 17% 6%\">\n\t<div class=\"mkdf-eh-item-inner\">\n\t\t<div class=\"mkdf-eh-item-content mkdf-eh-custom-4298\" style=\"padding: 3% 15% 3% 3%\">\n\t\t\t<div class=\"mkdf-section-title-holder  mkdf-st-standard mkdf-st-ha-left mkdf-st-title-left mkdf-st-normal-space \" style=\"text-align: left\">\n\t<div class=\"mkdf-st-inner\">\n\t\t\t\t\t\t\t<h1 class=\"mkdf-st-title\" style=\"color: #899ba6\">\n\t\t\t\tCasar no Alentejo\t\t\t\t\t\t\t<\/h1>\n\t\t\t\t\t\t\t<\/div>\n<\/div>[vc_empty_space height=&#8221;20px&#8221;][vc_column_text]<\/p>\n<h2><strong>Um casamento de sonho abra\u00e7ado pelo maravilhoso cen\u00e1rio do lago de Montargil<\/strong><\/h2>\n<p>&nbsp;<\/p>\n<p>Uma celebra\u00e7\u00e3o especial merece um local especial. No AP Lago Montargil encontra o cen\u00e1rio perfeito para o seu casamento.<\/p>\n<p>&nbsp;<\/p>\n<p>Este hotel no alto Alentejo, est\u00e1\u00a0<strong>rodeado pela paisagem natural do Lago de Montargil<\/strong>, o que proporciona um\u00a0<strong>ambiente rom\u00e2ntico e acolhedor<\/strong>\u00a0para tornar esta data ainda mais memor\u00e1vel. Para si e para os seus convidados.[\/vc_column_text][vc_empty_space height=&#8221;20px&#8221;][vc_column_text]<\/p>\n<h3><strong>Destaques<\/strong><\/h3>\n<p>&nbsp;<\/p>\n<p>\u2013 Localiza\u00e7\u00e3o privilegiada com acesso direto ao lago de Montargil<\/p>\n<p>\u2013 Centro N\u00e1utico, com vistas deslumbrantes, ideais para a realiza\u00e7\u00e3o de uma cerim\u00f3nia<\/p>\n<p>\u2013 Possibilidade de utilizar espa\u00e7os em exclusivo<\/p>\n<p>&#8211; Quartos com vistas fant\u00e1sticas[\/vc_column_text][vc_empty_space height=&#8221;20px&#8221;]<a itemprop=\"url\" href=\"#cabanas-weddings-contact\" target=\"_self\" style=\"color: #ffffff;background-color: #899ba6;border-color: #899ba6;margin: 0px 20px 0px 0px\" class=\"mkdf-btn mkdf-btn-medium mkdf-btn-solid mkdf-btn-custom-hover-bg mkdf-btn-custom-border-hover mkdf-btn-custom-hover-color\" data-hover-color=\"#ffffff\" data-hover-bg-color=\"#899ba6\" data-hover-border-color=\"#899ba6\" >\n    <span class=\"mkdf-btn-text\">Solicitar Or\u00e7amento<\/span>\n    <\/a>\t\t<\/div>\n\t<\/div>\n<\/div><\/div>[\/vc_column][\/vc_row][vc_row equal_height=&#8221;yes&#8221; css=&#8221;.vc_custom_1493278703024{background-color: #fbf9f9 !important;}&#8221;][vc_column css=&#8221;.vc_custom_1614148508950{background-color: #f4f2f0 !important;background-position: center !important;background-repeat: no-repeat !important;background-size: cover !important;}&#8221; offset=&#8221;vc_col-lg-offset-0 vc_col-lg-6 vc_col-md-12 vc_col-sm-offset-0&#8243; el_class=&#8221;ordertxt&#8221;]<div class=\"mkdf-elements-holder   mkdf-one-column  mkdf-responsive-mode-768 \" ><div class=\"mkdf-eh-item meeting-services-section   \"  data-item-class=\"mkdf-eh-custom-2480\" data-1024-1280=\"13% 13% 20% 13%\" data-768-1024=\"4% 15% 8% 12%\" data-680-768=\"3% 16% 9% 9%\" data-680=\"0% 5% 17% 6%\">\n\t<div class=\"mkdf-eh-item-inner\">\n\t\t<div class=\"mkdf-eh-item-content mkdf-eh-custom-2480\" style=\"padding: 3% 3% 3% 15%\">\n\t\t\t<div class=\"mkdf-section-title-holder  mkdf-st-standard  mkdf-st-title-left mkdf-st-normal-space \" >\n\t<div class=\"mkdf-st-inner\">\n\t\t\t\t\t\t\t<h2 class=\"mkdf-st-title\" >\n\t\t\t\tCentro N\u00e1utico\t\t\t\t\t\t\t<\/h2>\n\t\t\t\t\t\t\t<\/div>\n<\/div>[vc_empty_space height=&#8221;20px&#8221;][vc_column_text]Uma localiza\u00e7\u00e3o fant\u00e1stica para a sua cerim\u00f3nia com generosos espa\u00e7os exterior diretamente sobre o lago de Montargil s\u00e3o o cen\u00e1rio ideal para organizar uma rece\u00e7\u00e3o com cocktails e muito charme!<\/p>\n<p>De seguida o centro n\u00e1utico \u00e9 um venue elegante e exclusivo onde a alta gastronomia nacional e internacional promete surpreender<\/p>\n<p>&nbsp;<\/p>\n<p>Se sempre imaginou o seu casamento assim, o hotel AP Lago Montargil \u00e9 o local ideal para organizar o seu casamento.<\/p>\n<p>&nbsp;<\/p>\n<p>O hotel est\u00e1 localizado junto <strong>ao Lago de Montargil<\/strong>, o que proporciona todas as condi\u00e7\u00f5es para realizar o seu casamento de sonho num cen\u00e1rio de deslumbrante rodeado de muitos espa\u00e7os verdes, natureza e claro a imensid\u00e3o e calma do lago.<\/p>\n<p>&nbsp;<\/p>\n<p>J\u00e1 imaginou?<\/p>\n<p>&nbsp;<\/p>\n<p><strong>Entre em contacto com a nossa equipa e torne o seu casamento de sonho em realidade<\/strong>.[\/vc_column_text]\t\t<\/div>\n\t<\/div>\n<\/div><\/div>[\/vc_column][vc_column offset=&#8221;vc_col-lg-offset-0 vc_col-lg-6 vc_col-md-12 vc_col-sm-offset-0&#8243; css=&#8221;.vc_custom_1614148550910{padding-top: 0px !important;padding-left: 0px !important;background-position: center !important;background-repeat: no-repeat !important;background-size: cover !important;}&#8221; el_class=&#8221;orderimg&#8221;][vc_images_carousel images=&#8221;63839,64119,64124,64129,64134,64139,64144,64149&#8243; img_size=&#8221;full&#8221; onclick=&#8221;link_no&#8221; hide_pagination_control=&#8221;yes&#8221; wrap=&#8221;yes&#8221;][\/vc_column][\/vc_row][vc_row css=&#8221;.vc_custom_1604646708117{padding-top: 20px !important;padding-bottom: 50px !important;background-color: #899ba6 !important;}&#8221; el_class=&#8221;meeting-contact&#8221; el_id=&#8221;meeting-contact-wedding&#8221;][vc_column el_id=&#8221;cabanas-weddings-contact&#8221;][vc_row_inner][vc_column_inner width=&#8221;1\/4&#8243;][\/vc_column_inner][vc_column_inner width=&#8221;1\/2&#8243;][vc_custom_heading text=&#8221;CONTACTE-NOS&#8221; font_container=&#8221;tag:h4|text_align:center|color:%23ffffff&#8221; use_theme_fonts=&#8221;yes&#8221;][vc_column_text]<\/p>\n<p style=\"text-align: center;\"><strong>AP LAGO MONTARGIL CONFERENCE &amp; SPA<\/strong><\/p>\n<p style=\"text-align: center;\">Estrada Nacional, 2, 7425-144 Montargil<br \/>\nAlentejo, Portugal<\/p>\n<p style=\"text-align: center;\">Or\u00e7amentos: <span style=\"text-decoration: underline;\"><a href=\"mailto:eventos.montargil@ap-hotelsresorts.com\">eventos.montargil@ap-hotelsresorts.com<\/a><\/span><\/p>\n<p style=\"text-align: center;\">Reservas: <span style=\"text-decoration: underline;\"><a href=\"tel: +351 289 540 100\">+351 289 540 100<\/a>\u00a0<\/span>\u00a0(Chamada para a Rede Fixa Nacional)<br \/>\n| <a href=\"mailto:book.montargil@ap-hotelsresorts.com\"><span style=\"text-decoration: underline;\">book.montargil@ap-hotelsresorts.com<\/span><\/a><\/p>\n<p>[\/vc_column_text]<div role=\"form\" class=\"wpcf7\" id=\"wpcf7-f16635-o1\" lang=\"pt-PT\" dir=\"ltr\">\n<div class=\"screen-reader-response\"><p role=\"status\" aria-live=\"polite\" aria-atomic=\"true\"><\/p> <ul><\/ul><\/div>\n<form action=\"\/pt-pt\/wp-json\/wp\/v2\/pages\/63494#wpcf7-f16635-o1\" method=\"post\" class=\"wpcf7-form init\" novalidate=\"novalidate\" data-status=\"init\">\n<div style=\"display: none;\">\n<input type=\"hidden\" name=\"_wpcf7\" value=\"16635\" \/>\n<input type=\"hidden\" name=\"_wpcf7_version\" value=\"5.5.5\" \/>\n<input type=\"hidden\" name=\"_wpcf7_locale\" value=\"pt_PT\" \/>\n<input type=\"hidden\" name=\"_wpcf7_unit_tag\" value=\"wpcf7-f16635-o1\" \/>\n<input type=\"hidden\" name=\"_wpcf7_container_post\" value=\"0\" \/>\n<input type=\"hidden\" name=\"_wpcf7_posted_data_hash\" value=\"\" \/>\n<\/div>\n<div class=\"contact-page-form\">\n<div class=\"vc_col-sm-6 contact-form-column\">\n<span class=\"wpcf7-form-control-wrap first-name\"><input type=\"text\" name=\"first-name\" value=\"\" size=\"40\" class=\"wpcf7-form-control wpcf7-text wpcf7-validates-as-required\" aria-required=\"true\" aria-invalid=\"false\" placeholder=\"Nome *\" \/><\/span>\n<\/div>\n<div class=\"vc_col-sm-6 contact-form-column\">\n<span class=\"wpcf7-form-control-wrap last-name\"><input type=\"text\" name=\"last-name\" value=\"\" size=\"40\" class=\"wpcf7-form-control wpcf7-text wpcf7-validates-as-required\" aria-required=\"true\" aria-invalid=\"false\" placeholder=\"Sobrenome *\" \/><\/span>\n<\/div>\n<div class=\"vc_col-sm-6 contact-form-column\">\n<span class=\"wpcf7-form-control-wrap email\"><input type=\"email\" name=\"email\" value=\"\" size=\"40\" class=\"wpcf7-form-control wpcf7-text wpcf7-email wpcf7-validates-as-required wpcf7-validates-as-email\" aria-required=\"true\" aria-invalid=\"false\" placeholder=\"Email *\" \/><\/span>\n<\/div>\n<div class=\"vc_col-sm-6 contact-form-column\">\n<span class=\"wpcf7-form-control-wrap phone\"><input type=\"tel\" name=\"phone\" value=\"\" size=\"40\" class=\"wpcf7-form-control wpcf7-text wpcf7-tel wpcf7-validates-as-required wpcf7-validates-as-tel\" aria-required=\"true\" aria-invalid=\"false\" placeholder=\"Telefone *\" \/><\/span>\n<\/div>\n<div class=\"vc_col-sm-6 contact-form-column message-topic\">\n<span class=\"wpcf7-form-control-wrap MessageTopic\"><select name=\"MessageTopic\" class=\"wpcf7-form-control wpcf7-select wpcf7-validates-as-required\" aria-required=\"true\" aria-invalid=\"false\"><option value=\"Assunto *\">Assunto *<\/option><option value=\"REUNI\u00c3O\">REUNI\u00c3O<\/option><option value=\"CONGRESSO\">CONGRESSO<\/option><option value=\"WORKSHOP\">WORKSHOP<\/option><option value=\"INCENTIVO\">INCENTIVO<\/option><option value=\"CASAMENTO\">CASAMENTO<\/option><\/select><\/span>\n<\/div>\n<div class=\"vc_col-sm-12 contact-form-column\">\n<span class=\"wpcf7-form-control-wrap comments\"><textarea name=\"comments\" cols=\"40\" rows=\"10\" class=\"wpcf7-form-control wpcf7-textarea\" aria-invalid=\"false\" placeholder=\"Coment\u00e1rios\"><\/textarea><\/span>\n<\/div>\n<div class=\"vc_col-sm-12 contact-form-column\">\n<label><br \/>\nAo submeter este formul\u00e1rio, concordo que o grupo AP Hotels & Resorts envie mensagens de Marketing e ofertas promocionais atrav\u00e9s de e-mail, e-mail direto e SMS, conforme descrito na Pol\u00edtica de Privacidade da grupo AP Hotels & Resorts.<br \/>\n<\/label>\n<\/div>\n<div class=\"vc_col-sm-12 contact-form-column\">\n<input type=\"submit\" value=\"ENVIAR\" class=\"wpcf7-form-control has-spinner wpcf7-submit\" \/>\n<\/div>\n<\/div>\n<div class=\"wpcf7-response-output\" aria-hidden=\"true\"><\/div><\/form><\/div>[\/vc_column_inner][vc_column_inner width=&#8221;1\/4&#8243;][\/vc_column_inner][\/vc_row_inner][\/vc_column][\/vc_row][vc_row content_text_aligment=&#8221;center&#8221; css=&#8221;.vc_custom_1605613387040{padding-bottom: 80px !important;background-color: #f4f2f0 !important;background-position: center !important;background-repeat: no-repeat !important;background-size: cover !important;}&#8221; el_class=&#8221;hotel-address-sections&#8221;][vc_column offset=&#8221;vc_col-lg-offset-1 vc_col-lg-10 vc_col-md-offset-1 vc_col-md-10&#8243;]<div class=\"mkdf-section-title-holder  mkdf-st-standard mkdf-st-ha-center mkdf-st-title-left mkdf-st-normal-space \" style=\"text-align: center\">\n\t<div class=\"mkdf-st-inner\">\n\t\t\t\t\t\t\t<h2 class=\"mkdf-st-title\" >\n\t\t\t\tAP LAGO MONTARGIL CONFERENCE &amp; SPA\t\t\t\t\t\t\t<\/h2>\n\t\t\t\t\t\t\t<\/div>\n<\/div>[vc_empty_space height=&#8221;40px&#8221;][vc_column_text el_class=&#8221;ap-hotel-address-text&#8221;]<\/p>\n<p style=\"text-align: center;\">Estrada Nacional, 2, 7425-144 Montargil<br \/>\nAlentejo, Portugal<\/p>\n<p style=\"text-align: center;\">Perguntas Gerais:\u00a0<a href=\"tel: +351 242 241 250\"><span style=\"text-decoration: underline;\">+351 242 241 250\u00a0<\/span>(Chamada para rede fixa nacional)\u00a0<\/a>|\u00a0<span style=\"text-decoration: underline;\"><a href=\"mailto:rec.montargil@ap-hotelsresorts.com\">rec.montargil@ap-hotelsresorts.com<\/a><\/span><\/p>\n<p style=\"text-align: center;\">Reservas:\u00a0<span style=\"text-decoration: underline;\"><a href=\"tel: +351 289 540 100\">+351 289 540 100<\/a><\/span>\u00a0(Chamada para a Rede Fixa Nacional) | email:\u00a0<span style=\"text-decoration: underline;\"><a href=\"mailto:book.montargil@ap-hotelsresorts.com\">book.montargil@ap-hotelsresorts.com<\/a><\/span><\/p>\n<p style=\"text-align: center;\">REDES SOCIAIS<\/p>\n<p>[\/vc_column_text][vc_column_text]<\/p>\n<p>[\/vc_column_text]    <span class=\"mkdf-icon-shortcode mkdf-normal   mkdf-icon-small\"  data-color=\"#000000\">\n                    <a itemprop=\"url\" class=\"\" href=\"https:\/\/www.instagram.com\/ap.lagomontargil\/\" target=\"_blank\">\n                    <i class=\"mkdf-icon-font-awesome fa fa-instagram mkdf-icon-element\" style=\"color: #000000\" ><\/i>                    <\/a>\n            <\/span>\n    <span class=\"mkdf-icon-shortcode mkdf-circle   mkdf-icon-small\" style=\"background-color: #efe3da;border-color: #000000\" data-color=\"#000000\">\n                    <a itemprop=\"url\" class=\"\" href=\"https:\/\/www.facebook.com\/aplagomontargil\/\" target=\"_blank\">\n                    <i class=\"mkdf-icon-font-awesome fa fa-facebook mkdf-icon-element\" style=\"color: #000000\" ><\/i>                    <\/a>\n            <\/span>\n[vc_empty_space height=&#8221;40px&#8221;]<a itemprop=\"url\" href=\"https:\/\/ap-hotelsresorts.com\/pt-pt\/montargil\/contactos\/\" target=\"_self\" style=\"color: #ffffff;border-color: #000000;margin: 0px 10px 0px 0px\" class=\"mkdf-btn mkdf-btn-medium mkdf-btn-outline mkdf-btn-custom-border-hover mkdf-btn-custom-hover-color mkdf-btn-icon\" data-hover-color=\"#ffffff\" data-hover-border-color=\"#333132\" >\n    <span class=\"mkdf-btn-text\">CONTACTE-NOS<\/span>\n    <i class=\"mkdf-icon-linear-icon lnr lnr-arrow-right \" ><\/i><\/a><a itemprop=\"url\" href=\"https:\/\/ap-hotelsresorts.com\/pt-pt\/montargil\/contactos\/\" target=\"_self\" style=\"color: #ffffff;border-color: #000000\" class=\"mkdf-btn mkdf-btn-medium mkdf-btn-outline mkdf-btn-custom-border-hover mkdf-btn-custom-hover-color mkdf-btn-icon\" data-hover-color=\"#ffffff\" data-hover-border-color=\"#333132\" >\n    <span class=\"mkdf-btn-text\">LOCALIZA\u00c7\u00c3O<\/span>\n    <i class=\"mkdf-icon-linear-icon lnr lnr-arrow-right \" ><\/i><\/a>[\/vc_column][\/vc_row]<\/p>\n","protected":false},"excerpt":{"rendered":"<p>[vc_row equal_height=&#8221;yes&#8221; css=&#8221;.vc_custom_1493278703024{background-color: #fbf9f9 !important;}&#8221;][vc_column offset=&#8221;vc_col-lg-offset-0 vc_col-lg-6 vc_col-md-12 vc_col-sm-offset-0&#8243; css=&#8221;.vc_custom_1769426329540{padding-top: 28% !important;padding-bottom: 28% !important;background-image: url(https:\/\/ap-hotelsresorts.com\/wp-content\/uploads\/2026\/01\/Fotos_28.05-106-scaled.jpg?id=64114) !important;background-position: center !important;background-repeat: no-repeat !important;background-size: cover !important;}&#8221;][\/vc_column][vc_column css=&#8221;.vc_custom_1604568190848{background-color: #f4f2f0 !important;background-position: center !important;background-repeat: no-repeat !important;background-size: cover !important;}&#8221; offset=&#8221;vc_col-lg-offset-0 vc_col-lg-6 vc_col-md-12 vc_col-sm-offset-0&#8243;][\/vc_column][\/vc_row][vc_row equal_height=&#8221;yes&#8221; css=&#8221;.vc_custom_1493278703024{background-color: #fbf9f9 !important;}&#8221;][vc_column css=&#8221;.vc_custom_1614148508950{background-color: [&hellip;]<\/p>\n","protected":false},"author":11,"featured_media":0,"parent":46797,"menu_order":0,"comment_status":"closed","ping_status":"closed","template":"full-width.php","meta":[],"yoast_head":"<!-- This site is optimized with the Yoast SEO plugin v18.1 - https:\/\/yoast.com\/wordpress\/plugins\/seo\/ -->\n<title>Casar no Alentejo - AP Lago Montargil Conference &amp; Spa - Site Oficial<\/title>\n<meta name=\"description\" content=\"Quer organizar o seu casamento no Alentejo? Veja os espa\u00e7os que temos para tornar o seu casamento perfeito.\" \/>\n<meta name=\"robots\" content=\"index, follow, max-snippet:-1, max-image-preview:large, max-video-preview:-1\" \/>\n<link rel=\"canonical\" href=\"https:\/\/ap-hotelsresorts.com\/pt-pt\/montargil\/casar-no-alentejo\/\" \/>\n<meta property=\"og:locale\" content=\"pt_PT\" \/>\n<meta property=\"og:type\" content=\"article\" \/>\n<meta property=\"og:title\" content=\"Casar no Alentejo - AP Lago Montargil Conference &amp; Spa - Site Oficial\" \/>\n<meta property=\"og:description\" content=\"Quer organizar o seu casamento no Alentejo? Veja os espa\u00e7os que temos para tornar o seu casamento perfeito.\" \/>\n<meta property=\"og:url\" content=\"https:\/\/ap-hotelsresorts.com\/pt-pt\/montargil\/casar-no-alentejo\/\" \/>\n<meta property=\"og:site_name\" content=\"AP HOTELS &amp; RESORTS .\" \/>\n<meta property=\"article:publisher\" content=\"https:\/\/www.facebook.com\/aphotelsresorts\" \/>\n<meta property=\"article:modified_time\" content=\"2026-01-26T12:01:26+00:00\" \/>\n<meta name=\"twitter:card\" content=\"summary_large_image\" \/>\n<meta name=\"twitter:site\" content=\"@ApHotels\" \/>\n<meta name=\"twitter:label1\" content=\"Tempo estimado de leitura\" \/>\n\t<meta name=\"twitter:data1\" content=\"5 minutos\" \/>\n<script type=\"application\/ld+json\" class=\"yoast-schema-graph\">{\"@context\":\"https:\/\/schema.org\",\"@graph\":[{\"@type\":\"Organization\",\"@id\":\"https:\/\/ap-hotelsresorts.com\/#organization\",\"name\":\"AP HOTELS & RESORTS\",\"url\":\"https:\/\/ap-hotelsresorts.com\/\",\"sameAs\":[\"https:\/\/www.facebook.com\/aphotelsresorts\",\"https:\/\/www.instagram.com\/aphotelsresorts\/\",\"https:\/\/www.linkedin.com\/company\/ap-hotels-and-resorts\",\"https:\/\/www.youtube.com\/channel\/UCSmwGBz36kx2XALzeVAlKEg\",\"https:\/\/twitter.com\/ApHotels\"],\"logo\":{\"@type\":\"ImageObject\",\"@id\":\"https:\/\/ap-hotelsresorts.com\/#logo\",\"inLanguage\":\"pt-PT\",\"url\":\"https:\/\/ap-hotelsresorts.com\/wp-content\/uploads\/2021\/03\/logo-1.png\",\"contentUrl\":\"https:\/\/ap-hotelsresorts.com\/wp-content\/uploads\/2021\/03\/logo-1.png\",\"width\":\"3915\",\"height\":\"1388\",\"caption\":\"AP HOTELS & RESORTS\"},\"image\":{\"@id\":\"https:\/\/ap-hotelsresorts.com\/#logo\"}},{\"@type\":\"WebSite\",\"@id\":\"https:\/\/ap-hotelsresorts.com\/#website\",\"url\":\"https:\/\/ap-hotelsresorts.com\/\",\"name\":\"AP HOTELS &amp; RESORTS .\",\"description\":\"Albufeira . Faro . Portim\u00e3o . Tavira . Algarve\",\"publisher\":{\"@id\":\"https:\/\/ap-hotelsresorts.com\/#organization\"},\"potentialAction\":[{\"@type\":\"SearchAction\",\"target\":{\"@type\":\"EntryPoint\",\"urlTemplate\":\"https:\/\/ap-hotelsresorts.com\/?s={search_term_string}\"},\"query-input\":\"required name=search_term_string\"}],\"inLanguage\":\"pt-PT\"},{\"@type\":\"WebPage\",\"@id\":\"https:\/\/ap-hotelsresorts.com\/pt-pt\/montargil\/casar-no-alentejo\/#webpage\",\"url\":\"https:\/\/ap-hotelsresorts.com\/pt-pt\/montargil\/casar-no-alentejo\/\",\"name\":\"Casar no Alentejo - AP Lago Montargil Conference & Spa - Site Oficial\",\"isPartOf\":{\"@id\":\"https:\/\/ap-hotelsresorts.com\/#website\"},\"datePublished\":\"2026-01-08T12:22:44+00:00\",\"dateModified\":\"2026-01-26T12:01:26+00:00\",\"description\":\"Quer organizar o seu casamento no Alentejo? Veja os espa\u00e7os que temos para tornar o seu casamento perfeito.\",\"breadcrumb\":{\"@id\":\"https:\/\/ap-hotelsresorts.com\/pt-pt\/montargil\/casar-no-alentejo\/#breadcrumb\"},\"inLanguage\":\"pt-PT\",\"potentialAction\":[{\"@type\":\"ReadAction\",\"target\":[\"https:\/\/ap-hotelsresorts.com\/pt-pt\/montargil\/casar-no-alentejo\/\"]}]},{\"@type\":\"BreadcrumbList\",\"@id\":\"https:\/\/ap-hotelsresorts.com\/pt-pt\/montargil\/casar-no-alentejo\/#breadcrumb\",\"itemListElement\":[{\"@type\":\"ListItem\",\"position\":1,\"name\":\"Home\",\"item\":\"https:\/\/ap-hotelsresorts.com\/pt-pt\/\"},{\"@type\":\"ListItem\",\"position\":2,\"name\":\"Montargil\",\"item\":\"https:\/\/ap-hotelsresorts.com\/pt-pt\/montargil\/\"},{\"@type\":\"ListItem\",\"position\":3,\"name\":\"Casar no Alentejo\"}]}]}<\/script>\n<!-- \/ Yoast SEO plugin. -->","yoast_head_json":{"title":"Casar no Alentejo - AP Lago Montargil Conference & Spa - Site Oficial","description":"Quer organizar o seu casamento no Alentejo? Veja os espa\u00e7os que temos para tornar o seu casamento perfeito.","robots":{"index":"index","follow":"follow","max-snippet":"max-snippet:-1","max-image-preview":"max-image-preview:large","max-video-preview":"max-video-preview:-1"},"canonical":"https:\/\/ap-hotelsresorts.com\/pt-pt\/montargil\/casar-no-alentejo\/","og_locale":"pt_PT","og_type":"article","og_title":"Casar no Alentejo - AP Lago Montargil Conference & Spa - Site Oficial","og_description":"Quer organizar o seu casamento no Alentejo? Veja os espa\u00e7os que temos para tornar o seu casamento perfeito.","og_url":"https:\/\/ap-hotelsresorts.com\/pt-pt\/montargil\/casar-no-alentejo\/","og_site_name":"AP HOTELS &amp; RESORTS .","article_publisher":"https:\/\/www.facebook.com\/aphotelsresorts","article_modified_time":"2026-01-26T12:01:26+00:00","twitter_card":"summary_large_image","twitter_site":"@ApHotels","twitter_misc":{"Tempo estimado de leitura":"5 minutos"},"schema":{"@context":"https:\/\/schema.org","@graph":[{"@type":"Organization","@id":"https:\/\/ap-hotelsresorts.com\/#organization","name":"AP HOTELS & RESORTS","url":"https:\/\/ap-hotelsresorts.com\/","sameAs":["https:\/\/www.facebook.com\/aphotelsresorts","https:\/\/www.instagram.com\/aphotelsresorts\/","https:\/\/www.linkedin.com\/company\/ap-hotels-and-resorts","https:\/\/www.youtube.com\/channel\/UCSmwGBz36kx2XALzeVAlKEg","https:\/\/twitter.com\/ApHotels"],"logo":{"@type":"ImageObject","@id":"https:\/\/ap-hotelsresorts.com\/#logo","inLanguage":"pt-PT","url":"https:\/\/ap-hotelsresorts.com\/wp-content\/uploads\/2021\/03\/logo-1.png","contentUrl":"https:\/\/ap-hotelsresorts.com\/wp-content\/uploads\/2021\/03\/logo-1.png","width":"3915","height":"1388","caption":"AP HOTELS & RESORTS"},"image":{"@id":"https:\/\/ap-hotelsresorts.com\/#logo"}},{"@type":"WebSite","@id":"https:\/\/ap-hotelsresorts.com\/#website","url":"https:\/\/ap-hotelsresorts.com\/","name":"AP HOTELS &amp; RESORTS .","description":"Albufeira . Faro . Portim\u00e3o . Tavira . Algarve","publisher":{"@id":"https:\/\/ap-hotelsresorts.com\/#organization"},"potentialAction":[{"@type":"SearchAction","target":{"@type":"EntryPoint","urlTemplate":"https:\/\/ap-hotelsresorts.com\/?s={search_term_string}"},"query-input":"required name=search_term_string"}],"inLanguage":"pt-PT"},{"@type":"WebPage","@id":"https:\/\/ap-hotelsresorts.com\/pt-pt\/montargil\/casar-no-alentejo\/#webpage","url":"https:\/\/ap-hotelsresorts.com\/pt-pt\/montargil\/casar-no-alentejo\/","name":"Casar no Alentejo - AP Lago Montargil Conference & Spa - Site Oficial","isPartOf":{"@id":"https:\/\/ap-hotelsresorts.com\/#website"},"datePublished":"2026-01-08T12:22:44+00:00","dateModified":"2026-01-26T12:01:26+00:00","description":"Quer organizar o seu casamento no Alentejo? Veja os espa\u00e7os que temos para tornar o seu casamento perfeito.","breadcrumb":{"@id":"https:\/\/ap-hotelsresorts.com\/pt-pt\/montargil\/casar-no-alentejo\/#breadcrumb"},"inLanguage":"pt-PT","potentialAction":[{"@type":"ReadAction","target":["https:\/\/ap-hotelsresorts.com\/pt-pt\/montargil\/casar-no-alentejo\/"]}]},{"@type":"BreadcrumbList","@id":"https:\/\/ap-hotelsresorts.com\/pt-pt\/montargil\/casar-no-alentejo\/#breadcrumb","itemListElement":[{"@type":"ListItem","position":1,"name":"Home","item":"https:\/\/ap-hotelsresorts.com\/pt-pt\/"},{"@type":"ListItem","position":2,"name":"Montargil","item":"https:\/\/ap-hotelsresorts.com\/pt-pt\/montargil\/"},{"@type":"ListItem","position":3,"name":"Casar no Alentejo"}]}]}},"_links":{"self":[{"href":"https:\/\/ap-hotelsresorts.com\/pt-pt\/wp-json\/wp\/v2\/pages\/63494"}],"collection":[{"href":"https:\/\/ap-hotelsresorts.com\/pt-pt\/wp-json\/wp\/v2\/pages"}],"about":[{"href":"https:\/\/ap-hotelsresorts.com\/pt-pt\/wp-json\/wp\/v2\/types\/page"}],"author":[{"embeddable":true,"href":"https:\/\/ap-hotelsresorts.com\/pt-pt\/wp-json\/wp\/v2\/users\/11"}],"replies":[{"embeddable":true,"href":"https:\/\/ap-hotelsresorts.com\/pt-pt\/wp-json\/wp\/v2\/comments?post=63494"}],"version-history":[{"count":0,"href":"https:\/\/ap-hotelsresorts.com\/pt-pt\/wp-json\/wp\/v2\/pages\/63494\/revisions"}],"up":[{"embeddable":true,"href":"https:\/\/ap-hotelsresorts.com\/pt-pt\/wp-json\/wp\/v2\/pages\/46797"}],"wp:attachment":[{"href":"https:\/\/ap-hotelsresorts.com\/pt-pt\/wp-json\/wp\/v2\/media?parent=63494"}],"curies":[{"name":"wp","href":"https:\/\/api.w.org\/{rel}","templated":true}]}}